{"id":15393,"date":"2025-10-26T20:26:15","date_gmt":"2025-10-26T17:26:15","guid":{"rendered":"https:\/\/excursionsworld.com\/?post_type=product&#038;p=15393"},"modified":"2025-12-09T17:25:41","modified_gmt":"2025-12-09T14:25:41","slug":"demre-myra-kekova-side","status":"publish","type":"product","link":"https:\/\/excursionsworld.com\/tours\/demre-myra-kekova-side\/","title":{"rendered":"Excursi\u00f3n a Demre, Myra y Kekova desde Side \u2013 Iglesia de San Nicol\u00e1s"},"content":{"rendered":"<h3 data-start=\"0\" data-end=\"19\"><span style=\"color: #000000;\"><strong>\ud83c\udfdd\ufe0f Visi\u00f3n general<\/strong><\/span><\/h3>\n<p data-start=\"20\" data-end=\"418\">Emb\u00e1rquese en una inolvidable excursi\u00f3n de d\u00eda completo desde <strong data-start=\"66\" data-end=\"74\">Lado<\/strong> a la antigua regi\u00f3n de <strong data-start=\"100\" data-end=\"109\">Licia<\/strong>\u00a1! Navegue sobre el <strong data-start=\"125\" data-end=\"150\">ciudad hundida de Kekova<\/strong> en un yate con fondo de cristal, explore el <strong data-start=\"188\" data-end=\"210\">tumbas rupestres de Myra<\/strong>, y visite <strong data-start=\"222\" data-end=\"245\">Iglesia de San Nicol\u00e1s<\/strong> en Demre, el legendario hogar de Pap\u00e1 Noel. Esta excursi\u00f3n combina a la perfecci\u00f3n <strong data-start=\"319\" data-end=\"365\">historia, cultura y belleza mediterr\u00e1nea<\/strong>, Ideal tanto para familias como para exploradores.<\/p>\n<h3 data-start=\"420\" data-end=\"437\">\u00a0<span style=\"color: #000000;\"><strong>Incluye<\/strong><\/span>:<\/h3>\n<p data-start=\"438\" data-end=\"660\"><strong><span style=\"color: #00ff00;\">\u2713<\/span> <\/strong>Recogida y regreso al hotel (regi\u00f3n de Side y Manavgat)<br data-start=\"492\" data-end=\"495\" \/><strong><span style=\"color: #00ff00;\">\u2713<\/span> <\/strong>C\u00f3modo autob\u00fas con aire acondicionado<br data-start=\"528\" data-end=\"531\" \/><strong><span style=\"color: #00ff00;\">\u2713<\/span> <\/strong>Crucero en yate con fondo de cristal<br data-start=\"558\" data-end=\"561\" \/><strong><span style=\"color: #00ff00;\">\u2713<\/span> <\/strong>Entradas a Myra<br data-start=\"584\" data-end=\"587\" \/><strong><span style=\"color: #00ff00;\">\u2713<\/span> <\/strong>Gu\u00eda profesional de habla inglesa<br data-start=\"607\" data-end=\"610\" \/><strong><span style=\"color: #00ff00;\">\u2713<\/span> <\/strong>Seguro a todo riesgo<br data-start=\"626\" data-end=\"629\" \/><strong><span style=\"color: #00ff00;\">\u2713<\/span> <\/strong>Almuerzo en un restaurante local<\/p>\n<h3 data-start=\"662\" data-end=\"683\"><span style=\"color: #000000;\"><strong>\u00a0No se incluye:<\/strong><\/span><\/h3>\n<p data-start=\"684\" data-end=\"785\"><strong><span style=\"color: #ff0000;\">\u2717<\/span> <\/strong>Entrada a la iglesia de San Nicol\u00e1s (opcional)<br data-start=\"728\" data-end=\"731\" \/><strong><span style=\"color: #ff0000;\">\u2717<\/span> <\/strong>Gastos personales<br data-start=\"750\" data-end=\"753\" \/><strong><span style=\"color: #ff0000;\">\u2717<\/span> <\/strong>Fotos y v\u00eddeos<br data-start=\"772\" data-end=\"775\" \/><strong><span style=\"color: #ff0000;\">\u2717<\/span> <\/strong>Bebidas<\/p>\n<h3 data-start=\"787\" data-end=\"812\"><span style=\"color: #000000;\"><strong>\ud83c\udf1f Lo m\u00e1s destacado del viaje<\/strong><\/span><\/h3>\n<p data-start=\"813\" data-end=\"1179\">\ud83d\udd39 Viaje panor\u00e1mico desde Side por la costa mediterr\u00e1nea<br data-start=\"872\" data-end=\"875\" \/>\ud83d\udd39 Sobrevuela la ciudad hundida de Kekova en un yate con fondo de cristal<br data-start=\"939\" data-end=\"942\" \/>\ud83d\udd39 Explora las antiguas tumbas rupestres y el teatro romano de Myra<br data-start=\"997\" data-end=\"1000\" \/>\ud83d\udd39 Visita la iglesia de San Nicol\u00e1s en Demre: el lugar de nacimiento de la leyenda de Pap\u00e1 Noel.<br data-start=\"1076\" data-end=\"1079\" \/>\ud83d\udd39 B\u00e1\u00f1ate en las aguas turquesas del Mediterr\u00e1neo<br data-start=\"1120\" data-end=\"1123\" \/>\ud83d\udd39 Marav\u00edllate con las vistas del castillo de Simena desde el yate<\/p>\n<h3 data-start=\"1181\" data-end=\"1207\"><span style=\"color: #000000;\"><strong>\ud83d\udcd6 Descripci\u00f3n completa<\/strong><\/span><\/h3>\n<p data-start=\"1208\" data-end=\"1417\">Su aventura en Licia comienza con la recogida por la ma\u00f1ana en su hotel de <strong data-start=\"1278\" data-end=\"1286\">Lado<\/strong>. Disfrute de un relajante paseo en coche por la hermosa costa hacia <strong data-start=\"1345\" data-end=\"1363\">Demre y Myra<\/strong>, dos de los lugares hist\u00f3ricos m\u00e1s fascinantes de Turqu\u00eda. El viaje comienza en <strong data-start=\"1441\" data-end=\"1449\">Myra<\/strong>, donde ver\u00e1 impresionantes <strong data-start=\"1479\" data-end=\"1504\">Tumbas rupestres licias<\/strong> y un notablemente bien conservado <strong data-start=\"1537\" data-end=\"1554\">Teatro romano<\/strong>. Continuar <strong data-start=\"1568\" data-end=\"1591\">Iglesia de San Nicol\u00e1s<\/strong>, construido en honor del querido obispo que inspir\u00f3 la leyenda de Pap\u00e1 Noel. Despu\u00e9s, disfrute de una <strong data-start=\"1686\" data-end=\"1715\">almuerzo tradicional turco<\/strong> en un restaurante local. A continuaci\u00f3n, dir\u00edjase a <strong data-start=\"1756\" data-end=\"1772\">\u00c7aya\u011fz\u0131 puerto<\/strong> y abordar un <strong data-start=\"1785\" data-end=\"1807\">yate con fondo de cristal<\/strong> para un crucero de 2,5 horas a <strong data-start=\"1833\" data-end=\"1850\">Isla de Kekova<\/strong>. Sea testigo de las misteriosas ruinas de la <strong data-start=\"1888\" data-end=\"1903\">ciudad hundida<\/strong> bajo el mar azul claro, nadar en una bah\u00eda tranquila y admirar <strong data-start=\"1967\" data-end=\"1984\">Castillo de Simena<\/strong> que se eleva sobre la costa. Tras un incre\u00edble d\u00eda de historia, cultura y naturaleza, le trasladaremos c\u00f3modamente de vuelta a su hotel en Side.<\/p>\n<h3 data-start=\"2138\" data-end=\"2163\"><span style=\"color: #000000;\"><strong>\ud83d\uddfa\ufe0f Itinerario<\/strong><\/span><\/h3>\n<p data-start=\"2164\" data-end=\"2454\">\ud83d\udd39 Recogida en los hoteles de Side y Manavgat<br data-start=\"2206\" data-end=\"2209\" \/>\ud83d\udd39 Visita a las tumbas rupestres de Myra y al teatro romano.<br data-start=\"2254\" data-end=\"2257\" \/>\ud83d\udd39 Visita a la iglesia de San Nicol\u00e1s (entrada opcional).<br data-start=\"2307\" data-end=\"2310\" \/>\ud83d\udd39 Almuerzo en un restaurante local.<br data-start=\"2340\" data-end=\"2343\" \/>\ud83d\udd39 Crucero en yate con fondo de cristal hasta Kekova<br data-start=\"2381\" data-end=\"2384\" \/>\ud83d\udd39 Parada para nadar y hacer turismo<br data-start=\"2416\" data-end=\"2419\" \/>\ud83d\udd39 Traslado de ida y vuelta a los hoteles Side<\/p>\n<h3 data-start=\"2456\" data-end=\"2484\"><span style=\"color: #000000;\"><strong>\u2139\ufe0f Informaci\u00f3n \u00fatil<\/strong><\/span><\/h3>\n<p data-start=\"2485\" data-end=\"2651\">\ud83d\udd39 Duraci\u00f3n: aproximadamente 9-10 horas<br data-start=\"2522\" data-end=\"2525\" \/>\ud83d\udd39 El itinerario puede variar debido a las condiciones meteorol\u00f3gicas o mar\u00edtimas<br data-start=\"2579\" data-end=\"2582\" \/>\ud83d\udd39 Los menores de 6 a\u00f1os viajan gratis pero comparten asiento si el autob\u00fas va lleno<\/p>\n<h3 data-start=\"2653\" data-end=\"2676\"><span style=\"color: #000000;\"><strong>Qu\u00e9 llevar<\/strong><\/span><\/h3>\n<p data-start=\"2677\" data-end=\"2793\">\ud83d\udd39 Zapatos c\u00f3modos para caminar<br data-start=\"2705\" data-end=\"2708\" \/>\ud83d\udd39 Gafas de sol y protecci\u00f3n solar.<br data-start=\"2735\" data-end=\"2738\" \/>\ud83d\udd39 Ba\u00f1ador y toalla.<br data-start=\"2759\" data-end=\"2762\" \/>\ud83d\udd39 Efectivo para gastos personales<\/p>\n<h3 data-start=\"2795\" data-end=\"2821\"><span style=\"color: #000000;\"><strong>\ud83d\udeab No apto para<\/strong><\/span><\/h3>\n<p data-start=\"2822\" data-end=\"2902\">\ud83d\udd39 Personas con movilidad reducida<br data-start=\"2853\" data-end=\"2856\" \/>\ud83d\udd39 Viajeros con enfermedades graves<\/p>\n<h3 dir=\"ltr\">\ud83d\udcb8\u00a0<strong>Precios y reservas<\/strong><\/h3>\n<p dir=\"ltr\"><strong>\ud83d\udd39 Reserva ahora, paga el d\u00eda de la excursi\u00f3n<\/strong><br \/>\n\ud83d\udd39 Ponte en contacto con nosotros a trav\u00e9s de WhatsApp, Telegram, Viber, o rellena el siguiente formulario de reserva. \ud83d\udc47\ud83c\udffc<\/p>","protected":false},"excerpt":{"rendered":"<p>Reservar la historia <b>excursi\u00f3n<\/b> de <b>Lado<\/b>\u00a1! Jornada completa <b>viaje<\/b> a las tumbas de Myra, la iglesia de San Nicol\u00e1s y la ciudad hundida de Kekova <b>excursi\u00f3n en barco<\/b>. Una historia inolvidable<\/p>","protected":false},"featured_media":12563,"comment_status":"open","ping_status":"closed","template":"","meta":[],"product_brand":[],"product_cat":[127],"product_tag":[122],"class_list":{"0":"post-15393","1":"product","2":"type-product","3":"status-publish","4":"has-post-thumbnail","6":"tour_phys-side-tours","7":"product_cat-side-tours","8":"product_tag-side","9":"pa_destination-side-tours","11":"first","12":"instock","13":"sale","14":"shipping-taxable","15":"purchasable","16":"product-type-tour_phys"},"aioseo_notices":[],"_links":{"self":[{"href":"https:\/\/excursionsworld.com\/es\/wp-json\/wp\/v2\/product\/15393","targetHints":{"allow":["GET"]}}],"collection":[{"href":"https:\/\/excursionsworld.com\/es\/wp-json\/wp\/v2\/product"}],"about":[{"href":"https:\/\/excursionsworld.com\/es\/wp-json\/wp\/v2\/types\/product"}],"replies":[{"embeddable":true,"href":"https:\/\/excursionsworld.com\/es\/wp-json\/wp\/v2\/comments?post=15393"}],"wp:featuredmedia":[{"embeddable":true,"href":"https:\/\/excursionsworld.com\/es\/wp-json\/wp\/v2\/media\/12563"}],"wp:attachment":[{"href":"https:\/\/excursionsworld.com\/es\/wp-json\/wp\/v2\/media?parent=15393"}],"wp:term":[{"taxonomy":"product_brand","embeddable":true,"href":"https:\/\/excursionsworld.com\/es\/wp-json\/wp\/v2\/product_brand?post=15393"},{"taxonomy":"product_cat","embeddable":true,"href":"https:\/\/excursionsworld.com\/es\/wp-json\/wp\/v2\/product_cat?post=15393"},{"taxonomy":"product_tag","embeddable":true,"href":"https:\/\/excursionsworld.com\/es\/wp-json\/wp\/v2\/product_tag?post=15393"}],"curies":[{"name":"wp","href":"https:\/\/api.w.org\/{rel}","templated":true}]}}