{"id":15395,"date":"2025-10-26T20:28:29","date_gmt":"2025-10-26T17:28:29","guid":{"rendered":"https:\/\/excursionsworld.com\/?post_type=product&#038;p=15395"},"modified":"2026-04-24T00:20:56","modified_gmt":"2026-04-23T21:20:56","slug":"antalya-casco-antiguo-cascadas-side","status":"publish","type":"product","link":"https:\/\/excursionsworld.com\/tours\/antalya-old-town-waterfalls-side\/","title":{"rendered":"Excursi\u00f3n a Antalya desde Side: casco antiguo y cascadas"},"content":{"rendered":"<h2><span style=\"color: #000000;\"><strong>\u2600\ufe0f Visi\u00f3n general<\/strong><\/span><\/h2>\n<p>Descubra la belleza y el encanto de <strong>Antalya<\/strong> en una excursi\u00f3n de un d\u00eda desde <strong><a href=\"https:\/\/en.wikipedia.org\/wiki\/Side,_Turkey\" target=\"_blank\" rel=\"noopener\">Lado<\/a><\/strong> y sus alrededores. Esta excursi\u00f3n incluye un paseo en barco, visitas a <strong>Cascadas de D\u00fcden<\/strong>, un almuerzo turco y un paseo por la ciudad. <strong>Kalei\u00e7i<\/strong>. Traslados incluidos desde los hoteles de Side, Manavgat, Evrenseki, Titreyeng\u00f6l y Kumk\u00f6y.<\/p>\n<h3><span style=\"color: #000000;\"><strong>Incluido:<\/strong><\/span><\/h3>\n<div><span style=\"color: #00ff00;\"><strong>\u2713<\/strong> <\/span>Recogida y entrega en el hotel<br \/><span style=\"color: #00ff00;\"><strong>\u2713<\/strong> <\/span>Entradas a las cascadas de D\u00fcden (superior e inferior)<br \/><span style=\"color: #00ff00;\"><strong>\u2713<\/strong> <\/span>C\u00f3modo autob\u00fas con aire acondicionado<br \/><span style=\"color: #00ff00;\"><strong>\u2713<\/strong> <\/span>Gu\u00eda profesional de habla inglesa<br \/><span style=\"color: #00ff00;\"><strong>\u2713<\/strong> <\/span>Almuerzo en un restaurante local<br \/><span style=\"color: #00ff00;\"><strong>\u2713<\/strong> <\/span>Seguro a todo riesgo<\/div>\n<div><span style=\"color: #00ff00;\"><strong>\u2713<\/strong> <\/span>Almuerzo<\/div>\n<h3><span style=\"color: #000000;\"><strong>No se incluye:<\/strong><\/span><\/h3>\n<p><span style=\"color: #ff0000;\"><strong>\u2717<\/strong> <\/span>Paseo en barco (si se selecciona como opci\u00f3n)<br \/><span style=\"color: #ff0000;\"><strong>\u2717<\/strong> <\/span>Bebidas<br \/><span style=\"color: #ff0000;\"><strong>\u2717<\/strong> <\/span>Gastos personales (fotos, v\u00eddeos)<\/p>\n<h2><span style=\"color: #000000;\"><strong>\ud83c\udf1f Lo m\u00e1s destacado del viaje<\/strong><\/span><\/h2>\n<p>\ud83d\udd39 Admira la Cascada Inferior de D\u00fcden, que cae en cascada 40 metros hasta el mar.<br \/>\ud83d\udd39 Paseo por el casco antiguo (Kalei\u00e7i): Puerta de Adriano, Minarete de Yivli, Torre del Reloj.<br \/>\ud83d\udd39 Rel\u00e1jate en un paseo en barco de una hora desde el puerto viejo de Antalya<br \/>\ud83d\udd39 Disfruta del verdor y el frescor de la cascada del Alto D\u00fcden<br \/>\ud83d\udd39 Visita un taller local de joyer\u00eda en plata<\/p>\n<h2><span style=\"color: #000000;\"><strong>\ud83d\udcdd Descripci\u00f3n completa<\/strong><\/span><\/h2>\n<p>Recogida en su hotel en <strong>Zonas laterales o cercanas<\/strong>. Recorrido <strong>Kalei\u00e7i<\/strong>, Explore la Puerta de Adriano, calles, mezquitas y tiendas. Disfrute de una hora <strong>viaje en barco<\/strong> (opcional), seguido de un almuerzo en un restaurante local. Visite <strong>Cascadas del Bajo y Alto D\u00fcden<\/strong>, y terminar en un <strong>taller de joyer\u00eda en plata<\/strong>. Vuelve a Side con recuerdos v\u00edvidos.<\/p>\n<h3><span style=\"color: #000000;\"><strong>\ud83d\udccd Itinerario<\/strong><\/span><\/h3>\n<p>\ud83d\udd39 Recogida en el hotel<br \/>\ud83d\udd39 Paseo por el casco antiguo (Kalei\u00e7i)<br \/>\ud83d\udd39 Paseo en barco desde el puerto viejo (1 hora, opcional).<br \/>\ud83d\udd39 Almuerzo en un restaurante local.<br \/>\ud83d\udd39 Visita a la cascada del Bajo D\u00fcden<br \/>\ud83d\udd39 Visita a la cascada del Alto D\u00fcden<br \/>\ud83d\udd39 Parada en un taller de joyer\u00eda<br \/>\ud83d\udd39 Regreso al hotel<\/p>\n<h3><span style=\"color: #000000;\"><strong>\u2139\ufe0f Informaci\u00f3n \u00fatil<\/strong><\/span><\/h3>\n<p>\ud83d\udd39 El viaje en barco puede cancelarse o modificarse debido a las condiciones meteorol\u00f3gicas<br \/>\ud83d\udd39 El itinerario puede cambiar para mejorar la experiencia del tour<br \/>\ud83d\udd39 Se trata de una visita tur\u00edstica; el ba\u00f1o no est\u00e1 incluido.<br \/>\ud83d\udd39 Los ni\u00f1os menores de 5 a\u00f1os que viajan gratis no tienen un asiento aparte en el autob\u00fas. Si el autob\u00fas est\u00e1 lleno, se sientan en el regazo de un adulto o se puede reservar un asiento aparte<\/p>\n<h2><span style=\"color: #000000;\"><strong>Qu\u00e9 llevar<\/strong><\/span><\/h2>\n<p>\ud83d\udd39 Zapatos c\u00f3modos para caminar<br \/>\ud83d\udd39 Gafas de sol y sombreros<br \/>\ud83d\udd39 Protector solar<br \/>\ud83d\udd39 C\u00e1mara o smartphone<br \/>\ud83d\udd39 Dinero en efectivo para bebidas y gastos personales.<\/p>\n<h3><span style=\"color: #000000;\"><strong>\ud83d\udeab No apto para<\/strong><\/span><\/h3>\n<p>\ud83d\udd39 Usuarios de sillas de ruedas<br \/>\ud83d\udd39 Personas con movilidad reducida<\/p>\n<h2><span style=\"color: #000000;\"><strong>\ud83d\udcb8 Precios y reservas<\/strong><\/span><\/h2>\n<p><strong>\ud83d\udd39 Reserva ahora, paga el d\u00eda de la excursi\u00f3n<\/strong><br \/>\ud83d\udd39 P\u00f3ngase en contacto con nosotros a trav\u00e9s de <strong>WhatsApp<\/strong>, <strong>Telegrama<\/strong>, <strong>Viber<\/strong>, o rellene el siguiente formulario de reserva. \ud83d\udc47\ud83c\udffc<\/p>\n<p>\u00bfBuscas alternativas? Explora <a href=\"https:\/\/excursionsworld.com\/es\/excursiones-side\/\">m\u00e1s excursiones opcionales<\/a>.<\/p>","protected":false},"excerpt":{"rendered":"<p>Reserva el <b>Antalya City Tour from Side<\/b>! Discover D\u00fcden Waterfalls &amp; Kalei\u00e7i. Full-day <b>excursi\u00f3n<\/b> con <b>viaje en barco<\/b>, lunch, and seamless <b>excursi\u00f3n de un d\u00eda<\/b>.<\/p>","protected":false},"featured_media":15466,"comment_status":"open","ping_status":"closed","template":"","meta":[],"product_brand":[],"product_cat":[127],"product_tag":[122],"class_list":{"0":"post-15395","1":"product","2":"type-product","3":"status-publish","4":"has-post-thumbnail","6":"tour_phys-side-tours","7":"product_cat-side-tours","8":"product_tag-side","9":"pa_destination-side-tours","11":"first","12":"instock","13":"sale","14":"shipping-taxable","15":"purchasable","16":"product-type-tour_phys"},"aioseo_notices":[],"_links":{"self":[{"href":"https:\/\/excursionsworld.com\/es\/wp-json\/wp\/v2\/product\/15395","targetHints":{"allow":["GET"]}}],"collection":[{"href":"https:\/\/excursionsworld.com\/es\/wp-json\/wp\/v2\/product"}],"about":[{"href":"https:\/\/excursionsworld.com\/es\/wp-json\/wp\/v2\/types\/product"}],"replies":[{"embeddable":true,"href":"https:\/\/excursionsworld.com\/es\/wp-json\/wp\/v2\/comments?post=15395"}],"wp:featuredmedia":[{"embeddable":true,"href":"https:\/\/excursionsworld.com\/es\/wp-json\/wp\/v2\/media\/15466"}],"wp:attachment":[{"href":"https:\/\/excursionsworld.com\/es\/wp-json\/wp\/v2\/media?parent=15395"}],"wp:term":[{"taxonomy":"product_brand","embeddable":true,"href":"https:\/\/excursionsworld.com\/es\/wp-json\/wp\/v2\/product_brand?post=15395"},{"taxonomy":"product_cat","embeddable":true,"href":"https:\/\/excursionsworld.com\/es\/wp-json\/wp\/v2\/product_cat?post=15395"},{"taxonomy":"product_tag","embeddable":true,"href":"https:\/\/excursionsworld.com\/es\/wp-json\/wp\/v2\/product_tag?post=15395"}],"curies":[{"name":"wp","href":"https:\/\/api.w.org\/{rel}","templated":true}]}}