{"id":15397,"date":"2025-10-27T22:28:02","date_gmt":"2025-10-27T19:28:02","guid":{"rendered":"https:\/\/excursionsworld.com\/?post_type=product&#038;p=15397"},"modified":"2026-04-24T00:20:56","modified_gmt":"2026-04-23T21:20:56","slug":"pamukkale-salda-lago-kemer","status":"publish","type":"product","link":"https:\/\/excursionsworld.com\/tours\/pamukkale-salda-lake-kemer\/","title":{"rendered":"Pamukkale y lago Salda tour desde Kemer \u2013 d\u00eda completo"},"content":{"rendered":"<h2>\u2600\ufe0f Visi\u00f3n general<\/h2>\n<div>\u00danase a un inolvidable viaje de un d\u00eda completo desde <strong>Kemer y alrededores <\/strong>(desde Kemer, \u00c7amyuva, Tekirova, G\u00f6yn\u00fck, Beldibi) para explorar dos de las maravillas naturales m\u00e1s impresionantes de Turqu\u00eda - <strong><a href=\"https:\/\/en.wikipedia.org\/wiki\/Pamukkale\" target=\"_blank\" rel=\"noopener\">Pamukkale<\/a><\/strong> y <strong>Lago Salda<\/strong>!<br \/>Camine descalzo por las famosas terrazas de travertino blanco de Pamukkale, explore la antigua ciudad de <strong>Hier\u00e1polis<\/strong>, y rel\u00e1jese junto a las aguas turquesas de <strong>Lago Salda<\/strong>, a menudo llamadas las \u201cMaldivas turcas\u201d.\u201d<\/div>\n<h3>\u00a0Incluido:<\/h3>\n<p><span style=\"color: #00ff00;\"><strong>\u2713<\/strong> <\/span>Recogida y entrega en el hotel<br \/><span style=\"color: #00ff00;\"><strong>\u2713<\/strong> <\/span>Autob\u00fas c\u00f3modo y con aire acondicionado<br \/><span style=\"color: #00ff00;\"><strong>\u2713<\/strong> <\/span>Entradas a Pamukkale y Hier\u00e1polis<br \/><span style=\"color: #00ff00;\"><strong>\u2713<\/strong> <\/span>Gu\u00eda profesional de habla inglesa<br \/><span style=\"color: #00ff00;\"><strong>\u2713<\/strong> <\/span>Seguro a todo riesgo<br \/><span style=\"color: #00ff00;\"><strong>\u2713<\/strong> <\/span>\u00a0almuerzo<\/p>\n<h3>\u00a0No se incluye:<\/h3>\n<p><span style=\"color: #ff0000;\"><strong>\u2717<\/strong> <\/span>Entrada a la Piscina de Cleopatra (opcional)<br \/><span style=\"color: #ff0000;\"><strong>\u2717<\/strong> <\/span>Bebidas<br \/><span style=\"color: #ff0000;\"><strong>\u2717<\/strong> <\/span>Gastos personales<\/p>\n<h2>\ud83c\udf1f Puntos destacados del tour de Pamukkale y el lago Salda<\/h2>\n<p>\ud83d\udd39 Paseo por las deslumbrantes terrazas blancas de Pamukkale<br \/>\ud83d\udd39 Descubre las antiguas ruinas de Hier\u00e1polis y su teatro romano<br \/>\ud83d\udd39 Rel\u00e1jate o b\u00e1\u00f1ate en piscinas minerales termales<br \/>\ud83d\udd39 Visita las impresionantes turquesas <strong>Lago Salda<\/strong>, conocida como las \u201cMaldivas\u201d turcas\u201d<br \/>\ud83d\udd39 Disfruta de deliciosas comidas turcas durante todo el d\u00eda<br \/>\ud83d\udd39 C\u00f3modo traslado de ida y vuelta desde la regi\u00f3n de Kemer<\/p>\n<h2>\ud83d\udcd6 Descripci\u00f3n completa: Tu Experiencia del Tour Pamukkale y Lago Salda<\/h2>\n<p>Su aventura comienza temprano por la ma\u00f1ana con la recogida en su hotel en <strong>Kemer o ciudades cercanas<\/strong>. Disfrute de un pintoresco viaje por los montes Tauro y de un sabroso desayuno turco en ruta.<br \/>Al llegar a <strong>Pamukkale<\/strong>, explorar las surrealistas terrazas blancas formadas por fuentes termales y pasear por las antiguas ruinas de <strong>Hier\u00e1polis<\/strong>, que fue una ciudad balneario del Imperio Romano.<br \/>Tendr\u00e1 la oportunidad de ver el <strong>Teatro romano<\/strong>, <strong>Templo de Apolo<\/strong>, y <strong>Necr\u00f3polis<\/strong>, o darse un chapuz\u00f3n opcional en las c\u00e1lidas aguas ricas en minerales de <strong>Piscina de Cleopatra<\/strong> (cargo adicional).<\/p>\n<p>Despu\u00e9s, siga <strong>Lago Salda<\/strong>, Un impresionante lago de cr\u00e1ter famoso por sus aguas turquesas y arenas blancas, a menudo comparado con las Maldivas. Rel\u00e1jese, saque fotos impresionantes y disfrute de la cena antes de regresar a Kemer.<br \/>Esta excursi\u00f3n de d\u00eda completo es la mezcla perfecta de naturaleza, historia y cultura.<\/p>\n<h3>\ud83d\uddfa\ufe0f Itinerario<\/h3>\n<p>\ud83d\udd39 Recogida en hoteles de Kemer y alrededores.<br \/>\ud83d\udd39 Parada para desayunar en el camino<br \/>\ud83d\udd39 Viaje a Pamukkale<br \/>\ud83d\udd39 Pausa para comer en un restaurante local.<br \/>\ud83d\udd39 Visita los travertinos de Pamukkale y las ruinas de Hier\u00e1polis<br \/>\ud83d\udd39 Tiempo de nataci\u00f3n opcional en la piscina de Cleopatra.<br \/>\ud83d\udd39 Salida hacia el lago Salda y disfrute de visitas tur\u00edsticas y fotos.<br \/>\ud83d\udd39 Pausa para cenar<br \/>\ud83d\udd39 Traslado de ida y vuelta a los hoteles de Kemer.<\/p>\n<h3>\u2139\ufe0f Informaci\u00f3n \u00fatil<\/h3>\n<p>\ud83d\udd39 Duraci\u00f3n: aproximadamente 13-14 horas (excursi\u00f3n de d\u00eda completo)<br \/>\ud83d\udd39 Distancia: unos 290 km de Kemer a Pamukkale.<br \/>\ud83d\udd39 El itinerario puede variar en funci\u00f3n del tiempo y el tr\u00e1fico<br \/>\ud83d\udd39 Se requiere caminar moderadamente<br \/>\ud83d\udd39 Los menores de 5 a\u00f1os viajan gratis (asiento compartido si el autob\u00fas est\u00e1 lleno)<\/p>\n<h2>Qu\u00e9 llevar<\/h2>\n<p>\ud83d\udd39 DNI o pasaporte<br \/>\ud83d\udd39 Zapatos c\u00f3modos<br \/>\ud83d\udd39 Ba\u00f1ador y toalla (para la piscina de Cleopatra o el lago Salda).<br \/>\ud83d\udd39 Sombrero, gafas de sol, crema solar.<br \/>\ud83d\udd39 Efectivo para gastos opcionales<\/p>\n<h3>\ud83d\udeab No apto para<\/h3>\n<p>\ud83d\udd39 Personas con movilidad reducida<br \/>\ud83d\udd39 Las personas con afecciones card\u00edacas o de salud graves<\/p>\n<h2>\ud83d\udcb8 Precios y reservas<\/h2>\n<p><strong>\ud83d\udd39 Reserva ahora - paga el d\u00eda de la excursi\u00f3n<\/strong><br \/>\ud83d\udd39 Ponte en contacto con nosotros a trav\u00e9s de WhatsApp, Telegram o Viber para reservar tu plaza \ud83d\udc47\ud83c\udffd<\/p>\n<p>\u00bfBuscas alternativas? Explora <a href=\"https:\/\/excursionsworld.com\/es\/excursiones-kemer\/\">Tours m\u00e1s de Kemer en Pamukkale<\/a>.<\/p>","protected":false},"excerpt":{"rendered":"<p>Reserva el <b>Kemer Pamukkale Salda Lake Tour<\/b>\u00a1! Jornada completa <b>viaje todo incluido<\/b> a travertinos blancos y \u201cMaldivas turcas\u201d <b>excursi\u00f3n<\/b>. Incluye comidas y traslados.<\/p>","protected":false},"featured_media":14072,"comment_status":"open","ping_status":"closed","template":"","meta":[],"product_brand":[],"product_cat":[124],"product_tag":[105],"class_list":{"0":"post-15397","1":"product","2":"type-product","3":"status-publish","4":"has-post-thumbnail","6":"tour_phys-kemer-tours","7":"product_cat-kemer-tours","8":"product_tag-kemer","9":"pa_destination-kemer-tours","11":"first","12":"instock","13":"sale","14":"shipping-taxable","15":"purchasable","16":"product-type-tour_phys"},"aioseo_notices":[],"_links":{"self":[{"href":"https:\/\/excursionsworld.com\/es\/wp-json\/wp\/v2\/product\/15397","targetHints":{"allow":["GET"]}}],"collection":[{"href":"https:\/\/excursionsworld.com\/es\/wp-json\/wp\/v2\/product"}],"about":[{"href":"https:\/\/excursionsworld.com\/es\/wp-json\/wp\/v2\/types\/product"}],"replies":[{"embeddable":true,"href":"https:\/\/excursionsworld.com\/es\/wp-json\/wp\/v2\/comments?post=15397"}],"wp:featuredmedia":[{"embeddable":true,"href":"https:\/\/excursionsworld.com\/es\/wp-json\/wp\/v2\/media\/14072"}],"wp:attachment":[{"href":"https:\/\/excursionsworld.com\/es\/wp-json\/wp\/v2\/media?parent=15397"}],"wp:term":[{"taxonomy":"product_brand","embeddable":true,"href":"https:\/\/excursionsworld.com\/es\/wp-json\/wp\/v2\/product_brand?post=15397"},{"taxonomy":"product_cat","embeddable":true,"href":"https:\/\/excursionsworld.com\/es\/wp-json\/wp\/v2\/product_cat?post=15397"},{"taxonomy":"product_tag","embeddable":true,"href":"https:\/\/excursionsworld.com\/es\/wp-json\/wp\/v2\/product_tag?post=15397"}],"curies":[{"name":"wp","href":"https:\/\/api.w.org\/{rel}","templated":true}]}}