{"id":15432,"date":"2025-10-28T11:54:09","date_gmt":"2025-10-28T08:54:09","guid":{"rendered":"https:\/\/excursionsworld.com\/?post_type=product&#038;p=15432"},"modified":"2026-04-24T00:20:56","modified_gmt":"2026-04-23T21:20:56","slug":"rafting-koprulu-canon-antalya","status":"publish","type":"product","link":"https:\/\/excursionsworld.com\/tours\/rafting-koprulu-canyon-antalya\/","title":{"rendered":"Rafting en el Ca\u00f1\u00f3n de K\u00f6pr\u00fcl\u00fc tour desde Antalya \u2013 d\u00eda completo"},"content":{"rendered":"<h2>\ud83d\udea3\u200d\u2642\ufe0f Visi\u00f3n general<\/h2>\n<p>\u00danete a una emocionante <strong>Rafting en el ca\u00f1\u00f3n de K\u00f6pr\u00fcl\u00fc<\/strong> de <strong><a href=\"https:\/\/en.wikipedia.org\/wiki\/Antalya\" target=\"_blank\" rel=\"noopener\">Antalya<\/a><\/strong> \u00a1y alrededores! Experimente 14 km de pura adrenalina a trav\u00e9s de 10 r\u00e1pidos, nade en tramos de r\u00edo tranquilos y disfrute de un almuerzo a orillas del r\u00edo rodeado de naturaleza. Perfecto tanto para principiantes como para amantes de las emociones fuertes.<\/p>\n<h3>Incluido:<\/h3>\n<p><span style=\"color: #00ff00;\"><strong>\u2713<\/strong> <\/span>Recogida y entrega en el hotel<br \/><span style=\"color: #00ff00;\"><strong>\u2713<\/strong> <\/span>C\u00f3modo autob\u00fas con aire acondicionado<br \/><span style=\"color: #00ff00;\"><strong>\u2713<\/strong> <\/span>Balsas para 10 personas<br \/><span style=\"color: #00ff00;\"><strong>\u2713<\/strong> <\/span>Gu\u00eda profesional<br \/><span style=\"color: #00ff00;\"><strong>\u2713<\/strong> <\/span>Seguro a todo riesgo<br \/><span style=\"color: #00ff00;\"><strong>\u2713<\/strong> <\/span>Almuerzo<\/p>\n<h3>No se incluye:<\/h3>\n<p><span style=\"color: #ff0000;\"><strong>\u2717<\/strong> <\/span>Balsas para dos personas (cargo adicional)<br \/><span style=\"color: #ff0000;\"><strong>\u2717<\/strong> <\/span>Fotos y v\u00eddeos<br \/><span style=\"color: #ff0000;\"><strong>\u2717<\/strong> <\/span>Bebidas<br \/><span style=\"color: #ff0000;\"><strong>\u2717<\/strong> <\/span>Actividades opcionales (por ejemplo, tirolina)<\/p>\n<h2>\ud83c\udf1f Puntos Clave del Tour de R\u00e1fting en el Ca\u00f1\u00f3n K\u00f6pr\u00fcl\u00fc<\/h2>\n<p>\ud83d\udd39 Emocionante recorrido de rafting de 14 km con 10 r\u00e1pidos.<br \/>\ud83d\udd39 Aguas cristalinas del ca\u00f1\u00f3n de K\u00f6pr\u00fcl\u00fc<br \/>\ud83d\udd39 Descansos para nadar en zonas tranquilas<br \/>\ud83d\udd39 Almuerzo en Riverside<br \/>\ud83d\udd39 Actividades opcionales de tirolesa o buceo.<br \/>\ud83d\udd39 Instructores profesionales y equipo de seguridad completo<\/p>\n<h2>\ud83d\udcd6 Descripci\u00f3n completa: Tu experiencia de rafting en el Ca\u00f1\u00f3n K\u00f6pr\u00fcl\u00fc<\/h2>\n<p>Salga de su hotel de Antalya y viaje al Parque Nacional del Ca\u00f1\u00f3n de K\u00f6pr\u00fcl\u00fc, situado en el coraz\u00f3n de los Montes Tauro. A su llegada, sus gu\u00edas le dar\u00e1n instrucciones de seguridad y le proporcionar\u00e1n el equipo antes de iniciar una emocionante ruta de rafting de 14 km.<br \/>Disfrute de la mezcla perfecta de emoci\u00f3n y relajaci\u00f3n: reme a trav\u00e9s de 10 r\u00e1pidos, nade en el r\u00edo y haga una parada para lanzarse en tirolina o bucear (opcional, cargo adicional). Se servir\u00e1 un delicioso almuerzo en un restaurante a orillas del r\u00edo.<br \/>Una vez finalizada la ruta, podr\u00e1 ver las fotos y v\u00eddeos de su recorrido antes de regresar a su hotel.<\/p>\n<h3>\ud83d\uddfa\ufe0f Itinerario<\/h3>\n<p>\ud83d\udd39 Recogida en Antalya y alrededores.<br \/>\ud83d\udd39 Llegada a la base del ca\u00f1\u00f3n de K\u00f6pr\u00fcl\u00fc<br \/>\ud83d\udd39 Sesi\u00f3n informativa sobre seguridad y comprobaci\u00f3n del equipo<br \/>Rafting 14 km (10 r\u00e1pidos)<br \/>\ud83d\udd39 Nataci\u00f3n y escapada opcional en tirolina.<br \/>\ud83d\udd39 Almuerzo junto al r\u00edo<br \/>\ud83d\udd39 Continuar el rafting hasta la l\u00ednea de meta.<br \/>\ud83d\udd39 Volver a los hoteles de Antalya<\/p>\n<h3>\u2139\ufe0f Informaci\u00f3n \u00fatil<\/h3>\n<p>\ud83d\udd39 Duraci\u00f3n: ~7-8 horas<br \/>\ud83d\udd39 No se requiere experiencia en nataci\u00f3n<br \/>\ud83d\udd39 Balsas para 10 personas incluidas; balsas para 2 personas opcionales.<br \/>\ud83d\udd39 Zapatos y accesorios para el agua a la venta<br \/>\ud83d\udd39 Adecuado para edades comprendidas entre los 6 y los 70 a\u00f1os<br \/>\ud83d\udd39 Los menores de 5 a\u00f1os viajan gratis (asiento compartido si el autob\u00fas est\u00e1 lleno)<\/p>\n<h2>Qu\u00e9 llevar<\/h2>\n<p>\ud83d\udd39 Ba\u00f1ador, toalla y muda de ropa.<br \/>\ud83d\udd39 Protector solar<br \/>\ud83d\udd39 Zapatos de agua<br \/>\ud83d\udd39 Efectivo para gastos personales<\/p>\n<h3>\ud83d\udeab No apto para<\/h3>\n<p>\ud83d\udd39 Mujeres embarazadas<br \/>\ud83d\udd39 Personas con problemas de coraz\u00f3n<br \/>\ud83d\udd39 Ni\u00f1os menores de 4 a\u00f1os<br \/>\ud83d\udd39 Viajeros de m\u00e1s de 70 a\u00f1os<br \/>\ud83d\udd39 Usuarios de sillas de ruedas<\/p>\n<h2>\ud83d\udcb8 Precios y reservas<\/h2>\n<p><strong>\ud83d\udd39 Reserva ahora - paga el d\u00eda de la excursi\u00f3n<\/strong><br \/>\ud83d\udd39 Ponte en contacto con nosotros a trav\u00e9s de WhatsApp, Telegram o Viber para reservar tu plaza \ud83d\udc47\ud83c\udffc<\/p>\n<p>\u00bfBuscas alternativas? Explora <a href=\"https:\/\/excursionsworld.com\/es\/excursiones-antalya\/\">m\u00e1s tours en Antalya<\/a>.<\/p>","protected":false},"excerpt":{"rendered":"<p>Reserve su emocionante <b>excursi\u00f3n de rafting de un d\u00eda<\/b> de <b>Antalya<\/b>\u00a1! Navegue por <b>14 km<\/b> de r\u00e1pidos en <b>Ca\u00f1\u00f3n de K\u00f6pr\u00fcl\u00fc<\/b>. Perfecto para <b>principiantes<\/b>! <b>Almuerzo<\/b> y <b>transferencia<\/b> incluido.<\/p>","protected":false},"featured_media":12670,"comment_status":"open","ping_status":"closed","template":"","meta":[],"product_brand":[],"product_cat":[125],"product_tag":[107],"class_list":{"0":"post-15432","1":"product","2":"type-product","3":"status-publish","4":"has-post-thumbnail","6":"tour_phys-antalya-tours","7":"product_cat-antalya-tours","8":"product_tag-antalya","9":"pa_destination-antalya-tours","11":"first","12":"instock","13":"sale","14":"shipping-taxable","15":"purchasable","16":"product-type-tour_phys"},"aioseo_notices":[],"_links":{"self":[{"href":"https:\/\/excursionsworld.com\/es\/wp-json\/wp\/v2\/product\/15432","targetHints":{"allow":["GET"]}}],"collection":[{"href":"https:\/\/excursionsworld.com\/es\/wp-json\/wp\/v2\/product"}],"about":[{"href":"https:\/\/excursionsworld.com\/es\/wp-json\/wp\/v2\/types\/product"}],"replies":[{"embeddable":true,"href":"https:\/\/excursionsworld.com\/es\/wp-json\/wp\/v2\/comments?post=15432"}],"wp:featuredmedia":[{"embeddable":true,"href":"https:\/\/excursionsworld.com\/es\/wp-json\/wp\/v2\/media\/12670"}],"wp:attachment":[{"href":"https:\/\/excursionsworld.com\/es\/wp-json\/wp\/v2\/media?parent=15432"}],"wp:term":[{"taxonomy":"product_brand","embeddable":true,"href":"https:\/\/excursionsworld.com\/es\/wp-json\/wp\/v2\/product_brand?post=15432"},{"taxonomy":"product_cat","embeddable":true,"href":"https:\/\/excursionsworld.com\/es\/wp-json\/wp\/v2\/product_cat?post=15432"},{"taxonomy":"product_tag","embeddable":true,"href":"https:\/\/excursionsworld.com\/es\/wp-json\/wp\/v2\/product_tag?post=15432"}],"curies":[{"name":"wp","href":"https:\/\/api.w.org\/{rel}","templated":true}]}}