{"id":15433,"date":"2025-10-28T12:06:28","date_gmt":"2025-10-28T09:06:28","guid":{"rendered":"https:\/\/excursionsworld.com\/?post_type=product&#038;p=15433"},"modified":"2026-03-02T19:52:44","modified_gmt":"2026-03-02T16:52:44","slug":"rafting-koprulu-canon-belek","status":"publish","type":"product","link":"https:\/\/excursionsworld.com\/tours\/rafting-koprulu-canyon-belek\/","title":{"rendered":"Rafting en el Ca\u00f1\u00f3n K\u00f6pr\u00fcl\u00fc tour desde Belek \u2013 d\u00eda completo"},"content":{"rendered":"<h3 data-start=\"2875\" data-end=\"2896\">\ud83d\udea3\u200d\u2642\ufe0f Visi\u00f3n general<\/h3>\n<p data-start=\"2897\" data-end=\"3130\">Prep\u00e1rate para una emocionante <strong data-start=\"2923\" data-end=\"2962\">Aventura de rafting en el ca\u00f1\u00f3n de K\u00f6pr\u00fcl\u00fc<\/strong> con traslados desde <strong data-start=\"2983\" data-end=\"3016\">Belek, Kadriye y Bo\u011fazkent<\/strong>\u00a1! Navegue por 10 r\u00e1pidos a lo largo de 14 km, nade en aguas tranquilas y disfrute de un sabroso almuerzo a orillas del r\u00edo rodeado de monta\u00f1as.<\/p>\n<h3 data-start=\"3132\" data-end=\"3147\">Incluido:<\/h3>\n<p data-start=\"3148\" data-end=\"3259\"><span style=\"color: #00ff00;\"><strong>\u2713<\/strong> <\/span>Recogida y entrega en el hotel<br data-start=\"3175\" data-end=\"3178\" \/><span style=\"color: #00ff00;\"><strong>\u2713<\/strong> <\/span>Transporte con aire acondicionado<br data-start=\"3205\" data-end=\"3208\" \/><span style=\"color: #00ff00;\"><strong>\u2713<\/strong> <\/span>Balsas para 10 personas<br data-start=\"3225\" data-end=\"3228\" \/><span style=\"color: #00ff00;\"><strong>\u2713<\/strong> <\/span>Gu\u00eda y seguro<br data-start=\"3247\" data-end=\"3250\" \/><span style=\"color: #00ff00;\"><strong>\u2713<\/strong> <\/span>Almuerzo<\/p>\n<h3 data-start=\"3261\" data-end=\"3280\">No se incluye:<\/h3>\n<p data-start=\"3281\" data-end=\"3391\"><strong><span style=\"color: #ff0000;\">\u2717<\/span> <\/strong>Balsas para dos personas (cargo adicional)<br data-start=\"3311\" data-end=\"3314\" \/><strong><span style=\"color: #ff0000;\">\u2717<\/span> <\/strong>Fotos y v\u00eddeos<br data-start=\"3333\" data-end=\"3336\" \/><strong><span style=\"color: #ff0000;\">\u2717<\/span> <\/strong>Bebidas<br data-start=\"3344\" data-end=\"3347\" \/><strong><span style=\"color: #ff0000;\">\u2717<\/span> <\/strong>Tirolina (opcional)<br data-start=\"3367\" data-end=\"3370\" \/><strong><span style=\"color: #ff0000;\">\u2717<\/span> <\/strong>Gastos personales<\/p>\n<h3 data-start=\"3393\" data-end=\"3418\">\ud83c\udf1f Lo m\u00e1s destacado del viaje<\/h3>\n<p data-start=\"3419\" data-end=\"3613\">\ud83d\udd39 Aventura de rafting de 14 km con 10 r\u00e1pidos.<br data-start=\"3460\" data-end=\"3463\" \/>\ud83d\udd39 Paisajes esc\u00e9nicos del ca\u00f1\u00f3n de K\u00f6pr\u00fcl\u00fc<br data-start=\"3498\" data-end=\"3501\" \/>\ud83d\udd39 Nadar en r\u00edos de color turquesa<br data-start=\"3532\" data-end=\"3535\" \/>\ud83d\udd39 Paradas para comer y descansar en los r\u00edos<br data-start=\"3568\" data-end=\"3571\" \/>\ud83d\udd39 Actividades opcionales de tirolesa o buceo.<\/p>\n<h3 data-start=\"3615\" data-end=\"3641\">\ud83d\udcd6 Descripci\u00f3n completa<\/h3>\n<p data-start=\"3642\" data-end=\"4009\">Salga de Belek y disfrute de un pintoresco viaje a trav\u00e9s de los Montes Tauro hasta el Parque Nacional del Ca\u00f1\u00f3n de K\u00f6pr\u00fcl\u00fc. Tras una breve sesi\u00f3n informativa sobre seguridad, comenzar\u00e1 su ruta de rafting de 14 km.<br data-start=\"3822\" data-end=\"3825\" \/>Reme por emocionantes r\u00e1pidos, nade en tramos tranquilos y disfrute de un almuerzo junto al r\u00edo. Realice descansos opcionales en la tirolina o buceando antes de completar su aventura y regresar a Belek.<\/p>\n<h3 data-start=\"4011\" data-end=\"4036\">\ud83d\uddfa\ufe0f Itinerario<\/h3>\n<p data-start=\"4037\" data-end=\"4227\">\ud83d\udd39 Recogida en Belek, Kadriye, Bo\u011fazkent<br data-start=\"4077\" data-end=\"4080\" \/>\ud83d\udd39 Conduce hasta el ca\u00f1\u00f3n de K\u00f6pr\u00fcl\u00fc<br data-start=\"4106\" data-end=\"4109\" \/>Sesi\u00f3n informativa de seguridad y comienzo del rafting<br data-start=\"4143\" data-end=\"4146\" \/>\ud83d\udd39 Pausas para nadar y hacer fotos<br data-start=\"4174\" data-end=\"4177\" \/>\ud83d\udd39 Almuerzo en Riverside<br data-start=\"4195\" data-end=\"4198\" \/>\ud83d\udd39 Traslado de vuelta a Belek<\/p>\n<h3 data-start=\"4229\" data-end=\"4257\">\u2139\ufe0f Informaci\u00f3n \u00fatil<\/h3>\n<p data-start=\"4258\" data-end=\"4424\">\ud83d\udd39 Duraci\u00f3n: 7-8 horas<br data-start=\"4280\" data-end=\"4283\" \/>\ud83d\udd39 Recorrido apto para principiantes<br data-start=\"4308\" data-end=\"4311\" \/>\ud83d\udd39 Balsas opcionales para 2 personas disponibles.<br data-start=\"4347\" data-end=\"4350\" \/>\ud83d\udd39 Llevar dinero en efectivo para extras<br data-start=\"4374\" data-end=\"4377\" \/>\ud83d\udd39 Los menores de 5 a\u00f1os viajan gratis (asiento compartido)<\/p>\n<h3 data-start=\"4426\" data-end=\"4449\">Qu\u00e9 llevar<\/h3>\n<p data-start=\"4450\" data-end=\"4527\">\ud83d\udd39 Ba\u00f1ador, toalla, crema solar.<br data-start=\"4479\" data-end=\"4482\" \/>\ud83d\udd39 Zapatos de agua<br data-start=\"4496\" data-end=\"4499\" \/>\ud83d\udd39 Ropa extra<br data-start=\"4515\" data-end=\"4518\" \/>\ud83d\udd39 Efectivo<\/p>\n<h3 data-start=\"4529\" data-end=\"4555\">\ud83d\udeab No apto para<\/h3>\n<p data-start=\"4556\" data-end=\"4635\">\ud83d\udd39 Mujeres embarazadas<br data-start=\"4573\" data-end=\"4576\" \/>\ud83d\udd39 Pacientes card\u00edacos<br data-start=\"4593\" data-end=\"4596\" \/>\ud83d\udd39 Ni\u00f1os menores de 4 a\u00f1os<br data-start=\"4611\" data-end=\"4614\" \/>\ud83d\udd39 Usuarios de sillas de ruedas<\/p>\n<h3 data-start=\"4637\" data-end=\"4664\">\ud83d\udcb8 Precios y reservas<\/h3>\n<p data-start=\"4665\" data-end=\"4749\">\ud83d\udd39 Reserva ahora - paga el d\u00eda<br data-start=\"4693\" data-end=\"4696\" \/>\ud83d\udd39 Contacta con nosotros a trav\u00e9s de WhatsApp, Telegram o Viber \ud83d\udc47\ud83c\udffc<\/p>","protected":false},"excerpt":{"rendered":"<p>Reserva el <b>Excursi\u00f3n de rafting en Belek<\/b>\u00a1! Jornada completa <b>aventura<\/b> en los r\u00e1pidos del ca\u00f1\u00f3n de K\u00f6pr\u00fcl\u00fc, de 14 km. Apto para principiantes. Incluye <b>almuerzo y traslado<\/b>. \u00a1Tirolina opcional!<\/p>","protected":false},"featured_media":12670,"comment_status":"open","ping_status":"closed","template":"","meta":[],"product_brand":[],"product_cat":[126],"product_tag":[120],"class_list":{"0":"post-15433","1":"product","2":"type-product","3":"status-publish","4":"has-post-thumbnail","6":"tour_phys-belek-tours","7":"product_cat-belek-tours","8":"product_tag-belek","9":"pa_destination-belek-tours","11":"first","12":"instock","13":"sale","14":"shipping-taxable","15":"purchasable","16":"product-type-tour_phys"},"aioseo_notices":[],"_links":{"self":[{"href":"https:\/\/excursionsworld.com\/es\/wp-json\/wp\/v2\/product\/15433","targetHints":{"allow":["GET"]}}],"collection":[{"href":"https:\/\/excursionsworld.com\/es\/wp-json\/wp\/v2\/product"}],"about":[{"href":"https:\/\/excursionsworld.com\/es\/wp-json\/wp\/v2\/types\/product"}],"replies":[{"embeddable":true,"href":"https:\/\/excursionsworld.com\/es\/wp-json\/wp\/v2\/comments?post=15433"}],"wp:featuredmedia":[{"embeddable":true,"href":"https:\/\/excursionsworld.com\/es\/wp-json\/wp\/v2\/media\/12670"}],"wp:attachment":[{"href":"https:\/\/excursionsworld.com\/es\/wp-json\/wp\/v2\/media?parent=15433"}],"wp:term":[{"taxonomy":"product_brand","embeddable":true,"href":"https:\/\/excursionsworld.com\/es\/wp-json\/wp\/v2\/product_brand?post=15433"},{"taxonomy":"product_cat","embeddable":true,"href":"https:\/\/excursionsworld.com\/es\/wp-json\/wp\/v2\/product_cat?post=15433"},{"taxonomy":"product_tag","embeddable":true,"href":"https:\/\/excursionsworld.com\/es\/wp-json\/wp\/v2\/product_tag?post=15433"}],"curies":[{"name":"wp","href":"https:\/\/api.w.org\/{rel}","templated":true}]}}