{"id":15436,"date":"2025-10-28T12:30:04","date_gmt":"2025-10-28T09:30:04","guid":{"rendered":"https:\/\/excursionsworld.com\/?post_type=product&#038;p=15436"},"modified":"2026-03-02T19:51:34","modified_gmt":"2026-03-02T16:51:34","slug":"kanion-tazi-rafting-jeep-antalya","status":"publish","type":"product","link":"https:\/\/excursionsworld.com\/tours\/tazi-canyon-rafting-jeep-antalya\/","title":{"rendered":"Ca\u00f1\u00f3n Taz\u0131 rafting tour desde Antalya \u2013 jeep y tirolina"},"content":{"rendered":"<h3 dir=\"ltr\" data-pm-slice=\"1 1 []\"><strong>\ud83c\udfde\ufe0f Visi\u00f3n general<\/strong><\/h3>\n<p dir=\"ltr\">Emb\u00e1rquese en una emocionante aventura con recogida en el hotel y regreso desde Antalya. Disfrute de un emocionante safari en jeep por los montes Tauro, visite el impresionante ca\u00f1\u00f3n de Taz\u0131 y practique rafting en el ca\u00f1\u00f3n de K\u00f6pr\u00fcl\u00fc. Perfecto para los amantes de la naturaleza y de las emociones fuertes.<\/p>\n<h3 dir=\"ltr\"><strong>Incluido:<\/strong><\/h3>\n<div dir=\"ltr\"><span style=\"color: #00ff00;\"><strong>\u2713<\/strong><\/span> Recogida y entrega en el hotel<br \/>\n<span style=\"color: #00ff00;\"><strong>\u2713 <\/strong><\/span>C\u00f3modo autob\u00fas con aire acondicionado<br \/>\n<span style=\"color: #00ff00;\"><strong>\u2713 <\/strong><\/span>Safari en jeep descapotable<br \/>\n<span style=\"color: #00ff00;\"><strong>\u2713 <\/strong><\/span>Rafting en balsas para 10 personas<br \/>\n<span style=\"color: #00ff00;\"><strong>\u2713 <\/strong><\/span>Seguros<br \/>\n<span style=\"color: #00ff00;\"><strong>\u2713 <\/strong><\/span>Gu\u00eda<br \/>\n<span style=\"color: #00ff00;\"><strong>\u2713 <\/strong><\/span>Almuerzo<\/div>\n<div dir=\"ltr\"><span style=\"color: #00ff00;\"><strong>\u2713 <\/strong><\/span>Tirolina<\/div>\n<h3 dir=\"ltr\"><strong>No se incluye:<\/strong><\/h3>\n<p dir=\"ltr\"><span style=\"color: #ff0000;\"><strong>\u2717<\/strong><\/span> Kayaks para 2 personas (cargo adicional)<br \/>\n<span style=\"color: #ff0000;\"><strong>\u2717 <\/strong><\/span>Fotos y v\u00eddeos<br \/>\n<span style=\"color: #ff0000;\"><strong>\u2717 <\/strong><\/span>Bebidas<\/p>\n<h3 dir=\"ltr\"><strong>\ud83c\udf1f Lo m\u00e1s destacado del viaje<\/strong><\/h3>\n<p dir=\"ltr\">\ud83d\udd39 Safari en jeep por los pintorescos montes Tauro<br \/>\n\ud83d\udd39 Impresionantes vistas del ca\u00f1\u00f3n de Taz\u0131 (\u201cNido de \u00e1guila\u201d).<br \/>\n\ud83d\udd39 Rafting opcional en los r\u00e1pidos del ca\u00f1\u00f3n de K\u00f6pr\u00fcl\u00fc.<br \/>\n\ud83d\udd39 Paradas para hacer fotos panor\u00e1micas<br \/>\n\ud83d\udd39Delicioso almuerzo a orillas del r\u00edo<br \/>\n\ud83d\udd39C\u00f3modos traslados desde Antalya<\/p>\n<h3 dir=\"ltr\"><strong>\ud83d\udcd6 Descripci\u00f3n completa<\/strong><\/h3>\n<div dir=\"ltr\">La excursi\u00f3n comienza con un traslado desde su hotel en Antalya o alrededores, seguido de un emocionante safari en jeep por los montes Tauro. La primera parada es una base junto al r\u00edo en el ca\u00f1\u00f3n de K\u00f6pr\u00fcl\u00fc, donde podr\u00e1 elegir entre hacer rafting o relajarse junto al agua. El rafting incluye equipo completo y una sesi\u00f3n informativa; no se necesita experiencia.<\/div>\n<div dir=\"ltr\">A continuaci\u00f3n, s\u00fabase a un jeep descapotable para dar un paseo hasta el ca\u00f1\u00f3n de Taz\u0131, conocido por sus espectaculares acantilados. Disfrute de tiempo libre en el mirador para hacer fotos y relajarse (la entrada al ca\u00f1\u00f3n est\u00e1 prohibida por motivos de seguridad).<\/div>\n<div dir=\"ltr\">Regreso al ca\u00f1\u00f3n de K\u00f6pr\u00fcl\u00fc para la sesi\u00f3n principal de rafting (si se ha elegido), navegando por r\u00e1pidos con paradas para nadar y hacer fotos. La excursi\u00f3n concluye con un sabroso almuerzo a orillas del r\u00edo y el regreso a su hotel.<\/div>\n<h3 dir=\"ltr\"><strong>\ud83d\uddfa\ufe0f Itinerario<\/strong><\/h3>\n<p dir=\"ltr\">\ud83d\udd39 Recogida en los hoteles de Antalya<br \/>\n\ud83d\udd39 Safari en jeep por los montes Tauro<br \/>\n\ud83d\udd39 Parada en el ca\u00f1\u00f3n de K\u00f6pr\u00fcl\u00fc (rafting o relajaci\u00f3n opcional).<br \/>\n\ud83d\udd39 Paseo en jeep descapotable hasta el ca\u00f1\u00f3n de Taz\u0131.<br \/>\n\ud83d\udd39 Tiempo libre en el mirador del ca\u00f1\u00f3n de Taz\u0131.<br \/>\n\ud83d\udd39 Rafting principal en el ca\u00f1\u00f3n de K\u00f6pr\u00fcl\u00fc (si se elige).<br \/>\n\ud83d\udd39 Almuerzo en Riverside<br \/>\n\ud83d\udd39 Regreso al hotel<\/p>\n<h3 dir=\"ltr\"><strong>\u2139\ufe0f Informaci\u00f3n \u00fatil<\/strong><\/h3>\n<p dir=\"ltr\">\ud83d\udd39 Duraci\u00f3n: ~8-9 horas<br \/>\n\ud83d\udd39 No es necesario saber nadar para hacer rafting<br \/>\n\ud83d\udd39 Balsas para 10 personas incluidas; kayaks para 2 personas por un suplemento.<br \/>\n\ud83d\udd39 Zapatillas de agua, correas para gafas y fundas impermeables disponibles para su compra en la base.<br \/>\n\ud83d\udd39 Los ni\u00f1os con billete gratuito no tienen asiento individual en el autob\u00fas y deben sentarse en el regazo de un adulto<br \/>\n\ud83d\udd39 Actividad f\u00edsica de moderada a alta (rafting y senderismo).<br \/>\n\ud83d\udd39 Los ni\u00f1os menores de 6 a\u00f1os que viajan gratis no tienen un asiento aparte en el autob\u00fas. Si el autob\u00fas est\u00e1 lleno, se sientan en el regazo de un adulto, o se puede reservar un asiento aparte<\/p>\n<h3 dir=\"ltr\"><strong>Qu\u00e9 llevar<\/strong><\/h3>\n<p dir=\"ltr\">\ud83d\udd39 Ba\u00f1ador y toalla.<br \/>\n\ud83d\udd39 Protector solar y calzado para el agua<br \/>\n\ud83d\udd39 Cambio de ropa para el post-rafting.<br \/>\n\ud83d\udd39 Efectivo para gastos personales<\/p>\n<h3 dir=\"ltr\"><strong>\ud83d\udeab No apto para<\/strong><\/h3>\n<p dir=\"ltr\">\ud83d\udd39 Personas con afecciones card\u00edacas<br \/>\n\ud83d\udd39 Viajeros mayores de 70 a\u00f1os<br \/>\n\ud83d\udd39 Mujeres embarazadas<br \/>\n\ud83d\udd39 Ni\u00f1os menores de 4 a\u00f1os<br \/>\n\ud83d\udd39 Usuarios de sillas de ruedas o personas con movilidad reducida<\/p>\n<h3 data-start=\"2831\" data-end=\"2858\">\ud83d\udcb8 Precios y reservas<\/h3>\n<p data-start=\"2859\" data-end=\"2995\"><strong>\ud83d\udd39 Reserva ahora, paga el d\u00eda de la excursi\u00f3n<\/strong><br data-start=\"2898\" data-end=\"2901\" \/>\ud83d\udd39 P\u00f3ngase en contacto con nosotros a trav\u00e9s de <strong data-start=\"2919\" data-end=\"2931\">WhatsApp<\/strong>, <strong data-start=\"2933\" data-end=\"2945\">Telegrama<\/strong>, <strong data-start=\"2947\" data-end=\"2956\">Viber<\/strong>, o rellene el siguiente formulario de reserva. \ud83d\udc47\ud83c\udffc<\/p>","protected":false},"excerpt":{"rendered":"<p>Lo \u00faltimo <b>excursi\u00f3n de aventura de un d\u00eda<\/b>\u00a1! Reserve <b>Taz\u0131 Canyon Jeep Safari<\/b> &amp; <b>Rafting<\/b> <b>excursi\u00f3n<\/b> de <b>Antalya<\/b>. Explora acantilados y emoci\u00f3nate en los r\u00e1pidos. <b>Transferencia<\/b> incluido.<\/p>","protected":false},"featured_media":12667,"comment_status":"open","ping_status":"closed","template":"","meta":[],"product_brand":[],"product_cat":[125],"product_tag":[107],"class_list":{"0":"post-15436","1":"product","2":"type-product","3":"status-publish","4":"has-post-thumbnail","6":"tour_phys-antalya-tours","7":"product_cat-antalya-tours","8":"product_tag-antalya","9":"pa_destination-antalya-tours","11":"first","12":"instock","13":"sale","14":"shipping-taxable","15":"purchasable","16":"product-type-tour_phys"},"aioseo_notices":[],"_links":{"self":[{"href":"https:\/\/excursionsworld.com\/es\/wp-json\/wp\/v2\/product\/15436","targetHints":{"allow":["GET"]}}],"collection":[{"href":"https:\/\/excursionsworld.com\/es\/wp-json\/wp\/v2\/product"}],"about":[{"href":"https:\/\/excursionsworld.com\/es\/wp-json\/wp\/v2\/types\/product"}],"replies":[{"embeddable":true,"href":"https:\/\/excursionsworld.com\/es\/wp-json\/wp\/v2\/comments?post=15436"}],"wp:featuredmedia":[{"embeddable":true,"href":"https:\/\/excursionsworld.com\/es\/wp-json\/wp\/v2\/media\/12667"}],"wp:attachment":[{"href":"https:\/\/excursionsworld.com\/es\/wp-json\/wp\/v2\/media?parent=15436"}],"wp:term":[{"taxonomy":"product_brand","embeddable":true,"href":"https:\/\/excursionsworld.com\/es\/wp-json\/wp\/v2\/product_brand?post=15436"},{"taxonomy":"product_cat","embeddable":true,"href":"https:\/\/excursionsworld.com\/es\/wp-json\/wp\/v2\/product_cat?post=15436"},{"taxonomy":"product_tag","embeddable":true,"href":"https:\/\/excursionsworld.com\/es\/wp-json\/wp\/v2\/product_tag?post=15436"}],"curies":[{"name":"wp","href":"https:\/\/api.w.org\/{rel}","templated":true}]}}