{"id":15438,"date":"2025-10-28T12:44:00","date_gmt":"2025-10-28T09:44:00","guid":{"rendered":"https:\/\/excursionsworld.com\/?post_type=product&#038;p=15438"},"modified":"2026-03-02T19:50:29","modified_gmt":"2026-03-02T16:50:29","slug":"tazi-canon-rafting-jeep-belek","status":"publish","type":"product","link":"https:\/\/excursionsworld.com\/tours\/tazi-canyon-rafting-jeep-belek\/","title":{"rendered":"Ca\u00f1\u00f3n Taz\u0131 rafting y safari en jeep tour desde Belek \u2013 combo 3 en 1"},"content":{"rendered":"<h3>\ud83c\udfde\ufe0f Visi\u00f3n general<\/h3>\n<p data-start=\"225\" data-end=\"532\">Emb\u00e1rquese en una emocionante aventura con recogida en el hotel y regreso desde <strong data-start=\"297\" data-end=\"330\">Belek, Kadriye y Bo\u011fazkent<\/strong>. Disfrute de un emocionante safari en jeep por los montes Tauro, visite el impresionante <strong data-start=\"415\" data-end=\"430\">Ca\u00f1\u00f3n de Taz\u0131<\/strong>, y practique rafting opcional en <strong data-start=\"467\" data-end=\"485\">Ca\u00f1\u00f3n de K\u00f6pr\u00fcl\u00fc<\/strong>. Una mezcla perfecta de adrenalina, naturaleza y diversi\u00f3n.<\/p>\n<h3 data-start=\"534\" data-end=\"715\"><strong data-start=\"534\" data-end=\"547\">Incluido:<\/strong><\/h3>\n<p data-start=\"534\" data-end=\"715\"><span style=\"color: #00ff00;\"><strong>\u2713<\/strong> <\/span>Recogida y entrega en el hotel<br data-start=\"575\" data-end=\"578\" \/><span style=\"color: #00ff00;\"><strong>\u2713<\/strong> <\/span>C\u00f3modo autob\u00fas con aire acondicionado<br data-start=\"611\" data-end=\"614\" \/><span style=\"color: #00ff00;\"><strong>\u2713<\/strong> <\/span>Safari en jeep descapotable<br data-start=\"636\" data-end=\"639\" \/><span style=\"color: #00ff00;\"><strong>\u2713<\/strong> <\/span>Rafting en balsas para 10 personas<br data-start=\"667\" data-end=\"670\" \/><span style=\"color: #00ff00;\"><strong>\u2713<\/strong> <\/span>Seguros<br data-start=\"681\" data-end=\"684\" \/><span style=\"color: #00ff00;\"><strong>\u2713<\/strong> <\/span>Gu\u00eda<br data-start=\"691\" data-end=\"694\" \/><span style=\"color: #00ff00;\"><strong>\u2713<\/strong> <\/span>Almuerzo<br data-start=\"701\" data-end=\"704\" \/><span style=\"color: #00ff00;\"><strong>\u2713<\/strong> <\/span>Tirolina<\/p>\n<h3 data-start=\"717\" data-end=\"823\"><strong data-start=\"717\" data-end=\"734\">No se incluye:<\/strong><\/h3>\n<p data-start=\"717\" data-end=\"823\"><span style=\"color: #ff0000;\"><strong>\u2717<\/strong> <\/span>Kayaks para 2 personas (cargo adicional)<br data-start=\"788\" data-end=\"791\" \/><span style=\"color: #ff0000;\"><strong>\u2717<\/strong> <\/span>Fotos y v\u00eddeos<br data-start=\"810\" data-end=\"813\" \/><span style=\"color: #ff0000;\"><strong>\u2717<\/strong> <\/span>Bebidas<\/p>\n<h3 data-start=\"825\" data-end=\"848\">\ud83c\udf1f Lo m\u00e1s destacado del viaje<\/h3>\n<p data-start=\"849\" data-end=\"1062\">\ud83d\udd39 Safari en jeep por los montes Tauro<br data-start=\"892\" data-end=\"895\" \/>\ud83d\udd39 Vista panor\u00e1mica en el ca\u00f1\u00f3n de Taz\u0131 (\u201cNido de \u00e1guila\u201d).<br data-start=\"944\" data-end=\"947\" \/>\ud83d\udd39 Rafting opcional en el ca\u00f1\u00f3n de K\u00f6pr\u00fcl\u00fc.<br data-start=\"984\" data-end=\"987\" \/>\ud83d\udd39 Paradas fotogr\u00e1ficas panor\u00e1micas<br data-start=\"1008\" data-end=\"1011\" \/>\ud83d\udd39 Almuerzo en Riverside<br data-start=\"1029\" data-end=\"1032\" \/>\ud83d\udd39 Traslados desde la zona de Belek<\/p>\n<h3 data-start=\"1064\" data-end=\"1088\">\ud83d\udcd6 Descripci\u00f3n completa<\/h3>\n<p data-start=\"1089\" data-end=\"1332\">El d\u00eda comienza con la recogida en el hotel de Belek, Kadriye o Bo\u011fazkent, en direcci\u00f3n a los pintorescos montes Tauro. Disfrute de una aventura en jeep todoterreno y llegue al campamento base en el ca\u00f1\u00f3n de K\u00f6pr\u00fcl\u00fc. Aqu\u00ed podr\u00e1 elegir entre hacer rafting o relajarse junto al r\u00edo. A continuaci\u00f3n, contin\u00fae el viaje en jeep hasta <strong data-start=\"1366\" data-end=\"1381\">Ca\u00f1\u00f3n de Taz\u0131<\/strong>, Uno de los miradores m\u00e1s impresionantes de Turqu\u00eda. Disfrute de tiempo libre para tomar fotos y hacer turismo. Despu\u00e9s, regrese para una experiencia de rafting llena de diversi\u00f3n y salpicaduras, seguida de un delicioso almuerzo junto al r\u00edo antes de regresar a su hotel.<\/p>\n<h3 data-start=\"1619\" data-end=\"1642\">\ud83d\uddfa\ufe0f Itinerario<\/h3>\n<p data-start=\"1643\" data-end=\"1914\">\ud83d\udd39 Recogida en los hoteles de Belek, Kadriye, Bo\u011fazkent.<br data-start=\"1690\" data-end=\"1693\" \/>\ud83d\udd39 Safari en jeep por los montes Tauro<br data-start=\"1736\" data-end=\"1739\" \/>\ud83d\udd39 Visita a la base del ca\u00f1\u00f3n de K\u00f6pr\u00fcl\u00fc (rafting opcional).<br data-start=\"1786\" data-end=\"1789\" \/>\ud83d\udd39 Paseo hasta el mirador del ca\u00f1\u00f3n de Taz\u0131.<br data-start=\"1821\" data-end=\"1824\" \/>\ud83d\udd39 Tiempo libre para fotos<br data-start=\"1847\" data-end=\"1850\" \/>\ud83d\udd39 Aventura de rafting<br data-start=\"1870\" data-end=\"1873\" \/>\ud83d\udd39 Almuerzo en Riverside<br data-start=\"1891\" data-end=\"1894\" \/>\ud83d\udd39 Regreso al hotel<\/p>\n<h3 data-start=\"1916\" data-end=\"1942\">\u2139\ufe0f Informaci\u00f3n \u00fatil<\/h3>\n<p data-start=\"1943\" data-end=\"2174\">\ud83d\udd39 Duraci\u00f3n: ~8-9 horas<br data-start=\"1966\" data-end=\"1969\" \/>\ud83d\udd39 Actividad f\u00edsica de moderada a alta.<br data-start=\"2006\" data-end=\"2009\" \/>\ud83d\udd39 No se necesita experiencia para hacer rafting<br data-start=\"2044\" data-end=\"2047\" \/>\ud83d\udd39 Balsas para 10 personas incluidas, kayaks para 2 personas por un suplemento.<br data-start=\"2105\" data-end=\"2108\" \/>\ud83d\udd39 Los ni\u00f1os menores de 6 a\u00f1os viajan gratis (sin asiento separado a menos que se reserve)<\/p>\n<h3 data-start=\"2176\" data-end=\"2197\">Qu\u00e9 llevar<\/h3>\n<p data-start=\"2198\" data-end=\"2303\">\ud83d\udd39 Ba\u00f1ador, toalla y crema solar.<br data-start=\"2231\" data-end=\"2234\" \/>\ud83d\udd39 Calzado de agua y ropa de recambio.<br data-start=\"2270\" data-end=\"2273\" \/>\ud83d\udd39 Dinero en efectivo para bebidas o extras<\/p>\n<h3 data-start=\"2305\" data-end=\"2329\">\ud83d\udeab No apto para<\/h3>\n<p data-start=\"2330\" data-end=\"2462\">\ud83d\udd39 Personas con afecciones card\u00edacas<br data-start=\"2361\" data-end=\"2364\" \/>\ud83d\udd39 Mujeres embarazadas<br data-start=\"2381\" data-end=\"2384\" \/>\ud83d\udd39 Ni\u00f1os menores de 4 a\u00f1os<br data-start=\"2409\" data-end=\"2412\" \/>\ud83d\udd39 Viajeros mayores de 70 a\u00f1os<br data-start=\"2438\" data-end=\"2441\" \/>\ud83d\udd39 Usuarios de sillas de ruedas<\/p>\n<h3 data-start=\"2831\" data-end=\"2858\">\ud83d\udcb8 Precios y reservas<\/h3>\n<p data-start=\"2859\" data-end=\"2995\"><strong>\ud83d\udd39 Reserva ahora, paga el d\u00eda de la excursi\u00f3n<\/strong><br data-start=\"2898\" data-end=\"2901\" \/>\ud83d\udd39 P\u00f3ngase en contacto con nosotros a trav\u00e9s de <strong data-start=\"2919\" data-end=\"2931\">WhatsApp<\/strong>, <strong data-start=\"2933\" data-end=\"2945\">Telegrama<\/strong>, <strong data-start=\"2947\" data-end=\"2956\">Viber<\/strong>, o rellene el siguiente formulario de reserva. \ud83d\udc47\ud83c\udffc<\/p>","protected":false},"excerpt":{"rendered":"<p>Reserva el <b>Belek Taz\u0131 Ca\u00f1\u00f3n Jeep Safari &amp; Rafting<\/b> \u00a1combo! La aventura definitiva de un d\u00eda completo: Explore los acantilados y disfrute de los r\u00e1pidos del ca\u00f1\u00f3n de K\u00f6pr\u00fcl\u00fc. <b>Traslado incluido<\/b>!<\/p>","protected":false},"featured_media":12667,"comment_status":"open","ping_status":"closed","template":"","meta":[],"product_brand":[],"product_cat":[126],"product_tag":[120],"class_list":{"0":"post-15438","1":"product","2":"type-product","3":"status-publish","4":"has-post-thumbnail","6":"tour_phys-belek-tours","7":"product_cat-belek-tours","8":"product_tag-belek","9":"pa_destination-belek-tours","11":"first","12":"instock","13":"sale","14":"shipping-taxable","15":"purchasable","16":"product-type-tour_phys"},"aioseo_notices":[],"_links":{"self":[{"href":"https:\/\/excursionsworld.com\/es\/wp-json\/wp\/v2\/product\/15438","targetHints":{"allow":["GET"]}}],"collection":[{"href":"https:\/\/excursionsworld.com\/es\/wp-json\/wp\/v2\/product"}],"about":[{"href":"https:\/\/excursionsworld.com\/es\/wp-json\/wp\/v2\/types\/product"}],"replies":[{"embeddable":true,"href":"https:\/\/excursionsworld.com\/es\/wp-json\/wp\/v2\/comments?post=15438"}],"wp:featuredmedia":[{"embeddable":true,"href":"https:\/\/excursionsworld.com\/es\/wp-json\/wp\/v2\/media\/12667"}],"wp:attachment":[{"href":"https:\/\/excursionsworld.com\/es\/wp-json\/wp\/v2\/media?parent=15438"}],"wp:term":[{"taxonomy":"product_brand","embeddable":true,"href":"https:\/\/excursionsworld.com\/es\/wp-json\/wp\/v2\/product_brand?post=15438"},{"taxonomy":"product_cat","embeddable":true,"href":"https:\/\/excursionsworld.com\/es\/wp-json\/wp\/v2\/product_cat?post=15438"},{"taxonomy":"product_tag","embeddable":true,"href":"https:\/\/excursionsworld.com\/es\/wp-json\/wp\/v2\/product_tag?post=15438"}],"curies":[{"name":"wp","href":"https:\/\/api.w.org\/{rel}","templated":true}]}}