{"id":15440,"date":"2025-10-28T13:07:42","date_gmt":"2025-10-28T10:07:42","guid":{"rendered":"https:\/\/excursionsworld.com\/?post_type=product&#038;p=15440"},"modified":"2026-03-02T19:49:35","modified_gmt":"2026-03-02T16:49:35","slug":"tazi-canon-rafting-jeep-alanya","status":"publish","type":"product","link":"https:\/\/excursionsworld.com\/tours\/tazi-canyon-rafting-jeep-alanya\/","title":{"rendered":"Tour combinado al Ca\u00f1\u00f3n Taz\u0131, rafting y safari en jeep desde Alanya"},"content":{"rendered":"<h3><span style=\"color: #000000;\"><strong>\ud83c\udfde\ufe0f Visi\u00f3n general<\/strong><\/span><\/h3>\n<p data-start=\"2709\" data-end=\"3005\">Salir de <strong data-start=\"4918\" data-end=\"4972\">Alanya, Oba, Tosmur, Kestel, Mahmutlar o Konakl\u0131<\/strong> \u00a1para pasar un emocionante d\u00eda en la naturaleza! Disfrute de un safari en jeep por los montes Tauro, admire el espectacular <strong data-start=\"5074\" data-end=\"5089\">Ca\u00f1\u00f3n de Taz\u0131<\/strong>, y practique rafting opcional en <strong data-start=\"5126\" data-end=\"5144\">Ca\u00f1\u00f3n de K\u00f6pr\u00fcl\u00fc<\/strong>. Una mezcla perfecta de emoci\u00f3n y belleza paisaj\u00edstica.<\/p>\n<h3 data-start=\"534\" data-end=\"715\"><strong data-start=\"534\" data-end=\"547\">Incluido:<\/strong><\/h3>\n<p data-start=\"534\" data-end=\"715\"><span style=\"color: #00ff00;\"><strong>\u2713<\/strong> <\/span>Recogida y entrega en el hotel<br data-start=\"575\" data-end=\"578\" \/><span style=\"color: #00ff00;\"><strong>\u2713<\/strong> <\/span>C\u00f3modo autob\u00fas con aire acondicionado<br data-start=\"611\" data-end=\"614\" \/><span style=\"color: #00ff00;\"><strong>\u2713<\/strong> <\/span>Safari en jeep descapotable<br data-start=\"636\" data-end=\"639\" \/><span style=\"color: #00ff00;\"><strong>\u2713<\/strong> <\/span>Rafting en balsas para 10 personas<br data-start=\"667\" data-end=\"670\" \/><span style=\"color: #00ff00;\"><strong>\u2713<\/strong> <\/span>Seguros<br data-start=\"681\" data-end=\"684\" \/><span style=\"color: #00ff00;\"><strong>\u2713<\/strong> <\/span>Gu\u00eda<br data-start=\"691\" data-end=\"694\" \/><span style=\"color: #00ff00;\"><strong>\u2713<\/strong> <\/span>Almuerzo<br data-start=\"701\" data-end=\"704\" \/><span style=\"color: #00ff00;\"><strong>\u2713<\/strong> <\/span>Tirolina<\/p>\n<h3 data-start=\"717\" data-end=\"823\"><strong data-start=\"717\" data-end=\"734\">No se incluye:<\/strong><\/h3>\n<p data-start=\"717\" data-end=\"823\"><span style=\"color: #ff0000;\"><strong>\u2717<\/strong> <\/span>Kayaks para 2 personas (cargo adicional)<br data-start=\"766\" data-end=\"769\" \/><span style=\"color: #ff0000;\"><strong>\u2717<\/strong> <\/span>Gastos personales<br data-start=\"788\" data-end=\"791\" \/><span style=\"color: #ff0000;\"><strong>\u2717<\/strong> <\/span>Fotos y v\u00eddeos<br data-start=\"810\" data-end=\"813\" \/><span style=\"color: #ff0000;\"><strong>\u2717<\/strong> <\/span>Bebidas<\/p>\n<h3 data-start=\"5483\" data-end=\"5506\"><span style=\"color: #000000;\"><strong>\ud83c\udf1f Lo m\u00e1s destacado del viaje<\/strong><\/span><\/h3>\n<p data-start=\"5507\" data-end=\"5696\">\ud83d\udd39 Safari panor\u00e1mico en jeep por las monta\u00f1as<br data-start=\"5550\" data-end=\"5553\" \/>\ud83d\udd39 Impresionante mirador del ca\u00f1\u00f3n de Taz\u0131.<br data-start=\"5586\" data-end=\"5589\" \/>\ud83d\udd39 Aventura opcional de rafting en el ca\u00f1\u00f3n de K\u00f6pr\u00fcl\u00fc.<br data-start=\"5636\" data-end=\"5639\" \/>\ud83d\udd39 Almuerzo junto al r\u00edo<br data-start=\"5660\" data-end=\"5663\" \/>\ud83d\udd39 Traslados desde la regi\u00f3n de Alanya<\/p>\n<h3 data-start=\"5698\" data-end=\"5722\"><span style=\"color: #000000;\"><strong>\ud83d\udcd6 Descripci\u00f3n completa<\/strong><\/span><\/h3>\n<p data-start=\"5723\" data-end=\"5926\">Tras la recogida en el hotel de Alanya o zonas cercanas, viaje hacia el majestuoso <strong data-start=\"5799\" data-end=\"5819\">Montes Tauro<\/strong>. Su aventura comienza con un safari en jeep todoterreno a trav\u00e9s de bosques de pinos y encantadoras aldeas de monta\u00f1a. Llegada a <strong data-start=\"5938\" data-end=\"5956\">Ca\u00f1\u00f3n de K\u00f6pr\u00fcl\u00fc<\/strong> y elija entre hacer rafting en barcas de 10 plazas o relajarse junto al agua. M\u00e1s tarde, contin\u00fae en jeep hasta el <strong data-start=\"6060\" data-end=\"6075\">Ca\u00f1\u00f3n de Taz\u0131<\/strong> mirador, donde disfrutar\u00e1 de impresionantes vistas panor\u00e1micas. Termine su excursi\u00f3n con un delicioso almuerzo a orillas del r\u00edo antes de regresar a Alanya.<\/p>\n<h3 data-start=\"6212\" data-end=\"6235\"><span style=\"color: #000000;\"><strong>\ud83d\uddfa\ufe0f Itinerario<\/strong><\/span><\/h3>\n<p data-start=\"6236\" data-end=\"6478\">\ud83d\udd39 Recogida en los hoteles de Alanya, Oba, Tosmur, Kestel, Mahmutlar, Konakl\u0131.<br data-start=\"6305\" data-end=\"6308\" \/>\ud83d\udd39 Safari en jeep por carreteras de monta\u00f1a<br data-start=\"6345\" data-end=\"6348\" \/>\ud83d\udd39 Visita a la base del ca\u00f1\u00f3n de K\u00f6pr\u00fcl\u00fc (rafting opcional).<br data-start=\"6395\" data-end=\"6398\" \/>\ud83d\udd39 Conduce hasta el mirador del ca\u00f1\u00f3n de Taz\u0131.<br data-start=\"6431\" data-end=\"6434\" \/>\ud83d\udd39 Almuerzo junto al r\u00edo<br data-start=\"6455\" data-end=\"6458\" \/>\ud83d\udd39 Transferencia de vuelta<\/p>\n<h3 data-start=\"6480\" data-end=\"6506\"><span style=\"color: #000000;\"><strong>\u2139\ufe0f Informaci\u00f3n \u00fatil<\/strong><\/span><\/h3>\n<p data-start=\"6507\" data-end=\"6695\">Duraci\u00f3n: ~9 horas (excursi\u00f3n de d\u00eda completo)<br data-start=\"6544\" data-end=\"6547\" \/>\ud83d\udd39 No se requiere experiencia en rafting<br data-start=\"6580\" data-end=\"6583\" \/>\ud83d\udd39 Los ni\u00f1os menores de 6 a\u00f1os viajan gratis (sin asiento separado a menos que se reserve)<br data-start=\"6647\" data-end=\"6650\" \/>\ud83d\udd39 Extras opcionales: tirolina, kayak para 2 personas.<\/p>\n<h3 data-start=\"2176\" data-end=\"2197\"><span style=\"color: #000000;\"><strong>Qu\u00e9 llevar<\/strong><\/span><\/h3>\n<p data-start=\"2198\" data-end=\"2303\">\ud83d\udd39 Ba\u00f1ador, toalla y crema solar.<br data-start=\"2231\" data-end=\"2234\" \/>\ud83d\udd39 Calzado de agua y ropa de recambio.<br data-start=\"2270\" data-end=\"2273\" \/>\ud83d\udd39 Dinero en efectivo para bebidas o extras<\/p>\n<h3 data-start=\"2305\" data-end=\"2329\"><span style=\"color: #000000;\"><strong>\ud83d\udeab No apto para<\/strong><\/span><\/h3>\n<p data-start=\"2330\" data-end=\"2462\">\ud83d\udd39 Personas con afecciones card\u00edacas<br data-start=\"2361\" data-end=\"2364\" \/>\ud83d\udd39 Mujeres embarazadas<br data-start=\"2381\" data-end=\"2384\" \/>\ud83d\udd39 Ni\u00f1os menores de 4 a\u00f1os<br data-start=\"2409\" data-end=\"2412\" \/>\ud83d\udd39 Viajeros mayores de 70 a\u00f1os<br data-start=\"2438\" data-end=\"2441\" \/>\ud83d\udd39 Usuarios de sillas de ruedas<\/p>\n<h3 data-start=\"2831\" data-end=\"2858\"><span style=\"color: #000000;\"><strong>\ud83d\udcb8 Precios y reservas<\/strong><\/span><\/h3>\n<p data-start=\"2859\" data-end=\"2995\"><strong>\ud83d\udd39 Reserva ahora, paga el d\u00eda de la excursi\u00f3n<\/strong><br data-start=\"2898\" data-end=\"2901\" \/>\ud83d\udd39 P\u00f3ngase en contacto con nosotros a trav\u00e9s de <strong data-start=\"2919\" data-end=\"2931\">WhatsApp<\/strong>, <strong data-start=\"2933\" data-end=\"2945\">Telegrama<\/strong>, <strong data-start=\"2947\" data-end=\"2956\">Viber<\/strong>, o rellene el siguiente formulario de reserva. \ud83d\udc47\ud83c\udffc<\/p>","protected":false},"excerpt":{"rendered":"<p>Reserva el <b>Alanya Taz\u0131 Ca\u00f1\u00f3n Jeep Safari &amp; Rafting<\/b> \u00a1combo! La aventura definitiva de un d\u00eda completo: Explore los acantilados y disfrute de los r\u00e1pidos del ca\u00f1\u00f3n de K\u00f6pr\u00fcl\u00fc. <b>Traslado incluido<\/b>!<\/p>","protected":false},"featured_media":12667,"comment_status":"open","ping_status":"closed","template":"","meta":[],"product_brand":[],"product_cat":[128],"product_tag":[111],"class_list":{"0":"post-15440","1":"product","2":"type-product","3":"status-publish","4":"has-post-thumbnail","6":"tour_phys-alanya-tours","7":"product_cat-alanya-tours","8":"product_tag-alanya","9":"pa_destination-alanya-tours","11":"first","12":"instock","13":"sale","14":"shipping-taxable","15":"purchasable","16":"product-type-tour_phys"},"aioseo_notices":[],"_links":{"self":[{"href":"https:\/\/excursionsworld.com\/es\/wp-json\/wp\/v2\/product\/15440","targetHints":{"allow":["GET"]}}],"collection":[{"href":"https:\/\/excursionsworld.com\/es\/wp-json\/wp\/v2\/product"}],"about":[{"href":"https:\/\/excursionsworld.com\/es\/wp-json\/wp\/v2\/types\/product"}],"replies":[{"embeddable":true,"href":"https:\/\/excursionsworld.com\/es\/wp-json\/wp\/v2\/comments?post=15440"}],"wp:featuredmedia":[{"embeddable":true,"href":"https:\/\/excursionsworld.com\/es\/wp-json\/wp\/v2\/media\/12667"}],"wp:attachment":[{"href":"https:\/\/excursionsworld.com\/es\/wp-json\/wp\/v2\/media?parent=15440"}],"wp:term":[{"taxonomy":"product_brand","embeddable":true,"href":"https:\/\/excursionsworld.com\/es\/wp-json\/wp\/v2\/product_brand?post=15440"},{"taxonomy":"product_cat","embeddable":true,"href":"https:\/\/excursionsworld.com\/es\/wp-json\/wp\/v2\/product_cat?post=15440"},{"taxonomy":"product_tag","embeddable":true,"href":"https:\/\/excursionsworld.com\/es\/wp-json\/wp\/v2\/product_tag?post=15440"}],"curies":[{"name":"wp","href":"https:\/\/api.w.org\/{rel}","templated":true}]}}