{"id":15447,"date":"2025-10-28T16:02:52","date_gmt":"2025-10-28T13:02:52","guid":{"rendered":"https:\/\/excursionsworld.com\/?post_type=product&#038;p=15447"},"modified":"2026-04-24T00:20:59","modified_gmt":"2026-04-23T21:20:59","slug":"barco-pirata-atardecer-kemer","status":"publish","type":"product","link":"https:\/\/excursionsworld.com\/tours\/kemer-pirate-sunset-boat-tour\/","title":{"rendered":"Excursi\u00f3n en barco pirata al atardecer desde Kemer \u2013 Gonster todo incluido"},"content":{"rendered":"<h2>\ud83c\udff4\u200d\u2620\ufe0f Visi\u00f3n general<\/h2>\n<p>Viva una velada inolvidable en el <strong>Paseo en barco al atardecer por Gonster desde <a href=\"https:\/\/en.wikipedia.org\/wiki\/Kemer,_Antalya\" target=\"_blank\" rel=\"noopener\">Kemer<\/a><\/strong> - un crucero de 4 horas con todo incluido a bordo del barco pirata de cuatro cubiertas m\u00e1s grande de Europa. Disfrute de impresionantes vistas del atardecer, descansos para nadar en las bah\u00edas Paradise y Moonlight, deliciosa cena buffet libre, bebidas ilimitadas y una animada fiesta de la espuma, todo en una m\u00e1gica velada mediterr\u00e1nea.<\/p>\n<h3>\u00a0Incluido:<\/h3>\n<p><span style=\"color: #00ff00;\"><strong>\u2713<\/strong> <\/span>Recogida y entrega en el hotel\u00a0<br \/><span style=\"color: #00ff00;\"><strong>\u2713<\/strong> <\/span>Cena buffet libre (pollo, pasta, pilaf, ensaladas)<br \/><span style=\"color: #00ff00;\"><strong>\u2713<\/strong> <\/span>Refrescos ilimitados, cerveza de barril (Tuborg), vino tinto y blanco<br \/><span style=\"color: #00ff00;\"><strong>\u2713<\/strong> <\/span>Fiesta de la espuma y animaci\u00f3n<br \/><span style=\"color: #00ff00;\"><strong>\u2713<\/strong> <\/span>Tripulaci\u00f3n de habla inglesa, rusa y turca<br \/><span style=\"color: #00ff00;\"><strong>\u2713<\/strong> <\/span>Seguro a todo riesgo<\/p>\n<h3>\u00a0No se incluye:<\/h3>\n<p><span style=\"color: #ff0000;\"><strong>\u2717<\/strong> <\/span>Otras bebidas alcoh\u00f3licas<br \/><span style=\"color: #ff0000;\"><strong>\u2717<\/strong> <\/span>Gastos personales<br \/><span style=\"color: #ff0000;\"><strong>\u2717<\/strong> <\/span>Fotos y v\u00eddeos<\/p>\n<h2>\ud83c\udf1f Puntos Destacados del Tour de Este Barco Pirata al Atardecer en Kemer<\/h2>\n<p>\ud83d\udd39 Navega <strong>El barco pirata de 4 cubiertas \u201cGonster\u201d m\u00e1s grande de Europa\u201d<\/strong> con espacio para 394 invitados<br \/>\ud83d\udd39 Disfruta de dos paradas para nadar en <strong>Bah\u00eda Para\u00edso<\/strong> y <strong>Bah\u00eda Moonlight<\/strong><br \/>\ud83d\udd39 Ver una impresionante <strong>Puesta de sol en el Mediterr\u00e1neo<\/strong> desde la cubierta superior<br \/>\ud83d\udd39 Un fest\u00edn <strong>cena buffet libre<\/strong> con bebidas ilimitadas<br \/>\ud83d\udd39 Baila, canta y r\u00ede con el <strong>fiesta de la espuma y animaciones<\/strong><br \/>\ud83d\udd39 Perfecto para parejas, familias y amigos que buscan diversi\u00f3n y relajaci\u00f3n.<\/p>\n<h2>\ud83d\udcd6 Descripci\u00f3n Completa: Tu Experiencia en el Tour en Barco de Piratas al Atardecer en Kemer<\/h2>\n<p>En <strong>Excursi\u00f3n en barco al atardecer en Gonster<\/strong> ofrece la mezcla perfecta de aventura, relajaci\u00f3n y entretenimiento.<br \/>Tras la recogida en el hotel de Kemer y alrededores, subir\u00e1 a bordo del majestuoso barco pirata Gonster de 4 cubiertas en el puerto de Kemer. Mientras el barco navega por las aguas turquesas del Mediterr\u00e1neo, disfrute de su primera parada para nadar en <strong>Bah\u00eda Para\u00edso<\/strong>, rodeado de acantilados cubiertos de pinos.<\/p>\n<p>Al ponerse el sol, un <strong>cena buffet libre<\/strong> con platos tradicionales turcos se servir\u00e1n a bordo. Disfrute de cerveza, vino y refrescos ilimitados mientras admira la puesta de sol pintando el cielo de tonos dorados y rojos.<\/p>\n<p>La velada contin\u00faa con una animada <strong>fiesta de la espuma<\/strong> en la cubierta superior: m\u00fasica, baile y alegr\u00eda para todas las edades. Antes de regresar, parar\u00e1 una vez m\u00e1s para darse un refrescante ba\u00f1o en <strong>Bah\u00eda Moonlight<\/strong>, un lugar perfecto para fotos nocturnas.<\/p>\n<p>Regrese al puerto sobre las 21:45 y disfrute de un c\u00f3modo traslado de vuelta a su hotel.<\/p>\n<h3>\ud83d\uddfa\ufe0f Itinerario<\/h3>\n<p>\ud83d\udd39Recogida en el hotel desde Kemer y zonas cercanas<br \/>Botes en el puerto de Kemer<br \/>\ud83d\udd39Informaci\u00f3n de salida y seguridad<br \/>\ud83d\udd39Pausa para nadar en Paradise Bay<br \/>\ud83d\udd39Cena buffet abierto durante la puesta de sol<br \/>\ud83d\udd39Fiesta de la espuma y entretenimiento<br \/>\ud83d\udd39Parada para nadar en Moonlight Bay<br \/>\ud83d\udd39Retorno al puerto de Kemer y traslado al hotel.<\/p>\n<h3>\u2139\ufe0f Informaci\u00f3n \u00fatil<\/h3>\n<p>\ud83d\udd39 Duraci\u00f3n: Aproximadamente 4 horas<br \/>\ud83d\udd39 Hora de salida: 18:00 (llegar 30 minutos antes de la salida)<br \/>\ud83d\udd39 Idiomas de la tripulaci\u00f3n: Ingl\u00e9s, ruso, turco<br \/>\ud83d\udd39 Experiencia familiar apta para todas las edades<br \/>\ud83d\udd39 Gran capacidad (394 invitados) con cubiertas interiores y exteriores<\/p>\n<h2>Qu\u00e9 llevar<\/h2>\n<p>\ud83d\udd39 Ba\u00f1ador y toalla.<br \/>\ud83d\udd39 Protector solar, gafas de sol y sombrero.<br \/>\ud83d\udd39 C\u00e1mara o smartphone<br \/>\ud83d\udd39 Calderilla para extras<br \/>\ud83d\udd39 Sandalias o chanclas c\u00f3modas.<\/p>\n<h3>\ud83d\udeab No apto para<\/h3>\n<p>\ud83d\udd39 Mujeres embarazadas<br \/>\ud83d\udd39 Hu\u00e9spedes con cinetosis severa.<\/p>\n<h2><span style=\"color: #000000;\"><strong><img decoding=\"async\" class=\"emoji\" role=\"img\" draggable=\"false\" src=\"https:\/\/s.w.org\/images\/core\/emoji\/16.0.1\/svg\/1f4b8.svg\" alt=\"\ud83d\udcb8\" \/>\u00a0Precios y reservas<\/strong><\/span><\/h2>\n<div class=\"elementor-element elementor-element-57a2f74 elementor-widget-divider--view-line elementor-widget elementor-widget-divider\" data-id=\"57a2f74\" data-element_type=\"widget\" data-widget_type=\"divider.default\">\n<div class=\"elementor-widget-container\"><strong>\ud83d\udd39 Reserva ahora, paga el d\u00eda de la excursi\u00f3n<\/strong><br \/>\ud83d\udd39 P\u00f3ngase en contacto con nosotros a trav\u00e9s de <strong>WhatsApp<\/strong>,\u00a0<strong>Telegrama<\/strong>,\u00a0<strong>Viber<\/strong>, o rellene el siguiente formulario de reserva.\u00a0<img decoding=\"async\" class=\"emoji\" role=\"img\" draggable=\"false\" src=\"https:\/\/s.w.org\/images\/core\/emoji\/16.0.1\/svg\/1f447-1f3fd.svg\" alt=\"\ud83d\udc47\ud83c\udffd\" \/><\/div>\n<\/div>\n<p>\u00bfBuscas alternativas? Explora <a href=\"https:\/\/excursionsworld.com\/es\/excursiones-kemer\/\">m\u00e1s tours en Kemer<\/a>.<\/p>","protected":false},"excerpt":{"rendered":"<p>Reserva el <b>Excursi\u00f3n en barco al atardecer en Kemer Gonster<\/b>\u00a1! Disfrute de un <b>crucero todo incluido<\/b> con fiesta de la espuma, cena, <b>bebidas ilimitadas<\/b>, y una impresionante vista del atardecer mediterr\u00e1neo.<\/p>","protected":false},"featured_media":15448,"comment_status":"open","ping_status":"closed","template":"","meta":[],"product_brand":[],"product_cat":[124,130],"product_tag":[105],"class_list":{"0":"post-15447","1":"product","2":"type-product","3":"status-publish","4":"has-post-thumbnail","6":"tour_phys-kemer-tours","7":"tour_phys-pirate-boat-tours","8":"product_cat-kemer-tours","9":"product_cat-pirate-boat-tours","10":"product_tag-kemer","11":"pa_destination-kemer-tours","12":"pa_kategori-pirate-boat-tours","14":"first","15":"instock","16":"sale","17":"shipping-taxable","18":"purchasable","19":"product-type-tour_phys"},"aioseo_notices":[],"_links":{"self":[{"href":"https:\/\/excursionsworld.com\/es\/wp-json\/wp\/v2\/product\/15447","targetHints":{"allow":["GET"]}}],"collection":[{"href":"https:\/\/excursionsworld.com\/es\/wp-json\/wp\/v2\/product"}],"about":[{"href":"https:\/\/excursionsworld.com\/es\/wp-json\/wp\/v2\/types\/product"}],"replies":[{"embeddable":true,"href":"https:\/\/excursionsworld.com\/es\/wp-json\/wp\/v2\/comments?post=15447"}],"wp:featuredmedia":[{"embeddable":true,"href":"https:\/\/excursionsworld.com\/es\/wp-json\/wp\/v2\/media\/15448"}],"wp:attachment":[{"href":"https:\/\/excursionsworld.com\/es\/wp-json\/wp\/v2\/media?parent=15447"}],"wp:term":[{"taxonomy":"product_brand","embeddable":true,"href":"https:\/\/excursionsworld.com\/es\/wp-json\/wp\/v2\/product_brand?post=15447"},{"taxonomy":"product_cat","embeddable":true,"href":"https:\/\/excursionsworld.com\/es\/wp-json\/wp\/v2\/product_cat?post=15447"},{"taxonomy":"product_tag","embeddable":true,"href":"https:\/\/excursionsworld.com\/es\/wp-json\/wp\/v2\/product_tag?post=15447"}],"curies":[{"name":"wp","href":"https:\/\/api.w.org\/{rel}","templated":true}]}}