{"id":15456,"date":"2025-10-28T21:27:33","date_gmt":"2025-10-28T18:27:33","guid":{"rendered":"https:\/\/excursionsworld.com\/?post_type=product&#038;p=15456"},"modified":"2025-12-09T15:26:03","modified_gmt":"2025-12-09T12:26:03","slug":"porto-genoese-laguna-azul-barco-antalya","status":"publish","type":"product","link":"https:\/\/excursionsworld.com\/tours\/porto-genoese-blue-lagoon-boat-antalya\/","title":{"rendered":"Porto Genoese tour en barco desde Antalya \u2013 Laguna Azul"},"content":{"rendered":"<h3 dir=\"ltr\" data-pm-slice=\"1 1 []\"><span style=\"color: #000000;\"><strong>\u26f5 Visi\u00f3n general<\/strong><\/span><\/h3>\n<p dir=\"ltr\">Disfrute de un inolvidable viaje en yate desde Antalya, Lara, Kundu, Belek, Bo\u011fazkent, Kadriye y Konyaalt\u0131 hasta las pintorescas bah\u00edas de Adrasan: Porto Genoese, Akseki Bay, Pirate Bay y la resplandeciente Cueva Fosforescente. Playas turquesas, un rejuvenecedor ba\u00f1o de arcilla y un delicioso almuerzo a bordo hacen de \u00e9ste el d\u00eda perfecto para los amantes de la naturaleza y el mar.<\/p>\n<h3 dir=\"ltr\"><strong>Incluido:<\/strong><\/h3>\n<p dir=\"ltr\"><span style=\"color: #00ff00;\"><strong>\u2713<\/strong><\/span> Recogida y entrega en el hotel<br \/>\n<span style=\"color: #00ff00;\"><strong>\u2713 <\/strong><\/span>C\u00f3modo autob\u00fas con aire acondicionado<br \/>\n<span style=\"color: #00ff00;\"><strong>\u2713 <\/strong><\/span>Seguros<br \/>\n<span style=\"color: #00ff00;\"><strong>\u2713 <\/strong><\/span>Gu\u00eda<br \/>\n<span style=\"color: #00ff00;\"><strong>\u2713 <\/strong><\/span>Almuerzo y frutas de temporada<br \/>\n<span style=\"color: #00ff00;\"><strong>\u2713 <\/strong><\/span>T\u00e9 a bordo<\/p>\n<h3 dir=\"ltr\"><strong>No se incluye:<\/strong><\/h3>\n<p dir=\"ltr\"><span style=\"color: #ff0000;\"><strong>\u2717<\/strong><\/span> Bebidas<br \/>\n<span style=\"color: #ff0000;\"><strong>\u2717 <\/strong><\/span>Gastos personales<br \/>\n<span style=\"color: #ff0000;\"><strong>\u2717 <\/strong><\/span>Fotos y v\u00eddeos<\/p>\n<h3 dir=\"ltr\"><span style=\"color: #000000;\"><strong>\ud83c\udfdd\ufe0f Lo m\u00e1s destacado<\/strong><\/span><\/h3>\n<p dir=\"ltr\">\ud83d\udd39 Nadar en las aguas turquesas de la bah\u00eda de Porto Genoese<br \/>\n\ud83d\udd39 Paradas en las bah\u00edas de Akseki y del Pirata<br \/>\n\ud83d\udd39 Crucero en un elegante yate boutique<br \/>\n\ud83d\udd39 Relajante experiencia de ba\u00f1o de arcilla.<br \/>\n\ud83d\udd39 Oportunidad de visitar la m\u00e1gica Cueva Fosforescente.<br \/>\n\ud83d\udd39 Delicioso almuerzo y t\u00e9 a bordo<\/p>\n<h3 dir=\"ltr\"><strong><span style=\"color: #000000;\">\ud83d\udcdc Descripci\u00f3n completa<\/span><\/strong><\/h3>\n<div>\u00a0El d\u00eda comienza con el traslado desde su hotel en la zona de Antalya hasta el puerto de Adrasan. Una vez a bordo del yate, zarpar\u00e1s para vivir una emocionante aventura mar\u00edtima.<\/div>\n<div><strong>Bah\u00eda de Akseki<\/strong>: La primera parada es la bah\u00eda de Akseki, donde dispondr\u00e1 de unos 30 minutos para nadar o bucear. Tenga en cuenta la presencia de erizos de mar.<\/div>\n<div><strong>Bah\u00eda de Porto Genoese<\/strong>: A continuaci\u00f3n, llegue a la famosa bah\u00eda de Porto Genoese para disfrutar durante 60 minutos del mar, un ba\u00f1o de arcilla y un sabroso almuerzo en medio de un paisaje impresionante.<\/div>\n<div><strong>Bah\u00eda Pirata<\/strong>: Tras 25 minutos de navegaci\u00f3n, llegar\u00e1 a la Bah\u00eda Pirata para disfrutar de 40 minutos de ba\u00f1o y relajaci\u00f3n.<\/div>\n<div><strong>Cueva fosforescente<\/strong>: Si el tiempo lo permite, visite la encantadora Cueva Fosforescente, conocida por su efecto resplandeciente y su atm\u00f3sfera cautivadora.<\/div>\n<div>Al final de la excursi\u00f3n, regresar\u00e1 al puerto y disfrutar\u00e1 de un c\u00f3modo traslado de vuelta a su hotel.<\/div>\n<div dir=\"ltr\">\n<h3 dir=\"ltr\"><span style=\"color: #000000;\"><strong>\u2139\ufe0f Informaci\u00f3n \u00fatil<\/strong><\/span><\/h3>\n<p dir=\"ltr\">\ud83d\udd39 El itinerario puede cambiar debido a las condiciones meteorol\u00f3gicas<br \/>\n\ud83d\udd39 Algunas paradas pueden cancelarse por motivos de seguridad<br \/>\n\ud83d\udd39 Esta no es una excursi\u00f3n dedicada al snorkel, pero puedes traer tu propio equipo<br \/>\n\ud83d\udd39 Se recomienda llevar calzado antideslizante<br \/>\n\ud83d\udd39 Los ni\u00f1os menores de 5 a\u00f1os que viajan gratis no tienen un asiento aparte en el autob\u00fas. Si el autob\u00fas est\u00e1 lleno, se sientan en el regazo de un adulto, o se puede reservar un asiento aparte<\/p>\n<\/div>\n<h3 dir=\"ltr\"><span style=\"color: #000000;\"><strong>Qu\u00e9 llevar<\/strong><\/span><\/h3>\n<p dir=\"ltr\">\ud83d\udd39 Ba\u00f1ador y toalla.<br \/>\n\ud83d\udd39 Gafas de sol y protecci\u00f3n solar.<br \/>\n\ud83d\udd39 Gorro y botella de agua<br \/>\nEquipo de snorkel (opcional)<\/p>\n<h3 dir=\"ltr\"><span style=\"color: #000000;\"><strong>\ud83d\udeab No apto para<\/strong><\/span><\/h3>\n<p dir=\"ltr\">\ud83d\udd39 Personas con movilidad reducida<br \/>\n\ud83d\udd39 Los propensos al mareo<\/p>\n<h3 dir=\"ltr\"><span style=\"color: #000000;\"><strong>\ud83d\udcb8 Precios y reservas<\/strong><\/span><\/h3>\n<p dir=\"ltr\"><strong>\ud83d\udd39 Reserva ahora, paga el d\u00eda de la excursi\u00f3n<\/strong><br \/>\n\ud83d\udd39 Ponte en contacto con nosotros a trav\u00e9s de WhatsApp, Telegram, Viber, o rellena el siguiente formulario de reserva. \ud83d\udc47\ud83c\udffc<\/p>","protected":false},"excerpt":{"rendered":"<p>Reserve este inolvidable <b>excursi\u00f3n<\/b> de <b>Antalya<\/b>\u00a1! Este <b>visita diaria<\/b> a Porto Genoese &amp; Blue Lagoon ofrece nataci\u00f3n, ba\u00f1o de arcilla y almuerzo. El mejor mar <b>viaje<\/b>!<\/p>","protected":false},"featured_media":12442,"comment_status":"open","ping_status":"closed","template":"","meta":[],"product_brand":[],"product_cat":[125],"product_tag":[107],"class_list":{"0":"post-15456","1":"product","2":"type-product","3":"status-publish","4":"has-post-thumbnail","6":"tour_phys-antalya-tours","7":"tour_phys-boat-tours","8":"product_cat-antalya-tours","9":"product_tag-antalya","10":"pa_destination-antalya-tours","11":"pa_kategori-boat-tours","13":"first","14":"instock","15":"sale","16":"shipping-taxable","17":"purchasable","18":"product-type-tour_phys"},"aioseo_notices":[],"_links":{"self":[{"href":"https:\/\/excursionsworld.com\/es\/wp-json\/wp\/v2\/product\/15456","targetHints":{"allow":["GET"]}}],"collection":[{"href":"https:\/\/excursionsworld.com\/es\/wp-json\/wp\/v2\/product"}],"about":[{"href":"https:\/\/excursionsworld.com\/es\/wp-json\/wp\/v2\/types\/product"}],"replies":[{"embeddable":true,"href":"https:\/\/excursionsworld.com\/es\/wp-json\/wp\/v2\/comments?post=15456"}],"wp:featuredmedia":[{"embeddable":true,"href":"https:\/\/excursionsworld.com\/es\/wp-json\/wp\/v2\/media\/12442"}],"wp:attachment":[{"href":"https:\/\/excursionsworld.com\/es\/wp-json\/wp\/v2\/media?parent=15456"}],"wp:term":[{"taxonomy":"product_brand","embeddable":true,"href":"https:\/\/excursionsworld.com\/es\/wp-json\/wp\/v2\/product_brand?post=15456"},{"taxonomy":"product_cat","embeddable":true,"href":"https:\/\/excursionsworld.com\/es\/wp-json\/wp\/v2\/product_cat?post=15456"},{"taxonomy":"product_tag","embeddable":true,"href":"https:\/\/excursionsworld.com\/es\/wp-json\/wp\/v2\/product_tag?post=15456"}],"curies":[{"name":"wp","href":"https:\/\/api.w.org\/{rel}","templated":true}]}}