{"id":15457,"date":"2025-10-28T21:28:48","date_gmt":"2025-10-28T18:28:48","guid":{"rendered":"https:\/\/excursionsworld.com\/?post_type=product&#038;p=15457"},"modified":"2026-01-11T00:10:47","modified_gmt":"2026-01-10T21:10:47","slug":"suluada-isla-barco-antalya","status":"publish","type":"product","link":"https:\/\/excursionsworld.com\/tours\/suluada-island-boat-antalya\/","title":{"rendered":"Isla Suluada tour en barco desde Antalya \u2013 Maldivas turcas"},"content":{"rendered":"<h3 dir=\"ltr\" data-pm-slice=\"1 1 []\"><strong>\ud83c\udfdd\ufe0f Visi\u00f3n general<\/strong><\/h3>\n<p dir=\"ltr\">Emb\u00e1rquese en un inolvidable viaje por mar a la isla Suluada desde Antalya, conocida como las \u201cMaldivas turcas\u201d, con sus playas de arena blanca y aguas cristalinas. Esta excursi\u00f3n ofrece momentos \u00fanicos en medio de la naturaleza mediterr\u00e1nea con tres paradas para nadar, un almuerzo a la barbacoa y fant\u00e1sticas vistas. \u00a1Perfecto para los amantes de la naturaleza y las familias!<\/p>\n<h3 dir=\"ltr\"><strong>Incluido:<\/strong><\/h3>\n<p dir=\"ltr\"><span style=\"color: #00ff00;\"><strong>\u2713<\/strong><\/span> Recogida y entrega en el hotel<br \/>\n<span style=\"color: #00ff00;\"><strong>\u2713 <\/strong><\/span>Seguros<br \/>\n<span style=\"color: #00ff00;\"><strong>\u2713 <\/strong><\/span>Gu\u00eda<br \/>\n<span style=\"color: #00ff00;\"><strong>\u2713 <\/strong><\/span>Almuerzo y fruta fresca<br \/>\n<span style=\"color: #00ff00;\"><strong>\u2713 <\/strong><\/span>T\u00e9<\/p>\n<h3 dir=\"ltr\"><strong>No se incluye:<\/strong><\/h3>\n<p dir=\"ltr\"><span style=\"color: #ff0000;\"><strong>\u2717<\/strong><\/span> Bebidas<br \/>\n<span style=\"color: #ff0000;\"><strong>\u2717 <\/strong><\/span>Gastos personales<br \/>\n<span style=\"color: #ff0000;\"><strong>\u2717 <\/strong><\/span>Fotos y v\u00eddeos<\/p>\n<h3 dir=\"ltr\">\ud83c\udf1f <strong>Lo m\u00e1s destacado<\/strong><\/h3>\n<p dir=\"ltr\">\ud83d\udd39 Explora las playas escondidas de Suluada con aguas cristalinas<br \/>\n\ud83d\udd39 B\u00e1\u00f1ate en la bah\u00eda de Maldivas de suave arena blanca<br \/>\n\ud83d\udd39 Impresionantes fotos en la Cueva del Amor<br \/>\n\ud83d\udd39 Almuerzo barbacoa a bordo con meze turco.<br \/>\n\ud83d\udd39 Ideal para familias y quienes buscan una escapada de relax<br \/>\n\ud83d\udd39 Inspiradoras vistas de los montes Tauro y la costa.<br \/>\n\ud83d\udd39 Opci\u00f3n de elegir un tour para grupos peque\u00f1os o grandes<\/p>\n<h3 dir=\"ltr\">\ud83d\udcd6 <strong>Descripci\u00f3n completa<\/strong><\/h3>\n<div>La excursi\u00f3n comienza con el traslado desde su hotel en la zona de Antalya hasta el puerto de Adrasan, donde embarcar\u00e1 en un catamar\u00e1n para realizar un viaje \u00fanico por la costa de Turqu\u00eda. Durante el crucero, disfrutar\u00e1 de pintorescas vistas de monta\u00f1as y costas v\u00edrgenes, con tres paradas para nadar: <strong>Bah\u00eda de Maldivas<\/strong>: Perfecto para nadar y bucear en aguas turquesas con suave arena blanca.<br \/>\n<strong>Playas ocultas de Suluada<\/strong>: Playas solitarias para relajarse y tomar el sol. <strong>Cueva del Amor<\/strong>: Una pintoresca cueva natural ideal para nadar y tomar fotograf\u00edas. A bordo, saboree un almuerzo a base de pescado, pollo y meze tradicional turco. Despu\u00e9s del almuerzo, se servir\u00e1 un t\u00e9 antes de regresar al puerto de Adrasan.<\/div>\n<h3 dir=\"ltr\">\ud83d\uddfa\ufe0f <strong>Itinerario<\/strong><\/h3>\n<p dir=\"ltr\">\ud83d\udd39 Recogida en los hoteles de la zona de Antalya.<br \/>\n\ud83d\udd39 Salida del puerto de Adrasan<br \/>\n\ud83d\udd39 Parada para nadar en la bah\u00eda de Maldivas<br \/>\n\ud83d\udd39 Nadar en las playas escondidas de Suluada<br \/>\n\ud83d\udd39 Parada en la Cueva del Amor para hacer fotos.<br \/>\n\ud83d\udd39 Almuerzo a bordo<br \/>\n\ud83d\udd39 T\u00e9 y relajaci\u00f3n<br \/>\n\ud83d\udd39 Regreso al puerto de Adrasan<br \/>\n\ud83d\udd39 Traslado de vuelta al hotel<\/p>\n<h3 dir=\"ltr\">\u2139\ufe0f <strong>Informaci\u00f3n \u00fatil<\/strong><\/h3>\n<p dir=\"ltr\">\ud83d\udd39 Duraci\u00f3n de la excursi\u00f3n: 8 horas aproximadamente.<br \/>\n\ud83d\udd39 El itinerario puede cambiar debido a las condiciones meteorol\u00f3gicas o mar\u00edtimas<br \/>\n\ud83d\udd39 Actividad f\u00edsica moderada (nadar\/caminar).<br \/>\n\ud83d\udd39 Los ni\u00f1os menores de 6 a\u00f1os que viajan gratis no tienen un asiento aparte en el autob\u00fas. Si el autob\u00fas est\u00e1 lleno, se sientan en el regazo de un adulto, o se puede reservar un asiento aparte<\/p>\n<h3 dir=\"ltr\">\ud83c\udf92 <strong>Qu\u00e9 llevar<\/strong><\/h3>\n<p dir=\"ltr\">\ud83d\udd39 Sombrero y gafas de sol<br \/>\n\ud83d\udd39 Ba\u00f1ador y toalla.<br \/>\n\ud83d\udd39 Protector solar<br \/>\n\ud83d\udd39 C\u00e1mara o tel\u00e9fono resistente al agua<br \/>\n\ud83d\udd39 Algo de dinero en efectivo para gastos personales<\/p>\n<h3 dir=\"ltr\">\ud83d\udeab <strong>No apto para<\/strong><\/h3>\n<p dir=\"ltr\">\ud83d\udd39 Personas con movilidad reducida<br \/>\n\ud83d\udd39 Viajeros con enfermedades graves<\/p>\n<h3 dir=\"ltr\">\ud83d\udcb8 <strong>Precios y reservas<\/strong><\/h3>\n<p dir=\"ltr\"><strong>\ud83d\udd39 Reserva ahora, paga el d\u00eda de la excursi\u00f3n<\/strong><br \/>\n\ud83d\udd39 Ponte en contacto con nosotros a trav\u00e9s de WhatsApp, Telegram, Viber, o rellena el siguiente formulario de reserva. \ud83d\udc47\ud83c\udffc<\/p>","protected":false},"excerpt":{"rendered":"<p>Descubre la <b>Maldivas turco<\/b>\u00a1! Lo \u00faltimo en <b>Paseo en barco por Suluada<\/b> de <b>Antalya<\/b> ofrece aguas cristalinas, nataci\u00f3n y un almuerzo barbacoa incluido. <b>Excursi\u00f3n de un d\u00eda\/traslado<\/b> incluido.<\/p>","protected":false},"featured_media":12423,"comment_status":"open","ping_status":"closed","template":"","meta":[],"product_brand":[],"product_cat":[125],"product_tag":[107],"class_list":{"0":"post-15457","1":"product","2":"type-product","3":"status-publish","4":"has-post-thumbnail","6":"tour_phys-antalya-tours","7":"tour_phys-boat-tours","8":"product_cat-antalya-tours","9":"product_tag-antalya","10":"pa_destination-antalya-tours","11":"pa_kategori-boat-tours","13":"first","14":"instock","15":"sale","16":"shipping-taxable","17":"purchasable","18":"product-type-tour_phys"},"aioseo_notices":[],"_links":{"self":[{"href":"https:\/\/excursionsworld.com\/es\/wp-json\/wp\/v2\/product\/15457","targetHints":{"allow":["GET"]}}],"collection":[{"href":"https:\/\/excursionsworld.com\/es\/wp-json\/wp\/v2\/product"}],"about":[{"href":"https:\/\/excursionsworld.com\/es\/wp-json\/wp\/v2\/types\/product"}],"replies":[{"embeddable":true,"href":"https:\/\/excursionsworld.com\/es\/wp-json\/wp\/v2\/comments?post=15457"}],"wp:featuredmedia":[{"embeddable":true,"href":"https:\/\/excursionsworld.com\/es\/wp-json\/wp\/v2\/media\/12423"}],"wp:attachment":[{"href":"https:\/\/excursionsworld.com\/es\/wp-json\/wp\/v2\/media?parent=15457"}],"wp:term":[{"taxonomy":"product_brand","embeddable":true,"href":"https:\/\/excursionsworld.com\/es\/wp-json\/wp\/v2\/product_brand?post=15457"},{"taxonomy":"product_cat","embeddable":true,"href":"https:\/\/excursionsworld.com\/es\/wp-json\/wp\/v2\/product_cat?post=15457"},{"taxonomy":"product_tag","embeddable":true,"href":"https:\/\/excursionsworld.com\/es\/wp-json\/wp\/v2\/product_tag?post=15457"}],"curies":[{"name":"wp","href":"https:\/\/api.w.org\/{rel}","templated":true}]}}