{"id":15472,"date":"2025-10-30T12:32:00","date_gmt":"2025-10-30T09:32:00","guid":{"rendered":"https:\/\/excursionsworld.com\/?post_type=product&#038;p=15472"},"modified":"2026-04-24T00:21:00","modified_gmt":"2026-04-23T21:21:00","slug":"tazi-canon-rafting-jeep-zipline-side","status":"publish","type":"product","link":"https:\/\/excursionsworld.com\/tours\/tazi-canyon-rafting-jeep-zipline-side\/","title":{"rendered":"Tour 4 en 1 al Ca\u00f1\u00f3n Taz\u0131 desde Side: rafting, jeep y tirolina"},"content":{"rendered":"<h2><span style=\"color: #000000;\"><strong>\ud83c\udfde\ufe0f Visi\u00f3n general<\/strong><\/span><\/h2>\n<p>Emb\u00e1rquese en una emocionante aventura con recogida en el hotel y regreso desde <strong><a href=\"https:\/\/en.wikipedia.org\/wiki\/Side,_Turkey\" target=\"_blank\" rel=\"noopener\">Lado<\/a> y \u00e1reas cercanas<\/strong>. Disfrute de un emocionante safari en jeep por los Montes Tauro, visite el impresionante <strong>Ca\u00f1\u00f3n de Taz\u0131<\/strong>, y practique rafting opcional en <strong>Ca\u00f1\u00f3n de K\u00f6pr\u00fcl\u00fc<\/strong>. Perfecto para los amantes de la naturaleza y las emociones fuertes.<\/p>\n<h3 dir=\"ltr\"><span style=\"color: #000000;\"><strong>Incluido:<\/strong><\/span><\/h3>\n<div dir=\"ltr\"><span style=\"color: #00ff00;\"><strong>\u2713<\/strong><\/span> Recogida y entrega en el hotel<br \/>\n<span style=\"color: #00ff00;\"><strong>\u2713 <\/strong><\/span>C\u00f3modo autob\u00fas con aire acondicionado<br \/>\n<span style=\"color: #00ff00;\"><strong>\u2713 <\/strong><\/span>Safari en jeep descapotable<br \/>\n<span style=\"color: #00ff00;\"><strong>\u2713 <\/strong><\/span>Rafting en balsas para 10 personas<br \/>\n<span style=\"color: #00ff00;\"><strong>\u2713 <\/strong><\/span>Seguros<br \/>\n<span style=\"color: #00ff00;\"><strong>\u2713 <\/strong><\/span>Gu\u00eda<br \/>\n<span style=\"color: #00ff00;\"><strong>\u2713 <\/strong><\/span>Almuerzo<\/div>\n<div dir=\"ltr\"><span style=\"color: #00ff00;\"><strong>\u2713 <\/strong><\/span>Tirolina<\/div>\n<h3 dir=\"ltr\"><span style=\"color: #000000;\"><strong>No se incluye:<\/strong><\/span><\/h3>\n<p dir=\"ltr\"><span style=\"color: #ff0000;\"><strong>\u2717<\/strong><\/span> Kayaks para 2 personas (cargo adicional)<br \/>\n<span style=\"color: #ff0000;\"><strong>\u2717 <\/strong><\/span>Fotos y v\u00eddeos<br \/>\n<span style=\"color: #ff0000;\"><strong>\u2717 <\/strong><\/span>Bebidas<\/p>\n<h2><span style=\"color: #000000;\"><strong>\ud83c\udf1f Lo m\u00e1s destacado del viaje<\/strong><\/span><\/h2>\n<p>\ud83d\udd39 Safari en jeep por los pintorescos montes Tauro<br \/>\ud83d\udd39 Impresionantes vistas del ca\u00f1\u00f3n de Taz\u0131 (\u201cNido de \u00e1guila\u201d).<br \/>\ud83d\udd39 Rafting opcional en los r\u00e1pidos del ca\u00f1\u00f3n de K\u00f6pr\u00fcl\u00fc.<br \/>\ud83d\udd39 Paradas para hacer fotos panor\u00e1micas<br \/>\ud83d\udd39 Delicioso almuerzo a orillas del r\u00edo<br \/>\ud83d\udd39 Traslados c\u00f3modos desde Side<\/p>\n<h2><span style=\"color: #000000;\"><strong>\ud83d\udcd6 Descripci\u00f3n completa<\/strong><\/span><\/h2>\n<p>Su inolvidable aventura comienza con el traslado desde su hotel en <strong>Lateral o alrededores<\/strong>. Disfruta de un emocionante <strong>safari en jeep<\/strong> a trav\u00e9s de los montes Tauro antes de llegar a la base del ca\u00f1\u00f3n de K\u00f6pr\u00fcl\u00fc, junto al r\u00edo. Aqu\u00ed podr\u00e1 relajarse junto al agua o unirse a la <strong>aventura de rafting<\/strong> con el equipo completo y una sesi\u00f3n informativa de seguridad, sin necesidad de experiencia. A continuaci\u00f3n, toma un <strong>jeep descapotable<\/strong> ir a <strong>Ca\u00f1\u00f3n de Taz\u0131<\/strong>, Si opta por el rafting, contin\u00fae su aventura por los r\u00e1pidos del ca\u00f1\u00f3n de K\u00f6pr\u00fcl\u00fc, con descansos para nadar y sacar fotos. (Si opta por el rafting, contin\u00fae su aventura por los r\u00e1pidos del ca\u00f1\u00f3n de K\u00f6pr\u00fcl\u00fc, con descansos para nadar y hacer fotos. Despu\u00e9s, disfrute de un <strong>delicioso almuerzo a orillas del r\u00edo<\/strong> antes de regresar a su hotel.<\/p>\n<h3><span style=\"color: #000000;\"><strong>\ud83d\uddfa\ufe0f Itinerario<\/strong><\/span><\/h3>\n<p>\ud83d\udd39 Recogida en hoteles de Side y alrededores<br \/>\ud83d\udd39 Safari en jeep por los montes Tauro<br \/>\ud83d\udd39 Parada en el ca\u00f1\u00f3n de K\u00f6pr\u00fcl\u00fc (rafting o relajaci\u00f3n opcional).<br \/>\ud83d\udd39 Paseo en jeep descapotable hasta el ca\u00f1\u00f3n de Taz\u0131.<br \/>\ud83d\udd39 Tiempo libre en el mirador del ca\u00f1\u00f3n de Taz\u0131.<br \/>\ud83d\udd39 Rafting principal en el ca\u00f1\u00f3n de K\u00f6pr\u00fcl\u00fc (si se elige).<br \/>\ud83d\udd39 Almuerzo en Riverside<br \/>\ud83d\udd39 Regreso al hotel<\/p>\n<h3><span style=\"color: #000000;\"><strong>\u2139\ufe0f Informaci\u00f3n \u00fatil<\/strong><\/span><\/h3>\n<p>\ud83d\udd39 Duraci\u00f3n: ~8-9 horas<br \/>\ud83d\udd39 No es necesario saber nadar para hacer rafting<br \/>\ud83d\udd39 Balsas para 10 personas incluidas; kayaks para 2 personas por un suplemento.<br \/>\ud83d\udd39 Zapatillas de agua, correas para gafas y fundas impermeables disponibles para su compra en la base.<br \/>\ud83d\udd39 Los ni\u00f1os con billete gratuito no tienen asiento individual en el autob\u00fas y deben sentarse en el regazo de un adulto<br \/>\ud83d\udd39 Actividad f\u00edsica de moderada a alta (rafting y senderismo).<br \/>\ud83d\udd39 Los ni\u00f1os menores de 6 a\u00f1os que viajan gratis no tienen un asiento aparte en el autob\u00fas. Si el autob\u00fas est\u00e1 lleno, se sientan en el regazo de un adulto, o se puede reservar un asiento aparte<\/p>\n<h2><span style=\"color: #000000;\"><strong>Qu\u00e9 llevar<\/strong><\/span><\/h2>\n<p>\ud83d\udd39 Ba\u00f1ador y toalla.<br \/>\ud83d\udd39 Protector solar y calzado para el agua<br \/>\ud83d\udd39 Cambio de ropa para el post-rafting.<br \/>\ud83d\udd39 Efectivo para gastos personales<\/p>\n<h3><span style=\"color: #000000;\"><strong>\ud83d\udeab No apto para<\/strong><\/span><\/h3>\n<p>\ud83d\udd39 Personas con afecciones card\u00edacas<br \/>\ud83d\udd39 Viajeros mayores de 70 a\u00f1os<br \/>\ud83d\udd39 Mujeres embarazadas<br \/>\ud83d\udd39 Ni\u00f1os menores de 4 a\u00f1os<br \/>\ud83d\udd39 Usuarios de sillas de ruedas o personas con movilidad reducida<\/p>\n<h2 dir=\"ltr\">\ud83d\udcb8\u00a0<strong>Precios y reservas<\/strong><\/h2>\n<p dir=\"ltr\"><strong>\ud83d\udd39 Reserva ahora, paga el d\u00eda de la excursi\u00f3n<\/strong><br \/>\n\ud83d\udd39 Ponte en contacto con nosotros a trav\u00e9s de WhatsApp, Telegram, Viber, o rellena el siguiente formulario de reserva. \ud83d\udc47\ud83c\udffc<\/p>\n<p>\u00bfBuscas alternativas? Explora <a href=\"https:\/\/excursionsworld.com\/es\/excursiones-side\/\">m\u00e1s excursiones opcionales<\/a>.<\/p>","protected":false},"excerpt":{"rendered":"<p>Descubra la aventura con nuestra excursi\u00f3n Side Rafting &amp; Taz\u0131 Canyon. Explora Jeep Safari, disfrutar de rafting en el r\u00edo, y la experiencia de una de las mejores excursiones Side en Turqu\u00eda.<\/p>","protected":false},"featured_media":12667,"comment_status":"open","ping_status":"closed","template":"","meta":[],"product_brand":[],"product_cat":[127],"product_tag":[122],"class_list":{"0":"post-15472","1":"product","2":"type-product","3":"status-publish","4":"has-post-thumbnail","6":"tour_phys-side-tours","7":"product_cat-side-tours","8":"product_tag-side","9":"pa_destination-side-tours","11":"first","12":"instock","13":"sale","14":"shipping-taxable","15":"purchasable","16":"product-type-tour_phys"},"aioseo_notices":[],"_links":{"self":[{"href":"https:\/\/excursionsworld.com\/es\/wp-json\/wp\/v2\/product\/15472","targetHints":{"allow":["GET"]}}],"collection":[{"href":"https:\/\/excursionsworld.com\/es\/wp-json\/wp\/v2\/product"}],"about":[{"href":"https:\/\/excursionsworld.com\/es\/wp-json\/wp\/v2\/types\/product"}],"replies":[{"embeddable":true,"href":"https:\/\/excursionsworld.com\/es\/wp-json\/wp\/v2\/comments?post=15472"}],"wp:featuredmedia":[{"embeddable":true,"href":"https:\/\/excursionsworld.com\/es\/wp-json\/wp\/v2\/media\/12667"}],"wp:attachment":[{"href":"https:\/\/excursionsworld.com\/es\/wp-json\/wp\/v2\/media?parent=15472"}],"wp:term":[{"taxonomy":"product_brand","embeddable":true,"href":"https:\/\/excursionsworld.com\/es\/wp-json\/wp\/v2\/product_brand?post=15472"},{"taxonomy":"product_cat","embeddable":true,"href":"https:\/\/excursionsworld.com\/es\/wp-json\/wp\/v2\/product_cat?post=15472"},{"taxonomy":"product_tag","embeddable":true,"href":"https:\/\/excursionsworld.com\/es\/wp-json\/wp\/v2\/product_tag?post=15472"}],"curies":[{"name":"wp","href":"https:\/\/api.w.org\/{rel}","templated":true}]}}