{"id":15473,"date":"2025-10-30T12:49:13","date_gmt":"2025-10-30T09:49:13","guid":{"rendered":"https:\/\/excursionsworld.com\/?post_type=product&#038;p=15473"},"modified":"2026-03-02T19:46:13","modified_gmt":"2026-03-02T16:46:13","slug":"rafting-koprulu-canon-side","status":"publish","type":"product","link":"https:\/\/excursionsworld.com\/tours\/rafting-koprulu-canyon-side\/","title":{"rendered":"Excursi\u00f3n de rafting en el Ca\u00f1\u00f3n K\u00f6pr\u00fcl\u00fc desde Side \u2013 d\u00eda completo"},"content":{"rendered":"<h3 data-start=\"4790\" data-end=\"4811\"><span style=\"color: #000000;\"><strong>\ud83d\udea3\u200d\u2642\ufe0f Visi\u00f3n general<\/strong><\/span><\/h3>\n<p data-start=\"4812\" data-end=\"5031\">Experimente una <strong data-start=\"4825\" data-end=\"4870\">Rafting de 14 km en el ca\u00f1\u00f3n de K\u00f6pr\u00fcl\u00fc<\/strong> de <strong>Lado<\/strong> \u00a1y resorts cercanos! Navegue por 10 r\u00e1pidos, nade en tramos de r\u00edo tranquilos y disfrute de un almuerzo a orillas del r\u00edo: la mezcla perfecta de adrenalina y naturaleza.<\/p>\n<h3 data-start=\"3132\" data-end=\"3147\"><span style=\"color: #000000;\"><strong>Incluido:<\/strong><\/span><\/h3>\n<p data-start=\"3148\" data-end=\"3259\"><span style=\"color: #00ff00;\"><strong>\u2713<\/strong> <\/span>Recogida y entrega en el hotel<br data-start=\"3175\" data-end=\"3178\" \/><span style=\"color: #00ff00;\"><strong>\u2713<\/strong> <\/span>Transporte con aire acondicionado<br data-start=\"3205\" data-end=\"3208\" \/><span style=\"color: #00ff00;\"><strong>\u2713<\/strong> <\/span>Balsas para 10 personas<br data-start=\"3225\" data-end=\"3228\" \/><span style=\"color: #00ff00;\"><strong>\u2713<\/strong> <\/span>Gu\u00eda y seguro<br data-start=\"3247\" data-end=\"3250\" \/><span style=\"color: #00ff00;\"><strong>\u2713<\/strong> <\/span>Almuerzo<\/p>\n<h3 data-start=\"3261\" data-end=\"3280\"><span style=\"color: #000000;\"><strong>No se incluye:<\/strong><\/span><\/h3>\n<p data-start=\"3281\" data-end=\"3391\"><strong><span style=\"color: #ff0000;\">\u2717<\/span> <\/strong>Balsas para dos personas (cargo adicional)<br data-start=\"3311\" data-end=\"3314\" \/><strong><span style=\"color: #ff0000;\">\u2717<\/span> <\/strong>Fotos y v\u00eddeos<br data-start=\"3333\" data-end=\"3336\" \/><strong><span style=\"color: #ff0000;\">\u2717<\/span> <\/strong>Bebidas<br data-start=\"3344\" data-end=\"3347\" \/><strong><span style=\"color: #ff0000;\">\u2717<\/span> <\/strong>Tirolina (opcional)<br data-start=\"3367\" data-end=\"3370\" \/><strong><span style=\"color: #ff0000;\">\u2717<\/span> <\/strong>Gastos personales<\/p>\n<h3 data-start=\"3393\" data-end=\"3418\"><span style=\"color: #000000;\"><strong>\ud83c\udf1f Lo m\u00e1s destacado del viaje<\/strong><\/span><\/h3>\n<p data-start=\"3419\" data-end=\"3613\">\ud83d\udd39 Aventura de rafting de 14 km con 10 r\u00e1pidos.<br data-start=\"3460\" data-end=\"3463\" \/>\ud83d\udd39 Paisajes esc\u00e9nicos del ca\u00f1\u00f3n de K\u00f6pr\u00fcl\u00fc<br data-start=\"3498\" data-end=\"3501\" \/>\ud83d\udd39 Nadar en r\u00edos de color turquesa<br data-start=\"3532\" data-end=\"3535\" \/>\ud83d\udd39 Paradas para comer y descansar en los r\u00edos<br data-start=\"3568\" data-end=\"3571\" \/>\ud83d\udd39 Actividades opcionales de tirolesa o buceo.<\/p>\n<h3 data-start=\"5501\" data-end=\"5527\"><span style=\"color: #000000;\"><strong>\ud83d\udcd6 Descripci\u00f3n completa<\/strong><\/span><\/h3>\n<p data-start=\"5528\" data-end=\"5937\">Su aventura comienza con la recogida en el hotel de Side y zonas cercanas. Tras un viaje en coche por los montes Tauro, llegar\u00e1 al ca\u00f1\u00f3n de K\u00f6pr\u00fcl\u00fc, el destino de rafting m\u00e1s famoso de Turqu\u00eda. Recoja su equipo, siga a su instructor y comience una emocionante ruta de rafting a trav\u00e9s de 10 r\u00e1pidos rodeados de naturaleza salvaje. Disfrute de los descansos para nadar, de la diversi\u00f3n opcional de la tirolina y de un almuerzo junto al r\u00edo antes de regresar a su hotel.<\/p>\n<h3 data-start=\"5939\" data-end=\"5964\"><span style=\"color: #000000;\"><strong>\ud83d\uddfa\ufe0f Itinerario<\/strong><\/span><\/h3>\n<p data-start=\"5965\" data-end=\"6125\">\ud83d\udd39 Recogida de la regi\u00f3n lateral<br data-start=\"5991\" data-end=\"5994\" \/>\ud83d\udd39 Llegada al ca\u00f1\u00f3n de K\u00f6pr\u00fcl\u00fc<br data-start=\"6022\" data-end=\"6025\" \/>\ud83d\udd39 Aventura de rafting (14 km)<br data-start=\"6053\" data-end=\"6056\" \/>\ud83d\udd39 Nataci\u00f3n y paradas fotogr\u00e1ficas<br data-start=\"6081\" data-end=\"6084\" \/>\ud83d\udd39 Almuerzo en Riverside<br data-start=\"6102\" data-end=\"6105\" \/>\ud83d\udd39 Transferencia de vuelta<\/p>\n<h3 data-start=\"4229\" data-end=\"4257\"><span style=\"color: #000000;\"><strong>\u2139\ufe0f Informaci\u00f3n \u00fatil<\/strong><\/span><\/h3>\n<p data-start=\"4258\" data-end=\"4424\">\ud83d\udd39 Duraci\u00f3n: 7-8 horas<br data-start=\"4280\" data-end=\"4283\" \/>\ud83d\udd39 Recorrido apto para principiantes<br data-start=\"4308\" data-end=\"4311\" \/>\ud83d\udd39 Balsas opcionales para 2 personas disponibles.<br data-start=\"4347\" data-end=\"4350\" \/>\ud83d\udd39 Llevar dinero en efectivo para extras<br data-start=\"4374\" data-end=\"4377\" \/>\ud83d\udd39 Los menores de 5 a\u00f1os viajan gratis (asiento compartido)<\/p>\n<h3 data-start=\"4426\" data-end=\"4449\"><span style=\"color: #000000;\"><strong>Qu\u00e9 llevar<\/strong><\/span><\/h3>\n<p data-start=\"4450\" data-end=\"4527\">\ud83d\udd39 Ba\u00f1ador, toalla, crema solar.<br data-start=\"4479\" data-end=\"4482\" \/>\ud83d\udd39 Zapatos de agua<br data-start=\"4496\" data-end=\"4499\" \/>\ud83d\udd39 Ropa extra<br data-start=\"4515\" data-end=\"4518\" \/>\ud83d\udd39 Efectivo<\/p>\n<h3 data-start=\"4529\" data-end=\"4555\"><span style=\"color: #000000;\"><strong>\ud83d\udeab No apto para<\/strong><\/span><\/h3>\n<p data-start=\"4556\" data-end=\"4635\">\ud83d\udd39 Mujeres embarazadas<br data-start=\"4573\" data-end=\"4576\" \/>\ud83d\udd39 Pacientes card\u00edacos<br data-start=\"4593\" data-end=\"4596\" \/>\ud83d\udd39 Ni\u00f1os menores de 4 a\u00f1os<br data-start=\"4611\" data-end=\"4614\" \/>\ud83d\udd39 Usuarios de sillas de ruedas<\/p>\n<h3 dir=\"ltr\">\ud83d\udcb8\u00a0<strong>Precios y reservas<\/strong><\/h3>\n<p dir=\"ltr\"><strong>\ud83d\udd39 Reserva ahora, paga el d\u00eda de la excursi\u00f3n<\/strong><br \/>\n\ud83d\udd39 Ponte en contacto con nosotros a trav\u00e9s de WhatsApp, Telegram, Viber, o rellena el siguiente formulario de reserva. \ud83d\udc47\ud83c\udffc<\/p>","protected":false},"excerpt":{"rendered":"<p>Reserva el <b>Rafting lateral<\/b>\u00a1! Jornada completa <b>aventura<\/b> en los r\u00e1pidos del ca\u00f1\u00f3n de K\u00f6pr\u00fcl\u00fc (14 km). Incluye ribera <b>almuerzo y traslado<\/b>. \u00a1Tirolina opcional!<\/p>","protected":false},"featured_media":12670,"comment_status":"open","ping_status":"closed","template":"","meta":[],"product_brand":[],"product_cat":[127],"product_tag":[122],"class_list":{"0":"post-15473","1":"product","2":"type-product","3":"status-publish","4":"has-post-thumbnail","6":"tour_phys-side-tours","7":"product_cat-side-tours","8":"product_tag-side","9":"pa_destination-side-tours","11":"first","12":"instock","13":"sale","14":"shipping-taxable","15":"purchasable","16":"product-type-tour_phys"},"aioseo_notices":[],"_links":{"self":[{"href":"https:\/\/excursionsworld.com\/es\/wp-json\/wp\/v2\/product\/15473","targetHints":{"allow":["GET"]}}],"collection":[{"href":"https:\/\/excursionsworld.com\/es\/wp-json\/wp\/v2\/product"}],"about":[{"href":"https:\/\/excursionsworld.com\/es\/wp-json\/wp\/v2\/types\/product"}],"replies":[{"embeddable":true,"href":"https:\/\/excursionsworld.com\/es\/wp-json\/wp\/v2\/comments?post=15473"}],"wp:featuredmedia":[{"embeddable":true,"href":"https:\/\/excursionsworld.com\/es\/wp-json\/wp\/v2\/media\/12670"}],"wp:attachment":[{"href":"https:\/\/excursionsworld.com\/es\/wp-json\/wp\/v2\/media?parent=15473"}],"wp:term":[{"taxonomy":"product_brand","embeddable":true,"href":"https:\/\/excursionsworld.com\/es\/wp-json\/wp\/v2\/product_brand?post=15473"},{"taxonomy":"product_cat","embeddable":true,"href":"https:\/\/excursionsworld.com\/es\/wp-json\/wp\/v2\/product_cat?post=15473"},{"taxonomy":"product_tag","embeddable":true,"href":"https:\/\/excursionsworld.com\/es\/wp-json\/wp\/v2\/product_tag?post=15473"}],"curies":[{"name":"wp","href":"https:\/\/api.w.org\/{rel}","templated":true}]}}