{"id":15477,"date":"2025-10-30T12:55:52","date_gmt":"2025-10-30T09:55:52","guid":{"rendered":"https:\/\/excursionsworld.com\/?post_type=product&#038;p=15477"},"modified":"2025-12-09T14:40:21","modified_gmt":"2025-12-09T11:40:21","slug":"barco-relax-alanya","status":"publish","type":"product","link":"https:\/\/excursionsworld.com\/tours\/relax-boat-alanya\/","title":{"rendered":"Excursi\u00f3n Relax Boat en Alanya \u2013 Paseo en barco en grupo reducido"},"content":{"rendered":"<h3 data-start=\"183\" data-end=\"202\"><span style=\"color: #000000;\"><strong>\ud83c\udfdd\ufe0f Visi\u00f3n general<\/strong><\/span><\/h3>\n<p data-start=\"203\" data-end=\"553\">Disfrute de una escapada tranquila en el <strong data-start=\"234\" data-end=\"260\">Alanya Relax Excursi\u00f3n en barco<\/strong>, dise\u00f1ado para los que prefieren la tranquilidad a los barcos de fiesta. Navegue a lo largo de la hermosa costa de Alanya en un peque\u00f1o y tranquilo barco de madera, sin m\u00fasica a todo volumen ni fiestas de espuma: s\u00f3lo el sonido del mar y la belleza del Mediterr\u00e1neo. Perfecto para parejas, familias o cualquiera que busque relajarse.<\/p>\n<h3 data-start=\"555\" data-end=\"572\"><span style=\"color: #000000;\"><strong>\u00a0Incluido:<\/strong><\/span><\/h3>\n<p data-start=\"573\" data-end=\"783\"><span style=\"color: #00ff00;\"><strong>\u2713<\/strong> <\/span>Recogida y entrega en el hotel\u00a0<br data-start=\"629\" data-end=\"632\" \/><span style=\"color: #00ff00;\"><strong>\u2713<\/strong> <\/span>Servicio de gu\u00eda profesional<br data-start=\"660\" data-end=\"663\" \/><span style=\"color: #00ff00;\"><strong>\u2713<\/strong> <\/span>Almuerzo a bordo (pollo a la parrilla, arroz, ensalada)<br data-start=\"710\" data-end=\"713\" \/><span style=\"color: #00ff00;\"><strong>\u2713<\/strong> <\/span>Refrescos (agua, cola, fanta, agua mineral)<br data-start=\"762\" data-end=\"765\" \/><span style=\"color: #00ff00;\"><strong>\u2713<\/strong> <\/span>Seguro a todo riesgo<\/p>\n<h3 data-start=\"785\" data-end=\"806\">\u00a0<span style=\"color: #000000;\"><strong>No se incluye:<\/strong><\/span><\/h3>\n<p data-start=\"807\" data-end=\"900\"><strong><span style=\"color: #ff0000;\">\u2717<\/span><\/strong> Bebidas alcoh\u00f3licas<br data-start=\"828\" data-end=\"831\" \/><strong><span style=\"color: #ff0000;\">\u2717<\/span><\/strong>Helados, fotos y gastos personales<br data-start=\"873\" data-end=\"876\" \/><strong><span style=\"color: #ff0000;\">\u2717 <\/span><\/strong>Equipo de buceo<\/p>\n<h3 data-start=\"902\" data-end=\"927\"><span style=\"color: #000000;\"><strong>\ud83c\udf1f Lo m\u00e1s destacado del viaje<\/strong><\/span><\/h3>\n<p data-start=\"928\" data-end=\"1268\">\ud83d\udd39 Experiencia en barco tranquila y sin m\u00fasica con un n\u00famero limitado de pasajeros (m\u00e1ximo 40-45)<br data-start=\"1006\" data-end=\"1009\" \/>\ud83d\udd39 Navega pasado <strong data-start=\"1022\" data-end=\"1035\">Torre Roja<\/strong>, <strong data-start=\"1037\" data-end=\"1056\">Astillero de Alanya<\/strong>, y las famosas cuevas marinas - <strong data-start=\"1085\" data-end=\"1096\">Piratas<\/strong>, <strong data-start=\"1098\" data-end=\"1108\">Amantes<\/strong>, y <strong data-start=\"1114\" data-end=\"1133\">Cueva del F\u00f3sforo<\/strong><br data-start=\"1133\" data-end=\"1136\" \/>\ud83d\udd39 Disfruta de escapadas para nadar cerca de <strong data-start=\"1166\" data-end=\"1185\">Playa de Cleopatra<\/strong> y <strong data-start=\"1190\" data-end=\"1202\">Bah\u00eda de Ula\u015f<\/strong><br data-start=\"1202\" data-end=\"1205\" \/>\ud83d\udd39 Posibilidad de avistar delfines y explorar aguas turquesas cristalinas<\/p>\n<h3 data-start=\"1270\" data-end=\"1296\"><span style=\"color: #000000;\"><strong>\ud83d\udcd6 Descripci\u00f3n completa<\/strong><\/span><\/h3>\n<p data-start=\"1297\" data-end=\"1890\">Su relajante aventura comienza con la recogida en el hotel y el traslado al puerto de Alanya. Suba a bordo de su c\u00f3modo barco de madera y navegue por la pintoresca costa de la ciudad. Admire monumentos hist\u00f3ricos como el <strong data-start=\"1507\" data-end=\"1520\">Torre Roja<\/strong> y <strong data-start=\"1525\" data-end=\"1542\">Castillo de Alanya<\/strong>, y explore cuevas marinas naturales ocultas bajo los acantilados. Disfrute de varias paradas largas para nadar en bah\u00edas cristalinas, entre ellas <strong data-start=\"1670\" data-end=\"1689\">Playa de Cleopatra<\/strong> y <strong data-start=\"1694\" data-end=\"1706\">Bah\u00eda de Ula\u015f<\/strong>, El almuerzo a bordo es delicioso. Se sirve un delicioso almuerzo a bordo antes de navegar de vuelta al puerto por la tarde, poniendo fin a un d\u00eda de mar tranquilo y refrescante.<\/p>\n<h3 data-start=\"1892\" data-end=\"1917\"><span style=\"color: #000000;\"><strong>\ud83d\uddfa\ufe0f Itinerario<\/strong><\/span><\/h3>\n<p data-start=\"1918\" data-end=\"2238\">\ud83d\udd39 Recogida en los hoteles de la regi\u00f3n de Alanya.<br data-start=\"1956\" data-end=\"1959\" \/>Traslado al puerto de Alanya<br data-start=\"1988\" data-end=\"1991\" \/>\ud83d\udd39 Navega junto a la Torre Roja y los Astilleros de Alanya<br data-start=\"2033\" data-end=\"2036\" \/>\ud83d\udd39 Visita piratas, amantes y cuevas de f\u00f3sforo<br data-start=\"2082\" data-end=\"2085\" \/>\ud83d\udd39 Pausa para nadar cerca de la playa de Cleopatra<br data-start=\"2123\" data-end=\"2126\" \/>\ud83d\udd39 Almuerzo servido en el barco<br data-start=\"2153\" data-end=\"2156\" \/>\ud83d\udd39 Pausa para nadar en la playa de Ula\u015f<br data-start=\"2187\" data-end=\"2190\" \/>\ud83d\udd39 Regreso al puerto de Alanya y entrega en el hotel.<\/p>\n<h3 data-start=\"2240\" data-end=\"2268\"><span style=\"color: #000000;\"><strong>\u2139\ufe0f Informaci\u00f3n \u00fatil<\/strong><\/span><\/h3>\n<p data-start=\"2269\" data-end=\"2450\">\ud83d\udd39 Duraci\u00f3n: 5-6 horas en total<br data-start=\"2297\" data-end=\"2300\" \/>\ud83d\udd39 Capacidad del barco: 40-45 pasajeros<br data-start=\"2334\" data-end=\"2337\" \/>\ud83d\udd39 Ambiente familiar y sin m\u00fasica<br data-start=\"2381\" data-end=\"2384\" \/>\ud83d\udd39 Llevar: Ba\u00f1ador, toalla, crema solar, equipo de snorkel si se desea.<\/p>\n<h3 data-start=\"2536\" data-end=\"2559\"><span style=\"color: #000000;\"><strong>Qu\u00e9 llevar<\/strong><\/span><\/h3>\n<p data-start=\"2560\" data-end=\"2683\">\ud83d\udd39 Ba\u00f1ador y toalla.<br data-start=\"2581\" data-end=\"2584\" \/>\ud83d\udd39 Gafas de sol y protecci\u00f3n solar.<br data-start=\"2611\" data-end=\"2614\" \/>\ud83d\udd39 M\u00e1scara de snorkel (opcional)<br data-start=\"2643\" data-end=\"2646\" \/>\ud83d\udd39 Poco dinero en efectivo para gastos personales<\/p>\n<h3 data-start=\"2452\" data-end=\"2478\"><span style=\"color: #000000;\"><strong>\ud83d\udeab No apto para<\/strong><\/span><\/h3>\n<p data-start=\"2479\" data-end=\"2534\">\ud83d\udd39 Hu\u00e9spedes que buscan fiestas o paseos en barco de animaci\u00f3n<\/p>\n<h3 dir=\"ltr\">\ud83d\udcb8\u00a0<strong>Precios y reservas<\/strong><\/h3>\n<p dir=\"ltr\"><strong>\ud83d\udd39 Reserva ahora, paga el d\u00eda de la excursi\u00f3n<\/strong><br \/>\n\ud83d\udd39 Ponte en contacto con nosotros a trav\u00e9s de WhatsApp, Telegram, Viber, o rellena el siguiente formulario de reserva. \ud83d\udc47\ud83c\udffc<\/p>","protected":false},"excerpt":{"rendered":"<p>Reserva el <b>Alanya Relax Excursi\u00f3n en barco<\/b>\u00a1! Silencio sin m\u00fasica <b>excursi\u00f3n<\/b> a lo largo de la costa. Ver cuevas, <b>Torre Roja<\/b>, y disfruta <b>3-4 pausas para nadar<\/b>. <b>Traslado incluido<\/b>.<\/p>","protected":false},"featured_media":15215,"comment_status":"open","ping_status":"closed","template":"","meta":[],"product_brand":[],"product_cat":[128],"product_tag":[107],"class_list":{"0":"post-15477","1":"product","2":"type-product","3":"status-publish","4":"has-post-thumbnail","6":"tour_phys-alanya-tours","7":"product_cat-alanya-tours","8":"product_tag-antalya","9":"pa_destination-alanya-tours","11":"first","12":"instock","13":"sale","14":"shipping-taxable","15":"purchasable","16":"product-type-tour_phys"},"aioseo_notices":[],"_links":{"self":[{"href":"https:\/\/excursionsworld.com\/es\/wp-json\/wp\/v2\/product\/15477","targetHints":{"allow":["GET"]}}],"collection":[{"href":"https:\/\/excursionsworld.com\/es\/wp-json\/wp\/v2\/product"}],"about":[{"href":"https:\/\/excursionsworld.com\/es\/wp-json\/wp\/v2\/types\/product"}],"replies":[{"embeddable":true,"href":"https:\/\/excursionsworld.com\/es\/wp-json\/wp\/v2\/comments?post=15477"}],"wp:featuredmedia":[{"embeddable":true,"href":"https:\/\/excursionsworld.com\/es\/wp-json\/wp\/v2\/media\/15215"}],"wp:attachment":[{"href":"https:\/\/excursionsworld.com\/es\/wp-json\/wp\/v2\/media?parent=15477"}],"wp:term":[{"taxonomy":"product_brand","embeddable":true,"href":"https:\/\/excursionsworld.com\/es\/wp-json\/wp\/v2\/product_brand?post=15477"},{"taxonomy":"product_cat","embeddable":true,"href":"https:\/\/excursionsworld.com\/es\/wp-json\/wp\/v2\/product_cat?post=15477"},{"taxonomy":"product_tag","embeddable":true,"href":"https:\/\/excursionsworld.com\/es\/wp-json\/wp\/v2\/product_tag?post=15477"}],"curies":[{"name":"wp","href":"https:\/\/api.w.org\/{rel}","templated":true}]}}