{"id":15478,"date":"2025-10-30T12:57:14","date_gmt":"2025-10-30T09:57:14","guid":{"rendered":"https:\/\/excursionsworld.com\/?post_type=product&#038;p=15478"},"modified":"2026-04-24T00:21:02","modified_gmt":"2026-04-23T21:21:02","slug":"starcraft-barco-alanya","status":"publish","type":"product","link":"https:\/\/excursionsworld.com\/tours\/starcraft-boat-alanya\/","title":{"rendered":"Excursi\u00f3n en barco Starcraft en Alanya \u2013 todo incluido"},"content":{"rendered":"<h2><strong>\ud83d\udee5\ufe0f Visi\u00f3n general<\/strong><\/h2>\n<p>Experimente el lujo en alta mar con el <strong><a href=\"https:\/\/en.wikipedia.org\/wiki\/Alanya\" target=\"_blank\" rel=\"noopener\">Alanya<\/a> Recorrido en barco Starcraft<\/strong> - \u00a1la forma m\u00e1s elegante de explorar la costa de Alanya! Navegue a bordo del <strong>Yate Starcraft de clase A<\/strong>, M\u00fasica, entretenimiento y pausas para nadar en las aguas turquesas del Mediterr\u00e1neo. Si busca comodidad, diversi\u00f3n y un toque de elegancia, este viaje en barco de lujo es la elecci\u00f3n perfecta.<\/p>\n<h3><span style=\"color: #000000;\"><strong>Incluido:<\/strong><\/span><\/h3>\n<p><span style=\"color: #00ff00;\"><strong>\u2713<\/strong> <\/span>Recogida y entrega en el hotel\u00a0<br \/><span style=\"color: #00ff00;\"><strong>\u2713<\/strong> <\/span>Gu\u00eda profesional<br \/><span style=\"color: #00ff00;\"><strong>\u2713<\/strong> <\/span>Almuerzo (pollo a la parrilla, arroz y ensaladas)<br \/><span style=\"color: #00ff00;\"><strong>\u2713<\/strong> <\/span>Refrescos (agua, Coca-Cola, Fanta, etc.)<br \/><span style=\"color: #00ff00;\"><strong>\u2713<\/strong> <\/span>Fiesta de la espuma y espect\u00e1culo en directo<br \/><span style=\"color: #00ff00;\"><strong>\u2713<\/strong> <\/span>Chalecos salvavidas<br \/><span style=\"color: #00ff00;\"><strong>\u2713<\/strong> <\/span>Seguros<\/p>\n<h3><span style=\"color: #000000;\"><strong>No se incluye:<\/strong><\/span><\/h3>\n<p><span style=\"color: #ff0000;\"><strong>\u2717<\/strong> <\/span>Bebidas alcoh\u00f3licas<br \/><span style=\"color: #ff0000;\"><strong>\u2717<\/strong> <\/span>Fotos y v\u00eddeos<\/p>\n<h2><span style=\"color: #000000;\"><strong>\ud83c\udf1f Lo m\u00e1s destacado del viaje<\/strong><\/span><\/h2>\n<p>\ud83d\udd39 Navega en el <strong>Yate de lujo Starcraft<\/strong>, uno de los barcos m\u00e1s grandes y confortables de Alanya<br \/>\ud83d\udd39 Disfruta de una experiencia de primera con m\u00fasica, animaci\u00f3n y fiesta de la espuma<br \/>\ud83d\udd39 Contempla la Torre Roja, los antiguos Astilleros y las murallas del Castillo de Alanya desde el mar.<br \/>\ud83d\udd39 Visita las famosas Cuevas de los Piratas, de los Enamorados, del F\u00f3sforo y de los Diablos.<br \/>\ud83d\udd39 B\u00e1\u00f1ate en aguas turquesas en la playa de Ula\u015f y otras bah\u00edas pintorescas<br \/>\ud83d\udd39 Perfecto para parejas, familias y hu\u00e9spedes que busquen una experiencia de lujo.<\/p>\n<h2><span style=\"color: #000000;\"><strong>\ud83d\udcd6 Descripci\u00f3n completa<\/strong><\/span><\/h2>\n<div>Suba a bordo del <strong>Starcraft<\/strong>, el barco m\u00e1s lujoso y espacioso de Alanya, que ofrece un d\u00eda en el mar de primera calidad. La excursi\u00f3n comienza en <strong>Puerto de Alanya sobre las 10:00<\/strong>, donde el elegante yate zarpa frente al <strong>Torre Roja<\/strong>, <strong>Antiguo astillero<\/strong>, y <strong>Murallas del castillo de Alanya<\/strong>.<\/div>\n<div>A lo largo del viaje, ver\u00e1 la famosa <strong>Piratas, amantes, f\u00f3sforo y cuevas diab\u00f3licas<\/strong>, parando en <strong>Playa de Ula\u015f<\/strong> y otras hermosas bah\u00edas para ba\u00f1arse en el cristalino Mediterr\u00e1neo. A bordo, rel\u00e1jese en las tumbonas o en los salones a la sombra mientras disfruta de <strong>m\u00fasica, entretenimiento y fiesta de la espuma<\/strong>. A <strong>delicioso almuerzo con refrescos<\/strong> servido al m\u00e1s puro estilo Starcraft.<\/div>\n<div>Tras un d\u00eda de mar, sol y diversi\u00f3n, el yate regresa al puerto de Alanya en torno al <strong>15:00<\/strong>, y ser\u00e1 trasladado c\u00f3modamente de vuelta a su hotel.<\/div>\n<h3><span style=\"color: #000000;\"><strong>\ud83d\uddfa\ufe0f Itinerario<\/strong><\/span><\/h3>\n<p>\ud83d\udd39 Recogida en hoteles\/apartamentos en Alanya<br \/>Traslado al puerto de Alanya<br \/>\ud83d\udd39 Salida a las 10:00 AM<br \/>\ud83d\udd39 Lugares de inter\u00e9s: Torre Roja, antiguo Astillero y Castillo de Alanya.<br \/>\ud83d\udd39 Visita las cuevas de los piratas, los amantes, los f\u00f3sforos y los diablos<br \/>\ud83d\udd39 Pausa para nadar en la playa de Ula\u015f<br \/>\ud83d\udd39 Comida y entretenimiento a bordo<br \/>\ud83d\udd39 Fiesta de la espuma a la vuelta<br \/>\ud83d\udd39 Llegada de vuelta al puerto de Alanya (~15:00)<br \/>\ud83d\udd39 Entrega en los hoteles<\/p>\n<h3><span style=\"color: #000000;\"><strong>\u2139\ufe0f Informaci\u00f3n \u00fatil<\/strong><\/span><\/h3>\n<p>\ud83d\udd39 Duraci\u00f3n: aproximadamente 5-6 horas<br \/>\ud83d\udd39 Tripulaci\u00f3n y gu\u00edas de habla inglesa<br \/>\ud83d\udd39 Apto para todas las edades<br \/>\ud83d\udd39 C\u00f3modo barco de lujo de clase A con varias cubiertas y modernas instalaciones<br \/>\ud83d\udd39 Los menores de 5 a\u00f1os viajan gratis (comparten asiento con los padres)<\/p>\n<h2><span style=\"color: #000000;\"><strong>Qu\u00e9 llevar<\/strong><\/span><\/h2>\n<p>\ud83d\udd39 Ba\u00f1ador y toalla.<br \/>\ud83d\udd39 Protector solar, gafas de sol y sombrero.<br \/>\ud83d\udd39 C\u00e1mara o tel\u00e9fono<br \/>\ud83d\udd39 Calderilla para extras<\/p>\n<h3><span style=\"color: #000000;\"><strong>\ud83d\udeab No apto para<\/strong><\/span><\/h3>\n<p>\ud83d\udd39 Hu\u00e9spedes con cinetosis severa.<br \/>\ud83d\udd39 Mujeres embarazadas<\/p>\n<h2 dir=\"ltr\">\ud83d\udcb8\u00a0<strong>Precios y reservas<\/strong><\/h2>\n<p dir=\"ltr\"><strong>\ud83d\udd39 Reserva ahora, paga el d\u00eda de la excursi\u00f3n<\/strong><br \/>\n\ud83d\udd39 Ponte en contacto con nosotros a trav\u00e9s de WhatsApp, Telegram, Viber, o rellena el siguiente formulario de reserva. \ud83d\udc47\ud83c\udffc<\/p>\n<p>\u00bfBuscas alternativas? Explora <a href=\"https:\/\/excursionsworld.com\/es\/excursiones-alanya\/\">m\u00e1s tours en Alanya<\/a>.<\/p>","protected":false},"excerpt":{"rendered":"<p>Reserva el <b>Alanya Starcraft Excursi\u00f3n en barco<\/b>\u00a1! Disfrute de un d\u00eda completo <b>crucero<\/b>, paradas para nadar, fiesta de la espuma y descubrir las famosas cuevas piratas. Diversi\u00f3n <b>excursi\u00f3n de un d\u00eda<\/b>!<\/p>","protected":false},"featured_media":15431,"comment_status":"open","ping_status":"closed","template":"","meta":[],"product_brand":[],"product_cat":[128],"product_tag":[111],"class_list":{"0":"post-15478","1":"product","2":"type-product","3":"status-publish","4":"has-post-thumbnail","6":"tour_phys-alanya-tours","7":"product_cat-alanya-tours","8":"product_tag-alanya","9":"pa_destination-alanya-tours","10":"pa_kategori-pirate-boat-tours","12":"first","13":"instock","14":"sale","15":"shipping-taxable","16":"purchasable","17":"product-type-tour_phys"},"aioseo_notices":[],"_links":{"self":[{"href":"https:\/\/excursionsworld.com\/es\/wp-json\/wp\/v2\/product\/15478","targetHints":{"allow":["GET"]}}],"collection":[{"href":"https:\/\/excursionsworld.com\/es\/wp-json\/wp\/v2\/product"}],"about":[{"href":"https:\/\/excursionsworld.com\/es\/wp-json\/wp\/v2\/types\/product"}],"replies":[{"embeddable":true,"href":"https:\/\/excursionsworld.com\/es\/wp-json\/wp\/v2\/comments?post=15478"}],"wp:featuredmedia":[{"embeddable":true,"href":"https:\/\/excursionsworld.com\/es\/wp-json\/wp\/v2\/media\/15431"}],"wp:attachment":[{"href":"https:\/\/excursionsworld.com\/es\/wp-json\/wp\/v2\/media?parent=15478"}],"wp:term":[{"taxonomy":"product_brand","embeddable":true,"href":"https:\/\/excursionsworld.com\/es\/wp-json\/wp\/v2\/product_brand?post=15478"},{"taxonomy":"product_cat","embeddable":true,"href":"https:\/\/excursionsworld.com\/es\/wp-json\/wp\/v2\/product_cat?post=15478"},{"taxonomy":"product_tag","embeddable":true,"href":"https:\/\/excursionsworld.com\/es\/wp-json\/wp\/v2\/product_tag?post=15478"}],"curies":[{"name":"wp","href":"https:\/\/api.w.org\/{rel}","templated":true}]}}