{"id":15481,"date":"2025-10-30T13:00:50","date_gmt":"2025-10-30T10:00:50","guid":{"rendered":"https:\/\/excursionsworld.com\/?post_type=product&#038;p=15481"},"modified":"2026-03-02T19:45:06","modified_gmt":"2026-03-02T16:45:06","slug":"rafting-koprulu-canon-alanya","status":"publish","type":"product","link":"https:\/\/excursionsworld.com\/tours\/rafting-koprulu-canyon-alanya\/","title":{"rendered":"Excursi\u00f3n de rafting en el Ca\u00f1\u00f3n K\u00f6pr\u00fcl\u00fc desde Alanya"},"content":{"rendered":"<h3 data-start=\"6681\" data-end=\"6702\"><span style=\"color: #000000;\"><strong>\ud83d\udea3\u200d\u2642\ufe0f Visi\u00f3n general<\/strong><\/span><\/h3>\n<p data-start=\"6703\" data-end=\"6978\">\u00danete a una emocionante <strong data-start=\"6720\" data-end=\"6751\">Excursi\u00f3n de rafting por el ca\u00f1\u00f3n de K\u00f6pr\u00fcl\u00fc<\/strong> de <strong data-start=\"6757\" data-end=\"6861\">Alanya y alrededores (Oba, Tosmur, Kestel, Mahmutlar, Konakl\u0131, Avsallar, T\u00fcrkler, Okurcalar)<\/strong>\u00a1! Conquiste 10 r\u00e1pidos a lo largo de 14 km, nade en r\u00edos cristalinos y disfrute de un almuerzo a orillas del r\u00edo en plena naturaleza.<\/p>\n<h3 data-start=\"6980\" data-end=\"6995\"><span style=\"color: #000000;\"><strong>Incluido:<\/strong><\/span><\/h3>\n<p data-start=\"6996\" data-end=\"7092\"><span style=\"color: #00ff00;\"><strong>\u2713<\/strong> <\/span>Recogida y entrega en el hotel<br data-start=\"7023\" data-end=\"7026\" \/><span style=\"color: #00ff00;\"><strong>\u2713<\/strong> <\/span>Balsas para 10 personas<br data-start=\"7043\" data-end=\"7046\" \/><span style=\"color: #00ff00;\"><strong>\u2713<\/strong> <\/span>Gu\u00eda profesional<br data-start=\"7066\" data-end=\"7069\" \/><span style=\"color: #00ff00;\"><strong>\u2713<\/strong> <\/span>Seguros<br data-start=\"7080\" data-end=\"7083\" \/><span style=\"color: #00ff00;\"><strong>\u2713<\/strong> <\/span>Almuerzo<\/p>\n<h3 data-start=\"7094\" data-end=\"7113\"><span style=\"color: #000000;\"><strong>No se incluye:<\/strong><\/span><\/h3>\n<p data-start=\"7114\" data-end=\"7206\"><span style=\"color: #ff0000;\"><strong>\u2717<\/strong> <\/span>Bebidas<br data-start=\"7122\" data-end=\"7125\" \/><span style=\"color: #ff0000;\"><strong>\u2717<\/strong> <\/span>Fotos y v\u00eddeos<br data-start=\"7142\" data-end=\"7145\" \/><span style=\"color: #ff0000;\"><strong>\u2717<\/strong> <\/span>Balsa para dos personas (cargo adicional)<br data-start=\"7174\" data-end=\"7177\" \/><span style=\"color: #ff0000;\"><strong>\u2717<\/strong> <\/span>Actividad de tirolina opcional<\/p>\n<h3 data-start=\"7208\" data-end=\"7233\"><span style=\"color: #000000;\"><strong>\ud83c\udf1f Lo m\u00e1s destacado del viaje<\/strong><\/span><\/h3>\n<p data-start=\"7234\" data-end=\"7430\">\ud83d\udd39 Aventura de rafting de 14 km por el ca\u00f1\u00f3n de K\u00f6pr\u00fcl\u00fc.<br data-start=\"7283\" data-end=\"7286\" \/>\ud83d\udd39 Magn\u00edficos paisajes de monta\u00f1as y bosques.<br data-start=\"7328\" data-end=\"7331\" \/>\ud83d\udd39 Pausas para nadar en tramos tranquilos<br data-start=\"7366\" data-end=\"7369\" \/>\ud83d\udd39 Parada para comer en Riverside<br data-start=\"7392\" data-end=\"7395\" \/>\ud83d\udd39 Diversi\u00f3n opcional en tirolesa o buceo<\/p>\n<h3 data-start=\"7432\" data-end=\"7458\"><span style=\"color: #000000;\"><strong>\ud83d\udcd6 Descripci\u00f3n completa<\/strong><\/span><\/h3>\n<p data-start=\"7459\" data-end=\"7830\">Comience su aventura con un pintoresco viaje en coche desde Alanya hasta el Parque Nacional del Ca\u00f1\u00f3n de K\u00f6pr\u00fcl\u00fc. A su llegada, los gu\u00edas profesionales le equipar\u00e1n e informar\u00e1n y, a continuaci\u00f3n, comenzar\u00e1 su aventura de rafting por el r\u00edo turquesa.<br data-start=\"7670\" data-end=\"7673\" \/>Entre r\u00e1pidos, disfrute nadando, relaj\u00e1ndose o divirti\u00e9ndose con la tirolina opcional. Despu\u00e9s, disfrute de un delicioso almuerzo junto al r\u00edo antes de regresar a su hotel en Alanya.<\/p>\n<h3 data-start=\"7832\" data-end=\"7857\"><span style=\"color: #000000;\"><strong>\ud83d\uddfa\ufe0f Itinerario<\/strong><\/span><\/h3>\n<p data-start=\"7858\" data-end=\"8034\">\ud83d\udd39 Recogida en la regi\u00f3n de Alanya<br data-start=\"7886\" data-end=\"7889\" \/>\ud83d\udd39 Conduce hasta el ca\u00f1\u00f3n de K\u00f6pr\u00fcl\u00fc<br data-start=\"7915\" data-end=\"7918\" \/>\ud83d\udd39 Instrucciones de seguridad<br data-start=\"7936\" data-end=\"7939\" \/>\ud83d\udd39 Ruta de rafting de 14 km (10 r\u00e1pidos).<br data-start=\"7973\" data-end=\"7976\" \/>\ud83d\udd39 Pausa para comer junto al r\u00edo<br data-start=\"8003\" data-end=\"8006\" \/>\ud83d\udd39 Volver a los hoteles de Alanya<\/p>\n<h3 data-start=\"8036\" data-end=\"8064\"><span style=\"color: #000000;\"><strong>\u2139\ufe0f Informaci\u00f3n \u00fatil<\/strong><\/span><\/h3>\n<p data-start=\"8065\" data-end=\"8207\">\ud83d\udd39 Duraci\u00f3n: ~7-8 horas<br data-start=\"8088\" data-end=\"8091\" \/>\ud83d\udd39 Apto para todos los niveles<br data-start=\"8117\" data-end=\"8120\" \/>\ud83d\udd39 Zapatos de agua disponibles para la compra<br data-start=\"8157\" data-end=\"8160\" \/>\ud83d\udd39 Los menores de 5 a\u00f1os viajan gratis (asiento compartido)<\/p>\n<h3 data-start=\"8209\" data-end=\"8232\"><span style=\"color: #000000;\"><strong>Qu\u00e9 llevar<\/strong><\/span><\/h3>\n<p data-start=\"8233\" data-end=\"8329\">\ud83d\udd39 Ba\u00f1ador, toalla, crema solar.<br data-start=\"8262\" data-end=\"8265\" \/>\ud83d\udd39 Zapatos de agua<br data-start=\"8279\" data-end=\"8282\" \/>\ud83d\udd39 Ropa extra<br data-start=\"8298\" data-end=\"8301\" \/>\ud83d\udd39 Efectivo para necesidades personales<\/p>\n<h3 data-start=\"8331\" data-end=\"8357\"><span style=\"color: #000000;\"><strong>\ud83d\udeab No apto para<\/strong><\/span><\/h3>\n<p data-start=\"8358\" data-end=\"8437\">\ud83d\udd39 Mujeres embarazadas<br data-start=\"8375\" data-end=\"8378\" \/>\ud83d\udd39 Pacientes card\u00edacos<br data-start=\"8395\" data-end=\"8398\" \/>\ud83d\udd39 Ni\u00f1os menores de 4 a\u00f1os<br data-start=\"8413\" data-end=\"8416\" \/>\ud83d\udd39 Usuarios de sillas de ruedas<\/p>\n<h3 dir=\"ltr\">\ud83d\udcb8\u00a0<strong>Precios y reservas<\/strong><\/h3>\n<p dir=\"ltr\"><strong>\ud83d\udd39 Reserva ahora, paga el d\u00eda de la excursi\u00f3n<\/strong><br \/>\n\ud83d\udd39 Ponte en contacto con nosotros a trav\u00e9s de WhatsApp, Telegram, Viber, o rellena el siguiente formulario de reserva. \ud83d\udc47\ud83c\udffc<\/p>","protected":false},"excerpt":{"rendered":"<p>Reserva el <b>Rafting en Alanya<\/b>\u00a1! Jornada completa <b>aventura<\/b> en los r\u00e1pidos del ca\u00f1\u00f3n de K\u00f6pr\u00fcl\u00fc, de 14 km. <b>Traslado incluido<\/b> de Alanya. Diversi\u00f3n para principiantes<\/p>","protected":false},"featured_media":12670,"comment_status":"open","ping_status":"closed","template":"","meta":[],"product_brand":[],"product_cat":[128],"product_tag":[111],"class_list":{"0":"post-15481","1":"product","2":"type-product","3":"status-publish","4":"has-post-thumbnail","6":"tour_phys-alanya-tours","7":"product_cat-alanya-tours","8":"product_tag-alanya","9":"pa_destination-alanya-tours","11":"first","12":"instock","13":"sale","14":"shipping-taxable","15":"purchasable","16":"product-type-tour_phys"},"aioseo_notices":[],"_links":{"self":[{"href":"https:\/\/excursionsworld.com\/es\/wp-json\/wp\/v2\/product\/15481","targetHints":{"allow":["GET"]}}],"collection":[{"href":"https:\/\/excursionsworld.com\/es\/wp-json\/wp\/v2\/product"}],"about":[{"href":"https:\/\/excursionsworld.com\/es\/wp-json\/wp\/v2\/types\/product"}],"replies":[{"embeddable":true,"href":"https:\/\/excursionsworld.com\/es\/wp-json\/wp\/v2\/comments?post=15481"}],"wp:featuredmedia":[{"embeddable":true,"href":"https:\/\/excursionsworld.com\/es\/wp-json\/wp\/v2\/media\/12670"}],"wp:attachment":[{"href":"https:\/\/excursionsworld.com\/es\/wp-json\/wp\/v2\/media?parent=15481"}],"wp:term":[{"taxonomy":"product_brand","embeddable":true,"href":"https:\/\/excursionsworld.com\/es\/wp-json\/wp\/v2\/product_brand?post=15481"},{"taxonomy":"product_cat","embeddable":true,"href":"https:\/\/excursionsworld.com\/es\/wp-json\/wp\/v2\/product_cat?post=15481"},{"taxonomy":"product_tag","embeddable":true,"href":"https:\/\/excursionsworld.com\/es\/wp-json\/wp\/v2\/product_tag?post=15481"}],"curies":[{"name":"wp","href":"https:\/\/api.w.org\/{rel}","templated":true}]}}