{"id":15483,"date":"2025-10-30T13:13:31","date_gmt":"2025-10-30T10:13:31","guid":{"rendered":"https:\/\/excursionsworld.com\/?post_type=product&#038;p=15483"},"modified":"2026-04-24T00:21:03","modified_gmt":"2026-04-23T21:21:03","slug":"barco-pirata-lara-cascada-belek","status":"publish","type":"product","link":"https:\/\/excursionsworld.com\/tours\/pirate-boat-lara-waterfall-belek\/","title":{"rendered":"Barco pirata desde Belek \u2013 tour a Lara Beach y cascada"},"content":{"rendered":"<h2>\ud83c\udff4\u200d\u2620\ufe0f Visi\u00f3n general<\/h2>\n<p>Emb\u00e1rcate en el <strong><a href=\"https:\/\/en.wikipedia.org\/wiki\/Belek\" target=\"_blank\" rel=\"noopener\">Belek<\/a> Paseo en barco pirata<\/strong>, partiendo de <strong>Playa Lara<\/strong>, a bordo del magn\u00edfico<strong>\u00a0Barco pirata<\/strong>\u00a1! Esta aventura de un d\u00eda completo combina diversi\u00f3n, relajaci\u00f3n e impresionantes paisajes mediterr\u00e1neos, perfecta para familias, parejas y grupos. Disfrute de m\u00faltiples paradas para nadar, animado entretenimiento e impresionantes vistas de la costa de Antalya.<\/p>\n<h3>Incluido:<\/h3>\n<p><strong><span style=\"color: #00ff00;\">\u2713<\/span><\/strong> Recogida y entrega en el hotel<br \/><strong><span style=\"color: #00ff00;\">\u2713 <\/span><\/strong>Excursi\u00f3n en barco pirata\u00a0<br \/><strong><span style=\"color: #00ff00;\">\u2713 <\/span><\/strong>Delicioso almuerzo a bordo<br \/><strong><span style=\"color: #00ff00;\">\u2713 <\/span><\/strong>Entretenimiento, fiesta de la espuma y animaciones<br \/><strong><span style=\"color: #00ff00;\">\u2713 <\/span><\/strong>M\u00faltiples escapadas para nadar (Turtle Bay, Waterfalls, etc.)<br \/><strong><span style=\"color: #00ff00;\">\u2713 <\/span><\/strong>Seguros<\/p>\n<h3>No se incluye:<\/h3>\n<p><span style=\"color: #ff0000;\"><strong>\u2717<\/strong><\/span> Bebidas\u00a0<br \/><span style=\"color: #ff0000;\"><strong>\u2717 <\/strong><\/span>Gastos personales<\/p>\n<h2>\ud83c\udf1f Lo m\u00e1s destacado del tour de este viaje en barco pirata por Belek<\/h2>\n<p>\ud83d\udd39 Crucero panor\u00e1mico por la hermosa costa de Antalya<br \/>\ud83d\udd39 Lugares de inter\u00e9s: Cascadas grande y peque\u00f1a de D\u00fcden, Kalei\u00e7i y playa de Konyaalt\u0131.<br \/>\ud83d\udd39 Nadar en las aguas cristalinas de Turtle Bay.<br \/>\ud83d\udd39 Animaci\u00f3n con tem\u00e1tica pirata y fiesta de la espuma<br \/>\ud83d\udd39 Un d\u00eda en el mar perfecto tanto para ni\u00f1os como para adultos<br \/>\ud83d\udd39 Espacioso barco de varias cubiertas con tumbonas e instalaciones<\/p>\n<h2>\ud83d\udcd6 Descripci\u00f3n Completa: Tu Experiencia de Viaje en Barco Pirata en Belek<\/h2>\n<div>Comience el d\u00eda con un c\u00f3modo traslado desde su <strong>Hotel de Belek<\/strong> al muelle de salida cerca de <strong>Hotel Mardan Palace en Lara<\/strong>. Suba a bordo del majestuoso <strong>\u00a0Barco pirata<\/strong> y emb\u00e1rquese en una inolvidable aventura mediterr\u00e1nea. Mientras el barco recorre la costa, admire los famosos monumentos de Antalya - desde el <strong>Cascada del Bajo D\u00fcden<\/strong> en cascada hacia el mar hasta el encantador <strong>Casco antiguo (Kalei\u00e7i)<\/strong> y <strong>Playa de Konyaalt\u0131<\/strong>. Disfrute de varios <strong>pausas para nadar<\/strong> en hermosas bah\u00edas como <strong>Bah\u00eda de las Tortugas<\/strong>, donde podr\u00e1 zambullirse en aguas turquesas o relajarse en cubierta bajo el sol. A bordo, la tripulaci\u00f3n pirata le entretendr\u00e1 con <strong>m\u00fasica, animaciones, pintacaras y una animada fiesta de la espuma<\/strong>, Esta excursi\u00f3n es especialmente agradable para familias con ni\u00f1os. A <strong>sabroso almuerzo<\/strong> a bordo y podr\u00e1 comprar refrescos en el bar. Despu\u00e9s de un d\u00eda lleno de sol y diversi\u00f3n, rel\u00e1jese mientras el barco navega de regreso a puerto, donde le estar\u00e1 esperando su veh\u00edculo para llevarle c\u00f3modamente de vuelta a su hotel.<\/div>\n<h3>\ud83d\uddfa\ufe0f Itinerario<\/h3>\n<p>\ud83d\udd39 Recogida en los hoteles de Belek y la regi\u00f3n de Antalya<br \/>\ud83d\udd39 Salida desde el puerto de Lara Beach<br \/>\ud83d\udd39 De turismo por la costa de Antalya<br \/>\ud83d\udd39 Parada para nadar en la Bah\u00eda de las Tortugas<br \/>\ud83d\udd39 Vista de las cascadas grandes y peque\u00f1as de D\u00fcden<br \/>\ud83d\udd39 Almuerzo a bordo<br \/>\ud83d\udd39 Entretenimiento, fiesta de la espuma y m\u00fasica.<br \/>\ud83d\udd39 Regreso al puerto y traslado al hotel.<\/p>\n<h3>\u2139\ufe0f Informaci\u00f3n \u00fatil<\/h3>\n<p>\ud83d\udd39 Duraci\u00f3n: aproximadamente 6-7 horas<br \/>\ud83d\udd39 Familiar con zonas de sombra y sol a bordo<br \/>\ud83d\udd39 Comida vegetariana disponible<br \/>\ud83d\udd39 Tripulaci\u00f3n angl\u00f3fona<br \/>\ud83d\udd39 Los menores de 5 a\u00f1os viajan gratis pero comparten asiento en el autob\u00fas<\/p>\n<h2>Qu\u00e9 llevar<\/h2>\n<p>\ud83d\udd39 Ba\u00f1ador y toalla.<br \/>\ud83d\udd39 Protector solar y gafas de sol.<br \/>\ud83d\udd39 Sombrero o gorra<br \/>\ud83d\udd39 C\u00e1mara o tel\u00e9fono<br \/>\ud83d\udd39 Poco dinero en efectivo para bebidas o souvenirs.<\/p>\n<h3>\ud83d\udeab No apto para<\/h3>\n<p>\ud83d\udd39 Hu\u00e9spedes propensos a marearse mucho<br \/>\ud83d\udd39 Personas que buscan un recorrido tranquilo o sin m\u00fasica<\/p>\n<h2 dir=\"ltr\">\ud83d\udcb8\u00a0<strong>Precios y reservas<\/strong><\/h2>\n<p dir=\"ltr\"><strong>\ud83d\udd39 Reserva ahora, paga el d\u00eda de la excursi\u00f3n<\/strong><br \/>\n\ud83d\udd39 Ponte en contacto con nosotros a trav\u00e9s de WhatsApp, Telegram, Viber, o rellena el siguiente formulario de reserva. \ud83d\udc47\ud83c\udffc<\/p>\n<p>\u00bfBuscas alternativas? Explora <a href=\"https:\/\/excursionsworld.com\/es\/excursiones-belek\/\">m\u00e1s tours de Belek<\/a>.<\/p>","protected":false},"excerpt":{"rendered":"<p>Reserva el <b>Paseo en barco pirata por Belek<\/b>\u00a1! Diversi\u00f3n <b>excursi\u00f3n de d\u00eda completo<\/b> con <b>fiesta de la espuma<\/b>, m\u00fasica y nadar en <b>Bah\u00eda de las Tortugas<\/b>. Ver cascadas y costa. <b>Traslado incluido<\/b>!<\/p>","protected":false},"featured_media":15244,"comment_status":"open","ping_status":"closed","template":"","meta":[],"product_brand":[],"product_cat":[126,130],"product_tag":[120],"class_list":{"0":"post-15483","1":"product","2":"type-product","3":"status-publish","4":"has-post-thumbnail","6":"tour_phys-belek-tours","7":"tour_phys-pirate-boat-tours","8":"product_cat-belek-tours","9":"product_cat-pirate-boat-tours","10":"product_tag-belek","11":"pa_destination-belek-tours","12":"pa_kategori-pirate-boat-tours","14":"first","15":"instock","16":"sale","17":"featured","18":"shipping-taxable","19":"purchasable","20":"product-type-tour_phys"},"aioseo_notices":[],"_links":{"self":[{"href":"https:\/\/excursionsworld.com\/es\/wp-json\/wp\/v2\/product\/15483","targetHints":{"allow":["GET"]}}],"collection":[{"href":"https:\/\/excursionsworld.com\/es\/wp-json\/wp\/v2\/product"}],"about":[{"href":"https:\/\/excursionsworld.com\/es\/wp-json\/wp\/v2\/types\/product"}],"replies":[{"embeddable":true,"href":"https:\/\/excursionsworld.com\/es\/wp-json\/wp\/v2\/comments?post=15483"}],"wp:featuredmedia":[{"embeddable":true,"href":"https:\/\/excursionsworld.com\/es\/wp-json\/wp\/v2\/media\/15244"}],"wp:attachment":[{"href":"https:\/\/excursionsworld.com\/es\/wp-json\/wp\/v2\/media?parent=15483"}],"wp:term":[{"taxonomy":"product_brand","embeddable":true,"href":"https:\/\/excursionsworld.com\/es\/wp-json\/wp\/v2\/product_brand?post=15483"},{"taxonomy":"product_cat","embeddable":true,"href":"https:\/\/excursionsworld.com\/es\/wp-json\/wp\/v2\/product_cat?post=15483"},{"taxonomy":"product_tag","embeddable":true,"href":"https:\/\/excursionsworld.com\/es\/wp-json\/wp\/v2\/product_tag?post=15483"}],"curies":[{"name":"wp","href":"https:\/\/api.w.org\/{rel}","templated":true}]}}