{"id":15490,"date":"2025-10-30T13:56:06","date_gmt":"2025-10-30T10:56:06","guid":{"rendered":"https:\/\/excursionsworld.com\/?post_type=product&#038;p=15490"},"modified":"2026-04-02T23:18:19","modified_gmt":"2026-04-02T20:18:19","slug":"porto-genoese-laguna-azul-barco-kemer","status":"publish","type":"product","link":"https:\/\/excursionsworld.com\/tours\/porto-genoese-blue-lagoon-boat-kemer\/","title":{"rendered":"Porto Genoese excursi\u00f3n en barco desde Kemer \u2013 Laguna Azul"},"content":{"rendered":"<h3 data-start=\"0\" data-end=\"17\">\u26f5 Visi\u00f3n general<\/h3>\n<p data-start=\"18\" data-end=\"322\">Emb\u00e1rquese en un inolvidable viaje en yate desde los hoteles de Kemer hasta las pintorescas bah\u00edas de Adrasan - <strong data-start=\"109\" data-end=\"150\">Porto Genoese, Akseki Bay, Pirate Bay<\/strong>, y el <strong data-start=\"160\" data-end=\"191\">cueva fosforescente resplandeciente<\/strong>. Disfrute de playas turquesas, un rejuvenecedor ba\u00f1o de arcilla y un delicioso almuerzo a bordo: un d\u00eda perfecto para <strong data-start=\"294\" data-end=\"319\">amantes de la naturaleza y el mar<\/strong>.<\/p>\n<h3 data-start=\"324\" data-end=\"341\">Incluido:<\/h3>\n<p data-start=\"342\" data-end=\"477\"><span style=\"color: #00ff00;\"><strong>\u2713<\/strong> <\/span>Recogida y entrega en el hotel<br data-start=\"369\" data-end=\"372\" \/><span style=\"color: #00ff00;\"><strong>\u2713<\/strong> <\/span>C\u00f3modo autob\u00fas con aire acondicionado<br data-start=\"405\" data-end=\"408\" \/><span style=\"color: #00ff00;\"><strong>\u2713<\/strong> <\/span>Seguros<br data-start=\"419\" data-end=\"422\" \/><span style=\"color: #00ff00;\"><strong>\u2713<\/strong> <\/span>Gu\u00eda<br data-start=\"429\" data-end=\"432\" \/><span style=\"color: #00ff00;\"><strong>\u2713<\/strong> <\/span>Almuerzo y frutas de temporada<br data-start=\"459\" data-end=\"462\" \/><span style=\"color: #00ff00;\"><strong>\u2713<\/strong> <\/span>T\u00e9 a bordo<\/p>\n<h3 data-start=\"479\" data-end=\"500\">No se incluye:<\/h3>\n<p data-start=\"501\" data-end=\"555\"><span style=\"color: #ff0000;\"><strong>\u2717<\/strong> <\/span>Bebidas<br data-start=\"509\" data-end=\"512\" \/><span style=\"color: #ff0000;\"><strong>\u2717<\/strong> <\/span>Gastos personales<\/p>\n<h3 data-start=\"557\" data-end=\"583\">\ud83c\udfdd\ufe0f Lo m\u00e1s destacado<\/h3>\n<p data-start=\"584\" data-end=\"865\">\ud83d\udd39 Nadar en las aguas turquesas de <strong data-start=\"623\" data-end=\"644\">Bah\u00eda de Porto Genoese<\/strong><br data-start=\"644\" data-end=\"647\" \/>\ud83d\udd39 Se detiene en <strong data-start=\"659\" data-end=\"669\">Akseki<\/strong> y <strong data-start=\"674\" data-end=\"689\">Bah\u00edas piratas<\/strong><br data-start=\"689\" data-end=\"692\" \/>\ud83d\udd39 Crucero con estilo <strong data-start=\"715\" data-end=\"733\">yate boutique<\/strong><br data-start=\"733\" data-end=\"736\" \/>\ud83d\udd39 Relajante <strong data-start=\"748\" data-end=\"761\">ba\u00f1o de arcilla<\/strong> experiencia<br data-start=\"772\" data-end=\"775\" \/>\ud83d\udd39 Visita a la <strong data-start=\"791\" data-end=\"822\">m\u00e1gica Cueva Fosforescente<\/strong><br data-start=\"822\" data-end=\"825\" \/>\ud83d\udd39 <strong data-start=\"828\" data-end=\"855\">Delicioso almuerzo y t\u00e9<\/strong> a bordo<\/p>\n<h3 data-start=\"1488\" data-end=\"1514\">\ud83d\udcdc Descripci\u00f3n completa<\/h3>\n<div data-start=\"1515\" data-end=\"1706\">Su d\u00eda comienza con un <strong data-start=\"1538\" data-end=\"1584\">traslado desde su hotel en la zona de Kemer<\/strong> al puerto de Adrasan. Una vez a bordo del yate, prep\u00e1rese para una <strong data-start=\"1643\" data-end=\"1669\">emocionante aventura en el mar<\/strong> lleno de belleza y relajaci\u00f3n.<\/div>\n<div data-start=\"1708\" data-end=\"1886\"><strong data-start=\"1708\" data-end=\"1723\">Bah\u00eda de Akseki:<\/strong> La primera parada es la bah\u00eda de Akseki, donde dispondr\u00e1 de unos 30 minutos para nadar o bucear. Tenga en cuenta la presencia de erizos de mar - <strong data-start=\"1852\" data-end=\"1883\">se recomienda llevar calzado de agua<\/strong>.<\/div>\n<div data-start=\"1888\" data-end=\"2076\"><strong data-start=\"1888\" data-end=\"1910\">Bah\u00eda de Porto Genoese:<\/strong> A continuaci\u00f3n, llegue a la famosa bah\u00eda de Porto Genoese para disfrutar del mar durante aproximadamente una hora. Tome un <strong data-start=\"2001\" data-end=\"2014\">ba\u00f1o de arcilla<\/strong>, Disfrute de <strong data-start=\"2024\" data-end=\"2039\">sabroso almuerzo<\/strong>, y sum\u00e9rjase en el impresionante paisaje.<\/div>\n<div data-start=\"2078\" data-end=\"2192\"><strong data-start=\"2078\" data-end=\"2093\">Pirate Bay:<\/strong> Tras un breve crucero de 25 minutos, llegue a la Bah\u00eda de los Piratas para disfrutar de 40 minutos de ba\u00f1o y pura relajaci\u00f3n.<\/div>\n<div data-start=\"2194\" data-end=\"2344\"><strong data-start=\"2194\" data-end=\"2218\">Cueva fosforescente:<\/strong> Si el tiempo lo permite, visite la encantadora Cueva Fosforescente, famosa por su <strong data-start=\"2296\" data-end=\"2314\">efecto brillante<\/strong> y un ambiente cautivador. Al final de la excursi\u00f3n, regresar\u00e1 al puerto y disfrutar\u00e1 de un <strong data-start=\"2408\" data-end=\"2451\">c\u00f3modo traslado de vuelta a su hotel<\/strong>.<\/div>\n<h3 data-start=\"867\" data-end=\"892\">\ud83d\uddd3\ufe0f Itinerario<\/h3>\n<p data-start=\"893\" data-end=\"1486\">Recogida en el hotel desde Kemer y alrededores<br data-start=\"958\" data-end=\"961\" \/>Llegada al puerto de Adrasan y embarque en el yate<br data-start=\"1019\" data-end=\"1022\" \/>Salida del puerto e inicio del crucero en yate<br data-start=\"1083\" data-end=\"1086\" \/>Primera parada de nataci\u00f3n en <strong data-start=\"1121\" data-end=\"1135\">Bah\u00eda de Akseki<\/strong> (30 minutos)<br data-start=\"1148\" data-end=\"1151\" \/>Llegada a <strong data-start=\"1174\" data-end=\"1195\">Bah\u00eda de Porto Genoese<\/strong> - Ba\u00f1o de arcilla, nataci\u00f3n y almuerzo (1 hora)<br data-start=\"1234\" data-end=\"1237\" \/>Navegar hasta <strong data-start=\"1257\" data-end=\"1271\">Bah\u00eda Pirata<\/strong> para nadar y relajarse (40 minutos)<br data-start=\"1312\" data-end=\"1315\" \/>Visita a la <strong data-start=\"1340\" data-end=\"1363\">Cueva fosforescente<\/strong> (si el tiempo lo permite)<br data-start=\"1384\" data-end=\"1387\" \/>Regreso al puerto de Adrasan<br data-start=\"1429\" data-end=\"1432\" \/>Entrega en los hoteles de la zona de Kemer<\/p>\n<h3 data-start=\"2783\" data-end=\"2811\">\u2139\ufe0f Informaci\u00f3n \u00fatil<\/h3>\n<p data-start=\"2812\" data-end=\"3020\">\ud83d\udd39 Duraci\u00f3n de la excursi\u00f3n: 8 horas aprox.<br data-start=\"2845\" data-end=\"2848\" \/>\ud83d\udd39 Capacidad del yate: barco boutique de tama\u00f1o medio<br data-start=\"2892\" data-end=\"2895\" \/>\ud83d\udd39 Las condiciones meteorol\u00f3gicas y mar\u00edtimas pueden afectar a la ruta<br data-start=\"2945\" data-end=\"2948\" \/>\ud83d\udd39 Los ni\u00f1os menores de 6 a\u00f1os viajan gratis (no hay asiento separado en el autob\u00fas)<\/p>\n<h3 data-start=\"2574\" data-end=\"2597\">Qu\u00e9 llevar<\/h3>\n<p data-start=\"2598\" data-end=\"2709\">\ud83d\udd39 Ba\u00f1ador y toalla.<br data-start=\"2619\" data-end=\"2622\" \/>\ud83d\udd39 Protector solar y gafas de sol.<br data-start=\"2649\" data-end=\"2652\" \/>\ud83d\udd39 Calzado de agua (recomendado para la bah\u00eda de Akseki).<br data-start=\"2695\" data-end=\"2698\" \/>\ud83d\udd39 C\u00e1mara<\/p>\n<h3 data-start=\"2456\" data-end=\"2482\">\ud83d\udeab No apto para<\/h3>\n<p data-start=\"2483\" data-end=\"2572\">\ud83d\udd39 Mujeres embarazadas<br data-start=\"2500\" data-end=\"2503\" \/>\ud83d\udd39 Personas con problemas de movilidad<br data-start=\"2538\" data-end=\"2541\" \/>\ud83d\udd39 Personas con problemas de coraz\u00f3n<\/p>\n<div class=\"elementor-element elementor-element-884d539 e-con-full e-flex e-con e-child\" data-id=\"884d539\" data-element_type=\"container\">\n<div id=\"description\" class=\"elementor-element elementor-element-337037cc elementor-widget elementor-widget-thim-ekits-tours-content\" data-id=\"337037cc\" data-element_type=\"widget\" data-widget_type=\"thim-ekits-tours-content.default\">\n<div class=\"elementor-widget-container\">\n<div class=\"thim-ekit-single-tour__content\">\n<h3 dir=\"ltr\"><strong>\ud83d\udcb8 Precios y reservas<\/strong><\/h3>\n<p dir=\"ltr\"><strong>\ud83d\udd39 Reserva ahora, paga el d\u00eda de la excursi\u00f3n<\/strong><br \/>\n\ud83d\udd39 Ponte en contacto con nosotros a trav\u00e9s de WhatsApp, Telegram, Viber, o rellena el siguiente formulario de reserva. \ud83d\udc47\ud83c\udffc<\/p>\n<\/div>\n<\/div>\n<\/div>\n<\/div>","protected":false},"excerpt":{"rendered":"<p>Reserve este inolvidable <b>excursi\u00f3n<\/b> de <strong>Kemer<\/strong>\u00a1! Este <b>visita diaria<\/b> a Porto Genoese &amp; Blue Lagoon ofrece nataci\u00f3n, ba\u00f1o de arcilla y almuerzo. El mejor mar <b>viaje<\/b>!<\/p>","protected":false},"featured_media":12442,"comment_status":"open","ping_status":"closed","template":"","meta":[],"product_brand":[],"product_cat":[124],"product_tag":[105],"class_list":{"0":"post-15490","1":"product","2":"type-product","3":"status-publish","4":"has-post-thumbnail","6":"tour_phys-boat-tours","7":"tour_phys-kemer-tours","8":"product_cat-kemer-tours","9":"product_tag-kemer","10":"pa_destination-kemer-tours","11":"pa_kategori-boat-tours","13":"first","14":"instock","15":"sale","16":"featured","17":"shipping-taxable","18":"purchasable","19":"product-type-tour_phys"},"aioseo_notices":[],"_links":{"self":[{"href":"https:\/\/excursionsworld.com\/es\/wp-json\/wp\/v2\/product\/15490","targetHints":{"allow":["GET"]}}],"collection":[{"href":"https:\/\/excursionsworld.com\/es\/wp-json\/wp\/v2\/product"}],"about":[{"href":"https:\/\/excursionsworld.com\/es\/wp-json\/wp\/v2\/types\/product"}],"replies":[{"embeddable":true,"href":"https:\/\/excursionsworld.com\/es\/wp-json\/wp\/v2\/comments?post=15490"}],"wp:featuredmedia":[{"embeddable":true,"href":"https:\/\/excursionsworld.com\/es\/wp-json\/wp\/v2\/media\/12442"}],"wp:attachment":[{"href":"https:\/\/excursionsworld.com\/es\/wp-json\/wp\/v2\/media?parent=15490"}],"wp:term":[{"taxonomy":"product_brand","embeddable":true,"href":"https:\/\/excursionsworld.com\/es\/wp-json\/wp\/v2\/product_brand?post=15490"},{"taxonomy":"product_cat","embeddable":true,"href":"https:\/\/excursionsworld.com\/es\/wp-json\/wp\/v2\/product_cat?post=15490"},{"taxonomy":"product_tag","embeddable":true,"href":"https:\/\/excursionsworld.com\/es\/wp-json\/wp\/v2\/product_tag?post=15490"}],"curies":[{"name":"wp","href":"https:\/\/api.w.org\/{rel}","templated":true}]}}