{"id":15491,"date":"2025-10-30T13:57:19","date_gmt":"2025-10-30T10:57:19","guid":{"rendered":"https:\/\/excursionsworld.com\/?post_type=product&#038;p=15491"},"modified":"2026-04-02T23:15:30","modified_gmt":"2026-04-02T20:15:30","slug":"rafting-koprulu-canyon-kemer","status":"publish","type":"product","link":"https:\/\/excursionsworld.com\/tours\/rafting-koprulu-canyon-kemer\/","title":{"rendered":"Rafting en el Ca\u00f1\u00f3n de K\u00f6pr\u00fcl\u00fc tour desde Kemer \u2013 d\u00eda completo"},"content":{"rendered":"<h3 dir=\"ltr\" data-pm-slice=\"1 1 []\"><span style=\"color: #000000;\"><strong>\ud83d\udea3\u200d\u2642\ufe0f Visi\u00f3n general<\/strong><\/span><\/h3>\n<p data-start=\"139\" data-end=\"499\">Emb\u00e1rquese en una emocionante aventura de rafting en el ca\u00f1\u00f3n de K\u00f6pr\u00fcl\u00fc, declarado Patrimonio de la Humanidad por la UNESCO, con traslados desde hoteles de Kemer y regiones cercanas: Beldibi, G\u00f6yn\u00fck, Kiri\u015f, \u00c7amyuva y Tekirova. Navegue por 10 r\u00e1pidos a lo largo de 14 km, nade en r\u00edos tranquilos y disfrute de un almuerzo junto al r\u00edo. Esta excursi\u00f3n, perfecta para principiantes y amantes de las emociones fuertes, dura aproximadamente entre 9 y 10 horas.<\/p>\n<h3 dir=\"ltr\"><span style=\"color: #000000;\"><strong>Incluido:<\/strong><\/span><\/h3>\n<p dir=\"ltr\"><span style=\"color: #00ff00;\"><strong>\u2713<\/strong><\/span> Recogida y entrega en el hotel<br \/>\n<span style=\"color: #00ff00;\"><strong>\u2713 <\/strong><\/span>C\u00f3modo autob\u00fas con aire acondicionado<br \/>\n<span style=\"color: #00ff00;\"><strong>\u2713 <\/strong><\/span>Balsas para 10 personas<br \/>\n<span style=\"color: #00ff00;\"><strong>\u2713 <\/strong><\/span>Seguros<br \/>\n<span style=\"color: #00ff00;\"><strong>\u2713 <\/strong><\/span>Gu\u00eda<br \/>\n<span style=\"color: #00ff00;\"><strong>\u2713 <\/strong><\/span>Almuerzo<\/p>\n<h3 dir=\"ltr\"><span style=\"color: #000000;\"><strong>No se incluye:<\/strong><\/span><\/h3>\n<p dir=\"ltr\"><strong><span style=\"color: #ff0000;\">\u2717<\/span><\/strong> Balsas para dos personas (cargo adicional)<br data-start=\"279\" data-end=\"282\" \/><strong><span style=\"color: #ff0000;\">\u2717 <\/span><\/strong>Fotos y v\u00eddeos<br data-start=\"301\" data-end=\"304\" \/><strong><span style=\"color: #ff0000;\">\u2717 <\/span><\/strong>Bebidas<br data-start=\"312\" data-end=\"315\" \/><strong><span style=\"color: #ff0000;\">\u2717 <\/span><\/strong>Actividades opcionales (por ejemplo, tirolina)<\/p>\n<h3 dir=\"ltr\"><span style=\"color: #000000;\"><strong>\ud83c\udf1f Lo m\u00e1s destacado del viaje<\/strong><\/span><\/h3>\n<p dir=\"ltr\">\ud83d\udd39 Emocionante rafting de 14 km con 10 r\u00e1pidos.<br \/>\n\ud83d\udd39 Impresionante paisaje del ca\u00f1\u00f3n de K\u00f6pr\u00fcl\u00fc<br \/>\n\ud83d\udd39 Nadar en r\u00edos tranquilos<br \/>\n\ud83d\udd39 Gu\u00edas profesionales y equipo completo<br \/>\n\ud83d\udd39 Almuerzo a orillas del r\u00edo y oportunidades para hacer fotos<br \/>\n\ud83d\udd39 Actividades opcionales: tirolesa y buceo.<\/p>\n<h3 dir=\"ltr\"><span style=\"color: #000000;\"><strong>\ud83d\udcd6 Descripci\u00f3n completa<\/strong><\/span><\/h3>\n<div dir=\"ltr\">La excursi\u00f3n comienza con el traslado desde su hotel en Antalya o zonas cercanas hasta la base en el ca\u00f1\u00f3n de K\u00f6pr\u00fcl\u00fc. Tras una sesi\u00f3n informativa sobre seguridad, recibir\u00e1 el equipo y emprender\u00e1 un recorrido de 14 km en una balsa para 10 personas a trav\u00e9s de 10 r\u00e1pidos, guiado por instructores experimentados. No es necesario saber nadar ni tener experiencia previa.<\/div>\n<div dir=\"ltr\">Entre r\u00e1pidos, b\u00e1\u00f1ese en tranquilos r\u00edos rodeados de monta\u00f1as y vegetaci\u00f3n. El itinerario incluye paradas para actividades opcionales (tirolina, submarinismo por un suplemento) y una pausa para bebidas o tortitas (coste adicional). Se sirve un delicioso almuerzo junto al r\u00edo. Tras el almuerzo, contin\u00fae el rafting hasta la l\u00ednea de meta, donde podr\u00e1 ver v\u00eddeos del recorrido y hacer fotos antes de regresar a su hotel.<\/div>\n<h3 dir=\"ltr\"><span style=\"color: #000000;\"><strong>\ud83d\uddfa\ufe0f Itinerario<\/strong><\/span><\/h3>\n<p dir=\"ltr\">\ud83d\udd39 Recogida en hoteles de Antalya y alrededores<br \/>\n\ud83d\udd39 Llegada a la base del ca\u00f1\u00f3n de K\u00f6pr\u00fcl\u00fc<br \/>\n\ud83d\udd39 Sesi\u00f3n informativa sobre seguridad y preparaci\u00f3n del equipo<br \/>\n\ud83d\udd39 Rafting por 10 r\u00e1pidos (14 km)<br \/>\n\ud83d\udd39 Paradas para nadar y actividades opcionales<br \/>\n\ud83d\udd39 Almuerzo en Riverside<br \/>\n\ud83d\udd39 Continuaci\u00f3n del rafting hasta la meta.<br \/>\n\ud83d\udd39 Visualizaci\u00f3n de v\u00eddeos y fotos del tour<br \/>\n\ud83d\udd39 Regreso al hotel<\/p>\n<h3 dir=\"ltr\"><span style=\"color: #000000;\"><strong>\u2139\ufe0f Informaci\u00f3n \u00fatil<\/strong><\/span><\/h3>\n<p dir=\"ltr\">\ud83d\udd39 Duraci\u00f3n: ~7-8 horas<br \/>\n\ud83d\udd39 No es necesario saber nadar ni tener experiencia.<br \/>\n\ud83d\udd39 Balsas para 10 personas incluidas; balsas para 2 personas por un suplemento.<br \/>\n\ud83d\udd39 Zapatillas de agua, correas para gafas y fundas impermeables disponibles para su compra en la base.<br \/>\n\ud83d\udd39 Actividad f\u00edsica de moderada a alta.<br \/>\n\ud83d\udd39 Los ni\u00f1os menores de 6 a\u00f1os que viajan gratis no tienen un asiento aparte en el autob\u00fas. Si el autob\u00fas est\u00e1 lleno, se sientan en el regazo de un adulto, o se puede reservar un asiento aparte<\/p>\n<h3 dir=\"ltr\"><span style=\"color: #000000;\"><strong>Qu\u00e9 llevar<\/strong><\/span><\/h3>\n<p dir=\"ltr\">\ud83d\udd39 Ba\u00f1ador y toalla.<br \/>\n\ud83d\udd39 Protector solar<br \/>\n\ud83d\udd39 Zapatos de agua<br \/>\n\ud83d\udd39 Cambio de ropa<br \/>\n\ud83d\udd39 Efectivo para gastos personales<\/p>\n<h3 dir=\"ltr\"><span style=\"color: #000000;\"><strong>\ud83d\udeab No apto para<\/strong><\/span><\/h3>\n<p dir=\"ltr\">\ud83d\udd39 Personas con afecciones card\u00edacas<br \/>\n\ud83d\udd39 Viajeros mayores de 70 a\u00f1os<br \/>\n\ud83d\udd39 Mujeres embarazadas<br \/>\n\ud83d\udd39 Ni\u00f1os menores de 4 a\u00f1os<br \/>\n\ud83d\udd39 Personas con movilidad reducida o en silla de ruedas<\/p>\n<h3 dir=\"ltr\"><span style=\"color: #000000;\"><strong>\ud83d\udcb8 Precios y reservas<\/strong><\/span><\/h3>\n<p dir=\"ltr\"><strong>\ud83d\udd39 Reserva ahora, paga el d\u00eda de la excursi\u00f3n<\/strong><br \/>\n\ud83d\udd39 Ponte en contacto con nosotros a trav\u00e9s de WhatsApp, Telegram, Viber, o rellena el siguiente formulario de reserva. \ud83d\udc47\ud83c\udffc<\/p>","protected":false},"excerpt":{"rendered":"<p>Reserve el emocionante Rafting <b>Viaje<\/b> \u00a1en el Ca\u00f1\u00f3n de K\u00f6pr\u00fcl\u00fc desde Kemer! Este d\u00eda completo <b>visita<\/b> incluye un delicioso almuerzo, traslados y grandes olas.<\/p>","protected":false},"featured_media":12670,"comment_status":"open","ping_status":"closed","template":"","meta":[],"product_brand":[],"product_cat":[124],"product_tag":[105],"class_list":{"0":"post-15491","1":"product","2":"type-product","3":"status-publish","4":"has-post-thumbnail","6":"tour_phys-kemer-tours","7":"product_cat-kemer-tours","8":"product_tag-kemer","9":"pa_destination-kemer-tours","11":"first","12":"instock","13":"sale","14":"shipping-taxable","15":"purchasable","16":"product-type-tour_phys"},"aioseo_notices":[],"_links":{"self":[{"href":"https:\/\/excursionsworld.com\/es\/wp-json\/wp\/v2\/product\/15491","targetHints":{"allow":["GET"]}}],"collection":[{"href":"https:\/\/excursionsworld.com\/es\/wp-json\/wp\/v2\/product"}],"about":[{"href":"https:\/\/excursionsworld.com\/es\/wp-json\/wp\/v2\/types\/product"}],"replies":[{"embeddable":true,"href":"https:\/\/excursionsworld.com\/es\/wp-json\/wp\/v2\/comments?post=15491"}],"wp:featuredmedia":[{"embeddable":true,"href":"https:\/\/excursionsworld.com\/es\/wp-json\/wp\/v2\/media\/12670"}],"wp:attachment":[{"href":"https:\/\/excursionsworld.com\/es\/wp-json\/wp\/v2\/media?parent=15491"}],"wp:term":[{"taxonomy":"product_brand","embeddable":true,"href":"https:\/\/excursionsworld.com\/es\/wp-json\/wp\/v2\/product_brand?post=15491"},{"taxonomy":"product_cat","embeddable":true,"href":"https:\/\/excursionsworld.com\/es\/wp-json\/wp\/v2\/product_cat?post=15491"},{"taxonomy":"product_tag","embeddable":true,"href":"https:\/\/excursionsworld.com\/es\/wp-json\/wp\/v2\/product_tag?post=15491"}],"curies":[{"name":"wp","href":"https:\/\/api.w.org\/{rel}","templated":true}]}}