{"id":15493,"date":"2025-10-30T14:00:40","date_gmt":"2025-10-30T11:00:40","guid":{"rendered":"https:\/\/excursionsworld.com\/?post_type=product&#038;p=15493"},"modified":"2026-02-18T20:07:03","modified_gmt":"2026-02-18T17:07:03","slug":"paseo-barco-green-canyon-kemer","status":"publish","type":"product","link":"https:\/\/excursionsworld.com\/tours\/green-canyon-boat-tour-kemer\/","title":{"rendered":"Excursi\u00f3n en barco por el Ca\u00f1\u00f3n Verde desde Kemer | Todo incluido"},"content":{"rendered":"<h3 dir=\"ltr\" data-pm-slice=\"1 1 []\"><span style=\"color: #000000;\"><strong>\ud83c\udfdd\ufe0f Visi\u00f3n general<\/strong><\/span><\/h3>\n<p dir=\"ltr\">Emb\u00e1rquese en una tranquila excursi\u00f3n al Ca\u00f1\u00f3n Verde desde Kemer y sus alrededores. Disfrute de un paseo en barco por aguas turquesas, nade y sum\u00e9rjase en el impresionante paisaje de los Montes Tauro. Perfecta para familias y amantes de la naturaleza, esta excursi\u00f3n dura aproximadamente 7-8 horas.<\/p>\n<h3 dir=\"ltr\"><span style=\"color: #000000;\"><strong>Incluido:<\/strong><\/span><\/h3>\n<p dir=\"ltr\"><span style=\"color: #00ff00;\"><strong>\u2713<\/strong><\/span> Recogida y entrega en el hotel<br \/>\n<span style=\"color: #00ff00;\"><strong>\u2713 <\/strong><\/span>Paseo en barco por el Ca\u00f1\u00f3n Verde<br \/>\n<span style=\"color: #00ff00;\"><strong>\u2713 <\/strong><\/span>Gu\u00eda<br \/>\n<span style=\"color: #00ff00;\"><strong>\u2713 <\/strong><\/span>Almuerzo en un restaurante a orillas del lago<br \/>\n<span style=\"color: #00ff00;\"><strong>\u2713 <\/strong><\/span>Seguro a todo riesgo<br \/>\n<span style=\"color: #00ff00;\"><strong>\u2713 <\/strong><\/span>Refrescos<\/p>\n<h3 dir=\"ltr\"><span style=\"color: #000000;\"><strong>No se incluye:<\/strong><\/span><\/h3>\n<p dir=\"ltr\"><span style=\"color: #ff0000;\"><strong>\u2717<\/strong> <\/span>Gastos personales<br \/>\n<span style=\"color: #ff0000;\"><strong>\u2717 <\/strong><\/span>Fotos y v\u00eddeos (opcional)<\/p>\n<h3 dir=\"ltr\"><span style=\"color: #000000;\"><strong>\ud83d\udea4 Lo m\u00e1s destacado del viaje<\/strong><\/span><\/h3>\n<p dir=\"ltr\">\ud83d\udd39 Crucero en barco por el Ca\u00f1\u00f3n Verde<br \/>\n\ud83d\udd39 Impresionantes vistas de los montes Tauro.<br \/>\n\ud83d\udd39 Nadar en las refrescantes aguas del ca\u00f1\u00f3n<br \/>\n\ud83d\udd39 Delicioso almuerzo junto al lago.<br \/>\n\ud83d\udd39 Escapada tranquila de la ciudad<\/p>\n<h3 dir=\"ltr\"><span style=\"color: #000000;\"><strong>\ud83d\udcd6 Descripci\u00f3n completa<\/strong><\/span><\/h3>\n<p dir=\"ltr\">Comience el d\u00eda con un c\u00f3modo traslado desde Kemer o sus alrededores, atravesando los montes Tauro hasta el Ca\u00f1\u00f3n Verde. Suba a bordo de un acogedor barco y emprenda un relajante crucero por aguas color esmeralda, rodeado de acantilados y exuberante vegetaci\u00f3n. Navegue por el Peque\u00f1o y el Gran Ca\u00f1\u00f3n, deteni\u00e9ndose para nadar en las cristalinas aguas turcas. Disfrute de un suculento almuerzo en un restaurante junto al lago, sumergi\u00e9ndose en la tranquilidad de la naturaleza. Esta excursi\u00f3n es la mezcla perfecta de relajaci\u00f3n y belleza natural, que le dejar\u00e1 renovado al regresar a su hotel.<\/p>\n<h3 dir=\"ltr\"><span style=\"color: #000000;\"><strong>\ud83d\uddfa\ufe0f Itinerario<\/strong><\/span><\/h3>\n<p dir=\"ltr\">\ud83d\udd39 Recogida en Kemer y alrededores.<br \/>\n\ud83d\udd39 Traslado al Ca\u00f1\u00f3n Verde a trav\u00e9s de los Montes Tauro.<br \/>\n\ud83d\udd39 Crucero en barco por el ca\u00f1\u00f3n<br \/>\n\ud83d\udd39 Paradas de nataci\u00f3n<br \/>\n\ud83d\udd39 Almuerzo en un restaurante a orillas del lago<br \/>\n\ud83d\udd39 Crucero de ida y vuelta<br \/>\n\ud83d\udd39 Traslado de vuelta al hotel<\/p>\n<h3 dir=\"ltr\"><span style=\"color: #000000;\"><strong>\u2139\ufe0f Informaci\u00f3n \u00fatil<\/strong><\/span><\/h3>\n<div>Duraci\u00f3n: ~7-8 horas (excursi\u00f3n de d\u00eda completo)<br \/>\n\ud83d\udd39 Poca actividad f\u00edsica (crucero y nataci\u00f3n opcional).<br \/>\n\ud83d\udd39 Excursi\u00f3n disponible todos los d\u00edas desde Kemer<br \/>\n\ud83d\udd39 Bebidas incluidas en el almuerzo<\/div>\n<div>\ud83d\udd39 El barco cuenta con zonas de sombra y ba\u00f1os<br \/>\n\ud83d\udd39 Chalecos salvavidas disponibles para nadar<\/div>\n<div dir=\"ltr\">\ud83d\udd39 Los ni\u00f1os menores de 5 a\u00f1os que viajan gratis no tienen un asiento aparte en el autob\u00fas. Si el autob\u00fas est\u00e1 lleno, se sientan en el regazo de un adulto, o se puede reservar un asiento aparte<\/div>\n<h3 dir=\"ltr\"><span style=\"color: #000000;\"><strong>Qu\u00e9 llevar<\/strong><\/span><\/h3>\n<p dir=\"ltr\">\ud83d\udd39 Gafas de sol y sombrero<br \/>\n\ud83d\udd39 Ba\u00f1ador y toalla.<br \/>\n\ud83d\udd39 Protector solar<br \/>\n\ud83d\udd39 C\u00e1mara o smartphone<br \/>\n\ud83d\udd39 Dinero en efectivo para bebidas o servicios adicionales.<\/p>\n<h3 dir=\"ltr\"><span style=\"color: #000000;\"><strong>\ud83d\udeab No apto para<\/strong><\/span><\/h3>\n<p dir=\"ltr\">\ud83d\udd39 Personas con movilidad reducida<br \/>\n\ud83d\udd39 Usuarios de sillas de ruedas<br \/>\n\ud83d\udd39 Los propensos al mareo<\/p>\n<div dir=\"ltr\">\n<h3 dir=\"ltr\"><strong>\ud83d\udcb8 Precios y reservas<\/strong><\/h3>\n<p dir=\"ltr\"><strong>\ud83d\udd39 Reserva ahora, paga el d\u00eda de la excursi\u00f3n<\/strong><br \/>\n\ud83d\udd39 Ponte en contacto con nosotros a trav\u00e9s de WhatsApp, Telegram, Viber, o rellena el siguiente formulario de reserva. \ud83d\udc47\ud83c\udffc<\/p>\n<\/div>","protected":false},"excerpt":{"rendered":"<p>\u00danete a lo \u00faltimo <b>Excursi\u00f3n en barco por el Ca\u00f1\u00f3n Verde<\/b> \u00a1desde Kemer! Este d\u00eda completo <b>visita<\/b> ofrece ba\u00f1o, aguas color esmeralda, una tranquila escapada a la naturaleza, almuerzo y bebidas.<\/p>","protected":false},"featured_media":12848,"comment_status":"open","ping_status":"closed","template":"","meta":[],"product_brand":[],"product_cat":[124],"product_tag":[105],"class_list":{"0":"post-15493","1":"product","2":"type-product","3":"status-publish","4":"has-post-thumbnail","6":"tour_phys-kemer-tours","7":"product_cat-kemer-tours","8":"product_tag-kemer","9":"pa_destination-kemer-tours","10":"pa_kategori-boat-tours","12":"first","13":"instock","14":"sale","15":"featured","16":"shipping-taxable","17":"purchasable","18":"product-type-tour_phys"},"aioseo_notices":[],"_links":{"self":[{"href":"https:\/\/excursionsworld.com\/es\/wp-json\/wp\/v2\/product\/15493","targetHints":{"allow":["GET"]}}],"collection":[{"href":"https:\/\/excursionsworld.com\/es\/wp-json\/wp\/v2\/product"}],"about":[{"href":"https:\/\/excursionsworld.com\/es\/wp-json\/wp\/v2\/types\/product"}],"replies":[{"embeddable":true,"href":"https:\/\/excursionsworld.com\/es\/wp-json\/wp\/v2\/comments?post=15493"}],"wp:featuredmedia":[{"embeddable":true,"href":"https:\/\/excursionsworld.com\/es\/wp-json\/wp\/v2\/media\/12848"}],"wp:attachment":[{"href":"https:\/\/excursionsworld.com\/es\/wp-json\/wp\/v2\/media?parent=15493"}],"wp:term":[{"taxonomy":"product_brand","embeddable":true,"href":"https:\/\/excursionsworld.com\/es\/wp-json\/wp\/v2\/product_brand?post=15493"},{"taxonomy":"product_cat","embeddable":true,"href":"https:\/\/excursionsworld.com\/es\/wp-json\/wp\/v2\/product_cat?post=15493"},{"taxonomy":"product_tag","embeddable":true,"href":"https:\/\/excursionsworld.com\/es\/wp-json\/wp\/v2\/product_tag?post=15493"}],"curies":[{"name":"wp","href":"https:\/\/api.w.org\/{rel}","templated":true}]}}