{"id":15498,"date":"2025-10-30T17:10:53","date_gmt":"2025-10-30T14:10:53","guid":{"rendered":"https:\/\/excursionsworld.com\/?post_type=product&#038;p=15498"},"modified":"2026-05-12T21:48:03","modified_gmt":"2026-05-12T18:48:03","slug":"rafting-jeep-baggi-zipline-alanya","status":"publish","type":"product","link":"https:\/\/excursionsworld.com\/tours\/rafting-jeep-baggi-zipline-alanya\/","title":{"rendered":"Rafting en Alanya: safari en jeep, buggy y tirolina 4 en 1"},"content":{"rendered":"<h2><span style=\"color: #000000;\"><strong>\ud83c\udfde\ufe0f Visi\u00f3n general<\/strong><\/span><\/h2>\n<p>\u00danete al <strong><a href=\"https:\/\/en.wikipedia.org\/wiki\/Alanya\" target=\"_blank\" rel=\"noopener\">Alanya<\/a> Tour Combinado 4 en 1: Rafting, Safari en Jeep, Buggy y Tirolesa<\/strong> y viva un d\u00eda lleno de adrenalina, naturaleza y recuerdos inolvidables en el magn\u00edfico <strong>Parque Nacional del Ca\u00f1\u00f3n del K\u00f6pr\u00fcl\u00fc<\/strong>\u00a1! Perfecto para los amantes de las emociones fuertes y la aventura, este recorrido combina <strong>Safari en jeep<\/strong>, <strong>Rafting<\/strong>, <strong>Paseo en buggy\/quad<\/strong>, y <strong>Tirolina<\/strong> - todo en una \u00e9pica experiencia al aire libre.<\/p>\n<h2><span style=\"color: #000000;\"><strong>Incluido:<\/strong><\/span><\/h2>\n<div><span style=\"color: #00ff00;\"><strong>\u2713<\/strong> <\/span>Recogida y entrega en el hotel<br \/>\n<span style=\"color: #00ff00;\"><strong>\u2713<\/strong> <\/span>Gu\u00eda profesional<br \/>\n<span style=\"color: #00ff00;\"><strong>\u2713<\/strong> <\/span>Safari en jeep<br \/>\n<span style=\"color: #00ff00;\"><strong>\u2713<\/strong> <\/span>Paseo en buggy o quad<br \/>\n<span style=\"color: #00ff00;\"><strong>\u2713<\/strong> <\/span>Experiencia de tirolesa<br \/>\n<span style=\"color: #00ff00;\"><strong>\u2713<\/strong> <\/span>Comida junto al r\u00edo<br \/>\n<span style=\"color: #00ff00;\"><strong>\u2713<\/strong> <\/span>Seguro a todo riesgo<\/div>\n<div><span style=\"color: #00ff00;\"><strong>\u2713<\/strong> <\/span>Rafting con equipo (chaleco salvavidas, casco, remos)<\/div>\n<h2><span style=\"color: #000000;\"><strong>No se incluye:<\/strong><\/span><\/h2>\n<p><span style=\"color: #ff0000;\"><strong>\u2717<\/strong> <\/span>Bebidas<br \/>\n<span style=\"color: #ff0000;\"><strong>\u2717<\/strong> <\/span>Fotos y v\u00eddeos<\/p>\n<h2><span style=\"color: #000000;\"><strong>\ud83c\udf1f Lo m\u00e1s destacado del viaje<\/strong><\/span><\/h2>\n<p>\ud83d\udd39 Aventura 4 en 1: <strong>Rafting, safari en jeep, paseo en buggy\/quad y tirolina<\/strong><br \/>\n\ud83d\udd39 Explora la antig\u00fcedad <strong>Puentes romanos<\/strong> y escarpadas carreteras de monta\u00f1a<br \/>\n\ud83d\udd39 <strong>Rafting por los r\u00e1pidos del ca\u00f1\u00f3n de K\u00f6pr\u00fcl\u00fc<\/strong> - divertido y refrescante<br \/>\n\ud83d\udd39 <strong>Tirolesa sobre el ca\u00f1\u00f3n<\/strong> - impresionantes vistas a\u00e9reas<br \/>\n\ud83d\udd39 <strong>Paseo en buggy o quad<\/strong> a trav\u00e9s de pinares y senderos panor\u00e1micos<br \/>\n\ud83d\udd39 Delicioso <strong>almuerzo barbacoa ribere\u00f1a<\/strong><br \/>\n\ud83d\udd39 Seguro, guiado y apto para principiantes<\/p>\n<h2><span style=\"color: #000000;\"><strong>\ud83d\udcd6 Descripci\u00f3n completa<\/strong><\/span><\/h2>\n<div>Prep\u00e1rese para un d\u00eda completo de diversi\u00f3n y aventura al aire libre. Su viaje comienza con una c\u00f3moda recogida en su hotel de <strong>Alanya<\/strong> y un pintoresco viaje de 70 km hasta el <strong>Parque Nacional del Ca\u00f1\u00f3n del K\u00f6pr\u00fcl\u00fc<\/strong>.<\/div>\n<div><strong>Safari en jeep: <\/strong>Comience su aventura a bordo de jeeps descapotables, explorando antiguos <strong>Puentes romanos<\/strong> y paisajes de monta\u00f1a mientras aprende sobre la historia de la regi\u00f3n.<\/div>\n<div><strong>Paseo en Buggy \/ Quad: <\/strong>A continuaci\u00f3n, cambie a <strong>Buggy o Quad (ATV)<\/strong> para un paseo en todoterreno de 50 minutos por senderos forestales y riberas fluviales: una forma emocionante de disfrutar de la belleza de la naturaleza.<\/div>\n<div><strong>Aventura de rafting: <\/strong>Tras el recorrido todoterreno, prep\u00e1rate y \u00fanete a tu equipo para una inolvidable <strong>experiencia de rafting<\/strong> a lo largo del r\u00edo K\u00f6pr\u00fc\u00e7ay. Sienta la emoci\u00f3n mientras navega por el <strong>Ruta de rafting de 12 km<\/strong>, con muchas salpicaduras y diversi\u00f3n por el camino.<\/div>\n<div><strong>Emoci\u00f3n de tirolesa: <\/strong>A mitad del rafting, det\u00e9ngase para vivir el momento de adrenalina definitivo: un <strong>Tirolina de 350 metros<\/strong> \u00a1cruzando el ca\u00f1\u00f3n! La vista panor\u00e1mica desde arriba es absolutamente espectacular.<\/div>\n<div>Una vez que su d\u00eda lleno de aventuras llegue a su fin, rel\u00e1jese y disfrute de un <strong>barbacoa junto al r\u00edo<\/strong> antes de regresar a su hotel en Alanya.<\/div>\n<h3><span style=\"color: #000000;\"><strong>\ud83d\uddfa\ufe0f Itinerario<\/strong><\/span><\/h3>\n<p>\ud83d\udd39 Recogida en hoteles de Alanya y alrededores.<br \/>\n\ud83d\udd39 Traslado al centro de rafting del ca\u00f1\u00f3n de K\u00f6pr\u00fcl\u00fc.<br \/>\n\ud83d\udd39 Safari en jeep: explora los puentes romanos y las carreteras de monta\u00f1a<br \/>\n\ud83d\udd39 Paseo en Buggy o Quad - Aventura todoterreno de 50 minutos.<br \/>\n\ud83d\udd39 Rafting - Pista de 12 km con r\u00e1pidos y paradas divertidas.<br \/>\n\ud83d\udd39 Tirolina - 350 metros a trav\u00e9s del ca\u00f1\u00f3n<br \/>\n\ud83d\udd39 Almuerzo de barbacoa en la orilla del r\u00edo<br \/>\n\ud83d\udd39 Traslado de vuelta al hotel<\/p>\n<h3><span style=\"color: #000000;\"><strong>\u2139\ufe0f Informaci\u00f3n \u00fatil<\/strong><\/span><\/h3>\n<p>\ud83d\udd39 Duraci\u00f3n: aproximadamente <strong>8-9 horas<\/strong><br \/>\n\ud83d\udd39 No se requiere experiencia previa en rafting<br \/>\n\ud83d\udd39 Se proporciona todo el equipo de seguridad (chalecos salvavidas, cascos).<br \/>\n\ud83d\udd39 Gu\u00edas de habla inglesa, rusa y alemana disponibles.<br \/>\n\ud83d\udd39 Se pueden comprar zapatillas de agua y fundas impermeables para el m\u00f3vil<br \/>\n\ud83d\udd39 Los ni\u00f1os menores de 6 a\u00f1os que viajan gratis no tienen un asiento aparte en el autob\u00fas. Si el autob\u00fas est\u00e1 lleno, se sientan en el regazo de un adulto, o se puede reservar un asiento aparte<\/p>\n<h3><strong>Qu\u00e9 llevar<\/strong><\/h3>\n<p>\ud83d\udd39 Ba\u00f1ador y toalla.<br \/>\n\ud83d\udd39 Ropa y calzado de repuesto<br \/>\n\ud83d\udd39 Protector solar y gafas de sol.<br \/>\n\ud83d\udd39 Funda impermeable para la c\u00e1mara o el tel\u00e9fono<br \/>\n\ud83d\udd39 Dinero en efectivo para bebidas, fotos o recuerdos.<\/p>\n<h3><strong>\ud83d\udeab No apto para<\/strong><\/h3>\n<p>\ud83d\udd39 Mujeres embarazadas<br \/>\n\ud83d\udd39 Personas con afecciones card\u00edacas<br \/>\n\ud83d\udd39 Viajeros con movilidad reducida<br \/>\n\ud83d\udd39 Ni\u00f1os menores de 4 a\u00f1os<\/p>\n<h4>\ud83d\udcb8 Precios y reservas<\/h4>\n<p><strong>\ud83d\udd39 Reserva ahora, paga el d\u00eda de la excursi\u00f3n<\/strong><br \/>\n\ud83d\udd39 P\u00f3ngase en contacto con nosotros a trav\u00e9s de <strong>WhatsApp<\/strong>, <strong>Telegrama<\/strong>, <strong>Viber<\/strong>, o rellene el siguiente formulario de reserva. \ud83d\udc47\ud83c\udffc<\/p>\n<p>\u00bfBuscas alternativas? Explora <a href=\"https:\/\/excursionsworld.com\/es\/excursiones-alanya\/\">m\u00e1s tours en Alanya<\/a>.<\/p>","protected":false},"excerpt":{"rendered":"<article class=\"text-token-text-primary w-full focus:outline-none [--shadow-height:45px] has-data-writing-block:pointer-events-none has-data-writing-block:-mt-(--shadow-height) has-data-writing-block:pt-(--shadow-height) [&amp;:has([data-writing-block])&gt;*]:pointer-events-auto [content-visibility:auto] supports-[content-visibility:auto]:[contain-intrinsic-size:auto_100lvh] scroll-mt-[calc(var(--header-height)+min(200px,max(70px,20svh)))]\" dir=\"auto\" tabindex=\"-1\" data-turn-id=\"request-68fc9928-d314-8331-9d99-fe0fab624f17-13\" data-testid=\"conversation-turn-96\" data-scroll-anchor=\"true\" data-turn=\"assistant\">\n<div class=\"text-base my-auto mx-auto pb-10 [--thread-content-margin:--spacing(4)] thread-sm:[--thread-content-margin:--spacing(6)] thread-lg:[--thread-content-margin:--spacing(16)] px-(--thread-content-margin)\">\n<div class=\"[--thread-content-max-width:40rem] thread-lg:[--thread-content-max-width:48rem] mx-auto max-w-(--thread-content-max-width) flex-1 group\/turn-messages focus-visible:outline-hidden relative flex w-full min-w-0 flex-col agent-turn\" tabindex=\"-1\">\n<div class=\"flex max-w-full flex-col grow\">\n<div class=\"min-h-8 text-message relative flex w-full flex-col items-end gap-2 text-start break-words whitespace-normal [.text-message+&amp;]:mt-1\" dir=\"auto\" data-message-author-role=\"assistant\" data-message-id=\"7474beb7-4d8c-4a75-963b-0c7ab3c45139\" data-message-model-slug=\"gpt-5\">\n<div class=\"flex w-full flex-col gap-1 empty:hidden first:pt-[1px]\">\n<div class=\"markdown prose dark:prose-invert w-full break-words light markdown-new-styling\">\n<p data-start=\"0\" data-end=\"195\" data-is-last-node=\"\" data-is-only-node=\"\">Experience the ultimate 4-in-1 adventure in Alanya! Join our rafting, buggy, jeep safari &amp; zipline trip in K\u00f6pr\u00fcl\u00fc Canyon \u2014 a full-day outdoor excursion!<\/p>\n<\/div>\n<\/div>\n<\/div>\n<\/div>\n<div class=\"z-0 flex min-h-[46px] justify-start\"><\/div>\n<div class=\"mt-3 w-full empty:hidden\">\n<div class=\"text-center\"><\/div>\n<\/div>\n<\/div>\n<\/div>\n<\/article>\n<div class=\"pointer-events-none h-px w-px\" aria-hidden=\"true\" data-edge=\"true\"><\/div>\n","protected":false},"featured_media":15513,"comment_status":"open","ping_status":"closed","template":"","meta":[],"product_brand":[],"product_cat":[128],"product_tag":[111],"class_list":{"0":"post-15498","1":"product","2":"type-product","3":"status-publish","4":"has-post-thumbnail","6":"tour_phys-alanya-tours","7":"product_cat-alanya-tours","8":"product_tag-alanya","9":"pa_destination-alanya-tours","11":"first","12":"instock","13":"sale","14":"shipping-taxable","15":"purchasable","16":"product-type-tour_phys"},"aioseo_notices":[],"_links":{"self":[{"href":"https:\/\/excursionsworld.com\/es\/wp-json\/wp\/v2\/product\/15498","targetHints":{"allow":["GET"]}}],"collection":[{"href":"https:\/\/excursionsworld.com\/es\/wp-json\/wp\/v2\/product"}],"about":[{"href":"https:\/\/excursionsworld.com\/es\/wp-json\/wp\/v2\/types\/product"}],"replies":[{"embeddable":true,"href":"https:\/\/excursionsworld.com\/es\/wp-json\/wp\/v2\/comments?post=15498"}],"wp:featuredmedia":[{"embeddable":true,"href":"https:\/\/excursionsworld.com\/es\/wp-json\/wp\/v2\/media\/15513"}],"wp:attachment":[{"href":"https:\/\/excursionsworld.com\/es\/wp-json\/wp\/v2\/media?parent=15498"}],"wp:term":[{"taxonomy":"product_brand","embeddable":true,"href":"https:\/\/excursionsworld.com\/es\/wp-json\/wp\/v2\/product_brand?post=15498"},{"taxonomy":"product_cat","embeddable":true,"href":"https:\/\/excursionsworld.com\/es\/wp-json\/wp\/v2\/product_cat?post=15498"},{"taxonomy":"product_tag","embeddable":true,"href":"https:\/\/excursionsworld.com\/es\/wp-json\/wp\/v2\/product_tag?post=15498"}],"curies":[{"name":"wp","href":"https:\/\/api.w.org\/{rel}","templated":true}]}}