{"id":15500,"date":"2025-10-30T18:35:45","date_gmt":"2025-10-30T15:35:45","guid":{"rendered":"https:\/\/excursionsworld.com\/?post_type=product&#038;p=15500"},"modified":"2026-03-02T19:41:33","modified_gmt":"2026-03-02T16:41:33","slug":"rafting-jeep-buggy-zipline-side","status":"publish","type":"product","link":"https:\/\/excursionsworld.com\/tours\/rafting-jeep-buggy-zipline-side\/","title":{"rendered":"Rafting, jeep, buggy y tirolina 4 en 1 \u2013 tour combinado desde Side"},"content":{"rendered":"<h3 data-start=\"212\" data-end=\"231\"><span style=\"color: #000000;\"><strong>\ud83c\udfde\ufe0f Visi\u00f3n general<\/strong><\/span><\/h3>\n<p data-start=\"232\" data-end=\"599\">\u00danete al <strong data-start=\"241\" data-end=\"305\">Excursi\u00f3n combinada Side 4 en 1: rafting, safari en jeep, buggy y tirolina<\/strong> y experimente un d\u00eda completo de adrenalina, naturaleza y diversi\u00f3n en el impresionante <strong data-start=\"379\" data-end=\"411\">Parque Nacional del Ca\u00f1\u00f3n del K\u00f6pr\u00fcl\u00fc<\/strong>\u00a1! Esta emocionante aventura es perfecta para los amantes de las emociones fuertes y de la naturaleza, ya que combina <strong data-start=\"496\" data-end=\"550\">Safari en jeep, rafting, paseo en buggy\/quad y tirolina<\/strong> - todo en una experiencia inolvidable al aire libre.<\/p>\n<h3 data-start=\"601\" data-end=\"616\"><span style=\"color: #000000;\"><strong>Incluido:<\/strong><\/span><\/h3>\n<p data-start=\"617\" data-end=\"829\"><span style=\"color: #00ff00;\"><strong>\u2713<\/strong> <\/span>Recogida y entrega en el hotel<br data-start=\"644\" data-end=\"647\" \/><span style=\"color: #00ff00;\"><strong>\u2713<\/strong> <\/span>Gu\u00eda profesional<br data-start=\"667\" data-end=\"670\" \/><span style=\"color: #00ff00;\"><strong>\u2713<\/strong> <\/span>Safari en jeep<br data-start=\"683\" data-end=\"686\" \/><span style=\"color: #00ff00;\"><strong>\u2713<\/strong> <\/span>Rafting con equipo (chaleco salvavidas, casco, remos)<br data-start=\"739\" data-end=\"742\" \/><span style=\"color: #00ff00;\"><strong>\u2713<\/strong> <\/span>Paseo en buggy o quad<br data-start=\"762\" data-end=\"765\" \/><span style=\"color: #00ff00;\"><strong>\u2713<\/strong> <\/span>Experiencia de tirolesa<br data-start=\"785\" data-end=\"788\" \/><span style=\"color: #00ff00;\"><strong>\u2713<\/strong> <\/span>Comida junto al r\u00edo<br data-start=\"808\" data-end=\"811\" \/><span style=\"color: #00ff00;\"><strong>\u2713<\/strong> <\/span>Seguro a todo riesgo<\/p>\n<h3 data-start=\"831\" data-end=\"850\"><span style=\"color: #000000;\"><strong>No se incluye:<\/strong><\/span><\/h3>\n<p data-start=\"851\" data-end=\"883\"><span style=\"color: #ff0000;\"><strong>\u2717<\/strong><\/span> Bebidas<br data-start=\"859\" data-end=\"862\" \/><span style=\"color: #ff0000;\"><strong>\u2717 <\/strong><\/span>Fotos y v\u00eddeos<\/p>\n<h3 data-start=\"885\" data-end=\"910\"><span style=\"color: #000000;\"><strong>\ud83c\udf1f Lo m\u00e1s destacado del viaje<\/strong><\/span><\/h3>\n<p data-start=\"911\" data-end=\"1323\">Aventura 4 en 1: Rafting, safari en jeep, paseo en buggy\/quad y tirolina.<br data-start=\"982\" data-end=\"985\" \/>\ud83d\udd39 Explora antiguos puentes romanos y escarpadas carreteras de monta\u00f1a<br data-start=\"1043\" data-end=\"1046\" \/>\ud83d\udd39 Rafting por los r\u00e1pidos del ca\u00f1\u00f3n de K\u00f6pr\u00fcl\u00fc: emocionante y refrescante<br data-start=\"1115\" data-end=\"1118\" \/>\ud83d\udd39 Tirolesa sobre el ca\u00f1\u00f3n - impresionantes vistas a\u00e9reas.<br data-start=\"1172\" data-end=\"1175\" \/>\ud83d\udd39 Paseo en buggy o quad por pinares y senderos panor\u00e1micos<br data-start=\"1235\" data-end=\"1238\" \/>\ud83d\udd39 Delicioso almuerzo de barbacoa a orillas del r\u00edo.<br data-start=\"1275\" data-end=\"1278\" \/>\ud83d\udd39 Seguro, guiado y apto para principiantes<\/p>\n<h3 data-start=\"1325\" data-end=\"1351\"><span style=\"color: #000000;\"><strong>\ud83d\udcd6 Descripci\u00f3n completa<\/strong><\/span><\/h3>\n<div data-start=\"1352\" data-end=\"1550\">Prep\u00e1rese para un d\u00eda lleno de acci\u00f3n, aventura y diversi\u00f3n. Su viaje comienza con una c\u00f3moda recogida en su hotel de <strong data-start=\"1474\" data-end=\"1482\">Lado<\/strong> y un pintoresco trayecto de 60 km hasta el <strong data-start=\"1515\" data-end=\"1547\">Parque Nacional del Ca\u00f1\u00f3n del K\u00f6pr\u00fcl\u00fc<\/strong>.<\/div>\n<div data-start=\"1552\" data-end=\"1769\"><strong data-start=\"1552\" data-end=\"1568\">Safari en jeep:<\/strong> Comience su aventura a bordo de jeeps descapotables mientras explora antiguos puentes romanos e impresionantes paisajes de monta\u00f1a. Su gu\u00eda compartir\u00e1 con usted datos interesantes sobre la historia y la belleza natural de la zona.<\/div>\n<div data-start=\"1771\" data-end=\"1961\"><strong data-start=\"1771\" data-end=\"1793\">Paseo en Buggy \/ Quad:<\/strong> Contin\u00fae la emoci\u00f3n con un paseo en todoterreno de 50 minutos por polvorientos caminos forestales y riberas. No hace falta experiencia: \u00a1s\u00f3lo tienes que seguir a tu gu\u00eda y disfrutar de la emoci\u00f3n!<\/div>\n<div data-start=\"1963\" data-end=\"2193\"><strong data-start=\"1963\" data-end=\"1985\">Aventura de rafting:<\/strong> Despu\u00e9s del paseo en todoterreno, ponte el equipo de seguridad y \u00fanete a tu equipo para un inolvidable descenso en balsa por el <strong data-start=\"2097\" data-end=\"2115\">R\u00edo K\u00f6pr\u00fc\u00e7ay<\/strong>. Rema por la ruta de 12 km llena de r\u00e1pidos, chapuzones y risas.<\/div>\n<div data-start=\"2195\" data-end=\"2399\"><strong data-start=\"2195\" data-end=\"2214\">Emoci\u00f3n de tirolesa:<\/strong> A mitad del rafting, haga una pausa para disfrutar del momento de adrenalina definitivo: \u00a1una tirolina de 350 metros que cruza el ca\u00f1\u00f3n! Disfrute de la incre\u00edble vista panor\u00e1mica antes de regresar a su balsa.<\/div>\n<div data-start=\"2401\" data-end=\"2530\">Al final de este emocionante d\u00eda, disfrute de una deliciosa barbacoa a orillas del r\u00edo antes de regresar c\u00f3modamente a su hotel en Side.<\/div>\n<h3 data-start=\"2532\" data-end=\"2557\"><span style=\"color: #000000;\"><strong>\ud83d\uddfa\ufe0f Itinerario<\/strong><\/span><\/h3>\n<p data-start=\"2558\" data-end=\"2930\">\ud83d\udd39 Recogida en hoteles de Side y alrededores.<br data-start=\"2609\" data-end=\"2612\" \/>\ud83d\udd39 Traslado al centro de rafting del ca\u00f1\u00f3n de K\u00f6pr\u00fcl\u00fc.<br data-start=\"2656\" data-end=\"2659\" \/>\ud83d\udd39 Safari en jeep: explora los puentes romanos y las carreteras de monta\u00f1a<br data-start=\"2716\" data-end=\"2719\" \/>\ud83d\udd39 Paseo en Buggy o Quad - Aventura todoterreno de 50 minutos.<br data-start=\"2771\" data-end=\"2774\" \/>\ud83d\udd39 Rafting - Pista de 12 km con r\u00e1pidos y paradas divertidas.<br data-start=\"2824\" data-end=\"2827\" \/>\ud83d\udd39 Tirolina - 350 metros a trav\u00e9s del ca\u00f1\u00f3n<br data-start=\"2868\" data-end=\"2871\" \/>\ud83d\udd39 Almuerzo de barbacoa en la orilla del r\u00edo<br data-start=\"2898\" data-end=\"2901\" \/>\ud83d\udd39 Traslado de vuelta al hotel<\/p>\n<h3 data-start=\"2932\" data-end=\"2960\"><span style=\"color: #000000;\"><strong>\u2139\ufe0f Informaci\u00f3n \u00fatil<\/strong><\/span><\/h3>\n<p data-start=\"2961\" data-end=\"3390\">\ud83d\udd39 Duraci\u00f3n: aproximadamente 8-9 horas<br data-start=\"2997\" data-end=\"3000\" \/>\ud83d\udd39 No se requiere experiencia previa en rafting<br data-start=\"3042\" data-end=\"3045\" \/>\ud83d\udd39 Se proporciona todo el equipo de seguridad (chalecos salvavidas, cascos).<br data-start=\"3099\" data-end=\"3102\" \/>\ud83d\udd39 Gu\u00edas de habla inglesa, rusa y alemana disponibles.<br data-start=\"3159\" data-end=\"3162\" \/>\ud83d\udd39 Se pueden comprar zapatillas de agua y fundas impermeables para el m\u00f3vil<br data-start=\"3226\" data-end=\"3229\" \/>\ud83d\udd39 Los ni\u00f1os menores de 6 a\u00f1os que viajan gratis no tienen un asiento aparte en el autob\u00fas. Si el autob\u00fas est\u00e1 lleno, se sientan en el regazo de un adulto, o se puede reservar un asiento aparte<\/p>\n<h3 data-start=\"3392\" data-end=\"3415\"><span style=\"color: #000000;\"><strong>Qu\u00e9 llevar<\/strong><\/span><\/h3>\n<p data-start=\"3416\" data-end=\"3578\">\ud83d\udd39 Ba\u00f1ador y toalla.<br data-start=\"3437\" data-end=\"3440\" \/>\ud83d\udd39 Ropa y calzado de repuesto<br data-start=\"3466\" data-end=\"3469\" \/>\ud83d\udd39 Protector solar y gafas de sol.<br data-start=\"3496\" data-end=\"3499\" \/>\ud83d\udd39 Funda impermeable para la c\u00e1mara o el tel\u00e9fono<br data-start=\"3533\" data-end=\"3536\" \/>\ud83d\udd39 Dinero en efectivo para bebidas, fotos o recuerdos.<\/p>\n<h3 data-start=\"3580\" data-end=\"3606\"><span style=\"color: #000000;\"><strong>\ud83d\udeab No apto para<\/strong><\/span><\/h3>\n<p data-start=\"3607\" data-end=\"3725\">\ud83d\udd39 Mujeres embarazadas<br data-start=\"3624\" data-end=\"3627\" \/>\ud83d\udd39 Personas con afecciones card\u00edacas<br data-start=\"3658\" data-end=\"3661\" \/>\ud83d\udd39 Viajeros con movilidad reducida<br data-start=\"3695\" data-end=\"3698\" \/>\ud83d\udd39 Ni\u00f1os menores de 4 a\u00f1os<\/p>\n<h3 data-start=\"3727\" data-end=\"3754\"><span style=\"color: #000000;\"><strong>\ud83d\udcb8 Precios y reservas<\/strong><\/span><\/h3>\n<p data-start=\"3755\" data-end=\"3883\"><strong>\ud83d\udd39 Reserva ahora, paga el d\u00eda de la excursi\u00f3n<\/strong><br data-start=\"3794\" data-end=\"3797\" \/>\ud83d\udd39 Ponte en contacto con nosotros a trav\u00e9s de WhatsApp, Telegram, Viber, o rellena el siguiente formulario de reserva \ud83d\udc47\ud83c\udffc<\/p>","protected":false},"excerpt":{"rendered":"<p>Viva una aventura inolvidable con nuestra excursi\u00f3n 4 en 1 de rafting, safari en jeep, buggy y tirolina: \u00a1la combinaci\u00f3n perfecta para los amantes de las emociones fuertes!<\/p>","protected":false},"featured_media":15513,"comment_status":"open","ping_status":"closed","template":"","meta":[],"product_brand":[],"product_cat":[127],"product_tag":[122],"class_list":{"0":"post-15500","1":"product","2":"type-product","3":"status-publish","4":"has-post-thumbnail","6":"tour_phys-side-tours","7":"product_cat-side-tours","8":"product_tag-side","9":"pa_destination-side-tours","11":"first","12":"instock","13":"sale","14":"shipping-taxable","15":"purchasable","16":"product-type-tour_phys"},"aioseo_notices":[],"_links":{"self":[{"href":"https:\/\/excursionsworld.com\/es\/wp-json\/wp\/v2\/product\/15500","targetHints":{"allow":["GET"]}}],"collection":[{"href":"https:\/\/excursionsworld.com\/es\/wp-json\/wp\/v2\/product"}],"about":[{"href":"https:\/\/excursionsworld.com\/es\/wp-json\/wp\/v2\/types\/product"}],"replies":[{"embeddable":true,"href":"https:\/\/excursionsworld.com\/es\/wp-json\/wp\/v2\/comments?post=15500"}],"wp:featuredmedia":[{"embeddable":true,"href":"https:\/\/excursionsworld.com\/es\/wp-json\/wp\/v2\/media\/15513"}],"wp:attachment":[{"href":"https:\/\/excursionsworld.com\/es\/wp-json\/wp\/v2\/media?parent=15500"}],"wp:term":[{"taxonomy":"product_brand","embeddable":true,"href":"https:\/\/excursionsworld.com\/es\/wp-json\/wp\/v2\/product_brand?post=15500"},{"taxonomy":"product_cat","embeddable":true,"href":"https:\/\/excursionsworld.com\/es\/wp-json\/wp\/v2\/product_cat?post=15500"},{"taxonomy":"product_tag","embeddable":true,"href":"https:\/\/excursionsworld.com\/es\/wp-json\/wp\/v2\/product_tag?post=15500"}],"curies":[{"name":"wp","href":"https:\/\/api.w.org\/{rel}","templated":true}]}}