{"id":15502,"date":"2025-10-30T19:00:11","date_gmt":"2025-10-30T16:00:11","guid":{"rendered":"https:\/\/excursionsworld.com\/?post_type=product&#038;p=15502"},"modified":"2026-03-02T19:40:35","modified_gmt":"2026-03-02T16:40:35","slug":"rafting-tazi-canyon-buggy-belek","status":"publish","type":"product","link":"https:\/\/excursionsworld.com\/tours\/rafting-tazi-canyon-buggy-belek\/","title":{"rendered":"Rafting, jeep, buggy y tirolina tour desde Belek \u2013 4 en 1"},"content":{"rendered":"<h3 data-start=\"518\" data-end=\"537\">\ud83c\udfde\ufe0f Visi\u00f3n general<\/h3>\n<p data-start=\"538\" data-end=\"870\">\u00danete al <strong data-start=\"547\" data-end=\"612\">Belek 4 en 1: rafting, safari en jeep, buggy y tirolina<\/strong> y disfrute de un d\u00eda completo de adrenalina, naturaleza y diversi\u00f3n en el magn\u00edfico <strong data-start=\"684\" data-end=\"716\">Parque Nacional del Ca\u00f1\u00f3n del K\u00f6pr\u00fcl\u00fc<\/strong>\u00a1! Perfecto para los amantes de la aventura, este tour combina <strong data-start=\"767\" data-end=\"821\">Safari en jeep, rafting, paseo en buggy\/quad y tirolina<\/strong> - todo en una experiencia inolvidable al aire libre.<\/p>\n<h3 data-start=\"872\" data-end=\"887\">Incluido:<\/h3>\n<p data-start=\"888\" data-end=\"1100\"><span style=\"color: #00ff00;\"><strong>\u2713<\/strong> <\/span>Recogida y entrega en el hotel<br data-start=\"915\" data-end=\"918\" \/><span style=\"color: #00ff00;\"><strong>\u2713<\/strong> <\/span>Gu\u00eda profesional<br data-start=\"938\" data-end=\"941\" \/><span style=\"color: #00ff00;\"><strong>\u2713<\/strong> <\/span>Safari en jeep<br data-start=\"954\" data-end=\"957\" \/><span style=\"color: #00ff00;\"><strong>\u2713<\/strong> <\/span>Rafting con equipo (chaleco salvavidas, casco, remos)<br data-start=\"1010\" data-end=\"1013\" \/><span style=\"color: #00ff00;\"><strong>\u2713<\/strong> <\/span>Paseo en buggy o quad<br data-start=\"1033\" data-end=\"1036\" \/><span style=\"color: #00ff00;\"><strong>\u2713<\/strong> <\/span>Experiencia de tirolesa<br data-start=\"1056\" data-end=\"1059\" \/><span style=\"color: #00ff00;\"><strong>\u2713<\/strong> <\/span>Comida junto al r\u00edo<br data-start=\"1079\" data-end=\"1082\" \/><span style=\"color: #00ff00;\"><strong>\u2713<\/strong> <\/span>Seguro a todo riesgo<\/p>\n<h3 data-start=\"1102\" data-end=\"1121\">No se incluye:<\/h3>\n<p data-start=\"1122\" data-end=\"1154\"><span style=\"color: #ff0000;\"><strong>\u2717<\/strong> <\/span>Bebidas<br data-start=\"1130\" data-end=\"1133\" \/><span style=\"color: #ff0000;\"><strong>\u2717<\/strong> <\/span>Fotos y v\u00eddeos<\/p>\n<h3 data-start=\"1156\" data-end=\"1181\">\ud83c\udf1f Lo m\u00e1s destacado del viaje<\/h3>\n<p data-start=\"1182\" data-end=\"1594\">Aventura 4 en 1: Rafting, safari en jeep, paseo en buggy\/quad y tirolina.<br data-start=\"1253\" data-end=\"1256\" \/>\ud83d\udd39 Explora antiguos puentes romanos y escarpadas carreteras de monta\u00f1a<br data-start=\"1314\" data-end=\"1317\" \/>\ud83d\udd39 Rafting por los r\u00e1pidos del ca\u00f1\u00f3n de K\u00f6pr\u00fcl\u00fc: emocionante y refrescante<br data-start=\"1386\" data-end=\"1389\" \/>\ud83d\udd39 Tirolesa sobre el ca\u00f1\u00f3n - impresionantes vistas a\u00e9reas.<br data-start=\"1443\" data-end=\"1446\" \/>\ud83d\udd39 Paseo en buggy o quad por pinares y senderos panor\u00e1micos<br data-start=\"1506\" data-end=\"1509\" \/>\ud83d\udd39 Delicioso almuerzo de barbacoa a orillas del r\u00edo.<br data-start=\"1546\" data-end=\"1549\" \/>\ud83d\udd39 Seguro, guiado y apto para principiantes<\/p>\n<h3 data-start=\"1596\" data-end=\"1622\">\ud83d\udcd6 Descripci\u00f3n completa<\/h3>\n<div data-start=\"1623\" data-end=\"1777\">Prep\u00e1rese para un d\u00eda de aventuras repleto de acci\u00f3n. Recogida en su hotel en <strong data-start=\"1698\" data-end=\"1707\">Belek<\/strong> y disfrute de un pintoresco trayecto de 60 km hasta <strong data-start=\"1742\" data-end=\"1774\">Parque Nacional del Ca\u00f1\u00f3n del K\u00f6pr\u00fcl\u00fc<\/strong>. <strong data-start=\"1779\" data-end=\"1795\">Safari en jeep:<\/strong> Explore los antiguos puentes romanos y los paisajes monta\u00f1osos a bordo de jeeps descapotables. Su gu\u00eda compartir\u00e1 con usted datos interesantes sobre la historia de la zona. <strong data-start=\"1942\" data-end=\"1964\">Paseo en Buggy \/ Quad:<\/strong> Contin\u00fae con un paseo en todoterreno de 50 minutos por pistas forestales y riberas. No es necesario tener experiencia, \u00a1s\u00f3lo tienes que seguir a tu gu\u00eda! <strong data-start=\"2093\" data-end=\"2115\">Aventura de rafting:<\/strong> Prep\u00e1rese y \u00fanase a su equipo para una inolvidable traves\u00eda en balsa por el <strong data-start=\"2190\" data-end=\"2208\">R\u00edo K\u00f6pr\u00fc\u00e7ay<\/strong>. Rema por la ruta de 12 km llena de r\u00e1pidos y diversi\u00f3n. <strong data-start=\"2272\" data-end=\"2291\">Emoci\u00f3n de tirolesa:<\/strong> A mitad del rafting, disfrute de una tirolina de 350 metros a trav\u00e9s del ca\u00f1\u00f3n con unas vistas impresionantes. Al final del d\u00eda, disfrute de una barbacoa junto al r\u00edo antes de regresar a su hotel en Belek.<\/div>\n<h3 data-start=\"2489\" data-end=\"2514\">\ud83d\uddfa\ufe0f Itinerario<\/h3>\n<p data-start=\"2515\" data-end=\"2888\">\ud83d\udd39 Recogida en hoteles de Belek y alrededores.<br data-start=\"2567\" data-end=\"2570\" \/>\ud83d\udd39 Traslado al centro de rafting del ca\u00f1\u00f3n de K\u00f6pr\u00fcl\u00fc.<br data-start=\"2614\" data-end=\"2617\" \/>\ud83d\udd39 Safari en jeep: explora los puentes romanos y las carreteras de monta\u00f1a<br data-start=\"2674\" data-end=\"2677\" \/>\ud83d\udd39 Paseo en Buggy o Quad - Aventura todoterreno de 50 minutos.<br data-start=\"2729\" data-end=\"2732\" \/>\ud83d\udd39 Rafting - Pista de 12 km con r\u00e1pidos y paradas divertidas.<br data-start=\"2782\" data-end=\"2785\" \/>\ud83d\udd39 Tirolina - 350 metros a trav\u00e9s del ca\u00f1\u00f3n<br data-start=\"2826\" data-end=\"2829\" \/>\ud83d\udd39 Almuerzo de barbacoa en la orilla del r\u00edo<br data-start=\"2856\" data-end=\"2859\" \/>\ud83d\udd39 Traslado de vuelta al hotel<\/p>\n<h3 data-start=\"2890\" data-end=\"2918\">\u2139\ufe0f Informaci\u00f3n \u00fatil<\/h3>\n<p data-start=\"2919\" data-end=\"3348\">\ud83d\udd39 Duraci\u00f3n: aproximadamente 8-9 horas<br data-start=\"2955\" data-end=\"2958\" \/>\ud83d\udd39 No se requiere experiencia previa en rafting<br data-start=\"3000\" data-end=\"3003\" \/>\ud83d\udd39 Se proporciona todo el equipo de seguridad (chalecos salvavidas, cascos).<br data-start=\"3057\" data-end=\"3060\" \/>\ud83d\udd39 Gu\u00edas de habla inglesa, rusa y alemana disponibles.<br data-start=\"3117\" data-end=\"3120\" \/>\ud83d\udd39 Se pueden comprar zapatillas de agua y fundas impermeables para el m\u00f3vil<br data-start=\"3184\" data-end=\"3187\" \/>\ud83d\udd39 Los ni\u00f1os menores de 6 a\u00f1os que viajan gratis no tienen un asiento aparte en el autob\u00fas. Si el autob\u00fas est\u00e1 lleno, se sientan en el regazo de un adulto, o se puede reservar un asiento aparte<\/p>\n<h3 data-start=\"3350\" data-end=\"3373\">Qu\u00e9 llevar<\/h3>\n<p data-start=\"3374\" data-end=\"3536\">\ud83d\udd39 Ba\u00f1ador y toalla.<br data-start=\"3395\" data-end=\"3398\" \/>\ud83d\udd39 Ropa y calzado de repuesto<br data-start=\"3424\" data-end=\"3427\" \/>\ud83d\udd39 Protector solar y gafas de sol.<br data-start=\"3454\" data-end=\"3457\" \/>\ud83d\udd39 Funda impermeable para la c\u00e1mara o el tel\u00e9fono<br data-start=\"3491\" data-end=\"3494\" \/>\ud83d\udd39 Dinero en efectivo para bebidas, fotos o recuerdos.<\/p>\n<h3 data-start=\"3538\" data-end=\"3564\">\ud83d\udeab No apto para<\/h3>\n<p data-start=\"3565\" data-end=\"3683\">\ud83d\udd39 Mujeres embarazadas<br data-start=\"3582\" data-end=\"3585\" \/>\ud83d\udd39 Personas con afecciones card\u00edacas<br data-start=\"3616\" data-end=\"3619\" \/>\ud83d\udd39 Viajeros con movilidad reducida<br data-start=\"3653\" data-end=\"3656\" \/>\ud83d\udd39 Ni\u00f1os menores de 4 a\u00f1os<\/p>\n<h3 data-start=\"3685\" data-end=\"3712\">\ud83d\udcb8 Precios y reservas<\/h3>\n<p data-start=\"3713\" data-end=\"3841\"><strong>\ud83d\udd39 Reserva ahora, paga el d\u00eda de la excursi\u00f3n<\/strong><br data-start=\"3752\" data-end=\"3755\" \/>\ud83d\udd39 Ponte en contacto con nosotros a trav\u00e9s de WhatsApp, Telegram, Viber, o rellena el siguiente formulario de reserva \ud83d\udc47\ud83c\udffc<\/p>","protected":false},"excerpt":{"rendered":"<p data-start=\"227\" data-end=\"394\">Viva una experiencia inolvidable <strong data-start=\"255\" data-end=\"286\">Excursi\u00f3n de aventura 4 en 1 por Belek<\/strong> con rafting, safari en jeep, buggy y tirolina. La mejor combinaci\u00f3n de excursi\u00f3n y viaje de un d\u00eda para los amantes de las emociones fuertes.<\/p>","protected":false},"featured_media":15513,"comment_status":"open","ping_status":"closed","template":"","meta":[],"product_brand":[],"product_cat":[126],"product_tag":[120],"class_list":{"0":"post-15502","1":"product","2":"type-product","3":"status-publish","4":"has-post-thumbnail","6":"tour_phys-belek-tours","7":"product_cat-belek-tours","8":"product_tag-belek","9":"pa_destination-belek-tours","11":"first","12":"instock","13":"sale","14":"shipping-taxable","15":"purchasable","16":"product-type-tour_phys"},"aioseo_notices":[],"_links":{"self":[{"href":"https:\/\/excursionsworld.com\/es\/wp-json\/wp\/v2\/product\/15502","targetHints":{"allow":["GET"]}}],"collection":[{"href":"https:\/\/excursionsworld.com\/es\/wp-json\/wp\/v2\/product"}],"about":[{"href":"https:\/\/excursionsworld.com\/es\/wp-json\/wp\/v2\/types\/product"}],"replies":[{"embeddable":true,"href":"https:\/\/excursionsworld.com\/es\/wp-json\/wp\/v2\/comments?post=15502"}],"wp:featuredmedia":[{"embeddable":true,"href":"https:\/\/excursionsworld.com\/es\/wp-json\/wp\/v2\/media\/15513"}],"wp:attachment":[{"href":"https:\/\/excursionsworld.com\/es\/wp-json\/wp\/v2\/media?parent=15502"}],"wp:term":[{"taxonomy":"product_brand","embeddable":true,"href":"https:\/\/excursionsworld.com\/es\/wp-json\/wp\/v2\/product_brand?post=15502"},{"taxonomy":"product_cat","embeddable":true,"href":"https:\/\/excursionsworld.com\/es\/wp-json\/wp\/v2\/product_cat?post=15502"},{"taxonomy":"product_tag","embeddable":true,"href":"https:\/\/excursionsworld.com\/es\/wp-json\/wp\/v2\/product_tag?post=15502"}],"curies":[{"name":"wp","href":"https:\/\/api.w.org\/{rel}","templated":true}]}}