{"id":15503,"date":"2025-10-30T19:36:40","date_gmt":"2025-10-30T16:36:40","guid":{"rendered":"https:\/\/excursionsworld.com\/?post_type=product&#038;p=15503"},"modified":"2026-03-02T19:39:24","modified_gmt":"2026-03-02T16:39:24","slug":"rafting-tazi-canyon-buggy-antalya","status":"publish","type":"product","link":"https:\/\/excursionsworld.com\/tours\/rafting-tazi-canyon-buggy-antalya\/","title":{"rendered":"Ca\u00f1\u00f3n Taz\u0131 rafting tour desde Antalya \u2013 buggy y tirolina 4 en 1"},"content":{"rendered":"<h3 data-start=\"189\" data-end=\"209\">\ud83c\udfdd\ufe0f <strong data-start=\"197\" data-end=\"209\">Visi\u00f3n general<\/strong><\/h3>\n<p data-start=\"211\" data-end=\"546\">Viva la aventura 4+1 definitiva desde <strong data-start=\"254\" data-end=\"265\">Antalya<\/strong>\u00a1! Descubra el impresionante <strong data-start=\"291\" data-end=\"306\">Ca\u00f1\u00f3n de Taz\u0131<\/strong> y <strong data-start=\"311\" data-end=\"329\">Ca\u00f1\u00f3n de K\u00f6pr\u00fcl\u00fc<\/strong> en un emocionante <strong data-start=\"345\" data-end=\"370\">Safari en jeep y rafting<\/strong> viaje, disfrute de un <strong data-start=\"393\" data-end=\"407\">Paseo en buggy<\/strong> a trav\u00e9s de pistas forestales y sobrevolar el ca\u00f1\u00f3n en un emocionante <strong data-start=\"472\" data-end=\"483\">Tirolina<\/strong>. Perfecto tanto para los amantes de la adrenalina como para los entusiastas de la naturaleza.<\/p>\n<h3 data-start=\"553\" data-end=\"569\"><strong data-start=\"557\" data-end=\"569\">Incluido:<\/strong><\/h3>\n<p data-start=\"571\" data-end=\"857\"><span style=\"color: #00ff00;\"><strong>\u2713<\/strong> <\/span>Recogida y entrega en el hotel\u00a0<br data-start=\"648\" data-end=\"651\" \/><span style=\"color: #00ff00;\"><strong>\u2713<\/strong> <\/span>Gu\u00eda profesional<br data-start=\"671\" data-end=\"674\" \/><span style=\"color: #00ff00;\"><strong>\u2713<\/strong> <\/span>Safari en jeep descapotable al Ca\u00f1\u00f3n del Taz\u0131<br data-start=\"711\" data-end=\"714\" \/><span style=\"color: #00ff00;\"><strong>\u2713<\/strong> <\/span>Rafting con equipo (chaleco salvavidas, casco, remos)<br data-start=\"767\" data-end=\"770\" \/><span style=\"color: #00ff00;\"><strong>\u2713<\/strong> <\/span>Paseo en buggy o quad<br data-start=\"790\" data-end=\"793\" \/><span style=\"color: #00ff00;\"><strong>\u2713<\/strong> <\/span>Experiencia de tirolesa<br data-start=\"813\" data-end=\"816\" \/><span style=\"color: #00ff00;\"><strong>\u2713<\/strong> <\/span>Comida junto al r\u00edo<br data-start=\"836\" data-end=\"839\" \/><span style=\"color: #00ff00;\"><strong>\u2713<\/strong> <\/span>Seguro a todo riesgo<\/p>\n<h3 data-start=\"864\" data-end=\"884\"><strong data-start=\"868\" data-end=\"884\">No se incluye:<\/strong><\/h3>\n<p data-start=\"886\" data-end=\"918\"><span style=\"color: #ff0000;\"><strong>\u2717<\/strong><\/span> Bebidas<br data-start=\"894\" data-end=\"897\" \/><span style=\"color: #ff0000;\"><strong>\u2717 <\/strong><\/span>Fotos y v\u00eddeos<\/p>\n<h3 data-start=\"925\" data-end=\"951\">\ud83c\udf1f <strong data-start=\"932\" data-end=\"951\">Lo m\u00e1s destacado<\/strong><\/h3>\n<p data-start=\"953\" data-end=\"1471\">Combo 4 en 1: Safari en jeep, rafting, paseo en buggy\/quad y tirolina.<br data-start=\"1020\" data-end=\"1023\" \/>\ud83d\udd39 Recorrido panor\u00e1mico en todoterreno con jeeps abiertos hasta el famoso <strong data-start=\"1078\" data-end=\"1103\">Mirador del ca\u00f1\u00f3n de Taz\u0131<\/strong><br data-start=\"1103\" data-end=\"1106\" \/>\ud83d\udd39 Captura fotos impresionantes del legendario <strong data-start=\"1150\" data-end=\"1173\">Acantilados del Ca\u00f1\u00f3n del \u00c1guila<\/strong><br data-start=\"1173\" data-end=\"1176\" \/>\ud83d\udd39 Rafting a trav\u00e9s de la refrescante <strong data-start=\"1210\" data-end=\"1228\">R\u00edo K\u00f6pr\u00fc\u00e7ay<\/strong> r\u00e1pidos<br data-start=\"1235\" data-end=\"1238\" \/>\ud83d\udd39 Tirolesa sobre el ca\u00f1\u00f3n - emocionante e inolvidable.<br data-start=\"1294\" data-end=\"1297\" \/>\ud83d\udd39 Paseo en buggy o quad por senderos forestales y caminos de ribera<br data-start=\"1360\" data-end=\"1363\" \/>\ud83d\udd39 Delicioso almuerzo de barbacoa junto al r\u00edo incluido.<br data-start=\"1409\" data-end=\"1412\" \/>\ud83d\udd39 Perfecto para familias, principiantes y aventureros.<\/p>\n<h3 data-start=\"1478\" data-end=\"1505\">\ud83d\udcd6 <strong data-start=\"1485\" data-end=\"1505\">Descripci\u00f3n completa<\/strong><\/h3>\n<div data-start=\"1507\" data-end=\"1782\">Su aventura comienza con un c\u00f3modo <strong data-start=\"1548\" data-end=\"1599\">recogida en el hotel de Antalya y alrededores<\/strong> (Lara, Kundu, Belek, Kadriye, Konyaalt\u0131). Disfrute de un pintoresco viaje en coche a trav\u00e9s de los Montes Tauro hasta <strong data-start=\"1695\" data-end=\"1727\">Parque Nacional del Ca\u00f1\u00f3n del K\u00f6pr\u00fcl\u00fc<\/strong> - una de las zonas naturales m\u00e1s bellas de Turqu\u00eda. <strong data-start=\"1784\" data-end=\"1815\">Safari en jeep al Ca\u00f1\u00f3n de Taz\u0131:<\/strong> Suba a un jeep descapotable y recorra las escarpadas carreteras de monta\u00f1a hacia el mundialmente famoso <strong data-start=\"1906\" data-end=\"1921\">Ca\u00f1\u00f3n de Taz\u0131<\/strong>, tambi\u00e9n conocido como <strong data-start=\"1937\" data-end=\"1953\">Ca\u00f1\u00f3n del \u00c1guila<\/strong>. Admire los impresionantes acantilados y saque fotos incre\u00edbles desde los miradores panor\u00e1micos. <strong data-start=\"2043\" data-end=\"2065\">Paseo en Buggy \/ Quad:<\/strong> Contin\u00fae su viaje con una emocionante experiencia todoterreno de 50 minutos por caminos forestales y senderos ribere\u00f1os: \u00a1f\u00e1cil, segura y llena de emoci\u00f3n! <strong data-start=\"2216\" data-end=\"2238\">Aventura de rafting:<\/strong> Coge tu equipo y \u00fanete a una divertida sesi\u00f3n de rafting en el <strong data-start=\"2291\" data-end=\"2315\">12 km R\u00edo K\u00f6pr\u00fc\u00e7ay<\/strong>. Reme por los r\u00e1pidos y disfrute de las frescas aguas de la monta\u00f1a. <strong data-start=\"2387\" data-end=\"2406\">Emoci\u00f3n de tirolesa:<\/strong> A mitad del rafting, disfrute de una descarga de adrenalina <strong data-start=\"2463\" data-end=\"2484\">Tirolina de 350 metros<\/strong> a trav\u00e9s del ca\u00f1\u00f3n: la mezcla perfecta de aventura y paisaje.<\/div>\n<div data-start=\"2557\" data-end=\"2687\">Tras la visita, rel\u00e1jese y disfrute de un delicioso <strong data-start=\"2601\" data-end=\"2629\">almuerzo barbacoa ribere\u00f1a<\/strong>, Antes de regresar c\u00f3modamente a su hotel en Antalya.<\/div>\n<h3 data-start=\"2694\" data-end=\"2720\">\ud83d\uddfa\ufe0f <strong data-start=\"2702\" data-end=\"2720\">Itinerario<\/strong><\/h3>\n<p data-start=\"2722\" data-end=\"3107\">\ud83d\udd39 Recogida en los hoteles de Antalya, Lara, Kundu, Belek, Kadriye y Konyaalt\u0131.<br data-start=\"2798\" data-end=\"2801\" \/>\ud83d\udd39 Traslado al centro de rafting del ca\u00f1\u00f3n de K\u00f6pr\u00fcl\u00fc.<br data-start=\"2845\" data-end=\"2848\" \/>\ud83d\udd39 Safari en jeep descapotable al mirador del ca\u00f1\u00f3n de Taz\u0131.<br data-start=\"2896\" data-end=\"2899\" \/>\ud83d\udd39 Paseo en Buggy o Quad - Aventura todoterreno de 50 minutos.<br data-start=\"2951\" data-end=\"2954\" \/>\ud83d\udd39 Rafting - Ruta de 12 km por el r\u00edo K\u00f6pr\u00fc\u00e7ay.<br data-start=\"3001\" data-end=\"3004\" \/>\ud83d\udd39 Tirolina - 350 metros a trav\u00e9s del ca\u00f1\u00f3n<br data-start=\"3045\" data-end=\"3048\" \/>\ud83d\udd39 Almuerzo de barbacoa en la orilla del r\u00edo<br data-start=\"3075\" data-end=\"3078\" \/>\ud83d\udd39 Traslado de vuelta al hotel<\/p>\n<h3 data-start=\"3114\" data-end=\"3143\">\u2139\ufe0f <strong data-start=\"3121\" data-end=\"3143\">Informaci\u00f3n \u00fatil<\/strong><\/h3>\n<p data-start=\"3145\" data-end=\"3417\">\ud83d\udd39 Duraci\u00f3n: aproximadamente 10-11 horas<br data-start=\"3183\" data-end=\"3186\" \/>\ud83d\udd39 No se requiere experiencia previa<br data-start=\"3220\" data-end=\"3223\" \/>\ud83d\udd39 Se proporciona todo el equipo de seguridad<br data-start=\"3255\" data-end=\"3258\" \/>\ud83d\udd39 Los gu\u00edas hablan ingl\u00e9s, ruso y alem\u00e1n.<br data-start=\"3302\" data-end=\"3305\" \/>\ud83d\udd39 Se pueden comprar zapatillas de agua y fundas para el m\u00f3vil<br data-start=\"3358\" data-end=\"3361\" \/>\ud83d\udd39 Los menores de 6 a\u00f1os viajan gratis (sin asiento individual en el autob\u00fas)<\/p>\n<h3 data-start=\"3424\" data-end=\"3448\">\ud83c\udf92 <strong data-start=\"3431\" data-end=\"3448\">Qu\u00e9 llevar<\/strong><\/h3>\n<p data-start=\"3450\" data-end=\"3612\">\ud83d\udd39 Ba\u00f1ador y toalla.<br data-start=\"3471\" data-end=\"3474\" \/>\ud83d\udd39 Ropa y calzado de repuesto<br data-start=\"3500\" data-end=\"3503\" \/>\ud83d\udd39 Protector solar y gafas de sol.<br data-start=\"3530\" data-end=\"3533\" \/>\ud83d\udd39 Funda impermeable para la c\u00e1mara o el tel\u00e9fono<br data-start=\"3567\" data-end=\"3570\" \/>\ud83d\udd39 Dinero en efectivo para bebidas, fotos o recuerdos.<\/p>\n<h3 data-start=\"3619\" data-end=\"3646\">\ud83d\udeab <strong data-start=\"3626\" data-end=\"3646\">No apto para<\/strong><\/h3>\n<p data-start=\"3648\" data-end=\"3766\">\ud83d\udd39 Mujeres embarazadas<br data-start=\"3665\" data-end=\"3668\" \/>\ud83d\udd39 Personas con afecciones card\u00edacas<br data-start=\"3699\" data-end=\"3702\" \/>\ud83d\udd39 Viajeros con movilidad reducida<br data-start=\"3736\" data-end=\"3739\" \/>\ud83d\udd39 Ni\u00f1os menores de 4 a\u00f1os<\/p>\n<h3 data-start=\"3773\" data-end=\"3801\">\ud83d\udcb8 <strong data-start=\"3780\" data-end=\"3801\">Precios y reservas<\/strong><\/h3>\n<p data-start=\"3803\" data-end=\"3931\"><strong>\ud83d\udd39 Reserva ahora, paga el d\u00eda de la excursi\u00f3n<\/strong><br data-start=\"3842\" data-end=\"3845\" \/>\ud83d\udd39 Ponte en contacto con nosotros a trav\u00e9s de WhatsApp, Telegram, Viber, o rellena el siguiente formulario de reserva \ud83d\udc47\ud83c\udffc<\/p>","protected":false},"excerpt":{"rendered":"<p data-start=\"345\" data-end=\"532\">\u00a1Viva la aventura 4 en 1 definitiva desde Antalya! Descubra el Ca\u00f1\u00f3n Taz\u0131 y el Ca\u00f1\u00f3n K\u00f6pr\u00fcl\u00fc con safari en jeep, rafting, buggy y tirolina en una emocionante excursi\u00f3n combinada.<\/p>","protected":false},"featured_media":15513,"comment_status":"open","ping_status":"closed","template":"","meta":[],"product_brand":[],"product_cat":[125],"product_tag":[107],"class_list":{"0":"post-15503","1":"product","2":"type-product","3":"status-publish","4":"has-post-thumbnail","6":"tour_phys-antalya-tours","7":"product_cat-antalya-tours","8":"product_tag-antalya","9":"pa_destination-antalya-tours","11":"first","12":"instock","13":"sale","14":"shipping-taxable","15":"purchasable","16":"product-type-tour_phys"},"aioseo_notices":[],"_links":{"self":[{"href":"https:\/\/excursionsworld.com\/es\/wp-json\/wp\/v2\/product\/15503","targetHints":{"allow":["GET"]}}],"collection":[{"href":"https:\/\/excursionsworld.com\/es\/wp-json\/wp\/v2\/product"}],"about":[{"href":"https:\/\/excursionsworld.com\/es\/wp-json\/wp\/v2\/types\/product"}],"replies":[{"embeddable":true,"href":"https:\/\/excursionsworld.com\/es\/wp-json\/wp\/v2\/comments?post=15503"}],"wp:featuredmedia":[{"embeddable":true,"href":"https:\/\/excursionsworld.com\/es\/wp-json\/wp\/v2\/media\/15513"}],"wp:attachment":[{"href":"https:\/\/excursionsworld.com\/es\/wp-json\/wp\/v2\/media?parent=15503"}],"wp:term":[{"taxonomy":"product_brand","embeddable":true,"href":"https:\/\/excursionsworld.com\/es\/wp-json\/wp\/v2\/product_brand?post=15503"},{"taxonomy":"product_cat","embeddable":true,"href":"https:\/\/excursionsworld.com\/es\/wp-json\/wp\/v2\/product_cat?post=15503"},{"taxonomy":"product_tag","embeddable":true,"href":"https:\/\/excursionsworld.com\/es\/wp-json\/wp\/v2\/product_tag?post=15503"}],"curies":[{"name":"wp","href":"https:\/\/api.w.org\/{rel}","templated":true}]}}