{"id":15508,"date":"2025-10-30T19:44:05","date_gmt":"2025-10-30T16:44:05","guid":{"rendered":"https:\/\/excursionsworld.com\/?post_type=product&#038;p=15508"},"modified":"2026-03-02T19:37:24","modified_gmt":"2026-03-02T16:37:24","slug":"rafting-tazi-canyon-buggy-kemer","status":"publish","type":"product","link":"https:\/\/excursionsworld.com\/tours\/rafting-tazi-canyon-buggy-kemer\/","title":{"rendered":"Rafting y Ca\u00f1\u00f3n Taz\u0131 tour desde Kemer \u2013 buggy y tirolina 4 en 1"},"content":{"rendered":"<h3 data-start=\"379\" data-end=\"398\">\ud83c\udfdd\ufe0f Visi\u00f3n general<\/h3>\n<p data-start=\"264\" data-end=\"593\">\u00a1Viva la aventura 4+1 definitiva desde Kemer! Descubra el impresionante <strong data-start=\"338\" data-end=\"353\">Ca\u00f1\u00f3n de Taz\u0131<\/strong> y <strong data-start=\"358\" data-end=\"376\">Ca\u00f1\u00f3n de K\u00f6pr\u00fcl\u00fc<\/strong> en un emocionante <strong data-start=\"392\" data-end=\"417\">Safari en jeep y rafting<\/strong> viaje, disfrute de un <strong data-start=\"440\" data-end=\"454\" data-is-only-node=\"\">Paseo en buggy<\/strong> a trav\u00e9s de pistas forestales y sobrevolar el ca\u00f1\u00f3n en un emocionante <strong data-start=\"519\" data-end=\"530\">Tirolina<\/strong>.<br data-start=\"531\" data-end=\"534\" \/>Perfecto tanto para los amantes de la adrenalina como para los entusiastas de la naturaleza.<\/p>\n<h3>Incluido:<\/h3>\n<div data-start=\"846\" data-end=\"1082\"><span style=\"color: #00ff00;\"><strong>\u2713<\/strong> <\/span>Recogida y entrega en el hotel<br data-start=\"873\" data-end=\"876\" \/><span style=\"color: #00ff00;\"><strong>\u2713<\/strong> <\/span>Gu\u00eda profesional<br data-start=\"896\" data-end=\"899\" \/><span style=\"color: #00ff00;\"><strong>\u2713<\/strong> <\/span>Safari en jeep descapotable al Ca\u00f1\u00f3n del Taz\u0131<br data-start=\"992\" data-end=\"995\" \/><span style=\"color: #00ff00;\"><strong>\u2713<\/strong> <\/span>Paseo en buggy o quad<br data-start=\"1015\" data-end=\"1018\" \/><span style=\"color: #00ff00;\"><strong>\u2713<\/strong> <\/span>Experiencia de tirolesa<br data-start=\"1038\" data-end=\"1041\" \/><span style=\"color: #00ff00;\"><strong>\u2713<\/strong> <\/span>Comida junto al r\u00edo<br data-start=\"1061\" data-end=\"1064\" \/><span style=\"color: #00ff00;\"><strong>\u2713<\/strong> <\/span>Seguro a todo riesgo<\/div>\n<div data-start=\"846\" data-end=\"1082\"><span style=\"color: #00ff00;\"><strong>\u2713<\/strong> <\/span>Rafting con equipo (chaleco salvavidas, casco, remos)<\/div>\n<h3 data-start=\"1084\" data-end=\"1103\">No se incluye:<\/h3>\n<p data-start=\"1104\" data-end=\"1136\"><span style=\"color: #ff0000;\"><strong>\u2717<\/strong><\/span> Bebidas<br data-start=\"1112\" data-end=\"1115\" \/><span style=\"color: #ff0000;\"><strong>\u2717 <\/strong><\/span>Fotos y v\u00eddeos<\/p>\n<h3 data-start=\"1138\" data-end=\"1163\">\ud83c\udf1f Lo m\u00e1s destacado del viaje<\/h3>\n<p data-start=\"1164\" data-end=\"1668\">Combo 4 en 1: Safari en jeep, rafting, paseo en buggy\/quad y tirolina.<br data-start=\"1231\" data-end=\"1234\" \/>\ud83d\udd39 Viaje panor\u00e1mico en jeeps abiertos al famoso <strong data-start=\"1280\" data-end=\"1305\">Mirador del ca\u00f1\u00f3n de Taz\u0131<\/strong><br data-start=\"1305\" data-end=\"1308\" \/>\ud83d\udd39 Captura fotos impresionantes con vistas a los legendarios acantilados del Ca\u00f1\u00f3n del \u00c1guila.<br data-start=\"1380\" data-end=\"1383\" \/>\ud83d\udd39 Rafting por los refrescantes r\u00e1pidos del r\u00edo K\u00f6pr\u00fc\u00e7ay<br data-start=\"1438\" data-end=\"1441\" \/>\ud83d\udd39 Tirolesa sobre el ca\u00f1\u00f3n: pura adrenalina y diversi\u00f3n.<br data-start=\"1493\" data-end=\"1496\" \/>\ud83d\udd39 Paseo en buggy o quad por senderos forestales y caminos de ribera<br data-start=\"1559\" data-end=\"1562\" \/>\ud83d\udd39 Delicioso almuerzo de barbacoa junto al r\u00edo incluido.<br data-start=\"1608\" data-end=\"1611\" \/>\ud83d\udd39 Adecuado para familias, principiantes y amantes de las emociones fuertes.<\/p>\n<h3 data-start=\"1670\" data-end=\"1696\">\ud83d\udcd6 Descripci\u00f3n completa<\/h3>\n<p data-start=\"1697\" data-end=\"2758\">Su aventura comienza con una c\u00f3moda recogida en el hotel de Kemer o zonas cercanas, seguida de un pintoresco viaje en coche hasta el Parque Nacional del Ca\u00f1\u00f3n de K\u00f6pr\u00fcl\u00fc.<br data-start=\"1838\" data-end=\"1841\" \/><strong data-start=\"1841\" data-end=\"1872\">Safari en jeep al Ca\u00f1\u00f3n de Taz\u0131:<\/strong> S\u00fabase a un jeep descapotable y atraviese los escarpados montes Tauro en direcci\u00f3n al mundialmente famoso <strong data-start=\"1968\" data-end=\"1983\">Ca\u00f1\u00f3n de Taz\u0131<\/strong>, tambi\u00e9n conocido como <strong data-start=\"1999\" data-end=\"2015\">Ca\u00f1\u00f3n del \u00c1guila<\/strong>. Disfrute de impresionantes vistas panor\u00e1micas y capture fotos incre\u00edbles desde los acantilados que se elevan sobre el r\u00edo K\u00f6pr\u00fc\u00e7ay.<br data-start=\"2138\" data-end=\"2141\" \/><strong data-start=\"2141\" data-end=\"2163\">Paseo en Buggy \/ Quad:<\/strong> Contin\u00fae su aventura con un paseo en todoterreno de 50 minutos por polvorientas pistas forestales y riberas fluviales; no se necesita experiencia, \u00a1s\u00f3lo siga a su gu\u00eda y disfrute de la diversi\u00f3n!<br data-start=\"2325\" data-end=\"2328\" \/><strong data-start=\"2328\" data-end=\"2350\">Aventura de rafting:<\/strong> Prep\u00e1rate y rema por un tramo de 12 km del r\u00edo K\u00f6pr\u00fc\u00e7ay. Disfruta de los r\u00e1pidos, las salpicaduras y las risas mientras tu equipo surca las olas.<br data-start=\"2491\" data-end=\"2494\" \/><strong data-start=\"2494\" data-end=\"2513\">Emoci\u00f3n de tirolesa:<\/strong> A mitad del rafting, d\u00e9 un paseo en tirolina lleno de adrenalina: 350 metros a trav\u00e9s del ca\u00f1\u00f3n con unas vistas impresionantes.<br data-start=\"2639\" data-end=\"2642\" \/>Tras un d\u00eda inolvidable, disfrute de una deliciosa barbacoa junto al r\u00edo antes de regresar a su hotel en Kemer.<\/p>\n<h3 data-start=\"2760\" data-end=\"2785\">\ud83d\uddfa\ufe0f Itinerario<\/h3>\n<p data-start=\"2786\" data-end=\"3179\">\ud83d\udd39 Recogida en hoteles de Kemer, \u00c7amyuva, Tekirova y alrededores.<br data-start=\"2853\" data-end=\"2856\" \/>\ud83d\udd39 Traslado al centro de rafting del ca\u00f1\u00f3n de K\u00f6pr\u00fcl\u00fc.<br data-start=\"2900\" data-end=\"2903\" \/>\ud83d\udd39 Jeep Safari con jeeps descapotables al mirador del ca\u00f1\u00f3n de Taz\u0131.<br data-start=\"2962\" data-end=\"2965\" \/>\ud83d\udd39 Paseo en Buggy o Quad - Aventura todoterreno de 50 minutos.<br data-start=\"3017\" data-end=\"3020\" \/>\ud83d\udd39 Rafting - Ruta de 12 km con divertidos r\u00e1pidos y chapuzones.<br data-start=\"3073\" data-end=\"3076\" \/>\ud83d\udd39 Tirolina - 350 metros a trav\u00e9s del ca\u00f1\u00f3n<br data-start=\"3117\" data-end=\"3120\" \/>\ud83d\udd39 Almuerzo de barbacoa en la orilla del r\u00edo<br data-start=\"3147\" data-end=\"3150\" \/>\ud83d\udd39 Traslado de vuelta al hotel<\/p>\n<h3 data-start=\"3181\" data-end=\"3209\">\u2139\ufe0f Informaci\u00f3n \u00fatil<\/h3>\n<p data-start=\"3210\" data-end=\"3503\">\ud83d\udd39 Duraci\u00f3n: aproximadamente 10 horas<br data-start=\"3245\" data-end=\"3248\" \/>\ud83d\udd39 No se requiere experiencia previa<br data-start=\"3282\" data-end=\"3285\" \/>\ud83d\udd39 Se proporciona todo el equipo de seguridad<br data-start=\"3317\" data-end=\"3320\" \/>\ud83d\udd39 Gu\u00edas de habla inglesa, rusa y alemana disponibles.<br data-start=\"3377\" data-end=\"3380\" \/>\ud83d\udd39 Se pueden comprar zapatillas de agua y fundas impermeables para el m\u00f3vil<br data-start=\"3444\" data-end=\"3447\" \/>\ud83d\udd39 Los menores de 6 a\u00f1os viajan gratis (sin asiento individual en el autob\u00fas)<\/p>\n<h3 data-start=\"3505\" data-end=\"3528\">Qu\u00e9 llevar<\/h3>\n<p data-start=\"3529\" data-end=\"3691\">\ud83d\udd39 Ba\u00f1ador y toalla.<br data-start=\"3550\" data-end=\"3553\" \/>\ud83d\udd39 Ropa y calzado de repuesto<br data-start=\"3579\" data-end=\"3582\" \/>\ud83d\udd39 Protector solar y gafas de sol.<br data-start=\"3609\" data-end=\"3612\" \/>\ud83d\udd39 Funda impermeable para la c\u00e1mara o el tel\u00e9fono<br data-start=\"3646\" data-end=\"3649\" \/>\ud83d\udd39 Dinero en efectivo para bebidas, fotos o recuerdos.<\/p>\n<h3 data-start=\"3693\" data-end=\"3719\">\ud83d\udeab No apto para<\/h3>\n<p data-start=\"3720\" data-end=\"3838\">\ud83d\udd39 Mujeres embarazadas<br data-start=\"3737\" data-end=\"3740\" \/>\ud83d\udd39 Personas con afecciones card\u00edacas<br data-start=\"3771\" data-end=\"3774\" \/>\ud83d\udd39 Viajeros con movilidad reducida<br data-start=\"3808\" data-end=\"3811\" \/>\ud83d\udd39 Ni\u00f1os menores de 4 a\u00f1os<\/p>\n<h3 data-start=\"3840\" data-end=\"3867\">\ud83d\udcb8 Precios y reservas<\/h3>\n<p data-start=\"3868\" data-end=\"3996\"><strong>\ud83d\udd39 Reserva ahora, paga el d\u00eda de la excursi\u00f3n<\/strong><br data-start=\"3907\" data-end=\"3910\" \/>\ud83d\udd39 Ponte en contacto con nosotros a trav\u00e9s de WhatsApp, Telegram, Viber, o rellena el siguiente formulario de reserva \ud83d\udc47\ud83c\udffc<\/p>","protected":false},"excerpt":{"rendered":"<p data-start=\"519\" data-end=\"694\">\u00a1\u00danase al viaje de aventura 4 en 1 de Antalya! Descubra el Ca\u00f1\u00f3n Taz\u0131 y el Ca\u00f1\u00f3n K\u00f6pr\u00fcl\u00fc con safari en jeep, rafting, paseo en buggy y tirolina: la mejor excursi\u00f3n combinada para los amantes de la naturaleza.<\/p>","protected":false},"featured_media":15519,"comment_status":"open","ping_status":"closed","template":"","meta":[],"product_brand":[],"product_cat":[124],"product_tag":[105],"class_list":{"0":"post-15508","1":"product","2":"type-product","3":"status-publish","4":"has-post-thumbnail","6":"tour_phys-kemer-tours","7":"product_cat-kemer-tours","8":"product_tag-kemer","9":"pa_destination-kemer-tours","11":"first","12":"instock","13":"sale","14":"featured","15":"shipping-taxable","16":"purchasable","17":"product-type-tour_phys"},"aioseo_notices":[],"_links":{"self":[{"href":"https:\/\/excursionsworld.com\/es\/wp-json\/wp\/v2\/product\/15508","targetHints":{"allow":["GET"]}}],"collection":[{"href":"https:\/\/excursionsworld.com\/es\/wp-json\/wp\/v2\/product"}],"about":[{"href":"https:\/\/excursionsworld.com\/es\/wp-json\/wp\/v2\/types\/product"}],"replies":[{"embeddable":true,"href":"https:\/\/excursionsworld.com\/es\/wp-json\/wp\/v2\/comments?post=15508"}],"wp:featuredmedia":[{"embeddable":true,"href":"https:\/\/excursionsworld.com\/es\/wp-json\/wp\/v2\/media\/15519"}],"wp:attachment":[{"href":"https:\/\/excursionsworld.com\/es\/wp-json\/wp\/v2\/media?parent=15508"}],"wp:term":[{"taxonomy":"product_brand","embeddable":true,"href":"https:\/\/excursionsworld.com\/es\/wp-json\/wp\/v2\/product_brand?post=15508"},{"taxonomy":"product_cat","embeddable":true,"href":"https:\/\/excursionsworld.com\/es\/wp-json\/wp\/v2\/product_cat?post=15508"},{"taxonomy":"product_tag","embeddable":true,"href":"https:\/\/excursionsworld.com\/es\/wp-json\/wp\/v2\/product_tag?post=15508"}],"curies":[{"name":"wp","href":"https:\/\/api.w.org\/{rel}","templated":true}]}}