{"id":15533,"date":"2025-11-01T18:52:21","date_gmt":"2025-11-01T15:52:21","guid":{"rendered":"https:\/\/excursionsworld.com\/?post_type=product&#038;p=15533\/"},"modified":"2026-02-23T17:23:17","modified_gmt":"2026-02-23T14:23:17","slug":"demre-myra-kekova-kemer","status":"publish","type":"product","link":"https:\/\/excursionsworld.com\/tours\/demre-myra-kekova-kemer\/","title":{"rendered":"Excursi\u00f3n a Demre, Myra y Kekova desde Kemer \u2013 Iglesia de San Nicol\u00e1s"},"content":{"rendered":"<h3 dir=\"ltr\" data-pm-slice=\"1 1 []\"><span style=\"color: #000000;\"><strong>\ud83c\udfdd\ufe0f Visi\u00f3n general<\/strong><\/span><\/h3>\n<p dir=\"ltr\">Emb\u00e1rquese en un cautivador viaje de un d\u00eda desde Kemer para explorar las antiguas maravillas de Licia. Le ofrecemos c\u00f3modos traslados desde los hoteles de Beldibi, G\u00f6yn\u00fck, Kemer, Kiri\u015f, \u00c7amyuva y Tekirova, para que empiece el d\u00eda sin preocupaciones. Navegue sobre la ciudad hundida de Kekova en un yate con fondo de cristal, visite las tumbas rupestres de Myra y descubra la historia de la iglesia de San Nicol\u00e1s, inspiraci\u00f3n de Pap\u00e1 Noel. Perfecto para los entusiastas de la historia y las familias que buscan una mezcla de cultura y belleza paisaj\u00edstica.<\/p>\n<h3><span style=\"color: #000000;\"><strong>Incluido:<\/strong><\/span><\/h3>\n<p dir=\"ltr\"><strong><span style=\"color: #00ff00;\">\u2713<\/span><\/strong> Recogida y entrega en el hotel<br \/>\n<strong><span style=\"color: #00ff00;\">\u2713 <\/span><\/strong>C\u00f3modo autob\u00fas con aire acondicionado<br \/>\n<strong><span style=\"color: #00ff00;\">\u2713 <\/span><\/strong>Paseo en yate con fondo de cristal<br \/>\n<strong><span style=\"color: #00ff00;\">\u2713 <\/span><\/strong>Entradas a Myra<br \/>\n<strong><span style=\"color: #00ff00;\">\u2713 <\/span><\/strong>Gu\u00eda profesional<br \/>\n<strong><span style=\"color: #00ff00;\">\u2713 <\/span><\/strong>Seguro a todo riesgo<br \/>\n<strong><span style=\"color: #00ff00;\">\u2713 <\/span><\/strong>Delicioso almuerzo local<\/p>\n<h3><span style=\"color: #000000;\"><strong>No se incluye:<\/strong><\/span><\/h3>\n<div dir=\"ltr\"><strong><span style=\"color: #ff0000;\">\u2717 <\/span><\/strong>\u00a0Entrada de la iglesia de San Nicol\u00e1s (opcional)<\/div>\n<div dir=\"ltr\"><strong><span style=\"color: #ff0000;\">\u2717<\/span><\/strong> Gastos personales<br \/>\n<strong><span style=\"color: #ff0000;\">\u2717 <\/span><\/strong>Bebidas<\/div>\n<h3 dir=\"ltr\"><span style=\"color: #000000;\"><strong>\ud83c\udf1f Lo m\u00e1s destacado del viaje<\/strong><\/span><\/h3>\n<p dir=\"ltr\">\ud83d\udd39 Sobrevuela la ciudad hundida de Kekova en un yate con fondo de cristal<br \/>\n\ud83d\udd39 Explora antiguas tumbas rupestres y el teatro romano de Myra<br \/>\n\ud83d\udd39 Visita la iglesia de San Nicol\u00e1s en Demre, vinculada a Pap\u00e1 Noel<br \/>\n\ud83d\udd39 B\u00e1\u00f1ate en las cristalinas aguas del Mediterr\u00e1neo cerca de Kekova<br \/>\n\ud83d\udd39 Impresionantes vistas del castillo de Simena desde el yate.<br \/>\n\ud83d\udd39 C\u00f3modos traslados al hotel para pasar el d\u00eda c\u00f3modamente<br \/>\n\ud83d\udd39 Crucero en yate de 2,5 horas desde el puerto de \u00c7aya\u011fz\u0131.<\/p>\n<h3 dir=\"ltr\"><span style=\"color: #000000;\"><strong>\ud83d\udcd6 Descripci\u00f3n completa<\/strong><\/span><\/h3>\n<div dir=\"ltr\">Su aventura comienza con un c\u00f3modo traslado desde su hotel en Kemer y un pintoresco viaje por la costa mediterr\u00e1nea hasta la antigua regi\u00f3n de Licia.<\/div>\n<div dir=\"ltr\">La primera parada es Myra, donde podr\u00e1 admirar impresionantes tumbas rupestres excavadas en acantilados y un teatro grecorromano bien conservado, muestra de la rica historia de Licia.<\/div>\n<div dir=\"ltr\">A continuaci\u00f3n, visite la iglesia de San Nicol\u00e1s en Demre, construida en el siglo IV sobre el lugar de enterramiento del santo, inspirador de la leyenda de Pap\u00e1 Noel. Tras un delicioso almuerzo con platos locales, dir\u00edjase al puerto de \u00c7aya\u011fz\u0131 para embarcar en un yate con fondo de cristal y realizar un crucero de 2,5 horas hasta la isla de Kekova.<\/div>\n<div dir=\"ltr\">A trav\u00e9s del suelo transparente del yate, contemple las ruinas submarinas de una ciudad hundida destruida por un antiguo terremoto. Admire el castillo de Simena, encaramado en una colina, y b\u00e1\u00f1ese en las aguas turquesas de Kekova. El d\u00eda concluye con un relajante viaje de regreso a su hotel, lleno de recuerdos inolvidables.<\/div>\n<h3 dir=\"ltr\"><span style=\"color: #000000;\"><strong>\ud83d\uddfa\ufe0f Itinerario<\/strong><\/span><\/h3>\n<p dir=\"ltr\">\ud83d\udd39 Recogida en el hotel en Kemer<br \/>\n\ud83d\udd39 Visita a tumbas rupestres y teatro romano en Myra.<br \/>\n\ud83d\udd39 Visita a la iglesia de San Nicol\u00e1s en Demre (entrada no incluida).<br \/>\n\ud83d\udd39 Almuerzo con platos locales<br \/>\n\ud83d\udd39 Crucero en yate con fondo de cristal desde el puerto de \u00c7aya\u011fz\u0131.<br \/>\n\ud83d\udd39 Vista de la ciudad hundida de Kekova y nataci\u00f3n.<br \/>\n\ud83d\udd39 Regreso al puerto de \u00c7aya\u011fz\u0131<br \/>\n\ud83d\udd39 Traslado de vuelta al hotel<\/p>\n<h3 dir=\"ltr\"><span style=\"color: #000000;\"><strong>\u2139\ufe0f Informaci\u00f3n \u00fatil<\/strong><\/span><\/h3>\n<p dir=\"ltr\">\ud83d\udd39 Duraci\u00f3n de la excursi\u00f3n: aproximadamente 8-9 horas.<br \/>\n\ud83d\udd39 El itinerario puede cambiar debido a las condiciones meteorol\u00f3gicas o mar\u00edtimas<br \/>\n\ud83d\udd39 Actividad f\u00edsica moderada (caminar y nadar).<br \/>\n\ud83d\udd39 Los ni\u00f1os menores de 6 a\u00f1os que viajan gratis no tienen un asiento aparte en el autob\u00fas. Si el autob\u00fas est\u00e1 lleno, se sientan en el regazo de un adulto, o se puede reservar un asiento aparte<\/p>\n<h3 dir=\"ltr\"><span style=\"color: #000000;\"><strong>Qu\u00e9 llevar<\/strong><\/span><\/h3>\n<p dir=\"ltr\">\ud83d\udd39 Zapatos c\u00f3modos para caminar<br \/>\n\ud83d\udd39 Gafas de sol y protecci\u00f3n solar.<br \/>\n\ud83d\udd39 Ba\u00f1ador y toalla.<br \/>\n\ud83d\udd39 Efectivo para gastos personales<br \/>\n\ud83d\udd39 C\u00e1mara o tel\u00e9fono resistente al agua<\/p>\n<h3 dir=\"ltr\"><span style=\"color: #000000;\"><strong>\ud83d\udeab No apto para<\/strong><\/span><\/h3>\n<p dir=\"ltr\">\ud83d\udd39 Personas con movilidad reducida<br \/>\n\ud83d\udd39 Viajeros con enfermedades graves<\/p>\n<h3 dir=\"ltr\"><span style=\"color: #000000;\"><strong>\ud83d\udcb8 Precios y reservas<\/strong><\/span><\/h3>\n<p dir=\"ltr\"><strong>\ud83d\udd39 Reserva ahora, paga el d\u00eda de la excursi\u00f3n<\/strong><br \/>\n\ud83d\udd39 Ponte en contacto con nosotros a trav\u00e9s de WhatsApp, Telegram, Viber, o rellena el siguiente formulario de reserva. \ud83d\udc47\ud83c\udffc<\/p>","protected":false},"excerpt":{"rendered":"<p>Reserva lo \u00faltimo <b>excursi\u00f3n hist\u00f3rica<\/b>\u00a1! Inolvidable <b>excursi\u00f3n de un d\u00eda<\/b> de <b>Kemer<\/b> a las tumbas de Myra, <b>Iglesia de San Nicol\u00e1s<\/b>, y un barco <b>viaje<\/b> sobre el <b>Ciudad hundida<\/b> de Kekova.<\/p>","protected":false},"featured_media":12563,"comment_status":"open","ping_status":"closed","template":"","meta":[],"product_brand":[],"product_cat":[124],"product_tag":[105],"class_list":{"0":"post-15533","1":"product","2":"type-product","3":"status-publish","4":"has-post-thumbnail","6":"tour_phys-kemer-tours","7":"product_cat-kemer-tours","8":"product_tag-kemer","9":"pa_destination-antalya-tours","10":"pa_destination-belek-tours","11":"pa_destination-side-tours","13":"first","14":"instock","15":"sale","16":"featured","17":"shipping-taxable","18":"purchasable","19":"product-type-tour_phys"},"aioseo_notices":[],"_links":{"self":[{"href":"https:\/\/excursionsworld.com\/es\/wp-json\/wp\/v2\/product\/15533","targetHints":{"allow":["GET"]}}],"collection":[{"href":"https:\/\/excursionsworld.com\/es\/wp-json\/wp\/v2\/product"}],"about":[{"href":"https:\/\/excursionsworld.com\/es\/wp-json\/wp\/v2\/types\/product"}],"replies":[{"embeddable":true,"href":"https:\/\/excursionsworld.com\/es\/wp-json\/wp\/v2\/comments?post=15533"}],"wp:featuredmedia":[{"embeddable":true,"href":"https:\/\/excursionsworld.com\/es\/wp-json\/wp\/v2\/media\/12563"}],"wp:attachment":[{"href":"https:\/\/excursionsworld.com\/es\/wp-json\/wp\/v2\/media?parent=15533"}],"wp:term":[{"taxonomy":"product_brand","embeddable":true,"href":"https:\/\/excursionsworld.com\/es\/wp-json\/wp\/v2\/product_brand?post=15533"},{"taxonomy":"product_cat","embeddable":true,"href":"https:\/\/excursionsworld.com\/es\/wp-json\/wp\/v2\/product_cat?post=15533"},{"taxonomy":"product_tag","embeddable":true,"href":"https:\/\/excursionsworld.com\/es\/wp-json\/wp\/v2\/product_tag?post=15533"}],"curies":[{"name":"wp","href":"https:\/\/api.w.org\/{rel}","templated":true}]}}