{"id":15535,"date":"2025-11-01T18:54:28","date_gmt":"2025-11-01T15:54:28","guid":{"rendered":"https:\/\/excursionsworld.com\/?post_type=product&#038;p=15535\/"},"modified":"2025-12-09T11:43:52","modified_gmt":"2025-12-09T08:43:52","slug":"antalya-casco-antiguo-cascadas-kemer","status":"publish","type":"product","link":"https:\/\/excursionsworld.com\/tours\/antalya-city-tour-kemer\/","title":{"rendered":"Excursi\u00f3n a Antalya desde Kemer: casco antiguo, cascadas y barco"},"content":{"rendered":"<h3 dir=\"ltr\" data-pm-slice=\"1 1 []\"><span style=\"color: #000000;\"><strong>\u2600\ufe0f Visi\u00f3n general<\/strong><\/span><\/h3>\n<p dir=\"ltr\">Descubra la belleza y el encanto de Antalya en un solo d\u00eda. Esta excursi\u00f3n llena de acci\u00f3n incluye un paseo en barco, una visita a las impresionantes cascadas de D\u00fcden, un almuerzo turco y un paseo por el casco antiguo. Los traslados est\u00e1n incluidos desde los hoteles de Kemer y sus alrededores.<\/p>\n<h3 dir=\"ltr\"><span style=\"color: #000000;\"><strong>Incluido:<\/strong><\/span><\/h3>\n<p dir=\"ltr\"><span style=\"color: #00ff00;\"><strong>\u2713<\/strong><\/span> Recogida y entrega en el hotel<br \/>\n<span style=\"color: #00ff00;\"><strong>\u2713 <\/strong><\/span>Entradas a las cascadas de D\u00fcden (superior e inferior)<br \/>\n<span style=\"color: #00ff00;\"><strong>\u2713 <\/strong><\/span>C\u00f3modo autob\u00fas con aire acondicionado<br \/>\n<span style=\"color: #00ff00;\"><strong>\u2713 <\/strong><\/span>Gu\u00eda profesional de habla inglesa<br \/>\n<span style=\"color: #00ff00;\"><strong>\u2713 <\/strong><\/span>Almuerzo en un restaurante local<br \/>\n<span style=\"color: #00ff00;\"><strong>\u2713 <\/strong><\/span>Seguro a todo riesgo<\/p>\n<h3 dir=\"ltr\"><span style=\"color: #000000;\"><strong>No se incluye:<\/strong><\/span><\/h3>\n<div dir=\"ltr\"><span style=\"color: #ff0000;\"><strong>\u2717 <\/strong><\/span>Paseo en barco (si se selecciona como opci\u00f3n)<\/div>\n<div dir=\"ltr\"><span style=\"color: #ff0000;\"><strong>\u2717<\/strong><\/span> Bebidas<br \/>\n<span style=\"color: #ff0000;\"><strong>\u2717 <\/strong><\/span>Gastos personales (fotos, v\u00eddeos)<\/div>\n<h3 dir=\"ltr\"><span style=\"color: #000000;\"><strong>\ud83c\udf1f Lo m\u00e1s destacado del viaje<\/strong><\/span><\/h3>\n<p dir=\"ltr\">\ud83d\udd39 Admira la Cascada Inferior de D\u00fcden, que cae en cascada 40 metros hasta el mar.<br \/>\n\ud83d\udd39 Paseo por el casco antiguo (Kalei\u00e7i): Puerta de Adriano, Minarete de Yivli, Torre del Reloj.<br \/>\n\ud83d\udd39 Rel\u00e1jate en un paseo en barco de una hora desde el puerto viejo de Antalya<br \/>\n\ud83d\udd39 Disfruta del verdor y el frescor de la cascada del Alto D\u00fcden<br \/>\n\ud83d\udd39 Visita un taller local de joyer\u00eda en plata<\/p>\n<h3 dir=\"ltr\"><span style=\"color: #000000;\"><strong>\ud83d\udcdd Descripci\u00f3n completa<\/strong><\/span><\/h3>\n<p dir=\"ltr\">Por la ma\u00f1ana, le recogeremos en su hotel y comenzaremos el d\u00eda con un paseo por el casco antiguo, Kalei\u00e7i, donde ver\u00e1 la Puerta de Adriano, encantadoras calles, mezquitas y tiendas. A continuaci\u00f3n, disfrute de un paseo en barco de una hora por la impresionante costa mediterr\u00e1nea. Despu\u00e9s de almorzar en un restaurante turco, visitaremos las cascadas del Alto y Bajo D\u00fcden, rodeadas de exuberante vegetaci\u00f3n. La excursi\u00f3n concluye con una parada en un taller de joyer\u00eda, donde podr\u00e1 ver y comprar art\u00edculos de plata hechos a mano. Regrese a su hotel con un recuerdo imborrable.<\/p>\n<h3 dir=\"ltr\"><span style=\"color: #000000;\"><strong>\ud83d\udccd Itinerario<\/strong><\/span><\/h3>\n<p dir=\"ltr\">\ud83d\udd39 Recogida en el hotel<br \/>\n\ud83d\udd39 Paseo por el casco antiguo (Kalei\u00e7i)<br \/>\n\ud83d\udd39 Paseo en barco desde el puerto viejo (1 hora)<br \/>\n\ud83d\udd39 Almuerzo en un restaurante local.<br \/>\n\ud83d\udd39 Visita a la cascada del Bajo D\u00fcden<br \/>\n\ud83d\udd39 Visita a la cascada del Alto D\u00fcden<br \/>\n\ud83d\udd39 Parada en un taller de joyer\u00eda<br \/>\n\ud83d\udd39 Regreso al hotel<\/p>\n<h3 dir=\"ltr\"><span style=\"color: #000000;\"><strong>\u2139\ufe0f Informaci\u00f3n \u00fatil<\/strong><\/span><\/h3>\n<p dir=\"ltr\">\ud83d\udd39 El viaje en barco puede cancelarse o modificarse debido a las condiciones meteorol\u00f3gicas<br \/>\n\ud83d\udd39 Los ni\u00f1os que viajan gratis no tienen un asiento aparte en el autob\u00fas. Si el autob\u00fas est\u00e1 lleno, se sientan en el regazo de un adulto, o se puede reservar un asiento aparte<br \/>\n\ud83d\udd39 El itinerario puede cambiar en funci\u00f3n de las circunstancias para mejorar la experiencia del tour<br \/>\n\ud83d\udd39 Este es un recorrido tur\u00edstico y no incluye la nataci\u00f3n<br \/>\n\ud83d\udd39 Los ni\u00f1os menores de 5 a\u00f1os que viajan gratis no tienen un asiento aparte en el autob\u00fas. Si el autob\u00fas est\u00e1 lleno, se sientan en el regazo de un adulto, o se puede reservar un asiento aparte<\/p>\n<h3 dir=\"ltr\"><span style=\"color: #000000;\"><strong>Qu\u00e9 llevar<\/strong><\/span><\/h3>\n<p dir=\"ltr\">\ud83d\udd39 Zapatos c\u00f3modos para caminar<br \/>\n\ud83d\udd39 Gafas de sol y sombreros<br \/>\n\ud83d\udd39 Protector solar<br \/>\n\ud83d\udd39 C\u00e1mara o smartphone<br \/>\n\ud83d\udd39 Dinero en efectivo para bebidas y gastos personales.<\/p>\n<h3 dir=\"ltr\"><span style=\"color: #000000;\"><strong>\ud83d\udeab No apto para<\/strong><\/span><\/h3>\n<p dir=\"ltr\">\ud83d\udd39 Usuarios de sillas de ruedas<br \/>\n\ud83d\udd39 Personas con movilidad reducida<\/p>\n<h3 dir=\"ltr\"><span style=\"color: #000000;\"><strong>\ud83d\udcb8 Precios y reservas<\/strong><\/span><\/h3>\n<p dir=\"ltr\"><strong>\ud83d\udd39 Reserva ahora, paga el d\u00eda de la excursi\u00f3n<\/strong><br \/>\n\ud83d\udd39 Ponte en contacto con nosotros a trav\u00e9s de WhatsApp, Telegram, Viber, o rellena el siguiente formulario de reserva. \ud83d\udc47\ud83c\udffd<\/p>","protected":false},"excerpt":{"rendered":"<p>Descubra Antalya en una visita guiada desde Kemer con paseo por el casco antiguo, paseo en barco y cascadas de D\u00fcden. Incluye almuerzo, traslado y gu\u00eda.<\/p>","protected":false},"featured_media":15466,"comment_status":"open","ping_status":"closed","template":"","meta":[],"product_brand":[],"product_cat":[124],"product_tag":[105],"class_list":{"0":"post-15535","1":"product","2":"type-product","3":"status-publish","4":"has-post-thumbnail","6":"tour_phys-kemer-tours","7":"product_cat-kemer-tours","8":"product_tag-kemer","9":"pa_destination-kemer-tours","11":"first","12":"instock","13":"sale","14":"featured","15":"shipping-taxable","16":"purchasable","17":"product-type-tour_phys"},"aioseo_notices":[],"_links":{"self":[{"href":"https:\/\/excursionsworld.com\/es\/wp-json\/wp\/v2\/product\/15535","targetHints":{"allow":["GET"]}}],"collection":[{"href":"https:\/\/excursionsworld.com\/es\/wp-json\/wp\/v2\/product"}],"about":[{"href":"https:\/\/excursionsworld.com\/es\/wp-json\/wp\/v2\/types\/product"}],"replies":[{"embeddable":true,"href":"https:\/\/excursionsworld.com\/es\/wp-json\/wp\/v2\/comments?post=15535"}],"wp:featuredmedia":[{"embeddable":true,"href":"https:\/\/excursionsworld.com\/es\/wp-json\/wp\/v2\/media\/15466"}],"wp:attachment":[{"href":"https:\/\/excursionsworld.com\/es\/wp-json\/wp\/v2\/media?parent=15535"}],"wp:term":[{"taxonomy":"product_brand","embeddable":true,"href":"https:\/\/excursionsworld.com\/es\/wp-json\/wp\/v2\/product_brand?post=15535"},{"taxonomy":"product_cat","embeddable":true,"href":"https:\/\/excursionsworld.com\/es\/wp-json\/wp\/v2\/product_cat?post=15535"},{"taxonomy":"product_tag","embeddable":true,"href":"https:\/\/excursionsworld.com\/es\/wp-json\/wp\/v2\/product_tag?post=15535"}],"curies":[{"name":"wp","href":"https:\/\/api.w.org\/{rel}","templated":true}]}}