{"id":15549,"date":"2025-11-02T12:26:10","date_gmt":"2025-11-02T09:26:10","guid":{"rendered":"https:\/\/excursionsworld.com\/?post_type=product&#038;p=15549\/"},"modified":"2025-12-09T11:36:52","modified_gmt":"2025-12-09T08:36:52","slug":"barco-pirata-red-dragon-antalya","status":"publish","type":"product","link":"https:\/\/excursionsworld.com\/tours\/pirate-boat-red-dragon-antalya\/","title":{"rendered":"Barco pirata tour desde Antalya \u2013 Red Dragon"},"content":{"rendered":"<h3 dir=\"ltr\" data-pm-slice=\"1 1 []\">\ud83c\udff4\u200d\u2620\ufe0f <strong>Visi\u00f3n general<\/strong><\/h3>\n<p dir=\"ltr\">Zarpe en un barco pirata - Red Dragon a lo largo de la impresionante costa de Kemer - una mezcla perfecta de nadar, tomar el sol y disfrutar de la naturaleza. Le recogeremos en su hotel de Antalya o zonas cercanas y le llevaremos al punto de partida en el puerto deportivo de Kemer.<\/p>\n<h3 dir=\"ltr\"><span style=\"color: #000000;\"><strong>Incluido:<\/strong><\/span><\/h3>\n<p dir=\"ltr\"><span style=\"color: #00ff00;\"><strong>\u2713<\/strong><\/span> Recogida y entrega en el hotel<br \/>\n<span style=\"color: #00ff00;\"><strong>\u2713 <\/strong><\/span>Seguros<br \/>\n<span style=\"color: #00ff00;\"><strong>\u2713 <\/strong><\/span>Gu\u00eda<br \/>\n<span style=\"color: #00ff00;\"><strong>\u2713 <\/strong><\/span>Fiesta de la espuma<br \/>\n<span style=\"color: #00ff00;\"><strong>\u2713 <\/strong><\/span>Almuerzo<\/p>\n<h3 dir=\"ltr\"><span style=\"color: #000000;\"><strong>No se incluye:<\/strong><\/span><\/h3>\n<p dir=\"ltr\"><span style=\"color: #ff0000;\"><strong>\u2717<\/strong><\/span> Gastos personales<br \/>\n<span style=\"color: #ff0000;\"><strong>\u2717 <\/strong><\/span>Fotos y v\u00eddeos<br \/>\n<span style=\"color: #ff0000;\"><strong>\u2717 <\/strong><\/span>Bebidas<\/p>\n<h3 dir=\"ltr\"><span style=\"color: #000000;\"><strong>\ud83c\udf1f Lo m\u00e1s destacado del viaje<\/strong><\/span><\/h3>\n<p dir=\"ltr\">\ud83d\udd39 Crucero en un catamar\u00e1n moderno y confortable<br \/>\n\ud83d\udd39 Nadar en las bah\u00edas cristalinas de Kemer<br \/>\n\ud83d\udd39 M\u00fasica en directo y programa de entretenimiento a bordo<br \/>\n\ud83d\udd39 Tomar el sol y relajarse en amplias cubiertas<br \/>\n\ud83d\udd39 Vistas impresionantes y grandes oportunidades para hacer fotos<br \/>\n\ud83d\udd39 Alta calidad a un precio asequible<\/p>\n<h3 dir=\"ltr\"><span style=\"color: #000000;\"><strong>\ud83d\udcd6 Descripci\u00f3n completa<\/strong><\/span><\/h3>\n<div dir=\"ltr\">Pase un d\u00eda de relax y diversi\u00f3n en nuestra excursi\u00f3n en catamar\u00e1n desde Kemer. Este viaje combina la comodidad de una embarcaci\u00f3n moderna con la belleza de la costa mediterr\u00e1nea.<br \/>\nLa excursi\u00f3n comienza en el puerto deportivo de Kemer, donde embarcar\u00e1 en un catamar\u00e1n equipado con acogedoras zonas para descansar y tomar el sol.<\/div>\n<div dir=\"ltr\">El crucero incluye paradas para ba\u00f1arse en pintorescas bah\u00edas: <strong>Bah\u00eda de Phaselis<\/strong>: Nadar cerca de antiguas ruinas y bosques de pinos. <strong>Bah\u00eda Para\u00edso<\/strong>: Un lugar apartado con aguas de un azul vibrante. <strong>Bah\u00eda Moonlight<\/strong>: Perfecto para hacer fotos y relajarse. <strong>Cueva pirata<\/strong>: Navegue junto a la legendaria cueva marina, un lugar ideal para hacer fotos. A bordo, disfrute de m\u00fasica, animaci\u00f3n y una animada fiesta de la espuma.<br \/>\nEl almuerzo est\u00e1 incluido, con bebidas a la venta.<br \/>\nAdecuada para parejas, familias y viajeros en solitario, es una de las excursiones m\u00e1s populares de Kemer.<\/div>\n<h3 dir=\"ltr\"><span style=\"color: #000000;\"><strong>\ud83d\uddfa\ufe0f Itinerario<\/strong><\/span><\/h3>\n<p dir=\"ltr\">\ud83d\udd39 Recogida en el hotel<br \/>\n\ud83d\udd39 Salida desde el puerto deportivo de Kemer<br \/>\n\ud83d\udd39 Parada para nadar en la bah\u00eda de Phaselis: ruinas y naturaleza.<br \/>\n\ud83d\udd39 Parada para nadar en Paradise Bay: bah\u00eda aislada.<br \/>\n\ud83d\udd39 Parada para nadar en la bah\u00eda de Moonlight: fotos y relax<br \/>\n\ud83d\udd39 Navega por la Cueva del Pirata: leyendas y acantilados<br \/>\n\ud83d\udd39 Fiesta de la espuma y m\u00fasica a bordo<br \/>\n\ud83d\udd39 Volver a Kemer Marina<br \/>\n\ud83d\udd39 Traslado de vuelta al hotel<\/p>\n<h3 dir=\"ltr\">\u2139\ufe0f <strong>Informaci\u00f3n \u00fatil<\/strong><\/h3>\n<p dir=\"ltr\">\ud83d\udd39 Duraci\u00f3n de la excursi\u00f3n: aproximadamente 7-8 horas.<br \/>\n\ud83d\udd39 El catamar\u00e1n tiene zonas de sombra y para tomar el sol<br \/>\n\ud83d\udd39 Los ni\u00f1os menores de 6 a\u00f1os que viajan gratis no tienen un asiento aparte en el autob\u00fas. Si el autob\u00fas est\u00e1 lleno, se sientan en el regazo de un adulto, o se puede reservar un asiento aparte<\/p>\n<h3 dir=\"ltr\"><span style=\"color: #000000;\"><strong>Qu\u00e9 llevar<\/strong><\/span><\/h3>\n<p dir=\"ltr\">\ud83d\udd39 Ba\u00f1ador y toalla.<br \/>\n\ud83d\udd39 Protector solar y gafas de sol.<br \/>\n\ud83d\udd39 Sombrero o gorra<br \/>\n\ud83d\udd39 Funda impermeable para el tel\u00e9fono o la c\u00e1mara<br \/>\n\ud83d\udd39 Algo de dinero en efectivo para gastos personales<\/p>\n<h3 dir=\"ltr\"><span style=\"color: #000000;\"><strong>\ud83d\udeab No apto para<\/strong><\/span><\/h3>\n<p dir=\"ltr\">\ud83d\udd39 Personas propensas a marearse mucho<br \/>\n\ud83d\udd39 Viajeros con movilidad reducida<\/p>\n<h3><span style=\"color: #000000;\"><strong>\ud83d\udcb8 Precios y reservas<\/strong><\/span><\/h3>\n<p dir=\"ltr\"><strong>\ud83d\udd39 Reserva ahora, paga el d\u00eda de la excursi\u00f3n<\/strong><br \/>\n\ud83d\udd39 Ponte en contacto con nosotros a trav\u00e9s de WhatsApp, Telegram, Viber, o rellena el siguiente formulario de reserva. \ud83d\udc47\ud83c\udffc<\/p>","protected":false},"excerpt":{"rendered":"<p>Reservar <b>visita diaria<\/b> de <b>Antalya<\/b>\u00a1! El barco pirata Drag\u00f3n Rojo <b>viaje<\/b> ofrece fiesta de la espuma, m\u00fasica y nataci\u00f3n. Lo \u00faltimo en todo incluido en el mar <b>excursi\u00f3n<\/b> \u00a1con almuerzo!<\/p>","protected":false},"featured_media":12409,"comment_status":"open","ping_status":"closed","template":"","meta":[],"product_brand":[],"product_cat":[125],"product_tag":[107],"class_list":{"0":"post-15549","1":"product","2":"type-product","3":"status-publish","4":"has-post-thumbnail","6":"tour_phys-antalya-tours","7":"tour_phys-pirate-boat-tours","8":"product_cat-antalya-tours","9":"product_tag-antalya","10":"pa_destination-antalya-tours","11":"pa_kategori-pirate-boat-tours","13":"first","14":"instock","15":"sale","16":"featured","17":"shipping-taxable","18":"purchasable","19":"product-type-tour_phys"},"aioseo_notices":[],"_links":{"self":[{"href":"https:\/\/excursionsworld.com\/es\/wp-json\/wp\/v2\/product\/15549","targetHints":{"allow":["GET"]}}],"collection":[{"href":"https:\/\/excursionsworld.com\/es\/wp-json\/wp\/v2\/product"}],"about":[{"href":"https:\/\/excursionsworld.com\/es\/wp-json\/wp\/v2\/types\/product"}],"replies":[{"embeddable":true,"href":"https:\/\/excursionsworld.com\/es\/wp-json\/wp\/v2\/comments?post=15549"}],"wp:featuredmedia":[{"embeddable":true,"href":"https:\/\/excursionsworld.com\/es\/wp-json\/wp\/v2\/media\/12409"}],"wp:attachment":[{"href":"https:\/\/excursionsworld.com\/es\/wp-json\/wp\/v2\/media?parent=15549"}],"wp:term":[{"taxonomy":"product_brand","embeddable":true,"href":"https:\/\/excursionsworld.com\/es\/wp-json\/wp\/v2\/product_brand?post=15549"},{"taxonomy":"product_cat","embeddable":true,"href":"https:\/\/excursionsworld.com\/es\/wp-json\/wp\/v2\/product_cat?post=15549"},{"taxonomy":"product_tag","embeddable":true,"href":"https:\/\/excursionsworld.com\/es\/wp-json\/wp\/v2\/product_tag?post=15549"}],"curies":[{"name":"wp","href":"https:\/\/api.w.org\/{rel}","templated":true}]}}