{"id":15550,"date":"2025-11-02T12:27:38","date_gmt":"2025-11-02T09:27:38","guid":{"rendered":"https:\/\/excursionsworld.com\/?post_type=product&#038;p=15550\/"},"modified":"2025-12-09T11:16:48","modified_gmt":"2025-12-09T08:16:48","slug":"barco-pirata-gonster-antalya","status":"publish","type":"product","link":"https:\/\/excursionsworld.com\/tours\/pirate-boat-gonster-antalya\/","title":{"rendered":"Excursi\u00f3n en barco pirata Gonster desde Antalya \u2013 todo incluido"},"content":{"rendered":"<h3 dir=\"ltr\"><span style=\"color: #000000;\"><strong>\ud83c\udff4\u200d\u2620\ufe0f Visi\u00f3n general<\/strong><\/span><\/h3>\n<p dir=\"ltr\">Emb\u00e1rquese en una emocionante aventura a bordo del barco pirata Gonster: un d\u00eda lleno de diversi\u00f3n, m\u00fasica y ba\u00f1os a lo largo de la costa turquesa de Kemer. Esta excursi\u00f3n de tem\u00e1tica pirata combina un animado entretenimiento con unas impresionantes vistas del Mediterr\u00e1neo. Refrescos incluidos para todos.<\/p>\n<h3 dir=\"ltr\"><span style=\"color: #000000;\"><strong>Incluido:<\/strong><\/span><\/h3>\n<p dir=\"ltr\"><span style=\"color: #00ff00;\"><strong>\u2713<\/strong><\/span> Recogida y entrega en el hotel<br \/>\n<span style=\"color: #00ff00;\"><strong>\u2713 <\/strong><\/span>Seguros<br \/>\n<span style=\"color: #00ff00;\"><strong>\u2713 <\/strong><\/span>Gu\u00eda<br \/>\n<span style=\"color: #00ff00;\"><strong>\u2713 <\/strong><\/span>Fiesta de la espuma y entretenimiento a bordo<br \/>\n<span style=\"color: #00ff00;\"><strong>\u2713 <\/strong><\/span>Almuerzo<br \/>\n<span style=\"color: #00ff00;\"><strong>\u2713 <\/strong><\/span>Refrescos<\/p>\n<h3 dir=\"ltr\"><strong>No se incluye:<\/strong><\/h3>\n<p dir=\"ltr\"><span style=\"color: #ff0000;\"><strong>\u2717<\/strong><\/span> Gastos personales<br \/>\n<span style=\"color: #ff0000;\"><strong>\u2717 <\/strong><\/span>Bebidas alcoh\u00f3licas<\/p>\n<h3 dir=\"ltr\"><strong>\ud83c\udf1f Lo m\u00e1s destacado del viaje<\/strong><\/h3>\n<p dir=\"ltr\">\ud83d\udd39 Barco pirata con un ambiente animado y festivo.<br \/>\n\ud83d\udd39 Nadar en las bah\u00edas cristalinas de Kemer<br \/>\n\ud83d\udd39 M\u00fasica en directo y programa de entretenimiento a bordo<br \/>\n\ud83d\udd39 Almuerzo y refrescos incluidos.<br \/>\n\ud83d\udd39 Tomar el sol en amplias terrazas<br \/>\n\ud83d\udd39 Paradas fotogr\u00e1ficas en la Cueva de los Piratas y el pintoresco litoral<br \/>\n\ud83d\udd39 Perfecto para familias y amantes de la aventura<\/p>\n<h3 dir=\"ltr\"><strong>\ud83d\udcd6 Descripci\u00f3n completa<\/strong><\/h3>\n<div dir=\"ltr\">Emb\u00e1rquese en un viaje por mar a bordo del barco pirata Gonster a lo largo de la costa turquesa de Kemer. Esta excursi\u00f3n \u00fanica combina un entretenimiento vibrante con la belleza natural del Mediterr\u00e1neo, creando la escapada perfecta para familias, parejas y grupos de amigos. El embarque tiene lugar en el puerto de Kemer, donde el barco de tem\u00e1tica pirata y la animada tripulaci\u00f3n preparan el escenario para un ambiente festivo con m\u00fasica, baile y un espect\u00e1culo tem\u00e1tico. Durante el recorrido, visitar\u00e1 tres pintorescas bah\u00edas para nadar y relajarse: <strong>Bah\u00eda de Phaselis<\/strong>\ud83c\udfca\u200d\u2642\ufe0f Nade cerca de las antiguas ruinas licias, rodeado de historia y naturaleza. <strong>Bah\u00eda Para\u00edso<\/strong>\ud83c\udf3f Una parada acogedora con aguas cristalinas y exuberantes paisajes verdes. <strong>Bah\u00eda Moonlight<\/strong>\ud83d\udcf8 Perfecto para fotos, tomar el sol y nadar tranquilamente.<strong>Cueva pirata <\/strong>\ud83c\udff4\u200d\u2620\ufe0f Navegue por la legendaria Cueva de los Piratas, con espectaculares acantilados y magn\u00edficas oportunidades fotogr\u00e1ficas. A bordo, disfrute de un delicioso almuerzo con refrescos incluidos, seguido de una animada fiesta de la espuma en el viaje de regreso. Tanto si quiere tomar el sol como bailar con la tripulaci\u00f3n, esta excursi\u00f3n promete diversi\u00f3n sin fin y recuerdos inolvidables.<\/div>\n<h3 dir=\"ltr\"><strong>\ud83d\uddfa\ufe0f Itinerario<\/strong><\/h3>\n<p dir=\"ltr\">\ud83d\udd39 Recogida en los hoteles de la zona de Antalya.<br \/>\n\ud83d\udd39 Salida desde el puerto de Kemer<br \/>\n\ud83d\udd39 Parada para nadar en la bah\u00eda de Phaselis.<br \/>\n\ud83d\udd39 Parada para nadar en la bah\u00eda de Moonlight.<br \/>\n\ud83d\udd39 Parada para nadar en la Bah\u00eda Para\u00edso.<br \/>\n\ud83d\udd39 Navega por la Cueva del Pirata<br \/>\n\ud83d\udd39 Fiesta de la espuma y animaci\u00f3n a bordo<br \/>\n\ud83d\udd39 Regreso al puerto de Kemer<br \/>\n\ud83d\udd39 Traslado de vuelta al hotel<\/p>\n<h3 dir=\"ltr\"><strong>\u2139\ufe0f Informaci\u00f3n \u00fatil<\/strong><\/h3>\n<p dir=\"ltr\">\ud83d\udd39 Duraci\u00f3n de la excursi\u00f3n: aproximadamente 5-6 horas.<br \/>\n\ud83d\udd39 Zonas de sombra y sol\u00e1rium a bordo<br \/>\n\ud83d\udd39 Apto para hu\u00e9spedes de todas las edades.<br \/>\nLa tripulaci\u00f3n habla ingl\u00e9s<br \/>\n\ud83d\udd39 Los ni\u00f1os menores de 5 a\u00f1os que viajan gratis no tienen un asiento aparte en el autob\u00fas. Si el autob\u00fas est\u00e1 lleno, se sientan en el regazo de un adulto, o se puede reservar un asiento aparte<\/p>\n<h3 dir=\"ltr\"><strong>Qu\u00e9 llevar<\/strong><\/h3>\n<p dir=\"ltr\">\ud83d\udd39 Ba\u00f1ador y toalla.<br \/>\n\ud83d\udd39 Protector solar y gafas de sol.<br \/>\n\ud83d\udd39 Sombrero o gorra<br \/>\n\ud83d\udd39 Funda o c\u00e1mara resistente al agua<br \/>\n\ud83d\udd39 Dinero en efectivo para souvenirs y gastos adicionales.<\/p>\n<h3 dir=\"ltr\"><strong>\ud83d\udeab No apto para<\/strong><\/h3>\n<p dir=\"ltr\">\ud83d\udd39 Hu\u00e9spedes propensos a marearse mucho<br \/>\n\ud83d\udd39 Personas con movilidad reducida<\/p>\n<h3 dir=\"ltr\">\ud83d\udcb8 <strong>Precios y reservas<\/strong><\/h3>\n<p dir=\"ltr\"><strong>\ud83d\udd39 Reserva ahora, paga el d\u00eda de la excursi\u00f3n<\/strong><br \/>\n\ud83d\udd39 Ponte en contacto con nosotros a trav\u00e9s de WhatsApp, Telegram, Viber, o rellena el siguiente formulario de reserva. \ud83d\udc47\ud83c\udffc<\/p>","protected":false},"excerpt":{"rendered":"<p>Reservar <b>visita diaria<\/b> de <b>Antalya<\/b>\u00a1! El barco pirata Gonster <b>viaje<\/b> ofrece fiesta de la espuma, nataci\u00f3n y refrescos. Lo \u00faltimo en todo incluido en el mar <b>excursi\u00f3n<\/b>!<\/p>","protected":false},"featured_media":12200,"comment_status":"open","ping_status":"closed","template":"","meta":[],"product_brand":[],"product_cat":[125,130],"product_tag":[107],"class_list":{"0":"post-15550","1":"product","2":"type-product","3":"status-publish","4":"has-post-thumbnail","6":"tour_phys-antalya-tours","7":"tour_phys-pirate-boat-tours","8":"product_cat-antalya-tours","9":"product_cat-pirate-boat-tours","10":"product_tag-antalya","11":"pa_destination-antalya-tours","12":"pa_kategori-pirate-boat-tours","14":"first","15":"instock","16":"sale","17":"featured","18":"shipping-taxable","19":"purchasable","20":"product-type-tour_phys"},"aioseo_notices":[],"_links":{"self":[{"href":"https:\/\/excursionsworld.com\/es\/wp-json\/wp\/v2\/product\/15550","targetHints":{"allow":["GET"]}}],"collection":[{"href":"https:\/\/excursionsworld.com\/es\/wp-json\/wp\/v2\/product"}],"about":[{"href":"https:\/\/excursionsworld.com\/es\/wp-json\/wp\/v2\/types\/product"}],"replies":[{"embeddable":true,"href":"https:\/\/excursionsworld.com\/es\/wp-json\/wp\/v2\/comments?post=15550"}],"wp:featuredmedia":[{"embeddable":true,"href":"https:\/\/excursionsworld.com\/es\/wp-json\/wp\/v2\/media\/12200"}],"wp:attachment":[{"href":"https:\/\/excursionsworld.com\/es\/wp-json\/wp\/v2\/media?parent=15550"}],"wp:term":[{"taxonomy":"product_brand","embeddable":true,"href":"https:\/\/excursionsworld.com\/es\/wp-json\/wp\/v2\/product_brand?post=15550"},{"taxonomy":"product_cat","embeddable":true,"href":"https:\/\/excursionsworld.com\/es\/wp-json\/wp\/v2\/product_cat?post=15550"},{"taxonomy":"product_tag","embeddable":true,"href":"https:\/\/excursionsworld.com\/es\/wp-json\/wp\/v2\/product_tag?post=15550"}],"curies":[{"name":"wp","href":"https:\/\/api.w.org\/{rel}","templated":true}]}}