{"id":15551,"date":"2025-11-02T12:29:15","date_gmt":"2025-11-02T09:29:15","guid":{"rendered":"https:\/\/excursionsworld.com\/?post_type=product&#038;p=15551\/"},"modified":"2025-11-21T12:22:14","modified_gmt":"2025-11-21T09:22:14","slug":"paseo-barco-green-canyon-antalya","status":"publish","type":"product","link":"https:\/\/excursionsworld.com\/tours\/green-canyon-boat-tour-antalya\/","title":{"rendered":"Green Canyon excursi\u00f3n en barco desde Antalya \u2013 Ca\u00f1\u00f3n Verde"},"content":{"rendered":"<h3 dir=\"ltr\" data-pm-slice=\"1 1 []\">\ud83c\udf32 Visi\u00f3n general<\/h3>\n<p dir=\"ltr\">Emb\u00e1rquese en una tranquila excursi\u00f3n al Ca\u00f1\u00f3n Verde desde Antalya y sus alrededores. Disfrute de un paseo en barco por aguas turquesas, nade y sum\u00e9rjase en el impresionante paisaje de los montes Tauro. Perfecta para familias y amantes de la naturaleza, esta excursi\u00f3n dura aproximadamente 7-8 horas.<\/p>\n<h3 dir=\"ltr\">Incluido:<\/h3>\n<p dir=\"ltr\"><span style=\"color: #00ff00;\"><strong>\u2713<\/strong><\/span> Recogida y entrega en el hotel<br \/>\n<span style=\"color: #00ff00;\"><strong>\u2713 <\/strong><\/span>Paseo en barco por el Ca\u00f1\u00f3n Verde<br \/>\n<span style=\"color: #00ff00;\"><strong>\u2713 <\/strong><\/span>Gu\u00eda<br \/>\n<span style=\"color: #00ff00;\"><strong>\u2713 <\/strong><\/span>Almuerzo en un restaurante a orillas del lago<br \/>\n<span style=\"color: #00ff00;\"><strong>\u2713 <\/strong><\/span>Seguro a todo riesgo<br \/>\n<span style=\"color: #00ff00;\"><strong>\u2713 <\/strong><\/span>Refrescos<\/p>\n<h3 dir=\"ltr\">No incluido<\/h3>\n<p dir=\"ltr\"><strong><span style=\"color: #ff0000;\">\u2717<\/span><\/strong> Gastos personales<br \/>\n<strong><span style=\"color: #ff0000;\">\u2717 <\/span><\/strong>Fotos y v\u00eddeos (opcional)<\/p>\n<h3 dir=\"ltr\">\ud83d\udea4 Lo m\u00e1s destacado del viaje<\/h3>\n<p dir=\"ltr\">\ud83d\udd39 Crucero en barco por el Ca\u00f1\u00f3n Verde<br \/>\n\ud83d\udd39 Impresionantes vistas de los montes Tauro.<br \/>\n\ud83d\udd39 Nadar en las refrescantes aguas del ca\u00f1\u00f3n<br \/>\n\ud83d\udd39 Delicioso almuerzo junto al lago.<br \/>\n\ud83d\udd39 Escapada tranquila de la ciudad<\/p>\n<h3 dir=\"ltr\">\ud83d\udcd6 Descripci\u00f3n completa<\/h3>\n<p dir=\"ltr\">Comience el d\u00eda con un c\u00f3modo traslado desde Antalya o zonas cercanas, atravesando los montes Tauro hasta el Ca\u00f1\u00f3n Verde. Suba a bordo de un acogedor barco y emprenda un relajante crucero por aguas color esmeralda, rodeado de acantilados y exuberante vegetaci\u00f3n. Navegue por el Peque\u00f1o y el Gran Ca\u00f1\u00f3n, deteni\u00e9ndose para nadar en las cristalinas aguas turcas. Disfrute de un suculento almuerzo en un restaurante junto al lago, sumergi\u00e9ndose en la tranquilidad de la naturaleza. Esta excursi\u00f3n es la mezcla perfecta de relajaci\u00f3n y belleza natural, que le dejar\u00e1 renovado al regresar a su hotel.<\/p>\n<h3 dir=\"ltr\">\ud83d\uddfa\ufe0f Itinerario<\/h3>\n<p dir=\"ltr\">\ud83d\udd39 Recogida en Antalya y alrededores.<br \/>\n\ud83d\udd39 Traslado al Ca\u00f1\u00f3n Verde a trav\u00e9s de los Montes Tauro.<br \/>\n\ud83d\udd39 Crucero en barco por el ca\u00f1\u00f3n<br \/>\n\ud83d\udd39 Paradas de nataci\u00f3n<br \/>\n\ud83d\udd39 Almuerzo en un restaurante a orillas del lago<br \/>\n\ud83d\udd39 Crucero de ida y vuelta<br \/>\n\ud83d\udd39 Traslado de vuelta al hotel<\/p>\n<h3 dir=\"ltr\">\u2139\ufe0f Informaci\u00f3n \u00fatil<\/h3>\n<p dir=\"ltr\">Duraci\u00f3n: ~7-8 horas (excursi\u00f3n de d\u00eda completo)<br \/>\n\ud83d\udd39 Poca actividad f\u00edsica (crucero y nataci\u00f3n opcional).<br \/>\n\ud83d\udd39 Excursi\u00f3n disponible todos los d\u00edas desde Antalya<br \/>\n\ud83d\udd39 Almuerzo incluido, bebidas con coste adicional.<br \/>\n\ud83d\udd39 El barco cuenta con zonas de sombra y ba\u00f1os<br \/>\n\ud83d\udd39 Chalecos salvavidas disponibles para nadar<\/p>\n<h3 data-start=\"2090\" data-end=\"2113\">Qu\u00e9 llevar<\/h3>\n<p data-start=\"2114\" data-end=\"2233\">\ud83d\udd39 Ba\u00f1ador y toalla.<br data-start=\"2135\" data-end=\"2138\" \/>\ud83d\udd39 Gafas de sol y sombrero<br data-start=\"2159\" data-end=\"2162\" \/>\ud83d\udd39 Protector solar<br data-start=\"2174\" data-end=\"2177\" \/>\ud83d\udd39 C\u00e1mara o smartphone<br data-start=\"2200\" data-end=\"2203\" \/>\ud83d\udd39 Dinero en efectivo para bebidas o extras<\/p>\n<h3 data-start=\"1974\" data-end=\"2000\">\ud83d\udeab No apto para<\/h3>\n<p data-start=\"2001\" data-end=\"2088\">\ud83d\udd39 Personas con movilidad reducida<br data-start=\"2032\" data-end=\"2035\" \/>\ud83d\udd39 Usuarios de sillas de ruedas<br data-start=\"2054\" data-end=\"2057\" \/>\ud83d\udd39 Los propensos al mareo<\/p>\n<h3 data-start=\"2334\" data-end=\"2361\">\ud83d\udcb8 Precios y reservas<\/h3>\n<p data-start=\"2362\" data-end=\"2477\">\ud83d\udd39 Reserva ahora, paga el d\u00eda de la excursi\u00f3n<br data-start=\"2401\" data-end=\"2404\" \/>\ud83d\udd39 Contacta con nosotros v\u00eda WhatsApp, Telegram o Viber para reservas o dudas. \ud83d\udc47\ud83c\udffc<\/p>","protected":false},"excerpt":{"rendered":"<p data-start=\"381\" data-end=\"590\">Disfrute de una excursi\u00f3n en barco por el Ca\u00f1\u00f3n Verde desde Antalya con ba\u00f1o, pesca, almuerzo junto al lago y traslado al hotel. Excursi\u00f3n perfecta para los amantes de la naturaleza en los Montes Tauro.<\/p>","protected":false},"featured_media":12848,"comment_status":"open","ping_status":"closed","template":"","meta":[],"product_brand":[],"product_cat":[125],"product_tag":[107],"class_list":{"0":"post-15551","1":"product","2":"type-product","3":"status-publish","4":"has-post-thumbnail","6":"tour_phys-antalya-tours","7":"tour_phys-boat-tours","8":"product_cat-antalya-tours","9":"product_tag-antalya","10":"pa_destination-antalya-tours","11":"pa_kategori-boat-tours","13":"first","14":"instock","15":"sale","16":"featured","17":"shipping-taxable","18":"purchasable","19":"product-type-tour_phys"},"aioseo_notices":[],"_links":{"self":[{"href":"https:\/\/excursionsworld.com\/es\/wp-json\/wp\/v2\/product\/15551","targetHints":{"allow":["GET"]}}],"collection":[{"href":"https:\/\/excursionsworld.com\/es\/wp-json\/wp\/v2\/product"}],"about":[{"href":"https:\/\/excursionsworld.com\/es\/wp-json\/wp\/v2\/types\/product"}],"replies":[{"embeddable":true,"href":"https:\/\/excursionsworld.com\/es\/wp-json\/wp\/v2\/comments?post=15551"}],"wp:featuredmedia":[{"embeddable":true,"href":"https:\/\/excursionsworld.com\/es\/wp-json\/wp\/v2\/media\/12848"}],"wp:attachment":[{"href":"https:\/\/excursionsworld.com\/es\/wp-json\/wp\/v2\/media?parent=15551"}],"wp:term":[{"taxonomy":"product_brand","embeddable":true,"href":"https:\/\/excursionsworld.com\/es\/wp-json\/wp\/v2\/product_brand?post=15551"},{"taxonomy":"product_cat","embeddable":true,"href":"https:\/\/excursionsworld.com\/es\/wp-json\/wp\/v2\/product_cat?post=15551"},{"taxonomy":"product_tag","embeddable":true,"href":"https:\/\/excursionsworld.com\/es\/wp-json\/wp\/v2\/product_tag?post=15551"}],"curies":[{"name":"wp","href":"https:\/\/api.w.org\/{rel}","templated":true}]}}