{"id":15552,"date":"2025-11-02T12:31:24","date_gmt":"2025-11-02T09:31:24","guid":{"rendered":"https:\/\/excursionsworld.com\/?post_type=product&#038;p=15552\/"},"modified":"2026-04-24T01:27:08","modified_gmt":"2026-04-23T22:27:08","slug":"antalya-casco-antiguo-cascadas","status":"publish","type":"product","link":"https:\/\/excursionsworld.com\/tours\/antalya-old-town-waterfalls\/","title":{"rendered":"Tour por la ciudad de Antalya \u2013 casco antiguo, cascadas y barco"},"content":{"rendered":"<h2>\u2600\ufe0f Visi\u00f3n general<\/h2>\n<p>Descubra la belleza y el encanto de <strong><a href=\"https:\/\/en.wikipedia.org\/wiki\/Antalya\" target=\"_blank\" rel=\"noopener\">Antalya<\/a><\/strong> \u00a1en un solo d\u00eda! Esta excursi\u00f3n llena de acci\u00f3n incluye un paseo en barco, visitas a los impresionantes <strong>Cascadas de D\u00fcden<\/strong>, un almuerzo turco y un paseo por el centro hist\u00f3rico. <strong>Casco antiguo (Kalei\u00e7i)<\/strong>. Traslados incluidos desde los hoteles de <strong>Antalya y alrededores<\/strong>, para que su d\u00eda est\u00e9 libre de preocupaciones.<\/p>\n<h3>Incluido:<\/h3>\n<p><strong><span style=\"color: #00ff00;\">\u2713<\/span> <\/strong>Recogida y entrega en el hotel<br \/>\n<strong><span style=\"color: #00ff00;\">\u2713<\/span> <\/strong>Entradas a las cascadas de D\u00fcden (superior e inferior)<br \/>\n<strong><span style=\"color: #00ff00;\">\u2713<\/span> <\/strong>C\u00f3modo autob\u00fas con aire acondicionado<br \/>\n<strong><span style=\"color: #00ff00;\">\u2713<\/span> <\/strong>Gu\u00eda profesional de habla inglesa<br \/>\n<strong><span style=\"color: #00ff00;\">\u2713<\/span> <\/strong>Almuerzo en un restaurante local<br \/>\n<strong><span style=\"color: #00ff00;\">\u2713<\/span> <\/strong>Seguro a todo riesgo<\/p>\n<h3>No se incluye:<\/h3>\n<p><span style=\"color: #ff0000;\"><strong>\u2717<\/strong> <\/span>Paseo en barco (si se selecciona como opci\u00f3n)<br \/>\n<span style=\"color: #ff0000;\"><strong>\u2717<\/strong> <\/span>Bebidas<br \/>\n<span style=\"color: #ff0000;\"><strong>\u2717<\/strong> <\/span>Gastos personales (fotos, v\u00eddeos)<\/p>\n<h2>\ud83c\udf1f Puntos Destacados del Tour de esta Ciudad de Antalya<\/h2>\n<p>\ud83d\udd39 Admira la Cascada Inferior de D\u00fcden, que cae en cascada 40 metros hasta el mar.<br \/>\n\ud83d\udd39 Paseo por el casco antiguo (Kalei\u00e7i): Puerta de Adriano, Minarete de Yivli, Torre del Reloj.<br \/>\n\ud83d\udd39 Rel\u00e1jate en un paseo en barco de una hora desde el puerto viejo de Antalya<br \/>\n\ud83d\udd39 Disfruta del verdor y el frescor de la cascada del Alto D\u00fcden<br \/>\n\ud83d\udd39 Visita un taller local de joyer\u00eda en plata<\/p>\n<h2>\ud83d\udcdd Descripci\u00f3n Completa: Tu Experiencia de Tour por la Ciudad de Antalya<\/h2>\n<div>La excursi\u00f3n comienza con la recogida por la ma\u00f1ana en su hotel en <strong>Antalya o zonas cercanas<\/strong>. Comience con un paseo por el hist\u00f3rico <strong>Casco antiguo (Kalei\u00e7i)<\/strong>, ver la Puerta de Adriano, encantadoras calles, mezquitas y tiendas locales.<\/div>\n<div>A continuaci\u00f3n, disfrute de una hora <strong>viaje en barco<\/strong> a lo largo de la impresionante costa mediterr\u00e1nea (opcional). Tras el paseo en barco, saboree un almuerzo tradicional turco en un restaurante local. Contin\u00fae con las visitas al <strong>Cascadas del Bajo y Alto D\u00fcden<\/strong>, rodeado de exuberante vegetaci\u00f3n. Termine el d\u00eda en un <strong>taller de joyer\u00eda en plata<\/strong>, donde podr\u00e1 ver y comprar art\u00edculos hechos a mano. Regrese a su hotel con recuerdos inolvidables.<\/div>\n<h3>\ud83d\udccd Itinerario<\/h3>\n<p>\ud83d\udd39 Recogida en el hotel<br \/>\n\ud83d\udd39 Paseo por el casco antiguo (Kalei\u00e7i)<br \/>\n\ud83d\udd39 Paseo en barco desde el puerto viejo (1 hora, opcional).<br \/>\n\ud83d\udd39 Almuerzo en un restaurante local.<br \/>\n\ud83d\udd39 Visita a la cascada del Bajo D\u00fcden<br \/>\n\ud83d\udd39 Visita a la cascada del Alto D\u00fcden<br \/>\n\ud83d\udd39 Parada en un taller de joyer\u00eda<br \/>\n\ud83d\udd39 Regreso al hotel<\/p>\n<h3>\u2139\ufe0f Informaci\u00f3n \u00fatil<\/h3>\n<p>\ud83d\udd39 El viaje en barco puede cancelarse o modificarse debido a las condiciones meteorol\u00f3gicas<br \/>\n\ud83d\udd39 El itinerario puede cambiar para mejorar la experiencia del tour<br \/>\n\ud83d\udd39 Se trata de una visita tur\u00edstica; el ba\u00f1o no est\u00e1 incluido.<br \/>\n\ud83d\udd39 Los ni\u00f1os menores de 5 a\u00f1os que viajan gratis no tienen un asiento aparte en el autob\u00fas. Si el autob\u00fas est\u00e1 lleno, se sientan en el regazo de un adulto o se puede reservar un asiento aparte<\/p>\n<h2>Qu\u00e9 llevar<\/h2>\n<p>\ud83d\udd39 Zapatos c\u00f3modos para caminar<br \/>\n\ud83d\udd39 Gafas de sol y sombreros<br \/>\n\ud83d\udd39 Protector solar<br \/>\n\ud83d\udd39 C\u00e1mara o smartphone<br \/>\n\ud83d\udd39 Dinero en efectivo para bebidas y gastos personales.<\/p>\n<h3>\ud83d\udeab No apto para<\/h3>\n<p>\ud83d\udd39 Usuarios de sillas de ruedas<br \/>\n\ud83d\udd39 Personas con movilidad reducida<\/p>\n<h2>\ud83d\udcb8 Precios y reservas<\/h2>\n<p><strong>\ud83d\udd39 Reserva ahora, paga el d\u00eda de la excursi\u00f3n<\/strong><br \/>\n\ud83d\udd39 P\u00f3ngase en contacto con nosotros a trav\u00e9s de <strong>WhatsApp<\/strong>, <strong>Telegrama<\/strong>, <strong>Viber<\/strong>, o rellene el siguiente formulario de reserva. \ud83d\udc47\ud83c\udffc<\/p>\n<p>\u00bfBuscas alternativas? Explora <a href=\"https:\/\/excursionsworld.com\/es\/excursiones-antalya\/\">m\u00e1s tours en Antalya<\/a>.<\/p>","protected":false},"excerpt":{"rendered":"<p>Reserva el <b>Antalya City Tour<\/b>! See D\u00fcden Waterfalls &amp; historic Kalei\u00e7i. Includes <b>viaje en barco<\/b>, Turkish <b>almuerzo<\/b>, and full-day <b>excursi\u00f3n<\/b>. <b>Traslado incluido<\/b>.<\/p>","protected":false},"featured_media":15466,"comment_status":"open","ping_status":"closed","template":"","meta":[],"product_brand":[],"product_cat":[125],"product_tag":[107],"class_list":{"0":"post-15552","1":"product","2":"type-product","3":"status-publish","4":"has-post-thumbnail","6":"tour_phys-antalya-tours","7":"product_cat-antalya-tours","8":"product_tag-antalya","9":"pa_destination-antalya-tours","11":"first","12":"instock","13":"sale","14":"shipping-taxable","15":"purchasable","16":"product-type-tour_phys"},"aioseo_notices":[],"_links":{"self":[{"href":"https:\/\/excursionsworld.com\/es\/wp-json\/wp\/v2\/product\/15552","targetHints":{"allow":["GET"]}}],"collection":[{"href":"https:\/\/excursionsworld.com\/es\/wp-json\/wp\/v2\/product"}],"about":[{"href":"https:\/\/excursionsworld.com\/es\/wp-json\/wp\/v2\/types\/product"}],"replies":[{"embeddable":true,"href":"https:\/\/excursionsworld.com\/es\/wp-json\/wp\/v2\/comments?post=15552"}],"wp:featuredmedia":[{"embeddable":true,"href":"https:\/\/excursionsworld.com\/es\/wp-json\/wp\/v2\/media\/15466"}],"wp:attachment":[{"href":"https:\/\/excursionsworld.com\/es\/wp-json\/wp\/v2\/media?parent=15552"}],"wp:term":[{"taxonomy":"product_brand","embeddable":true,"href":"https:\/\/excursionsworld.com\/es\/wp-json\/wp\/v2\/product_brand?post=15552"},{"taxonomy":"product_cat","embeddable":true,"href":"https:\/\/excursionsworld.com\/es\/wp-json\/wp\/v2\/product_cat?post=15552"},{"taxonomy":"product_tag","embeddable":true,"href":"https:\/\/excursionsworld.com\/es\/wp-json\/wp\/v2\/product_tag?post=15552"}],"curies":[{"name":"wp","href":"https:\/\/api.w.org\/{rel}","templated":true}]}}