{"id":15553,"date":"2025-11-02T12:32:29","date_gmt":"2025-11-02T09:32:29","guid":{"rendered":"https:\/\/excursionsworld.com\/?post_type=product&#038;p=15553\/"},"modified":"2026-01-18T17:19:45","modified_gmt":"2026-01-18T14:19:45","slug":"demre-myra-kekova-antalya","status":"publish","type":"product","link":"https:\/\/excursionsworld.com\/tours\/demre-myra-kekova-antalya\/","title":{"rendered":"Excursi\u00f3n a Demre, Myra y Kekova desde Antalya \u2013 iglesia de San Nicol\u00e1s"},"content":{"rendered":"<h3 data-start=\"140\" data-end=\"159\">\ud83c\udfdd\ufe0f Visi\u00f3n general<\/h3>\n<p data-start=\"160\" data-end=\"462\">Descubra las antiguas maravillas de Licia en una excursi\u00f3n de un d\u00eda desde Antalya. Navegue sobre la ciudad hundida de Kekova en un yate con fondo de cristal, visite las antiguas tumbas rupestres de Myra y explore la iglesia de San Nicol\u00e1s en Demre, inspiraci\u00f3n de Pap\u00e1 Noel. Una mezcla perfecta de historia, naturaleza y aventura mar\u00edtima.<\/p>\n<h3 data-start=\"464\" data-end=\"481\">\u00a0Incluido:<\/h3>\n<p data-start=\"482\" data-end=\"686\"><span style=\"color: #00ff00;\"><strong>\u2713<\/strong> <\/span>Recogida y entrega en el hotel\u00a0<br data-start=\"526\" data-end=\"529\" \/><span style=\"color: #00ff00;\"><strong>\u2713<\/strong> <\/span>C\u00f3modo autob\u00fas con aire acondicionado<br data-start=\"562\" data-end=\"565\" \/><span style=\"color: #00ff00;\"><strong>\u2713<\/strong> <\/span>Paseo en yate con fondo de cristal<br data-start=\"590\" data-end=\"593\" \/><span style=\"color: #00ff00;\"><strong>\u2713<\/strong> <\/span>Entradas a Myra<br data-start=\"616\" data-end=\"619\" \/><span style=\"color: #00ff00;\"><strong>\u2713<\/strong> <\/span>Gu\u00eda profesional<br data-start=\"639\" data-end=\"642\" \/><span style=\"color: #00ff00;\"><strong>\u2713<\/strong> <\/span>Seguro a todo riesgo<br data-start=\"658\" data-end=\"661\" \/><span style=\"color: #00ff00;\"><strong>\u2713<\/strong> <\/span>Delicioso almuerzo local<\/p>\n<h3 data-start=\"688\" data-end=\"709\">\u00a0No se incluye:<\/h3>\n<p data-start=\"710\" data-end=\"808\"><span style=\"color: #ff0000;\"><strong>\u2717<\/strong> <\/span>Entrada de la iglesia de San Nicol\u00e1s (opcional)<br data-start=\"795\" data-end=\"798\" \/><span style=\"color: #ff0000;\"><strong>\u2717<\/strong> <\/span>Bebidas<\/p>\n<h3 data-start=\"810\" data-end=\"835\">\ud83c\udf1f Lo m\u00e1s destacado del viaje<\/h3>\n<p data-start=\"836\" data-end=\"1167\">\ud83d\udd39 Sobrevuela la ciudad hundida de Kekova en un yate con fondo de cristal<br data-start=\"900\" data-end=\"903\" \/>\ud83d\udd39 Explora antiguas tumbas rupestres y el teatro romano de Myra<br data-start=\"962\" data-end=\"965\" \/>\ud83d\udd39 Visita la iglesia de San Nicol\u00e1s en Demre, vinculada a Pap\u00e1 Noel<br data-start=\"1025\" data-end=\"1028\" \/>\ud83d\udd39 B\u00e1\u00f1ate en las aguas turquesas del Mediterr\u00e1neo cerca de Kekova<br data-start=\"1081\" data-end=\"1084\" \/>\ud83d\udd39 Impresionantes vistas del castillo de Simena.<br data-start=\"1118\" data-end=\"1121\" \/>\ud83d\udd39 Traslados c\u00f3modos desde los hoteles de Antalya<\/p>\n<h3 data-start=\"1169\" data-end=\"1195\">\ud83d\udcd6 Descripci\u00f3n completa<\/h3>\n<div data-start=\"1196\" data-end=\"1460\">Su aventura comienza con la recogida en el hotel de Antalya por la ma\u00f1ana. Tras un pintoresco recorrido costero, explore <strong data-start=\"1298\" data-end=\"1306\">Myra<\/strong>, famosa por sus tumbas rupestres licias y su teatro romano. A continuaci\u00f3n, visita <strong data-start=\"1372\" data-end=\"1395\">Iglesia de San Nicol\u00e1s<\/strong> en Demre, uno de los lugares cristianos m\u00e1s importantes de Turqu\u00eda.<\/div>\n<div data-start=\"1462\" data-end=\"1739\">Disfrute de un <strong data-start=\"1470\" data-end=\"1485\">almuerzo local<\/strong>, A continuaci\u00f3n, suba a <strong data-start=\"1500\" data-end=\"1522\">yate con fondo de cristal<\/strong> desde el puerto de \u00c7aya\u011fz\u0131 para realizar un crucero de 2,5 horas hasta la isla de Kekova. Vea la <strong data-start=\"1589\" data-end=\"1604\">ciudad hundida<\/strong>, nadar en el mar cristalino y admirar <strong data-start=\"1648\" data-end=\"1665\">Castillo de Simena<\/strong>. Despu\u00e9s de este d\u00eda inolvidable, rel\u00e1jese en su viaje de regreso a Antalya.<\/div>\n<h3 data-start=\"1741\" data-end=\"1766\">\ud83d\uddfa\ufe0f Itinerario<\/h3>\n<p data-start=\"1767\" data-end=\"2044\">\ud83d\udd39 Recogida en el hotel en la regi\u00f3n de Antalya.<br data-start=\"1800\" data-end=\"1803\" \/>\ud83d\udd39 Visita a las tumbas rupestres de Myra y al teatro romano.<br data-start=\"1850\" data-end=\"1853\" \/>\ud83d\udd39 Parada en la iglesia de San Nicol\u00e1s (entrada opcional).<br data-start=\"1903\" data-end=\"1906\" \/>\ud83d\udd39 Almuerzo en un restaurante local.<br data-start=\"1936\" data-end=\"1939\" \/>\ud83d\udd39 Crucero en yate con fondo de cristal hasta Kekova<br data-start=\"1977\" data-end=\"1980\" \/>\ud83d\udd39 Parada para nadar y hacer turismo<br data-start=\"2012\" data-end=\"2015\" \/>\ud83d\udd39 Traslado de vuelta al hotel<\/p>\n<h3 data-start=\"2352\" data-end=\"2380\">\u2139\ufe0f Informaci\u00f3n \u00fatil<\/h3>\n<p data-start=\"2381\" data-end=\"2539\">\ud83d\udd39 Duraci\u00f3n: 8-9 horas aprox.<br data-start=\"2411\" data-end=\"2414\" \/>\ud83d\udd39 El itinerario puede variar debido a las condiciones meteorol\u00f3gicas o mar\u00edtimas<br data-start=\"2468\" data-end=\"2471\" \/>\ud83d\udd39 Los menores de 6 a\u00f1os viajan gratis pero comparten asiento si el autob\u00fas va lleno<\/p>\n<h3 data-start=\"2155\" data-end=\"2178\">Qu\u00e9 llevar<\/h3>\n<p data-start=\"2179\" data-end=\"2287\">\ud83d\udd39 Zapatos c\u00f3modos<br data-start=\"2199\" data-end=\"2202\" \/>\ud83d\udd39 Gafas de sol y protecci\u00f3n solar.<br data-start=\"2229\" data-end=\"2232\" \/>\ud83d\udd39 Ba\u00f1ador y toalla.<br data-start=\"2253\" data-end=\"2256\" \/>\ud83d\udd39 Efectivo para gastos personales<\/p>\n<h3 data-start=\"2046\" data-end=\"2072\">\ud83d\udeab No apto para<\/h3>\n<p data-start=\"2073\" data-end=\"2153\">\ud83d\udd39 Personas con movilidad reducida<br data-start=\"2104\" data-end=\"2107\" \/>\ud83d\udd39 Viajeros con enfermedades graves<\/p>\n<h3>\ud83d\udcb8\u00a0<strong data-start=\"3780\" data-end=\"3801\">Precios y reservas<\/strong><\/h3>\n<p data-start=\"3803\" data-end=\"3931\"><strong>\ud83d\udd39 Reserva ahora, paga el d\u00eda de la excursi\u00f3n<\/strong><br data-start=\"3842\" data-end=\"3845\" \/>\ud83d\udd39 Ponte en contacto con nosotros a trav\u00e9s de WhatsApp, Telegram, Viber, o rellena el siguiente formulario de reserva \ud83d\udc47\ud83c\udffc<\/p>","protected":false},"excerpt":{"rendered":"<p>Reserva la historia definitiva <b>excursi\u00f3n<\/b> de <b>Antalya<\/b>\u00a1! Inolvidable <b>excursi\u00f3n de un d\u00eda<\/b> a las tumbas rupestres de Myra, la iglesia de San Nicol\u00e1s y la ciudad hundida de Kekova <b>excursi\u00f3n en barco<\/b>.<\/p>","protected":false},"featured_media":12563,"comment_status":"open","ping_status":"closed","template":"","meta":[],"product_brand":[],"product_cat":[125],"product_tag":[107],"class_list":{"0":"post-15553","1":"product","2":"type-product","3":"status-publish","4":"has-post-thumbnail","6":"tour_phys-antalya-tours","7":"product_cat-antalya-tours","8":"product_tag-antalya","9":"pa_destination-antalya-tours","11":"first","12":"instock","13":"sale","14":"shipping-taxable","15":"purchasable","16":"product-type-tour_phys"},"aioseo_notices":[],"_links":{"self":[{"href":"https:\/\/excursionsworld.com\/es\/wp-json\/wp\/v2\/product\/15553","targetHints":{"allow":["GET"]}}],"collection":[{"href":"https:\/\/excursionsworld.com\/es\/wp-json\/wp\/v2\/product"}],"about":[{"href":"https:\/\/excursionsworld.com\/es\/wp-json\/wp\/v2\/types\/product"}],"replies":[{"embeddable":true,"href":"https:\/\/excursionsworld.com\/es\/wp-json\/wp\/v2\/comments?post=15553"}],"wp:featuredmedia":[{"embeddable":true,"href":"https:\/\/excursionsworld.com\/es\/wp-json\/wp\/v2\/media\/12563"}],"wp:attachment":[{"href":"https:\/\/excursionsworld.com\/es\/wp-json\/wp\/v2\/media?parent=15553"}],"wp:term":[{"taxonomy":"product_brand","embeddable":true,"href":"https:\/\/excursionsworld.com\/es\/wp-json\/wp\/v2\/product_brand?post=15553"},{"taxonomy":"product_cat","embeddable":true,"href":"https:\/\/excursionsworld.com\/es\/wp-json\/wp\/v2\/product_cat?post=15553"},{"taxonomy":"product_tag","embeddable":true,"href":"https:\/\/excursionsworld.com\/es\/wp-json\/wp\/v2\/product_tag?post=15553"}],"curies":[{"name":"wp","href":"https:\/\/api.w.org\/{rel}","templated":true}]}}