{"id":15554,"date":"2025-11-02T12:33:31","date_gmt":"2025-11-02T09:33:31","guid":{"rendered":"https:\/\/excursionsworld.com\/?post_type=product&#038;p=15554\/"},"modified":"2026-04-24T01:27:09","modified_gmt":"2026-04-23T22:27:09","slug":"pamukkale-hierapolis-antalya","status":"publish","type":"product","link":"https:\/\/excursionsworld.com\/tours\/pamukkale-hierapolis-antalya\/","title":{"rendered":"Excursi\u00f3n a Pamukkale y Hier\u00e1polis desde Antalya \u2013 d\u00eda completo"},"content":{"rendered":"<h2>\ud83c\udfdd\ufe0f Visi\u00f3n general<\/h2>\n<p>Descubra las impresionantes terrazas de <strong><a href=\"https:\/\/en.wikipedia.org\/wiki\/Pamukkale\" target=\"_blank\" rel=\"noopener\">Pamukkale<\/a><\/strong> y la antigua ciudad de <strong>Hier\u00e1polis<\/strong> en una excursi\u00f3n de un d\u00eda desde <strong>Antalya<\/strong> y las regiones circundantes. Disfrute de c\u00f3modos traslados desde los hoteles de la zona de Antalya, b\u00e1\u00f1ese en aguas termales, explore ruinas hist\u00f3ricas y saboree un delicioso almuerzo turco en este viaje inolvidable.<\/p>\n<h3>Incluido:<\/h3>\n<p><span style=\"color: #00ff00;\"><strong>\u2713<\/strong> <\/span>Recogida y entrega en el hotel<br \/>\n<span style=\"color: #00ff00;\"><strong>\u2713<\/strong> <\/span>Autob\u00fas con aire acondicionado<br \/>\n<span style=\"color: #00ff00;\"><strong>\u2713<\/strong> <\/span>Entradas a Pamukkale y Hier\u00e1polis<br \/>\n<span style=\"color: #00ff00;\"><strong>\u2713<\/strong> <\/span>Seguro a todo riesgo<br \/>\n<span style=\"color: #00ff00;\"><strong>\u2713<\/strong> <\/span>Gu\u00eda historiador angl\u00f3fono<br \/>\n<span style=\"color: #00ff00;\"><strong>\u2713<\/strong> <\/span>Almuerzo (buffet)<\/p>\n<h3>No se incluye:<\/h3>\n<p><strong><span style=\"color: #ff0000;\">\u2717<\/span> <\/strong>Entrada a la piscina de Cleopatra<br \/>\n<strong><span style=\"color: #ff0000;\">\u2717<\/span> <\/strong>Gastos personales<br \/>\n<strong><span style=\"color: #ff0000;\">\u2717<\/span> <\/strong>Bebidas<\/p>\n<h2>\ud83c\udf1f Destacados del Tour de Pamukkale y Hier\u00e1polis<\/h2>\n<p>\ud83d\udd39 Admira los travertinos blancos como la nieve de Pamukkale<br \/>\n\ud83d\udd39 Explora el teatro romano y las ruinas de Hier\u00e1polis<br \/>\n\ud83d\udd39 Rel\u00e1jate en piscinas termales naturales<br \/>\n\ud83d\udd39 Ba\u00f1o opcional en la piscina de Cleopatra (cargo adicional).<br \/>\n\ud83d\udd39 Disfruta de un almuerzo tradicional turco<br \/>\n\ud83d\udd39 Visita un lugar declarado Patrimonio de la Humanidad por la UNESCO<\/p>\n<h2>\ud83d\udcd6 Descripci\u00f3n completa: Tu experiencia del tour Pamukkale y Hier\u00e1polis<\/h2>\n<p>Su d\u00eda comienza con un c\u00f3modo traslado desde su hotel en <strong>Antalya<\/strong> o zonas cercanas. Viajando a trav\u00e9s de paisajes pintorescos, se dirigir\u00e1 a Pamukkale, el \u201cCastillo de Algod\u00f3n\u201d, famoso por sus deslumbrantes terrazas blancas.<br \/>\nA su llegada, disfrute de un almuerzo buffet antes de explorar los travertinos de Pamukkale, ricos en minerales. A continuaci\u00f3n, embarque en una visita guiada por la antigua ciudad de Hier\u00e1polis, visitando el teatro romano, el templo de Apolo y otros monumentos.<br \/>\nTras la visita, rel\u00e1jese en las piscinas termales u opte por ba\u00f1arse en la Piscina de Cleopatra (cargo adicional). El d\u00eda concluye con un viaje de vuelta a su hotel, lleno de v\u00edvidos recuerdos.<\/p>\n<h3>\ud83d\uddfa\ufe0f Itinerario<\/h3>\n<p>\ud83d\udd39 Recogida en el hotel<br \/>\n\ud83d\udd39 Viaje a Pamukkale<br \/>\nAlmuerzo buffet<br \/>\n\ud83d\udd39 Recorrido por los travertinos de Pamukkale<br \/>\n\ud83d\udd39 Visita a las ruinas de Hier\u00e1polis<br \/>\n\ud83d\udd39 Tiempo libre para la Piscina de Cleopatra (opcional)<br \/>\n\ud83d\udd39 Viaje de vuelta a Antalya<br \/>\n\ud83d\udd39 Traslado de vuelta al hotel<\/p>\n<h3>\u2139\ufe0f Informaci\u00f3n \u00fatil<\/h3>\n<p>\ud83d\udd39 Duraci\u00f3n: 12 horas aproximadamente<br \/>\n\ud83d\udd39 El itinerario puede cambiar debido a las condiciones meteorol\u00f3gicas<br \/>\n\ud83d\udd39 Actividad f\u00edsica moderada (caminar, nataci\u00f3n opcional).<br \/>\n\ud83d\udd39 Los ni\u00f1os menores de 5 a\u00f1os que viajan gratis no tienen un asiento aparte en el autob\u00fas. Si el autob\u00fas est\u00e1 lleno, se sientan en el regazo de un adulto, o se puede reservar un asiento aparte<\/p>\n<h2>Qu\u00e9 llevar<\/h2>\n<p>\ud83d\udd39 Pasaporte o documento de identidad<br \/>\n\ud83d\udd39 Zapatos c\u00f3modos<br \/>\n\ud83d\udd39 Gafas de sol y sombreros<br \/>\n\ud83d\udd39 Ba\u00f1ador y toalla.<br \/>\n\ud83d\udd39 Protector solar<br \/>\n\ud83d\udd39 Efectivo para gastos personales<\/p>\n<h3>\ud83d\udeab No apto para<\/h3>\n<p>\ud83d\udd39 Personas con movilidad reducida<br \/>\n\ud83d\udd39 Personas con enfermedades graves<\/p>\n<h2>\ud83d\udcb8 Precios y reservas<\/h2>\n<p data-is-last-node=\"\" data-is-only-node=\"\"><strong>\ud83d\udd39 Reserva ahora, paga el d\u00eda de la excursi\u00f3n<\/strong><br \/>\n\ud83d\udd39 Ponte en contacto con nosotros a trav\u00e9s de WhatsApp, Telegram, Viber, o rellena el siguiente formulario de reserva. \ud83d\udc47\ud83c\udffc<\/p>\n<p>\u00bfBuscas alternativas? Explora <a href=\"https:\/\/excursionsworld.com\/es\/excursiones-antalya\/\">m\u00e1s excursiones de Antalya en Pamukkale<\/a>.<\/p>","protected":false},"excerpt":{"rendered":"<p>Reserva el <b>Antalya Pamukkale Tour<\/b>\u00a1! Visite las ruinas de Hier\u00e1polis y los travertinos termales. D\u00eda completo <b>excursi\u00f3n<\/b> con almuerzo y c\u00f3modo <b>excursi\u00f3n de un d\u00eda<\/b>. <b>Traslado incluido<\/b>!<\/p>","protected":false},"featured_media":12575,"comment_status":"open","ping_status":"closed","template":"","meta":[],"product_brand":[],"product_cat":[125],"product_tag":[107],"class_list":{"0":"post-15554","1":"product","2":"type-product","3":"status-publish","4":"has-post-thumbnail","6":"tour_phys-antalya-tours","7":"product_cat-antalya-tours","8":"product_tag-antalya","9":"pa_destination-antalya-tours","11":"first","12":"instock","13":"sale","14":"shipping-taxable","15":"purchasable","16":"product-type-tour_phys"},"aioseo_notices":[],"_links":{"self":[{"href":"https:\/\/excursionsworld.com\/es\/wp-json\/wp\/v2\/product\/15554","targetHints":{"allow":["GET"]}}],"collection":[{"href":"https:\/\/excursionsworld.com\/es\/wp-json\/wp\/v2\/product"}],"about":[{"href":"https:\/\/excursionsworld.com\/es\/wp-json\/wp\/v2\/types\/product"}],"replies":[{"embeddable":true,"href":"https:\/\/excursionsworld.com\/es\/wp-json\/wp\/v2\/comments?post=15554"}],"wp:featuredmedia":[{"embeddable":true,"href":"https:\/\/excursionsworld.com\/es\/wp-json\/wp\/v2\/media\/12575"}],"wp:attachment":[{"href":"https:\/\/excursionsworld.com\/es\/wp-json\/wp\/v2\/media?parent=15554"}],"wp:term":[{"taxonomy":"product_brand","embeddable":true,"href":"https:\/\/excursionsworld.com\/es\/wp-json\/wp\/v2\/product_brand?post=15554"},{"taxonomy":"product_cat","embeddable":true,"href":"https:\/\/excursionsworld.com\/es\/wp-json\/wp\/v2\/product_cat?post=15554"},{"taxonomy":"product_tag","embeddable":true,"href":"https:\/\/excursionsworld.com\/es\/wp-json\/wp\/v2\/product_tag?post=15554"}],"curies":[{"name":"wp","href":"https:\/\/api.w.org\/{rel}","templated":true}]}}