{"id":15555,"date":"2025-11-02T12:34:46","date_gmt":"2025-11-02T09:34:46","guid":{"rendered":"https:\/\/excursionsworld.com\/?post_type=product&#038;p=15555\/"},"modified":"2026-04-24T01:27:09","modified_gmt":"2026-04-23T22:27:09","slug":"antalya-casco-antiguo-teleferico","status":"publish","type":"product","link":"https:\/\/excursionsworld.com\/tours\/antalya-tour-old-town-cable-car\/","title":{"rendered":"Tour por Antalya: Casco antiguo, D\u00fcden y telef\u00e9rico Olympos en Kemer"},"content":{"rendered":"<h2>\ud83c\udfd9\ufe0f Visi\u00f3n general<\/h2>\n<p>Experimenta lo mejor de Antalya con un tour guiado de d\u00eda completo por la ciudad. Explora el casco antiguo de Antalya (Kaleici), camina por antiguas puertas y disfruta de impresionantes vistas del Mediterr\u00e1neo. Visita las cascadas inferior y superior de D\u00fcden, y elige experiencias opcionales: un paseo en barco desde el puerto deportivo de Kaleici o el <a href=\"https:\/\/en.wikipedia.org\/wiki\/Olympos,_Antalya\" target=\"_blank\" rel=\"noopener\">Olympos<\/a> Telef\u00e9rico en Kemer.<\/p>\n<h3><strong>Incluido:<\/strong><\/h3>\n<p><span style=\"color: #00ff00;\"><strong>\u2713<\/strong> <\/span>Recogida y entrega en el hotel<br \/>\n<span style=\"color: #00ff00;\"><strong>\u2713<\/strong> <\/span>Cascadas de D\u00fcden<br \/>\n<span style=\"color: #00ff00;\"><strong>\u2713<\/strong> <\/span>Telef\u00e9rico de Olympos<br \/>\n<span style=\"color: #00ff00;\"><strong>\u2713<\/strong> <\/span>Gu\u00eda profesional titulado<br \/>\n<span style=\"color: #00ff00;\"><strong>\u2713<\/strong> <\/span>Seguro a todo riesgo<br \/>\n<span style=\"color: #00ff00;\"><strong>\u2713<\/strong> <\/span>Almuerzo<\/p>\n<h3><strong>No se incluye:<\/strong><\/h3>\n<p><span style=\"color: #ff0000;\"><strong>\u2717<\/strong> <\/span>Excursi\u00f3n en barco (opcional)<br \/>\n<span style=\"color: #ff0000;\"><strong>\u2717<\/strong> <\/span>Gastos personales<br \/>\n<span style=\"color: #ff0000;\"><strong>\u2717<\/strong> <\/span>Bebidas<\/p>\n<h2>\ud83c\udf1f Tour Highlights de este Tour por la Ciudad de Antalya: Casco Antiguo,<\/h2>\n<p>\ud83d\udd39 Casco antiguo de Antalya - Puerta de Adriano, Minarete estriado, Torre del Reloj.<br \/>\n\ud83d\udd39 Cascadas del Bajo D\u00fcden - Cascada de 40 metros en el Mediterr\u00e1neo.<br \/>\n\ud83d\udd39 Cascadas del Alto D\u00fcden: lugares pintorescos para hacer fotos y un entorno exuberante.<br \/>\n\ud83d\udd39 Paseo en telef\u00e9rico Olympos en Kemer - vistas panor\u00e1micas desde 2.365 metros.<br \/>\n\ud83d\udd39 Visita Dinopark en Kemer - modelos de dinosaurios a tama\u00f1o real en bosques de pinos.<br \/>\n\ud83d\udd39 Excursi\u00f3n tur\u00edstica opcional de 1 hora en barco desde el puerto deportivo de Kaleici.<\/p>\n<h2>\ud83d\udcd6 Descripci\u00f3n Completa: Tu Tour por la Ciudad de Antalya: Casco Antiguo, Experiencia<\/h2>\n<div>El d\u00eda comienza con un c\u00f3modo traslado desde su hotel en la ciudad de Antalya y sus alrededores. El recorrido se centra en los lugares m\u00e1s emblem\u00e1ticos de Antalya: el hist\u00f3rico casco antiguo de Kaleici, las cascadas de D\u00fcden inferior y superior y la costa mediterr\u00e1nea.<\/div>\n<div>Si selecciona la opci\u00f3n <strong>Visita de la ciudad + Telef\u00e9rico de Olympos<\/strong>, viajar\u00e1 al monte Tahtal\u0131, en Kemer, para disfrutar de un espectacular paseo en tranv\u00eda a\u00e9reo con vistas panor\u00e1micas sobre el mar y los montes Tauro. Tambi\u00e9n visitar\u00e1 <strong>Dinopark<\/strong>, una divertida parada familiar con figuras de dinosaurios a tama\u00f1o real entre pinares. Si elige el <strong>Visita de la ciudad + Paseo en barco<\/strong>, Disfrute de un crucero tur\u00edstico de una hora desde el puerto deportivo de Kaleici, una forma ideal de admirar el paisaje costero de Antalya desde el mar. Despu\u00e9s de un almuerzo local, contin\u00fae su exploraci\u00f3n con paradas en <strong>Cascadas del Bajo D\u00fcden<\/strong>, donde las cascadas se sumergen 40 metros en el mar, y <strong>Cascadas del Alto D\u00fcden<\/strong>, rodeado de exuberante vegetaci\u00f3n, ambos perfectos para hacer fotos y relajarse antes de regresar al hotel.<\/div>\n<h3>\ud83d\uddfa\ufe0f Itinerario<\/h3>\n<p>\ud83d\udd39 Recogida en hoteles de Antalya y alrededores<br \/>\n\ud83d\udd39 Viaje al centro de Antalya en autob\u00fas con aire acondicionado.<br \/>\n\ud83d\udd39 Explora el casco antiguo de Antalya - Puerta de Adriano, Minarete estriado, Torre del Reloj.<br \/>\n\ud83d\udd39 Visita a las Cascadas del Bajo D\u00fcden - 30 minutos<br \/>\n\ud83d\udd39 Visita a las Cascadas del Alto D\u00fcden - 45 minutos<br \/>\n\ud83d\udd39 Telef\u00e9rico de Olympos en Kemer - 45 minutos<br \/>\n\ud83d\udd39 Visita al Dinopark en Kemer - 1 hora<br \/>\n\ud83d\udd39 Excursi\u00f3n opcional de 1 hora en barco desde el puerto deportivo de Kaleici.<br \/>\n\ud83d\udd39 Traslado de ida y vuelta a los hoteles en Antalya<\/p>\n<h3>\u2139\ufe0f Informaci\u00f3n \u00fatil<\/h3>\n<p>\ud83d\udd39 Duraci\u00f3n: aproximadamente 8-9 horas<br \/>\n\ud83d\udd39 Disponible todos los d\u00edas desde la regi\u00f3n de Antalya<br \/>\n\ud83d\udd39 Gu\u00edas en ingl\u00e9s, alem\u00e1n y ruso<br \/>\n\ud83d\udd39 Cancelaci\u00f3n gratuita hasta 24 horas antes del viaje<br \/>\n\ud83d\udd39 Caminata moderada necesaria en el casco antiguo de Kaleici.<br \/>\n\ud83d\udd39 Dos opciones de embalaje disponibles: <strong>Telef\u00e9rico de Olympos<\/strong> o <strong>Viaje en barco<\/strong><\/p>\n<h2>Qu\u00e9 llevar<\/h2>\n<p>\ud83d\udd39 Zapatos c\u00f3modos para caminar<br \/>\n\ud83d\udd39 Sombrero, gafas de sol y crema solar.<br \/>\n\ud83d\udd39 C\u00e1mara o smartphone<br \/>\n\ud83d\udd39 Poco dinero en efectivo para souvenirs o extras.<\/p>\n<h3>\ud83d\udeab No apto para<\/h3>\n<p>\ud83d\udd39 Hu\u00e9spedes con movilidad reducida<br \/>\n\ud83d\udd39 Hu\u00e9spedes con miedo a las alturas (para la opci\u00f3n del telef\u00e9rico)<\/p>\n<h2>\ud83d\udcb8 Precios y reservas<\/h2>\n<p><strong>\ud83d\udd39 Reserva ahora, paga el d\u00eda de la excursi\u00f3n<\/strong><br \/>\n\ud83d\udd39 Ponte en contacto con nosotros a trav\u00e9s de WhatsApp, Telegram, Viber, o rellena el siguiente formulario de reserva.\ud83d\udc47\ud83c\udffd<\/p>\n<p>\u00bfBuscas alternativas? Explora <a href=\"https:\/\/excursionsworld.com\/es\/excursiones-antalya\/\">m\u00e1s tours en Antalya en Olympos<\/a>.<\/p>","protected":false},"excerpt":{"rendered":"<p>Reserva el <b>Antalya City Tour<\/b>! Full-day sightseeing: Olympos <b>Telef\u00e9rico<\/b>, historic <b>Kaleici<\/b>, y <b>Cascadas de D\u00fcden<\/b>. Includes lunch &amp; guide.<\/p>","protected":false},"featured_media":15467,"comment_status":"open","ping_status":"closed","template":"","meta":[],"product_brand":[],"product_cat":[125],"product_tag":[107],"class_list":{"0":"post-15555","1":"product","2":"type-product","3":"status-publish","4":"has-post-thumbnail","6":"tour_phys-antalya-tours","7":"product_cat-antalya-tours","8":"product_tag-antalya","9":"pa_destination-antalya-tours","11":"first","12":"instock","13":"sale","14":"featured","15":"shipping-taxable","16":"purchasable","17":"product-type-tour_phys"},"aioseo_notices":[],"_links":{"self":[{"href":"https:\/\/excursionsworld.com\/es\/wp-json\/wp\/v2\/product\/15555","targetHints":{"allow":["GET"]}}],"collection":[{"href":"https:\/\/excursionsworld.com\/es\/wp-json\/wp\/v2\/product"}],"about":[{"href":"https:\/\/excursionsworld.com\/es\/wp-json\/wp\/v2\/types\/product"}],"replies":[{"embeddable":true,"href":"https:\/\/excursionsworld.com\/es\/wp-json\/wp\/v2\/comments?post=15555"}],"wp:featuredmedia":[{"embeddable":true,"href":"https:\/\/excursionsworld.com\/es\/wp-json\/wp\/v2\/media\/15467"}],"wp:attachment":[{"href":"https:\/\/excursionsworld.com\/es\/wp-json\/wp\/v2\/media?parent=15555"}],"wp:term":[{"taxonomy":"product_brand","embeddable":true,"href":"https:\/\/excursionsworld.com\/es\/wp-json\/wp\/v2\/product_brand?post=15555"},{"taxonomy":"product_cat","embeddable":true,"href":"https:\/\/excursionsworld.com\/es\/wp-json\/wp\/v2\/product_cat?post=15555"},{"taxonomy":"product_tag","embeddable":true,"href":"https:\/\/excursionsworld.com\/es\/wp-json\/wp\/v2\/product_tag?post=15555"}],"curies":[{"name":"wp","href":"https:\/\/api.w.org\/{rel}","templated":true}]}}