{"id":15556,"date":"2025-11-02T14:05:03","date_gmt":"2025-11-02T11:05:03","guid":{"rendered":"https:\/\/excursionsworld.com\/?post_type=product&#038;p=15556\/"},"modified":"2026-04-04T13:47:03","modified_gmt":"2026-04-04T10:47:03","slug":"barco-pirata-belek-red-dragon","status":"publish","type":"product","link":"https:\/\/excursionsworld.com\/tours\/pirate-boat-trip-from-belek\/","title":{"rendered":"Barco pirata tour desde Belek \u2013 Red Dragon"},"content":{"rendered":"<h3 data-start=\"0\" data-end=\"18\"><strong data-start=\"0\" data-end=\"18\">\ud83c\udff4\u200d\u2620\ufe0f Visi\u00f3n general<\/strong><\/h3>\n<p data-start=\"20\" data-end=\"346\">\u00danete a una inolvidable <strong data-start=\"42\" data-end=\"62\">Paseo en barco pirata<\/strong> de Belek a Kemer a bordo del legendario <strong data-start=\"104\" data-end=\"118\">Drag\u00f3n rojo<\/strong>\u00a1! Con recogida y regreso al hotel incluidos, disfrute de un d\u00eda completo de nataci\u00f3n, ba\u00f1os de sol, m\u00fasica y entretenimiento. Este crucero lleno de aventuras es perfecto para familias, parejas y grupos que buscan diversi\u00f3n en el mar Mediterr\u00e1neo.<\/p>\n<h3 dir=\"ltr\"><strong>Incluido:<\/strong><\/h3>\n<p dir=\"ltr\"><span style=\"color: #00ff00;\"><strong>\u2713<\/strong><\/span> Recogida y entrega en el hotel<br \/>\n<span style=\"color: #00ff00;\"><strong>\u2713 <\/strong><\/span>Seguros<br \/>\n<span style=\"color: #00ff00;\"><strong>\u2713 <\/strong><\/span>Gu\u00eda<br \/>\n<span style=\"color: #00ff00;\"><strong>\u2713 <\/strong><\/span>Fiesta de la espuma<br \/>\n<span style=\"color: #00ff00;\"><strong>\u2713 <\/strong><\/span>Almuerzo<\/p>\n<h3 dir=\"ltr\"><strong>No se incluye:<\/strong><\/h3>\n<p dir=\"ltr\"><span style=\"color: #ff0000;\"><strong>\u2717<\/strong><\/span> Gastos personales<br \/>\n<span style=\"color: #ff0000;\"><strong>\u2717 <\/strong><\/span>Bebidas<\/p>\n<h3 data-start=\"515\" data-end=\"537\"><strong data-start=\"515\" data-end=\"537\">\ud83c\udf1f Lo m\u00e1s destacado del viaje<\/strong><\/h3>\n<p data-start=\"539\" data-end=\"860\">\ud83d\udd39 Navega en el famoso <strong data-start=\"561\" data-end=\"587\">Drag\u00f3n Rojo Barco Pirata<\/strong><br data-start=\"587\" data-end=\"590\" \/>\ud83d\udd39 Nadar en las bah\u00edas cristalinas de los alrededores de Kemer<br data-start=\"632\" data-end=\"635\" \/>\ud83d\udd39 Disfruta de m\u00fasica en directo, baile y fiesta de la espuma a bordo<br data-start=\"687\" data-end=\"690\" \/>\ud83d\udd39 Visita impresionantes bah\u00edas como Phaselis, Paradise y Moonlight.<br data-start=\"751\" data-end=\"754\" \/>\ud83d\udd39 Recorrido para toda la familia con entretenimiento para todas las edades<br data-start=\"809\" data-end=\"812\" \/>\ud83d\udd39 Rel\u00e1jate y toma el sol en las amplias terrazas<\/p>\n<h3 data-start=\"867\" data-end=\"890\"><strong data-start=\"867\" data-end=\"890\">\ud83d\udcd6 Descripci\u00f3n completa<\/strong><\/h3>\n<div data-start=\"892\" data-end=\"1177\">Su aventura comienza con un c\u00f3modo traslado desde su hotel en <strong data-start=\"961\" data-end=\"993\">Belek, Kadriye o Bo\u011fazkent<\/strong> a <strong data-start=\"997\" data-end=\"1013\">Puerto deportivo de Kemer<\/strong>, donde el magn\u00edfico <strong data-start=\"1037\" data-end=\"1063\">Drag\u00f3n Rojo Barco Pirata<\/strong> le espera. Suba a bordo de este barco moderno y tem\u00e1tico con decoraci\u00f3n pirata, cubiertas abiertas y un ambiente festivo. El crucero incluye varias paradas para nadar y explorar:<br data-start=\"1242\" data-end=\"1245\" \/><strong data-start=\"1248\" data-end=\"1264\">Bah\u00eda de Phaselis<\/strong> - nadar cerca de antiguas ruinas y costas cubiertas de pinos. <strong data-start=\"1321\" data-end=\"1337\">Bah\u00eda Para\u00edso<\/strong> - disfrutar de tranquilas aguas turquesas y aire fresco del mar.<br data-start=\"1390\" data-end=\"1393\" \/><strong data-start=\"1396\" data-end=\"1413\">Bah\u00eda Moonlight<\/strong> - rel\u00e1jate y haz fotos memorables. <strong data-start=\"1454\" data-end=\"1469\">Cueva pirata<\/strong> - capturar impresionantes instant\u00e1neas de esta legendaria cueva situada junto a un acantilado.<\/div>\n<div data-start=\"1532\" data-end=\"1719\">A lo largo del viaje, disfrute de un animado programa a bordo con <strong data-start=\"1592\" data-end=\"1632\">m\u00fasica, espect\u00e1culos de baile y fiesta de la espuma<\/strong>. Un delicioso <strong data-start=\"1646\" data-end=\"1655\">almuerzo<\/strong> se sirve en el barco y se pueden comprar bebidas. Este <strong data-start=\"1726\" data-end=\"1757\">Drag\u00f3n Rojo Paseo en barco pirata<\/strong> desde Belek es una de las excursiones m\u00e1s populares para los amantes del sol, el mar y la diversi\u00f3n.<\/div>\n<h3 data-start=\"1863\" data-end=\"1885\"><strong data-start=\"1863\" data-end=\"1885\">\ud83d\uddfa\ufe0f Itinerario<\/strong><\/h3>\n<p data-start=\"1887\" data-end=\"2255\">\ud83d\udd39 Recogida en los hoteles de Belek, Kadriye y Bo\u011fazkent.<br data-start=\"1941\" data-end=\"1944\" \/>Traslado al puerto deportivo de Kemer<br data-start=\"1971\" data-end=\"1974\" \/>\ud83d\udd39 Salida en el barco pirata Drag\u00f3n Rojo<br data-start=\"2016\" data-end=\"2019\" \/>\ud83d\udd39 Parada para nadar en la bah\u00eda de Phaselis.<br data-start=\"2051\" data-end=\"2054\" \/>\ud83d\udd39 Parada para nadar en la Bah\u00eda Para\u00edso.<br data-start=\"2086\" data-end=\"2089\" \/>\ud83d\udd39 Parada para nadar en la bah\u00eda de Moonlight.<br data-start=\"2122\" data-end=\"2125\" \/>\ud83d\udd39 Navega por la Cueva del Pirata<br data-start=\"2151\" data-end=\"2154\" \/>\ud83d\udd39 Fiesta de la espuma, m\u00fasica y animaci\u00f3n a bordo.<br data-start=\"2197\" data-end=\"2200\" \/>\ud83d\udd39 Volver a Kemer Marina<br data-start=\"2225\" data-end=\"2228\" \/>\ud83d\udd39 Traslado de vuelta al hotel<\/p>\n<h3 data-start=\"2091\" data-end=\"2116\"><strong data-start=\"2091\" data-end=\"2116\">\u2139\ufe0f Informaci\u00f3n \u00fatil<\/strong><\/h3>\n<p data-start=\"2118\" data-end=\"2366\">\ud83d\udd39 Duraci\u00f3n: aproximadamente 7-8 horas<br data-start=\"2154\" data-end=\"2157\" \/>\ud83d\udd39 C\u00f3modas zonas a la sombra y al sol a bordo<br data-start=\"2202\" data-end=\"2205\" \/>\ud83d\udd39 Los ni\u00f1os menores de 6 a\u00f1os que viajan gratis no tienen un asiento aparte en el autob\u00fas. Si el autob\u00fas est\u00e1 lleno, se sientan en el regazo de un adulto, o se puede reservar un asiento aparte<\/p>\n<h3 data-start=\"2373\" data-end=\"2393\"><strong data-start=\"2373\" data-end=\"2393\">Qu\u00e9 llevar<\/strong><\/h3>\n<p data-start=\"2395\" data-end=\"2533\">\ud83d\udd39 Ba\u00f1ador y toalla.<br data-start=\"2416\" data-end=\"2419\" \/>\ud83d\udd39 Protector solar y gafas de sol.<br data-start=\"2446\" data-end=\"2449\" \/>\ud83d\udd39 Sombrero o gorra<br data-start=\"2462\" data-end=\"2465\" \/>\ud83d\udd39 Funda impermeable para el tel\u00e9fono o la c\u00e1mara<br data-start=\"2499\" data-end=\"2502\" \/>\ud83d\udd39 Efectivo para gastos personales<\/p>\n<h3 data-start=\"2540\" data-end=\"2563\"><strong data-start=\"2540\" data-end=\"2563\">\ud83d\udeab No apto para<\/strong><\/h3>\n<p data-start=\"2565\" data-end=\"2634\">\ud83d\udd39 Personas propensas a marearse.<br data-start=\"2595\" data-end=\"2598\" \/>\ud83d\udd39 Viajeros con movilidad reducida<\/p>\n<h3 dir=\"ltr\">\ud83d\udcb8\u00a0<strong>Precios y reservas<\/strong><\/h3>\n<p dir=\"ltr\"><strong>\ud83d\udd39 Reserva ahora, paga el d\u00eda de la excursi\u00f3n<\/strong><br \/>\n\ud83d\udd39 Ponte en contacto con nosotros a trav\u00e9s de WhatsApp, Telegram, Viber, o rellena el siguiente formulario de reserva. \ud83d\udc47\ud83c\udffc<\/p>","protected":false},"excerpt":{"rendered":"<article class=\"text-token-text-primary w-full focus:outline-none [--shadow-height:45px] has-data-writing-block:pointer-events-none has-data-writing-block:-mt-(--shadow-height) has-data-writing-block:pt-(--shadow-height) [&amp;:has([data-writing-block])&gt;*]:pointer-events-auto [content-visibility:auto] supports-[content-visibility:auto]:[contain-intrinsic-size:auto_100lvh] scroll-mt-[calc(var(--header-height)+min(200px,max(70px,20svh)))]\" dir=\"auto\" tabindex=\"-1\" data-turn-id=\"request-68fc9928-d314-8331-9d99-fe0fab624f17-3\" data-testid=\"conversation-turn-90\" data-scroll-anchor=\"true\" data-turn=\"assistant\">\n<div class=\"text-base my-auto mx-auto pb-10 [--thread-content-margin:--spacing(4)] thread-sm:[--thread-content-margin:--spacing(6)] thread-lg:[--thread-content-margin:--spacing(16)] px-(--thread-content-margin)\">\n<div class=\"[--thread-content-max-width:40rem] thread-lg:[--thread-content-max-width:48rem] mx-auto max-w-(--thread-content-max-width) flex-1 group\/turn-messages focus-visible:outline-hidden relative flex w-full min-w-0 flex-col agent-turn\" tabindex=\"-1\">\n<div class=\"flex max-w-full flex-col grow\">\n<div class=\"min-h-8 text-message relative flex w-full flex-col items-end gap-2 text-start break-words whitespace-normal [.text-message+&amp;]:mt-1\" dir=\"auto\" data-message-author-role=\"assistant\" data-message-id=\"cd734cc4-a249-4c39-b9a3-655e0ffdd131\" data-message-model-slug=\"gpt-5\">\n<div class=\"flex w-full flex-col gap-1 empty:hidden first:pt-[1px]\">\n<div class=\"markdown prose dark:prose-invert w-full break-words light markdown-new-styling\">\n<p data-start=\"2983\" data-end=\"3240\" data-is-last-node=\"\" data-is-only-node=\"\">Join the exciting <strong data-start=\"3040\" data-end=\"3091\">Red Dragon Pirate Boat Trip from Belek to Kemer<\/strong>! Swim in crystal-clear bays, enjoy music, foam party, and fun onboard. One of the best <strong data-start=\"3179\" data-end=\"3214\">Belek boat tours and excursions<\/strong> for families and friends.<\/p>\n<\/div>\n<\/div>\n<\/div>\n<\/div>\n<div class=\"z-0 flex min-h-[46px] justify-start\"><\/div>\n<div class=\"mt-3 w-full empty:hidden\">\n<div class=\"text-center\"><\/div>\n<\/div>\n<\/div>\n<\/div>\n<\/article>\n<div class=\"pointer-events-none h-px w-px\" aria-hidden=\"true\" data-edge=\"true\"><\/div>\n","protected":false},"featured_media":16711,"comment_status":"open","ping_status":"closed","template":"","meta":[],"product_brand":[],"product_cat":[126,130],"product_tag":[120],"class_list":{"0":"post-15556","1":"product","2":"type-product","3":"status-publish","4":"has-post-thumbnail","6":"tour_phys-belek-tours","7":"tour_phys-pirate-boat-tours","8":"product_cat-belek-tours","9":"product_cat-pirate-boat-tours","10":"product_tag-belek","11":"pa_destination-belek-tours","12":"pa_kategori-pirate-boat-tours","14":"first","15":"instock","16":"sale","17":"shipping-taxable","18":"purchasable","19":"product-type-tour_phys"},"aioseo_notices":[],"_links":{"self":[{"href":"https:\/\/excursionsworld.com\/es\/wp-json\/wp\/v2\/product\/15556","targetHints":{"allow":["GET"]}}],"collection":[{"href":"https:\/\/excursionsworld.com\/es\/wp-json\/wp\/v2\/product"}],"about":[{"href":"https:\/\/excursionsworld.com\/es\/wp-json\/wp\/v2\/types\/product"}],"replies":[{"embeddable":true,"href":"https:\/\/excursionsworld.com\/es\/wp-json\/wp\/v2\/comments?post=15556"}],"wp:featuredmedia":[{"embeddable":true,"href":"https:\/\/excursionsworld.com\/es\/wp-json\/wp\/v2\/media\/16711"}],"wp:attachment":[{"href":"https:\/\/excursionsworld.com\/es\/wp-json\/wp\/v2\/media?parent=15556"}],"wp:term":[{"taxonomy":"product_brand","embeddable":true,"href":"https:\/\/excursionsworld.com\/es\/wp-json\/wp\/v2\/product_brand?post=15556"},{"taxonomy":"product_cat","embeddable":true,"href":"https:\/\/excursionsworld.com\/es\/wp-json\/wp\/v2\/product_cat?post=15556"},{"taxonomy":"product_tag","embeddable":true,"href":"https:\/\/excursionsworld.com\/es\/wp-json\/wp\/v2\/product_tag?post=15556"}],"curies":[{"name":"wp","href":"https:\/\/api.w.org\/{rel}","templated":true}]}}