{"id":15557,"date":"2025-11-02T14:06:59","date_gmt":"2025-11-02T11:06:59","guid":{"rendered":"https:\/\/excursionsworld.com\/?post_type=product&#038;p=15557\/"},"modified":"2025-11-21T19:53:57","modified_gmt":"2025-11-21T16:53:57","slug":"barco-pirata-belek-gonster","status":"publish","type":"product","link":"https:\/\/excursionsworld.com\/tours\/pirate-boat-tour-gonster-from-belek\/","title":{"rendered":"Barco pirata tour desde Belek \u2013 barco Gonster"},"content":{"rendered":"<h3 data-start=\"296\" data-end=\"315\"><span style=\"color: #000000;\"><strong>\ud83c\udff4\u200d\u2620\ufe0f Visi\u00f3n general<\/strong><\/span><\/h3>\n<p data-start=\"317\" data-end=\"604\">\u00danete al <strong data-start=\"326\" data-end=\"357\">Excursi\u00f3n en barco pirata desde Belek<\/strong> a bordo del famoso <strong data-start=\"376\" data-end=\"392\">Barco Gonster<\/strong> - Un d\u00eda entero de diversi\u00f3n, m\u00fasica y nataci\u00f3n a lo largo de la costa turquesa de Kemer. Este crucero de tem\u00e1tica pirata ofrece un animado entretenimiento, hermosas vistas del Mediterr\u00e1neo y refrescos incluidos para todos.<\/p>\n<h3 data-start=\"606\" data-end=\"619\"><span style=\"color: #000000;\"><strong>Incluido:<\/strong><\/span><\/h3>\n<p data-start=\"621\" data-end=\"803\"><span style=\"color: #00ff00;\"><strong>\u2713<\/strong><\/span> Recogida y entrega en el hotel\u00a0<br data-start=\"697\" data-end=\"700\" \/><span style=\"color: #00ff00;\"><strong>\u2713 <\/strong><\/span>Seguros<br data-start=\"711\" data-end=\"714\" \/><span style=\"color: #00ff00;\"><strong>\u2713 <\/strong><\/span>Gu\u00eda profesional<br data-start=\"734\" data-end=\"737\" \/><span style=\"color: #00ff00;\"><strong>\u2713 <\/strong><\/span>Fiesta de la espuma y entretenimiento a bordo<br data-start=\"775\" data-end=\"778\" \/><span style=\"color: #00ff00;\"><strong>\u2713 <\/strong><\/span>Almuerzo<br data-start=\"785\" data-end=\"788\" \/><span style=\"color: #00ff00;\"><strong>\u2713 <\/strong><\/span>Refrescos<\/p>\n<h3 data-start=\"805\" data-end=\"822\"><span style=\"color: #000000;\"><strong>No se incluye:<\/strong><\/span><\/h3>\n<p data-start=\"824\" data-end=\"891\"><span style=\"color: #ff0000;\"><strong>\u2717<\/strong> <\/span>Gastos personales<br data-start=\"865\" data-end=\"868\" \/><span style=\"color: #ff0000;\"><strong>\u2717<\/strong> <\/span>Bebidas alcoh\u00f3licas<\/p>\n<h3 data-start=\"893\" data-end=\"916\"><span style=\"color: #000000;\"><strong>\ud83c\udf1f Lo m\u00e1s destacado del viaje<\/strong><\/span><\/h3>\n<p data-start=\"918\" data-end=\"1278\">\ud83d\udd39 Navega en el famoso barco pirata Gonster con m\u00fasica y espect\u00e1culos<br data-start=\"980\" data-end=\"983\" \/>\ud83d\udd39 B\u00e1\u00f1ate en las bah\u00edas m\u00e1s bonitas de Kemer: Phaselis, Paradise y Moonlight<br data-start=\"1056\" data-end=\"1059\" \/>\ud83d\udd39 Contempla la legendaria Cueva de los Piratas y disfruta de descansos fotogr\u00e1ficos<br data-start=\"1114\" data-end=\"1117\" \/>\ud83d\udd39 Disfruta de un delicioso almuerzo a bordo con refrescos<br data-start=\"1168\" data-end=\"1171\" \/>\ud83d\udd39 Baila en la fiesta de la espuma y rel\u00e1jate en las amplias terrazas al sol<br data-start=\"1229\" data-end=\"1232\" \/>\ud83d\udd39 Perfecto para familias, parejas y grupos.<\/p>\n<h3 data-start=\"1280\" data-end=\"1304\"><span style=\"color: #000000;\"><strong>\ud83d\udcd6 Descripci\u00f3n completa<\/strong><\/span><\/h3>\n<div data-start=\"1306\" data-end=\"1591\">Salir de <strong data-start=\"1319\" data-end=\"1328\">Belek<\/strong> para pasar un d\u00eda inolvidable en el <strong data-start=\"1361\" data-end=\"1384\">Gonster Barco Pirata<\/strong>, una de las excursiones mar\u00edtimas m\u00e1s divertidas de Kemer. Tras la recogida en su hotel, disfrute de un c\u00f3modo traslado a <strong data-start=\"1492\" data-end=\"1506\">Puerto de Kemer<\/strong>, donde le espera el gran barco pirata con una tripulaci\u00f3n amable y un ambiente festivo. El barco navega a lo largo de la impresionante costa de Kemer, parando en tres de las bah\u00edas m\u00e1s hermosas para nadar y relajarse:<br data-start=\"1715\" data-end=\"1718\" \/><strong data-start=\"1718\" data-end=\"1734\">Bah\u00eda de Phaselis<\/strong> - nadar cerca de ruinas antiguas y bellezas naturales. <strong data-start=\"1783\" data-end=\"1799\">Bah\u00eda Para\u00edso<\/strong> - disfrutar de aguas cristalinas de color turquesa.<br data-start=\"1839\" data-end=\"1842\" \/><strong data-start=\"1842\" data-end=\"1859\">Bah\u00eda Moonlight<\/strong> - perfecto para tomar el sol y hacer fotos. Tambi\u00e9n pasar\u00e1 por el <strong data-start=\"1924\" data-end=\"1939\">Cueva pirata<\/strong>, conocido por sus espectaculares acantilados y sus historias legendarias. Durante el crucero, disfrute de un sabroso <strong data-start=\"2027\" data-end=\"2053\">almuerzo con refrescos<\/strong>, m\u00fasica en directo y <strong data-start=\"2073\" data-end=\"2087\">fiesta de la espuma<\/strong> a la vuelta. Tanto si prefiere relajarse al sol como bailar en cubierta, esta excursi\u00f3n garantiza diversi\u00f3n para todos.<\/div>\n<h3 data-start=\"2204\" data-end=\"2227\"><span style=\"color: #000000;\"><strong>\ud83d\uddfa\ufe0f Itinerario<\/strong><\/span><\/h3>\n<p data-start=\"2229\" data-end=\"2590\">\ud83d\udd39 Recogida en hoteles de Belek, Kadriye, Bo\u011fazkent y alrededores.<br data-start=\"2297\" data-end=\"2300\" \/>Traslado al puerto de Kemer<br data-start=\"2325\" data-end=\"2328\" \/>\ud83d\udd39 Salida desde el puerto de Kemer<br data-start=\"2356\" data-end=\"2359\" \/>\ud83d\udd39 Parada para nadar en la bah\u00eda de Phaselis.<br data-start=\"2391\" data-end=\"2394\" \/>\ud83d\udd39 Parada para nadar en la bah\u00eda de Moonlight.<br data-start=\"2427\" data-end=\"2430\" \/>\ud83d\udd39 Parada para nadar en la Bah\u00eda Para\u00edso.<br data-start=\"2462\" data-end=\"2465\" \/>\ud83d\udd39 Navega por la Cueva del Pirata<br data-start=\"2491\" data-end=\"2494\" \/>\ud83d\udd39 Fiesta de la espuma y animaci\u00f3n a bordo<br data-start=\"2533\" data-end=\"2536\" \/>\ud83d\udd39 Regreso al puerto de Kemer<br data-start=\"2559\" data-end=\"2562\" \/>\ud83d\udd39 Traslado de vuelta a los hoteles<\/p>\n<h3 data-start=\"2592\" data-end=\"2618\"><span style=\"color: #000000;\"><strong>\u2139\ufe0f Informaci\u00f3n \u00fatil<\/strong><\/span><\/h3>\n<p data-start=\"2620\" data-end=\"2881\">\ud83d\udd39 Duraci\u00f3n: aproximadamente 7-8 horas (traslado incluido)<br data-start=\"2677\" data-end=\"2680\" \/>\ud83d\udd39 Tripulaci\u00f3n y gu\u00edas de habla inglesa<br data-start=\"2715\" data-end=\"2718\" \/>\ud83d\udd39 Zonas c\u00f3modas, a la sombra y soleadas a bordo.<br data-start=\"2765\" data-end=\"2768\" \/>\ud83d\udd39 Adecuado para familias y grupos de todas las edades.<br data-start=\"2811\" data-end=\"2814\" \/>\ud83d\udd39 Los menores de 5 a\u00f1os viajan gratis pero comparten asiento en el autob\u00fas con los padres<\/p>\n<h3 data-start=\"2883\" data-end=\"2904\"><span style=\"color: #000000;\"><strong>Qu\u00e9 llevar<\/strong><\/span><\/h3>\n<p data-start=\"2906\" data-end=\"3045\">\ud83d\udd39 Ba\u00f1ador y toalla.<br data-start=\"2927\" data-end=\"2930\" \/>\ud83d\udd39 Protector solar, gafas de sol y sombrero.<br data-start=\"2963\" data-end=\"2966\" \/>\ud83d\udd39 Funda impermeable para el tel\u00e9fono o la c\u00e1mara<br data-start=\"3000\" data-end=\"3003\" \/>\ud83d\udd39 Dinero en efectivo para souvenirs y gastos extras.<\/p>\n<h3 data-start=\"3047\" data-end=\"3071\"><span style=\"color: #000000;\"><strong>\ud83d\udeab No apto para<\/strong><\/span><\/h3>\n<p data-start=\"3073\" data-end=\"3146\">\ud83d\udd39 Hu\u00e9spedes propensos a marearse mucho<br data-start=\"3110\" data-end=\"3113\" \/>\ud83d\udd39 Personas con movilidad reducida<\/p>\n<h3 dir=\"ltr\">\ud83d\udcb8\u00a0<strong>Precios y reservas<\/strong><\/h3>\n<p dir=\"ltr\"><strong>\ud83d\udd39 Reserva ahora, paga el d\u00eda de la excursi\u00f3n<\/strong><br \/>\n\ud83d\udd39 Ponte en contacto con nosotros a trav\u00e9s de WhatsApp, Telegram, Viber, o rellena el siguiente formulario de reserva. \ud83d\udc47\ud83c\udffc<\/p>","protected":false},"excerpt":{"rendered":"<p>Reserva el <b>Excursi\u00f3n en barco pirata por Belek<\/b> \u00a1a Kemer! Diversi\u00f3n <b>Excursi\u00f3n en barco Gonster<\/b> con <b>fiesta de la espuma<\/b>, <b>almuerzo<\/b>, y nataci\u00f3n <b>viaje<\/b> en 3 hermosas bah\u00edas. <b>Traslado incluido<\/b>!<\/p>","protected":false},"featured_media":12200,"comment_status":"open","ping_status":"closed","template":"","meta":[],"product_brand":[],"product_cat":[126,130],"product_tag":[120],"class_list":{"0":"post-15557","1":"product","2":"type-product","3":"status-publish","4":"has-post-thumbnail","6":"tour_phys-belek-tours","7":"tour_phys-pirate-boat-tours","8":"product_cat-belek-tours","9":"product_cat-pirate-boat-tours","10":"product_tag-belek","11":"pa_destination-belek-tours","12":"pa_kategori-pirate-boat-tours","14":"first","15":"instock","16":"sale","17":"shipping-taxable","18":"purchasable","19":"product-type-tour_phys"},"aioseo_notices":[],"_links":{"self":[{"href":"https:\/\/excursionsworld.com\/es\/wp-json\/wp\/v2\/product\/15557","targetHints":{"allow":["GET"]}}],"collection":[{"href":"https:\/\/excursionsworld.com\/es\/wp-json\/wp\/v2\/product"}],"about":[{"href":"https:\/\/excursionsworld.com\/es\/wp-json\/wp\/v2\/types\/product"}],"replies":[{"embeddable":true,"href":"https:\/\/excursionsworld.com\/es\/wp-json\/wp\/v2\/comments?post=15557"}],"wp:featuredmedia":[{"embeddable":true,"href":"https:\/\/excursionsworld.com\/es\/wp-json\/wp\/v2\/media\/12200"}],"wp:attachment":[{"href":"https:\/\/excursionsworld.com\/es\/wp-json\/wp\/v2\/media?parent=15557"}],"wp:term":[{"taxonomy":"product_brand","embeddable":true,"href":"https:\/\/excursionsworld.com\/es\/wp-json\/wp\/v2\/product_brand?post=15557"},{"taxonomy":"product_cat","embeddable":true,"href":"https:\/\/excursionsworld.com\/es\/wp-json\/wp\/v2\/product_cat?post=15557"},{"taxonomy":"product_tag","embeddable":true,"href":"https:\/\/excursionsworld.com\/es\/wp-json\/wp\/v2\/product_tag?post=15557"}],"curies":[{"name":"wp","href":"https:\/\/api.w.org\/{rel}","templated":true}]}}