{"id":15558,"date":"2025-11-02T14:08:17","date_gmt":"2025-11-02T11:08:17","guid":{"rendered":"https:\/\/excursionsworld.com\/?post_type=product&#038;p=15558\/"},"modified":"2025-11-21T19:52:02","modified_gmt":"2025-11-21T16:52:02","slug":"porto-genoese-laguna-azul-belek","status":"publish","type":"product","link":"https:\/\/excursionsworld.com\/tours\/porto-genoese-boat-tour-from-belek\/","title":{"rendered":"Porto Genoese tour en barco desde Belek \u2013 Laguna Azul"},"content":{"rendered":"<h3 data-start=\"180\" data-end=\"197\"><span style=\"color: #000000;\"><strong>\u26f5 Visi\u00f3n general<\/strong><\/span><\/h3>\n<p data-start=\"199\" data-end=\"598\">Emb\u00e1rquese en un inolvidable viaje en yate desde <strong data-start=\"245\" data-end=\"325\">Belek y alrededores (Bo\u011fazkent, Kadriye, Lara, Kundu, Antalya, Konyaalt\u0131).<\/strong> a las impresionantes bah\u00edas de <strong data-start=\"350\" data-end=\"361\">Adrasan<\/strong> - Porto Genoese, Akseki Bay, Pirate Bay y el resplandor <strong data-start=\"419\" data-end=\"442\">Cueva fosforescente<\/strong>.<br data-start=\"443\" data-end=\"446\" \/>Disfrute de aguas turquesas, un refrescante ba\u00f1o de arcilla y un delicioso almuerzo a bordo de un elegante yate boutique: la escapada perfecta para los amantes del mar y la naturaleza.<\/p>\n<h3 dir=\"ltr\"><span style=\"color: #000000;\"><strong>Incluido:<\/strong><\/span><\/h3>\n<p dir=\"ltr\"><span style=\"color: #00ff00;\"><strong>\u2713<\/strong><\/span> Recogida y entrega en el hotel<br \/>\n<span style=\"color: #00ff00;\"><strong>\u2713 <\/strong><\/span>C\u00f3modo autob\u00fas con aire acondicionado<br \/>\n<span style=\"color: #00ff00;\"><strong>\u2713 <\/strong><\/span>Seguros<br \/>\n<span style=\"color: #00ff00;\"><strong>\u2713 <\/strong><\/span>Gu\u00eda<br \/>\n<span style=\"color: #00ff00;\"><strong>\u2713 <\/strong><\/span>Almuerzo y frutas de temporada<br \/>\n<span style=\"color: #00ff00;\"><strong>\u2713 <\/strong><\/span>T\u00e9 a bordo<\/p>\n<h3 dir=\"ltr\"><strong>No se incluye:<\/strong><\/h3>\n<p dir=\"ltr\"><span style=\"color: #ff0000;\"><strong>\u2717<\/strong><\/span> Bebidas<br \/>\n<span style=\"color: #ff0000;\"><strong>\u2717 <\/strong><\/span>Gastos personales<br \/>\n<span style=\"color: #ff0000;\"><strong>\u2717 <\/strong><\/span>Fotos y v\u00eddeos<\/p>\n<h3 data-start=\"848\" data-end=\"874\">\ud83c\udfdd\ufe0f Lo m\u00e1s destacado<\/h3>\n<p data-start=\"876\" data-end=\"1211\">\ud83d\udd39 B\u00e1\u00f1ese en las aguas turquesas de <strong data-start=\"911\" data-end=\"932\">Bah\u00eda de Porto Genoese<\/strong><br data-start=\"932\" data-end=\"935\" \/>\ud83d\udd39 Disfruta de las paradas en <strong data-start=\"953\" data-end=\"967\">Bah\u00eda de Akseki<\/strong> y <strong data-start=\"972\" data-end=\"986\">Bah\u00eda Pirata<\/strong><br data-start=\"986\" data-end=\"989\" \/>\ud83d\udd39 Crucero a bordo de un <strong data-start=\"1008\" data-end=\"1034\">elegante yate boutique<\/strong><br data-start=\"1034\" data-end=\"1037\" \/>\ud83d\udd39 Experimenta una <strong data-start=\"1053\" data-end=\"1074\">ba\u00f1o de arcilla natural<\/strong> en el mar<br data-start=\"1085\" data-end=\"1088\" \/>\ud83d\udd39 Visita el <strong data-start=\"1101\" data-end=\"1132\">m\u00e1gica Cueva Fosforescente<\/strong> (si el tiempo lo permite)<br data-start=\"1153\" data-end=\"1156\" \/>\ud83d\udd39 Saborea un <strong data-start=\"1167\" data-end=\"1194\">delicioso almuerzo y t\u00e9<\/strong> servido a bordo<\/p>\n<h3 data-start=\"1213\" data-end=\"1239\">\ud83d\udcdc Descripci\u00f3n completa<\/h3>\n<div>Su aventura comienza con un c\u00f3modo traslado desde su hotel en <strong data-start=\"1313\" data-end=\"1372\">Belek, Bo\u011fazkent, Kadriye, Lara, Kundu o zonas cercanas<\/strong> hasta el puerto de Adrasan. Una vez a bordo del yate, prep\u00e1rese para un crucero inolvidable por la hermosa costa mediterr\u00e1nea.<\/div>\n<div><strong data-start=\"1505\" data-end=\"1519\">Bah\u00eda de Akseki <\/strong>La primera parada es la bah\u00eda de Akseki, donde dispondr\u00e1 de unos 30 minutos para nadar o practicar snorkel en aguas cristalinas. Tenga en cuenta la presencia de erizos de mar, por lo que se recomienda llevar calzado de agua.<\/div>\n<div><strong data-start=\"1716\" data-end=\"1737\">Bah\u00eda de Porto Genoese <\/strong>A continuaci\u00f3n, llegar\u00e1 a la mundialmente famosa bah\u00eda de Porto Genoese. Aqu\u00ed, disfrute de 60 minutos de nataci\u00f3n, un relajante ba\u00f1o de arcilla y un delicioso almuerzo servido a bordo mientras se rodea de un paisaje impresionante.<\/div>\n<div><strong data-start=\"1942\" data-end=\"1956\">Bah\u00eda Pirata <\/strong>Tras un breve crucero de 25 minutos, llegue a Pirate Bay para disfrutar de otros 40 minutos de ba\u00f1o, relajaci\u00f3n o tomar el sol en cubierta.<\/div>\n<div><strong data-start=\"2089\" data-end=\"2112\">Cueva fosforescente <\/strong>Si el tiempo lo permite, visitar\u00e1 la fascinante Cueva Fosforescente, conocida por sus aguas resplandecientes que crean un m\u00e1gico efecto de luz. Al final de la traves\u00eda, el yate regresa al puerto de Adrasan, donde le espera el autob\u00fas para trasladarle c\u00f3modamente de vuelta a su hotel en Belek.<\/div>\n<h3>\u2139\ufe0f Informaci\u00f3n \u00fatil<\/h3>\n<p data-start=\"2428\" data-end=\"2851\">\ud83d\udd39 El itinerario puede variar en funci\u00f3n de las condiciones meteorol\u00f3gicas y mar\u00edtimas<br data-start=\"2495\" data-end=\"2498\" \/>\ud83d\udd39 Algunas paradas pueden saltarse por motivos de seguridad<br data-start=\"2545\" data-end=\"2548\" \/>\ud83d\udd39 Esta no es una excursi\u00f3n dedicada al snorkel, pero puedes traer tu propio equipo<br data-start=\"2623\" data-end=\"2626\" \/>\ud83d\udd39 Se recomienda encarecidamente el uso de calzado antideslizante<br data-start=\"2668\" data-end=\"2671\" \/>\ud83d\udd39 Los ni\u00f1os menores de 5 a\u00f1os que viajen gratis no tienen un asiento aparte en el autob\u00fas: se sientan en el regazo de un adulto si el autob\u00fas va lleno (se puede reservar un asiento aparte si se desea).<\/p>\n<h3 dir=\"ltr\"><span style=\"color: #000000;\"><strong>Qu\u00e9 llevar<\/strong><\/span><\/h3>\n<p dir=\"ltr\">\ud83d\udd39 Ba\u00f1ador y toalla.<br \/>\n\ud83d\udd39 Gafas de sol y protecci\u00f3n solar.<br \/>\n\ud83d\udd39 Gorro y botella de agua<br \/>\nEquipo de snorkel (opcional)<\/p>\n<h3 dir=\"ltr\"><span style=\"color: #000000;\"><strong>\ud83d\udeab No apto para<\/strong><\/span><\/h3>\n<p dir=\"ltr\">\ud83d\udd39 Personas con movilidad reducida<br \/>\n\ud83d\udd39 Los propensos al mareo<\/p>\n<h3 dir=\"ltr\"><span style=\"color: #000000;\"><strong>\ud83d\udcb8 Precios y reservas<\/strong><\/span><\/h3>\n<p dir=\"ltr\"><strong>\ud83d\udd39 Reserva ahora, paga el d\u00eda de la excursi\u00f3n<\/strong><br \/>\n\ud83d\udd39 Ponte en contacto con nosotros a trav\u00e9s de WhatsApp, Telegram, Viber, o rellena el siguiente formulario de reserva. \ud83d\udc47\ud83c\udffc<\/p>","protected":false},"excerpt":{"rendered":"<p>Reserva el <b>Excursi\u00f3n en yate por Belek Adrasan<\/b>\u00a1! Excursi\u00f3n en yate a <b>Porto Genov\u00e9s<\/b> &amp; Bah\u00eda Pirata. Nadar, disfrutar de una <b>ba\u00f1o de arcilla<\/b>, y visita a la Cueva Fosforescente. Almuerzo incluido.<\/p>","protected":false},"featured_media":12442,"comment_status":"open","ping_status":"closed","template":"","meta":[],"product_brand":[],"product_cat":[126],"product_tag":[120],"class_list":{"0":"post-15558","1":"product","2":"type-product","3":"status-publish","4":"has-post-thumbnail","6":"tour_phys-belek-tours","7":"tour_phys-boat-tours","8":"product_cat-belek-tours","9":"product_tag-belek","10":"pa_destination-belek-tours","11":"pa_kategori-boat-tours","13":"first","14":"instock","15":"sale","16":"shipping-taxable","17":"purchasable","18":"product-type-tour_phys"},"aioseo_notices":[],"_links":{"self":[{"href":"https:\/\/excursionsworld.com\/es\/wp-json\/wp\/v2\/product\/15558","targetHints":{"allow":["GET"]}}],"collection":[{"href":"https:\/\/excursionsworld.com\/es\/wp-json\/wp\/v2\/product"}],"about":[{"href":"https:\/\/excursionsworld.com\/es\/wp-json\/wp\/v2\/types\/product"}],"replies":[{"embeddable":true,"href":"https:\/\/excursionsworld.com\/es\/wp-json\/wp\/v2\/comments?post=15558"}],"wp:featuredmedia":[{"embeddable":true,"href":"https:\/\/excursionsworld.com\/es\/wp-json\/wp\/v2\/media\/12442"}],"wp:attachment":[{"href":"https:\/\/excursionsworld.com\/es\/wp-json\/wp\/v2\/media?parent=15558"}],"wp:term":[{"taxonomy":"product_brand","embeddable":true,"href":"https:\/\/excursionsworld.com\/es\/wp-json\/wp\/v2\/product_brand?post=15558"},{"taxonomy":"product_cat","embeddable":true,"href":"https:\/\/excursionsworld.com\/es\/wp-json\/wp\/v2\/product_cat?post=15558"},{"taxonomy":"product_tag","embeddable":true,"href":"https:\/\/excursionsworld.com\/es\/wp-json\/wp\/v2\/product_tag?post=15558"}],"curies":[{"name":"wp","href":"https:\/\/api.w.org\/{rel}","templated":true}]}}