{"id":15559,"date":"2025-11-02T14:09:27","date_gmt":"2025-11-02T11:09:27","guid":{"rendered":"https:\/\/excursionsworld.com\/?post_type=product&#038;p=15559\/"},"modified":"2026-02-25T12:19:38","modified_gmt":"2026-02-25T09:19:38","slug":"isla-suluada-barco-belek","status":"publish","type":"product","link":"https:\/\/excursionsworld.com\/tours\/suluada-island-boat-trip-from-belek\/","title":{"rendered":"Isla Suluada tour en barco desde Belek \u2013 Maldivas turcas"},"content":{"rendered":"<h3><span style=\"color: #000000;\"><strong>\ud83c\udfdd\ufe0f Visi\u00f3n general<\/strong><\/span><\/h3>\n<p data-start=\"232\" data-end=\"544\">Emb\u00e1rquese en un viaje inolvidable <strong data-start=\"259\" data-end=\"293\">Excursi\u00f3n a la isla Suluada desde Belek<\/strong>, conocido como <em data-start=\"308\" data-end=\"328\">\u201cMaldivas turcas\u201d<\/em> por sus playas de arena blanca y aguas cristalinas de color turquesa. Disfrute de tres paradas para nadar, un delicioso almuerzo a la barbacoa e impresionantes vistas del Mediterr\u00e1neo: \u00a1una escapada perfecta para familias, parejas y amantes de la naturaleza!<\/p>\n<h3 data-start=\"546\" data-end=\"563\">\u00a0<span style=\"color: #000000;\"><strong>Incluido:<\/strong><\/span><\/h3>\n<p data-start=\"565\" data-end=\"729\"><span style=\"color: #00ff00;\"><strong>\u2713<\/strong> <\/span>Recogida y entrega en el hotel\u00a0<br data-start=\"638\" data-end=\"641\" \/><span style=\"color: #00ff00;\"><strong>\u2713<\/strong> <\/span>Seguros<br data-start=\"652\" data-end=\"655\" \/><span style=\"color: #00ff00;\"><strong>\u2713<\/strong> <\/span>Gu\u00eda profesional<br data-start=\"675\" data-end=\"678\" \/><span style=\"color: #00ff00;\"><strong>\u2713<\/strong> <\/span>Almuerzo y frutas frescas de temporada<br data-start=\"711\" data-end=\"714\" \/><span style=\"color: #00ff00;\"><strong>\u2713<\/strong> <\/span>T\u00e9 a bordo<\/p>\n<h3 data-start=\"731\" data-end=\"752\"><span style=\"color: #000000;\"><strong>\u00a0No se incluye:<\/strong><\/span><\/h3>\n<p data-start=\"754\" data-end=\"808\"><span style=\"color: #ff0000;\"><strong>\u2717<\/strong> <\/span>Bebidas<br data-start=\"762\" data-end=\"765\" \/><span style=\"color: #ff0000;\"><strong>\u2717<\/strong> <\/span>Gastos personales<br data-start=\"784\" data-end=\"787\" \/><span style=\"color: #ff0000;\"><strong>\u2717<\/strong> <\/span>Fotos y v\u00eddeos<\/p>\n<h3 data-start=\"810\" data-end=\"835\"><span style=\"color: #000000;\"><strong>\ud83c\udf1f Lo m\u00e1s destacado del viaje<\/strong><\/span><\/h3>\n<p data-start=\"837\" data-end=\"1276\">\ud83d\udd39 Descubre las bah\u00edas escondidas y las playas v\u00edrgenes de <strong data-start=\"889\" data-end=\"907\">Isla Suluada<\/strong><br data-start=\"907\" data-end=\"910\" \/>\ud83d\udd39 Nadar en <strong data-start=\"921\" data-end=\"937\">Bah\u00eda de Maldivas<\/strong> - suaves arenas blancas y aguas turquesas<br data-start=\"977\" data-end=\"980\" \/>\ud83d\udd39 Haz fotos memorables en el <strong data-start=\"1012\" data-end=\"1025\">Cueva del Amor<\/strong><br data-start=\"1025\" data-end=\"1028\" \/>\ud83d\udd39 Disfruta de un <strong data-start=\"1039\" data-end=\"1052\">Almuerzo barbacoa<\/strong> con pollo, pescado y meze turco<br data-start=\"1089\" data-end=\"1092\" \/>\ud83d\udd39 Rel\u00e1jate y toma el sol durante tres pausas para nadar<br data-start=\"1142\" data-end=\"1145\" \/>\ud83d\udd39 Admire el <strong data-start=\"1159\" data-end=\"1179\">Montes Tauro<\/strong> y vistas panor\u00e1micas de la costa<br data-start=\"1206\" data-end=\"1209\" \/>\ud83d\udd39 Elige entre <strong data-start=\"1227\" data-end=\"1242\">peque\u00f1o grupo<\/strong> o <strong data-start=\"1246\" data-end=\"1261\">gran grupo<\/strong> opciones de viaje<\/p>\n<h3 data-start=\"1278\" data-end=\"1304\"><span style=\"color: #000000;\"><strong>\ud83d\udcd6 Descripci\u00f3n completa<\/strong><\/span><\/h3>\n<div>Su aventura comienza con un c\u00f3modo <strong data-start=\"1347\" data-end=\"1396\">recogida en el hotel de Belek y alrededores<\/strong> (Bo\u011fazkent, Kadriye, Lara, Kundu, Antalya). Viajar\u00e1 en un autob\u00fas con aire acondicionado a <strong data-start=\"1484\" data-end=\"1500\">Puerto de Adrasan<\/strong>, donde le espera su barco.<\/div>\n<div>Una vez a bordo del catamar\u00e1n, el viaje comienza a lo largo de la impresionante costa sur de Turqu\u00eda, con impresionantes vistas de acantilados, bosques de pinos y bah\u00edas turquesas.<\/div>\n<div><strong data-start=\"1692\" data-end=\"1708\">Bah\u00eda de Maldivas<\/strong><br data-start=\"1708\" data-end=\"1711\" \/>Su primera parada es la bah\u00eda de Maldivas, famosa por su fondo marino de arena blanca y aguas cristalinas, perfectas para nadar y bucear.<\/div>\n<div><strong data-start=\"1847\" data-end=\"1876\">Playas ocultas de Suluada<\/strong><br data-start=\"1876\" data-end=\"1879\" \/>A continuaci\u00f3n, el yate fondea cerca de las calas escondidas de Suluada, ideales para relajarse, nadar o tomar el sol en cubierta.<\/div>\n<div><strong data-start=\"1998\" data-end=\"2011\">Cueva del Amor<\/strong><br data-start=\"2011\" data-end=\"2014\" \/>La \u00faltima parada es en la encantadora Cueva del Amor, donde podr\u00e1 nadar en aguas tranquilas y tomar impresionantes fotos en esta maravilla natural.<\/div>\n<div>Un reci\u00e9n preparado <strong data-start=\"2166\" data-end=\"2179\">Almuerzo barbacoa<\/strong> con pescado, pollo, pasta y meze se sirve a bordo. Despu\u00e9s de comer, rel\u00e1jese con una taza de t\u00e9 mientras navega de vuelta al puerto de Adrasan.<br data-start=\"2305\" data-end=\"2308\" \/>Al final del d\u00eda, disfrutar\u00e1 de un c\u00f3modo traslado de vuelta a su hotel en Belek.<\/div>\n<h3 data-start=\"2399\" data-end=\"2424\"><span style=\"color: #000000;\"><strong>\ud83d\uddfa\ufe0f Itinerario<\/strong><\/span><\/h3>\n<p data-start=\"2426\" data-end=\"2774\">\ud83d\udd39 Recogida en hoteles de Belek y alrededores<br data-start=\"2473\" data-end=\"2476\" \/>\ud83d\udd39 Traslado al puerto de Adrasan<br data-start=\"2503\" data-end=\"2506\" \/>\ud83d\udd39 Salida en yate o catamar\u00e1n<br data-start=\"2540\" data-end=\"2543\" \/>\ud83d\udd39 Parada de nataci\u00f3n en <strong data-start=\"2563\" data-end=\"2579\">Bah\u00eda de Maldivas<\/strong><br data-start=\"2579\" data-end=\"2582\" \/>\ud83d\udd39 Nataci\u00f3n en <strong data-start=\"2597\" data-end=\"2625\">Playas escondidas de Suluada<\/strong><br data-start=\"2625\" data-end=\"2628\" \/>\ud83d\udd39 Parada en el <strong data-start=\"2643\" data-end=\"2656\">Cueva del Amor<\/strong> para fotos y nataci\u00f3n<br data-start=\"2680\" data-end=\"2683\" \/>\ud83d\udd39 Almuerzo barbacoa y t\u00e9 a bordo.<br data-start=\"2711\" data-end=\"2714\" \/>\ud83d\udd39 Regreso al puerto de Adrasan<br data-start=\"2739\" data-end=\"2742\" \/>\ud83d\udd39 Traslado de vuelta a su hotel<\/p>\n<h3 data-start=\"2776\" data-end=\"2804\"><span style=\"color: #000000;\"><strong>\u2139\ufe0f Informaci\u00f3n \u00fatil<\/strong><\/span><\/h3>\n<p data-start=\"2806\" data-end=\"3142\">\ud83d\udd39 Duraci\u00f3n: aproximadamente 8 horas (d\u00eda completo)<br data-start=\"2851\" data-end=\"2854\" \/>\ud83d\udd39 El itinerario puede cambiar debido a las condiciones meteorol\u00f3gicas o mar\u00edtimas<br data-start=\"2910\" data-end=\"2913\" \/>\ud83d\udd39 Se requiere nataci\u00f3n\/caminata moderada.<br data-start=\"2950\" data-end=\"2953\" \/>\ud83d\udd39 Esta no es una excursi\u00f3n dedicada al snorkel, pero puedes traer tu propio equipo<br data-start=\"3028\" data-end=\"3031\" \/>\ud83d\udd39 Los ni\u00f1os menores de 6 a\u00f1os que viajan gratis no tienen asiento individual en el autob\u00fas (se puede reservar previa solicitud).<\/p>\n<h3 data-start=\"3144\" data-end=\"3167\"><span style=\"color: #000000;\"><strong>Qu\u00e9 llevar<\/strong><\/span><\/h3>\n<p data-start=\"3169\" data-end=\"3333\">\ud83d\udd39 Ba\u00f1ador y toalla.<br data-start=\"3190\" data-end=\"3193\" \/>\ud83d\udd39 Sombrero, gafas de sol y crema solar.<br data-start=\"3226\" data-end=\"3229\" \/>\ud83d\udd39 C\u00e1mara resistente al agua o smartphone<br data-start=\"3263\" data-end=\"3266\" \/>\ud83d\udd39 Zapatos o sandalias antideslizantes.<br data-start=\"3294\" data-end=\"3297\" \/>\ud83d\udd39 Algo de dinero en efectivo para gastos personales<\/p>\n<h3 data-start=\"3442\" data-end=\"3468\"><span style=\"color: #000000;\"><strong>\ud83d\udeab No apto para<\/strong><\/span><\/h3>\n<p data-start=\"3470\" data-end=\"3563\">\ud83d\udd39 Personas con movilidad reducida<br data-start=\"3501\" data-end=\"3504\" \/>\ud83d\udd39 Hu\u00e9spedes con mareos graves o afecciones card\u00edacas.<\/p>\n<h3 data-start=\"3565\" data-end=\"3592\"><span style=\"color: #000000;\"><strong>\ud83d\udcb8 Precios y reservas<\/strong><\/span><\/h3>\n<p data-start=\"3594\" data-end=\"3729\">\ud83d\udd39 <strong data-start=\"3597\" data-end=\"3638\">Reserve ahora - pague el d\u00eda de la excursi\u00f3n<\/strong><br data-start=\"3638\" data-end=\"3641\" \/>\ud83d\udd39 P\u00f3ngase en contacto con nosotros a trav\u00e9s de <strong>WhatsApp<\/strong>, Telegram, Viber, o rellene el formulario de reserva a continuaci\u00f3n. \ud83d\udc47\ud83c\udffc<\/p>","protected":false},"excerpt":{"rendered":"<p>Reserva el <b>Paseo en barco por Suluada <\/b>de <b>Belek<\/b>\u00a1! Descubra la <b>\u201cMaldivas turcas\u201d<\/b> con un crucero de d\u00eda completo, nadando en aguas cristalinas. Almuerzo y traslado incluidos.<\/p>","protected":false},"featured_media":12423,"comment_status":"open","ping_status":"closed","template":"","meta":[],"product_brand":[],"product_cat":[126],"product_tag":[120],"class_list":{"0":"post-15559","1":"product","2":"type-product","3":"status-publish","4":"has-post-thumbnail","6":"tour_phys-belek-tours","7":"tour_phys-boat-tours","8":"product_cat-belek-tours","9":"product_tag-belek","10":"pa_destination-belek-tours","11":"pa_kategori-boat-tours","13":"first","14":"instock","15":"sale","16":"shipping-taxable","17":"purchasable","18":"product-type-tour_phys"},"aioseo_notices":[],"_links":{"self":[{"href":"https:\/\/excursionsworld.com\/es\/wp-json\/wp\/v2\/product\/15559","targetHints":{"allow":["GET"]}}],"collection":[{"href":"https:\/\/excursionsworld.com\/es\/wp-json\/wp\/v2\/product"}],"about":[{"href":"https:\/\/excursionsworld.com\/es\/wp-json\/wp\/v2\/types\/product"}],"replies":[{"embeddable":true,"href":"https:\/\/excursionsworld.com\/es\/wp-json\/wp\/v2\/comments?post=15559"}],"wp:featuredmedia":[{"embeddable":true,"href":"https:\/\/excursionsworld.com\/es\/wp-json\/wp\/v2\/media\/12423"}],"wp:attachment":[{"href":"https:\/\/excursionsworld.com\/es\/wp-json\/wp\/v2\/media?parent=15559"}],"wp:term":[{"taxonomy":"product_brand","embeddable":true,"href":"https:\/\/excursionsworld.com\/es\/wp-json\/wp\/v2\/product_brand?post=15559"},{"taxonomy":"product_cat","embeddable":true,"href":"https:\/\/excursionsworld.com\/es\/wp-json\/wp\/v2\/product_cat?post=15559"},{"taxonomy":"product_tag","embeddable":true,"href":"https:\/\/excursionsworld.com\/es\/wp-json\/wp\/v2\/product_tag?post=15559"}],"curies":[{"name":"wp","href":"https:\/\/api.w.org\/{rel}","templated":true}]}}