{"id":15561,"date":"2025-11-02T14:12:41","date_gmt":"2025-11-02T11:12:41","guid":{"rendered":"https:\/\/excursionsworld.com\/?post_type=product&#038;p=15561\/"},"modified":"2026-05-01T12:52:00","modified_gmt":"2026-05-01T09:52:00","slug":"pamukkale-hierapolis-belek","status":"publish","type":"product","link":"https:\/\/excursionsworld.com\/tours\/pamukkale-hierapolis-belek\/","title":{"rendered":"Excursi\u00f3n a Pamukkale y Hier\u00e1polis desde Belek \u2013 d\u00eda completo"},"content":{"rendered":"<h2><span style=\"color: #000000;\"><strong>\ud83c\udfdd\ufe0f Visi\u00f3n general<\/strong><\/span><\/h2>\n<p>Descubra las impresionantes terrazas de <a href=\"https:\/\/en.wikipedia.org\/wiki\/Pamukkale\" target=\"_blank\" rel=\"noopener\">Pamukkale<\/a> y la antigua ciudad de Hier\u00e1polis en una excursi\u00f3n de un d\u00eda desde <strong>Belek<\/strong> y las regiones circundantes. Disfrute de c\u00f3modos traslados desde los hoteles de las zonas de Belek, Kadriye, Kundu, Lara y Bo\u011fazkent. B\u00e1\u00f1ese en aguas termales, explore ruinas hist\u00f3ricas y saboree un delicioso almuerzo turco en este viaje inolvidable.<\/p>\n<h3><span style=\"color: #000000;\"><strong>Incluido:<\/strong><\/span><\/h3>\n<p><span style=\"color: #00ff00;\"><strong>\u2713<\/strong><\/span> Recogida y entrega en el hotel<br \/>\n<span style=\"color: #00ff00;\"><strong>\u2713 <\/strong><\/span>Autob\u00fas con aire acondicionado<br \/>\n<span style=\"color: #00ff00;\"><strong>\u2713 <\/strong><\/span>Entradas a Pamukkale y Hier\u00e1polis<br \/>\n<span style=\"color: #00ff00;\"><strong>\u2713 <\/strong><\/span>Seguro a todo riesgo<br \/>\n<span style=\"color: #00ff00;\"><strong>\u2713 <\/strong><\/span>Gu\u00eda historiador angl\u00f3fono<br \/>\n<span style=\"color: #00ff00;\"><strong>\u2713 <\/strong><\/span>Almuerzo (buffet)<\/p>\n<h3><strong><span style=\"color: #000000;\">No se incluye:<\/span><\/strong><\/h3>\n<p><strong><span style=\"color: #ff0000;\">\u2717<\/span> <\/strong>Entrada a la piscina de Cleopatra<br \/>\n<strong><span style=\"color: #ff0000;\">\u2717<\/span> <\/strong>Gastos personales<br \/>\n<strong><span style=\"color: #ff0000;\">\u2717<\/span> <\/strong>Bebidas<\/p>\n<h2><span style=\"color: #000000;\"><strong>\ud83c\udf1f Lo m\u00e1s destacado del viaje<\/strong><\/span><\/h2>\n<p>\ud83d\udd39 Admira los travertinos blancos como la nieve de Pamukkale<br \/>\n\ud83d\udd39 Explora el teatro romano y las ruinas de Hier\u00e1polis<br \/>\n\ud83d\udd39 Rel\u00e1jate en piscinas termales naturales<br \/>\n\ud83d\udd39 Ba\u00f1o opcional en la piscina de Cleopatra (cargo adicional).<br \/>\n\ud83d\udd39 Disfruta de un almuerzo tradicional turco<br \/>\n\ud83d\udd39 Visita un lugar declarado Patrimonio de la Humanidad por la UNESCO<\/p>\n<h2><span style=\"color: #000000;\"><strong>\ud83d\udcd6 Descripci\u00f3n completa<\/strong><\/span><\/h2>\n<p>Su d\u00eda comienza con un c\u00f3modo traslado desde su hotel en <strong>Belek o zonas cercanas<\/strong>. Viajando a trav\u00e9s de paisajes pintorescos, se dirigir\u00e1 a Pamukkale, el \u201cCastillo de Algod\u00f3n\u201d, famoso por sus deslumbrantes terrazas blancas. A su llegada, disfrute de un almuerzo buffet antes de explorar los travertinos ricos en minerales de Pamukkale. A continuaci\u00f3n, emb\u00e1rquese en una visita guiada de Hier\u00e1polis, en la que visitar\u00e1 el teatro romano, el templo de Apolo y otros monumentos. Tras la visita, rel\u00e1jese en las piscinas termales o b\u00e1\u00f1ese en la Piscina de Cleopatra (opcional). Al final del d\u00eda, regrese a su hotel en Belek.<\/p>\n<h3><span style=\"color: #000000;\"><strong>\ud83d\uddfa\ufe0f Itinerario<\/strong><\/span><\/h3>\n<p>\ud83d\udd39 Recogida en el hotel<br \/>\n\ud83d\udd39 Viaje a Pamukkale<br \/>\nAlmuerzo buffet<br \/>\n\ud83d\udd39 Recorrido por los travertinos de Pamukkale<br \/>\n\ud83d\udd39 Visita a las ruinas de Hier\u00e1polis<br \/>\n\ud83d\udd39 Tiempo libre para la Piscina de Cleopatra (opcional)<br \/>\n\ud83d\udd39 Viaje de vuelta a Belek<br \/>\n\ud83d\udd39 Traslado de vuelta al hotel<\/p>\n<h3><span style=\"color: #000000;\"><strong>\u2139\ufe0f Informaci\u00f3n \u00fatil<\/strong><\/span><\/h3>\n<p>\ud83d\udd39 Duraci\u00f3n: 12 horas aproximadamente<br \/>\n\ud83d\udd39 El itinerario puede cambiar debido a las condiciones meteorol\u00f3gicas<br \/>\n\ud83d\udd39 Actividad f\u00edsica moderada (caminar, nataci\u00f3n opcional).<br \/>\n\ud83d\udd39 Los ni\u00f1os menores de 5 a\u00f1os que viajen gratis no tienen asiento aparte en el autob\u00fas.<\/p>\n<h2><span style=\"color: #000000;\"><strong>Qu\u00e9 llevar<\/strong><\/span><\/h2>\n<p>\ud83d\udd39 Pasaporte o documento de identidad<br \/>\n\ud83d\udd39 Zapatos c\u00f3modos<br \/>\n\ud83d\udd39 Gafas de sol y sombreros<br \/>\n\ud83d\udd39 Ba\u00f1ador y toalla.<br \/>\n\ud83d\udd39 Protector solar<br \/>\n\ud83d\udd39 Efectivo para gastos personales<\/p>\n<h3><span style=\"color: #000000;\"><strong>\ud83d\udeab No apto para<\/strong><\/span><\/h3>\n<p>\ud83d\udd39 Personas con movilidad reducida<br \/>\n\ud83d\udd39 Personas con enfermedades graves<\/p>\n<h2><strong>\ud83d\udcb8 Precios y reservas<\/strong><\/h2>\n<p><strong>\ud83d\udd39 Reserva ahora, paga el d\u00eda de la excursi\u00f3n<\/strong><br \/>\n\ud83d\udd39 Ponte en contacto con nosotros a trav\u00e9s de WhatsApp, Telegram, Viber, o rellena el siguiente formulario de reserva. \ud83d\udc47\ud83c\udffc<\/p>\n<p>\u00bfBuscas alternativas? Explora <a href=\"https:\/\/excursionsworld.com\/es\/excursiones-belek\/\">m\u00e1s tours en Belek en Pamukkale<\/a>.<\/p>","protected":false},"excerpt":{"rendered":"<p>Reserva el <b>Belek Pamukkale Tour<\/b>\u00a1! Visite las ruinas de Hier\u00e1polis y los travertinos termales. D\u00eda completo <b>excursi\u00f3n<\/b> con almuerzo y c\u00f3modo <b>excursi\u00f3n de un d\u00eda<\/b>. <b>Traslado incluido<\/b>!<\/p>","protected":false},"featured_media":12575,"comment_status":"open","ping_status":"closed","template":"","meta":[],"product_brand":[],"product_cat":[126],"product_tag":[120],"class_list":{"0":"post-15561","1":"product","2":"type-product","3":"status-publish","4":"has-post-thumbnail","6":"tour_phys-belek-tours","7":"product_cat-belek-tours","8":"product_tag-belek","9":"pa_destination-belek-tours","11":"first","12":"instock","13":"sale","14":"shipping-taxable","15":"purchasable","16":"product-type-tour_phys"},"aioseo_notices":[],"_links":{"self":[{"href":"https:\/\/excursionsworld.com\/es\/wp-json\/wp\/v2\/product\/15561","targetHints":{"allow":["GET"]}}],"collection":[{"href":"https:\/\/excursionsworld.com\/es\/wp-json\/wp\/v2\/product"}],"about":[{"href":"https:\/\/excursionsworld.com\/es\/wp-json\/wp\/v2\/types\/product"}],"replies":[{"embeddable":true,"href":"https:\/\/excursionsworld.com\/es\/wp-json\/wp\/v2\/comments?post=15561"}],"wp:featuredmedia":[{"embeddable":true,"href":"https:\/\/excursionsworld.com\/es\/wp-json\/wp\/v2\/media\/12575"}],"wp:attachment":[{"href":"https:\/\/excursionsworld.com\/es\/wp-json\/wp\/v2\/media?parent=15561"}],"wp:term":[{"taxonomy":"product_brand","embeddable":true,"href":"https:\/\/excursionsworld.com\/es\/wp-json\/wp\/v2\/product_brand?post=15561"},{"taxonomy":"product_cat","embeddable":true,"href":"https:\/\/excursionsworld.com\/es\/wp-json\/wp\/v2\/product_cat?post=15561"},{"taxonomy":"product_tag","embeddable":true,"href":"https:\/\/excursionsworld.com\/es\/wp-json\/wp\/v2\/product_tag?post=15561"}],"curies":[{"name":"wp","href":"https:\/\/api.w.org\/{rel}","templated":true}]}}