{"id":15562,"date":"2025-11-02T14:16:22","date_gmt":"2025-11-02T11:16:22","guid":{"rendered":"https:\/\/excursionsworld.com\/?post_type=product&#038;p=15562\/"},"modified":"2026-04-24T01:27:14","modified_gmt":"2026-04-23T22:27:14","slug":"excursion-antalya-teleferico-olympos-belek","status":"publish","type":"product","link":"https:\/\/excursionsworld.com\/tours\/antalya-city-tour-olympos-cable-car-belek\/","title":{"rendered":"Excursi\u00f3n a Antalya desde Belek \u2013 Telef\u00e9rico Olympos y Kemer"},"content":{"rendered":"<h2><span style=\"color: #000000;\"><strong>\ud83c\udfd9\ufe0f Visi\u00f3n general<\/strong><\/span><\/h2>\n<p>Experimenta lo mejor de Antalya con un tour guiado de d\u00eda completo por la ciudad que comienza en Belek. Explora el casco antiguo de Antalya, camina por antiguas puertas y disfruta de impresionantes vistas del Mediterr\u00e1neo. Visita las cascadas inferior y superior de D\u00fcden, y elige experiencias opcionales: un viaje en barco desde el puerto deportivo de Kaleici o el <a href=\"https:\/\/en.wikipedia.org\/wiki\/Olympos,_Antalya\" target=\"_blank\" rel=\"noopener\">Olympos<\/a> Telef\u00e9rico en Kemer.<\/p>\n<h3><strong>Incluido:<\/strong><\/h3>\n<p><span style=\"color: #00ff00;\"><strong>\u2713<\/strong> <\/span>Recogida y entrega en el hotel<br \/>\n<span style=\"color: #00ff00;\"><strong>\u2713 <\/strong><\/span>Cascadas de D\u00fcden<br \/>\n<span style=\"color: #00ff00;\"><strong>\u2713<\/strong> <\/span>Telef\u00e9rico de Olympos<br \/>\n<span style=\"color: #00ff00;\"><strong>\u2713<\/strong> <\/span>Gu\u00eda profesional titulado<br \/>\n<span style=\"color: #00ff00;\"><strong>\u2713<\/strong> <\/span>Seguro a todo riesgo<br \/>\n<span style=\"color: #00ff00;\"><strong>\u2713<\/strong> <\/span>Almuerzo<\/p>\n<h3><strong>No se incluye:<\/strong><\/h3>\n<p><span style=\"color: #ff0000;\"><strong>\u2717<\/strong> <\/span>Excursi\u00f3n en barco (opcional)<br \/>\n<span style=\"color: #ff0000;\"><strong>\u2717<\/strong> <\/span>Gastos personales<br \/>\n<span style=\"color: #ff0000;\"><strong>\u2717<\/strong> <\/span>Bebidas<\/p>\n<h2>\ud83c\udf1f Lo m\u00e1s destacado del tour de esta excursi\u00f3n a la ciudad de Belek a Antalya<\/h2>\n<p>\ud83d\udd39 Casco antiguo de Antalya - Puerta de Adriano, Minarete estriado, Torre del Reloj.<br \/>\n\ud83d\udd39 Cascadas del Bajo D\u00fcden - Cascada de 40 metros en el Mediterr\u00e1neo.<br \/>\n\ud83d\udd39 Cascadas del Alto D\u00fcden: lugares pintorescos para hacer fotos y un entorno exuberante.<br \/>\n\ud83d\udd39 Paseo en telef\u00e9rico Olympos en Kemer - vistas panor\u00e1micas desde 2.365 metros.<br \/>\n\ud83d\udd39 Visita Dinopark en Kemer - modelos de dinosaurios a tama\u00f1o real en bosques de pinos.<br \/>\n\ud83d\udd39 Excursi\u00f3n tur\u00edstica opcional de 1 hora en barco desde el puerto deportivo de Kaleici.<\/p>\n<h2>\ud83d\udcd6 Descripci\u00f3n completa: Su experiencia en el tour de la ciudad de Belek a Antalya<\/h2>\n<div>El d\u00eda comienza con un c\u00f3modo traslado desde su hotel en Belek y alrededores. La visita se centra en la ciudad de Antalya, el casco antiguo de Kaleici, las cascadas de D\u00fcden y la costa mediterr\u00e1nea.<\/div>\n<div>Si selecciona la opci\u00f3n <strong>Visita de la ciudad + Telef\u00e9rico de Olympos<\/strong>, En Kemer, viajar\u00e1 hasta el monte Tahtal\u0131 para disfrutar de un espectacular paseo en tranv\u00eda con vistas panor\u00e1micas. Cerca de all\u00ed, visite Dinopark, una divertida parada familiar con maquetas de dinosaurios a tama\u00f1o real.<\/div>\n<div>Si selecciona la opci\u00f3n <strong>Visita de la ciudad + Paseo en barco<\/strong>, Disfrute de un crucero tur\u00edstico de 1 hora desde el puerto deportivo de Kaleici para admirar la costa de Antalya desde el mar. Despu\u00e9s del almuerzo, contin\u00fae explorando las cascadas de D\u00fcden inferior y superior para disfrutar de una experiencia llena de naturaleza y oportunidades fotogr\u00e1ficas perfectas.<\/div>\n<h3><span style=\"color: #000000;\"><strong>\ud83d\uddfa\ufe0f Itinerario<\/strong><\/span><\/h3>\n<p>\ud83d\udd39 Recogida en hoteles de Belek y alrededores.<br \/>\n\ud83d\udd39 Viaje al centro de Antalya en autob\u00fas con aire acondicionado.<br \/>\n\ud83d\udd39 Explora el casco antiguo de Antalya - Puerta de Adriano, Minarete estriado, Torre del Reloj.<br \/>\n\ud83d\udd39 Visita a las Cascadas del Bajo D\u00fcden - 30 minutos<br \/>\n\ud83d\udd39 Visita a las Cascadas del Alto D\u00fcden - 45 minutos<br \/>\n\ud83d\udd39 Telef\u00e9rico de Olympos en Kemer - 45 minutos<br \/>\n\ud83d\udd39 Visita al Dinopark en Kemer - 1 hora<br \/>\n\ud83d\udd39 Excursi\u00f3n opcional de 1 hora en barco desde el puerto deportivo de Kaleici.<br \/>\n\ud83d\udd39 Traslado de ida y vuelta a los hoteles de Belek.<\/p>\n<h3><span style=\"color: #000000;\"><strong>\u2139\ufe0f Informaci\u00f3n \u00fatil<\/strong><\/span><\/h3>\n<p>\ud83d\udd39 Duraci\u00f3n: aproximadamente 8-9 horas<br \/>\n\ud83d\udd39 Disponible todos los d\u00edas desde la regi\u00f3n de Belek<br \/>\n\ud83d\udd39 Gu\u00edas en ingl\u00e9s, alem\u00e1n y ruso<br \/>\n\ud83d\udd39 Cancelaci\u00f3n gratuita hasta 24 horas antes del viaje<br \/>\n\ud83d\udd39 Caminata moderada necesaria en el casco antiguo de Kaleici.<br \/>\n\ud83d\udd39 Dos paquetes disponibles (Telef\u00e9rico de Olympos o Excursi\u00f3n en barco)<\/p>\n<h2><span style=\"color: #000000;\"><strong>Qu\u00e9 llevar<\/strong><\/span><\/h2>\n<p>\ud83d\udd39 Zapatos c\u00f3modos para caminar<br \/>\n\ud83d\udd39 Sombrero, gafas de sol y crema solar.<br \/>\n\ud83d\udd39 C\u00e1mara o smartphone<br \/>\n\ud83d\udd39 Poco dinero en efectivo para souvenirs o extras.<\/p>\n<h3><span style=\"color: #000000;\"><strong>\ud83d\udeab No apto para<\/strong><\/span><\/h3>\n<p>\ud83d\udd39 Hu\u00e9spedes con movilidad reducida<br \/>\n\ud83d\udd39 Hu\u00e9spedes con miedo a las alturas (para la opci\u00f3n del telef\u00e9rico)<\/p>\n<h2><span style=\"color: #000000;\"><strong>\ud83d\udcb8 Precios y reservas<\/strong><\/span><\/h2>\n<p><strong>\ud83d\udd39 Reserva ahora, paga el d\u00eda de la excursi\u00f3n<\/strong><br \/>\n\ud83d\udd39 Ponte en contacto con nosotros a trav\u00e9s de WhatsApp, Telegram, Viber, o rellena el siguiente formulario de reserva. \ud83d\udc47\ud83c\udffc<\/p>\n<p>\u00bfBuscas alternativas? Explora <a href=\"https:\/\/excursionsworld.com\/es\/excursiones-belek\/\">m\u00e1s tours en Belek en Olimpos<\/a>.<\/p>","protected":false},"excerpt":{"rendered":"<p>Reserva el <b>Antalya City Tour &amp; Kemer from Belek<\/b>! Explore <b>Kaleici<\/b>, <b>Cascadas de D\u00fcden<\/b>, and ride the <b>Telef\u00e9rico de Olympos<\/b>. Includes lunch &amp; guide.<\/p>","protected":false},"featured_media":15467,"comment_status":"open","ping_status":"closed","template":"","meta":[],"product_brand":[],"product_cat":[126],"product_tag":[120],"class_list":{"0":"post-15562","1":"product","2":"type-product","3":"status-publish","4":"has-post-thumbnail","6":"tour_phys-belek-tours","7":"product_cat-belek-tours","8":"product_tag-belek","9":"pa_destination-belek-tours","11":"first","12":"instock","13":"sale","14":"shipping-taxable","15":"purchasable","16":"product-type-tour_phys"},"aioseo_notices":[],"_links":{"self":[{"href":"https:\/\/excursionsworld.com\/es\/wp-json\/wp\/v2\/product\/15562","targetHints":{"allow":["GET"]}}],"collection":[{"href":"https:\/\/excursionsworld.com\/es\/wp-json\/wp\/v2\/product"}],"about":[{"href":"https:\/\/excursionsworld.com\/es\/wp-json\/wp\/v2\/types\/product"}],"replies":[{"embeddable":true,"href":"https:\/\/excursionsworld.com\/es\/wp-json\/wp\/v2\/comments?post=15562"}],"wp:featuredmedia":[{"embeddable":true,"href":"https:\/\/excursionsworld.com\/es\/wp-json\/wp\/v2\/media\/15467"}],"wp:attachment":[{"href":"https:\/\/excursionsworld.com\/es\/wp-json\/wp\/v2\/media?parent=15562"}],"wp:term":[{"taxonomy":"product_brand","embeddable":true,"href":"https:\/\/excursionsworld.com\/es\/wp-json\/wp\/v2\/product_brand?post=15562"},{"taxonomy":"product_cat","embeddable":true,"href":"https:\/\/excursionsworld.com\/es\/wp-json\/wp\/v2\/product_cat?post=15562"},{"taxonomy":"product_tag","embeddable":true,"href":"https:\/\/excursionsworld.com\/es\/wp-json\/wp\/v2\/product_tag?post=15562"}],"curies":[{"name":"wp","href":"https:\/\/api.w.org\/{rel}","templated":true}]}}