{"id":15563,"date":"2025-11-02T14:17:18","date_gmt":"2025-11-02T11:17:18","guid":{"rendered":"https:\/\/excursionsworld.com\/?post_type=product&#038;p=15563\/"},"modified":"2025-12-08T22:12:47","modified_gmt":"2025-12-08T19:12:47","slug":"paseo-barco-green-canyon-belek","status":"publish","type":"product","link":"https:\/\/excursionsworld.com\/tours\/green-canyon-boat-tour-belek\/","title":{"rendered":"Ca\u00f1\u00f3n Verde tour en barco desde Belek \u2013 Green Canyon"},"content":{"rendered":"<h3 data-start=\"130\" data-end=\"148\"><span style=\"color: #000000;\"><strong>\ud83c\udf32 Visi\u00f3n general<\/strong><\/span><\/h3>\n<p data-start=\"149\" data-end=\"396\">Emb\u00e1rquese en un tranquilo viaje al <strong data-start=\"182\" data-end=\"233\">Ca\u00f1\u00f3n verde de Belek, Kadriye y Bo\u011fazkent<\/strong>\u00a1! Disfrute de un pintoresco crucero en barco por aguas turquesas rodeadas por los montes Tauro, b\u00e1\u00f1ese en el lago y rel\u00e1jese en plena naturaleza. Perfecto para familias y amantes de la naturaleza.<\/p>\n<h3 data-start=\"398\" data-end=\"413\"><span style=\"color: #000000;\"><strong>Incluido:<\/strong><\/span><\/h3>\n<p data-start=\"414\" data-end=\"557\"><strong><span style=\"color: #00ff00;\">\u2713<\/span> <\/strong>Recogida y entrega en el hotel<br data-start=\"441\" data-end=\"444\" \/><strong><span style=\"color: #00ff00;\">\u2713<\/span> <\/strong>Paseo en barco por el Ca\u00f1\u00f3n Verde<br data-start=\"475\" data-end=\"478\" \/><strong><span style=\"color: #00ff00;\">\u2713<\/span> <\/strong>Gu\u00eda<br data-start=\"485\" data-end=\"488\" \/><strong><span style=\"color: #00ff00;\">\u2713<\/span> <\/strong>Almuerzo en un restaurante a orillas del lago<br data-start=\"520\" data-end=\"523\" \/><strong><span style=\"color: #00ff00;\">\u2713<\/span> <\/strong>Seguro a todo riesgo<br data-start=\"539\" data-end=\"542\" \/><strong><span style=\"color: #00ff00;\">\u2713<\/span> <\/strong>Refrescos<\/p>\n<h3 data-start=\"559\" data-end=\"578\"><span style=\"color: #000000;\"><strong>No se incluye:<\/strong><\/span><\/h3>\n<p data-start=\"579\" data-end=\"633\"><strong><span style=\"color: #ff0000;\">\u2717<\/span> <\/strong>Gastos personales<br data-start=\"598\" data-end=\"601\" \/><strong><span style=\"color: #ff0000;\">\u2717<\/span> <\/strong>Fotos y v\u00eddeos (opcional)<\/p>\n<h3 data-start=\"635\" data-end=\"660\"><span style=\"color: #000000;\"><strong>\ud83d\udea4 Lo m\u00e1s destacado del viaje<\/strong><\/span><\/h3>\n<p data-start=\"661\" data-end=\"844\">\ud83d\udd39 Crucero en barco por el Ca\u00f1\u00f3n Verde<br data-start=\"700\" data-end=\"703\" \/>\ud83d\udd39 Impresionantes vistas de los montes Tauro.<br data-start=\"744\" data-end=\"747\" \/>\ud83d\udd39 Nadar en aguas cristalinas<br data-start=\"782\" data-end=\"785\" \/>\ud83d\udd39 Almuerzo junto al apacible lago.<br data-start=\"814\" data-end=\"817\" \/>\ud83d\udd39 Relajante escapada a la naturaleza<\/p>\n<h3 data-start=\"846\" data-end=\"872\">\ud83d\udcd6 Descripci\u00f3n completa<\/h3>\n<p data-start=\"873\" data-end=\"1359\">Comience el d\u00eda con una c\u00f3moda recogida en su hotel de Belek, Kadriye o Bo\u011fazkent. Viaje a trav\u00e9s de los pintorescos montes Tauro para llegar al Ca\u00f1\u00f3n Verde, una de las maravillas naturales m\u00e1s impresionantes de Turqu\u00eda. Suba a bordo de un c\u00f3modo barco y navegue por las aguas esmeralda de los Ca\u00f1ones Grande y Peque\u00f1o, rodeados de exuberantes acantilados. Disfrute de descansos para nadar y de un delicioso almuerzo en un restaurante junto al lago. Este tranquilo d\u00eda en la naturaleza es el descanso perfecto del bullicio de la vida tur\u00edstica.<\/p>\n<h3 data-start=\"1361\" data-end=\"1386\"><span style=\"color: #000000;\"><strong>\ud83d\uddfa\ufe0f Itinerario<\/strong><\/span><\/h3>\n<p data-start=\"1387\" data-end=\"1614\">\ud83d\udd39 Recogida en los hoteles de Belek, Kadriye, Bo\u011fazkent.<br data-start=\"1434\" data-end=\"1437\" \/>\ud83d\udd39 Viaje panor\u00e1mico por los montes Tauro<br data-start=\"1481\" data-end=\"1484\" \/>\ud83d\udd39 Crucero en barco por el Ca\u00f1\u00f3n Verde<br data-start=\"1518\" data-end=\"1521\" \/>\ud83d\udd39 Paradas de nataci\u00f3n<br data-start=\"1538\" data-end=\"1541\" \/>\ud83d\udd39 Almuerzo en un restaurante a orillas del lago<br data-start=\"1574\" data-end=\"1577\" \/>\ud83d\udd39 Crucero de ida y vuelta y traslado al hotel<\/p>\n<h3 data-start=\"1616\" data-end=\"1644\"><span style=\"color: #000000;\"><strong>\u2139\ufe0f Informaci\u00f3n \u00fatil<\/strong><\/span><\/h3>\n<p data-start=\"1645\" data-end=\"1972\">Duraci\u00f3n: ~7-8 horas (excursi\u00f3n de d\u00eda completo)<br data-start=\"1684\" data-end=\"1687\" \/>\ud83d\udd39 Apto para todas las edades<br data-start=\"1711\" data-end=\"1714\" \/>\ud83d\udd39 Disponible todos los d\u00edas desde la regi\u00f3n de Belek<br data-start=\"1750\" data-end=\"1753\" \/>\ud83d\udd39 Chalecos salvavidas y zonas de sombra disponibles en el barco.<br data-start=\"1807\" data-end=\"1810\" \/>\ud83d\udd39 Los ni\u00f1os menores de 5 a\u00f1os que viajan gratis no tienen un asiento aparte en el autob\u00fas. Si el autob\u00fas est\u00e1 lleno, se sientan en el regazo de un adulto, o se puede reservar un asiento aparte.<\/p>\n<h3 data-start=\"2090\" data-end=\"2113\"><span style=\"color: #000000;\"><strong>Qu\u00e9 llevar<\/strong><\/span><\/h3>\n<p data-start=\"2114\" data-end=\"2233\">\ud83d\udd39 Ba\u00f1ador y toalla.<br data-start=\"2135\" data-end=\"2138\" \/>\ud83d\udd39 Gafas de sol y sombrero<br data-start=\"2159\" data-end=\"2162\" \/>\ud83d\udd39 Protector solar<br data-start=\"2174\" data-end=\"2177\" \/>\ud83d\udd39 C\u00e1mara o smartphone<br data-start=\"2200\" data-end=\"2203\" \/>\ud83d\udd39 Dinero en efectivo para bebidas o extras<\/p>\n<h3 data-start=\"1974\" data-end=\"2000\"><span style=\"color: #000000;\"><strong>\ud83d\udeab No apto para<\/strong><\/span><\/h3>\n<p data-start=\"2001\" data-end=\"2088\">\ud83d\udd39 Personas con movilidad reducida<br data-start=\"2032\" data-end=\"2035\" \/>\ud83d\udd39 Usuarios de sillas de ruedas<br data-start=\"2054\" data-end=\"2057\" \/>\ud83d\udd39 Los propensos al mareo<\/p>\n<h3 dir=\"ltr\"><span style=\"color: #000000;\"><strong>\ud83d\udcb8 Precios y reservas<\/strong><\/span><\/h3>\n<p dir=\"ltr\"><strong>\ud83d\udd39 Reserva ahora, paga el d\u00eda de la excursi\u00f3n<\/strong><br \/>\n\ud83d\udd39 Ponte en contacto con nosotros a trav\u00e9s de WhatsApp, Telegram, Viber, o rellena el siguiente formulario de reserva. \ud83d\udc47\ud83c\udffc<\/p>","protected":false},"excerpt":{"rendered":"<p data-start=\"381\" data-end=\"590\">Reserva el <b>Excursi\u00f3n al Ca\u00f1\u00f3n Verde de Belek<\/b>\u00a1! Disfrute de un d\u00eda completo <b>viaje en barco<\/b>\u00a0en los Montes Tauro, nadar y almorzar junto al lago. Perfecto <b>escapada a la naturaleza<\/b>.<\/p>","protected":false},"featured_media":12848,"comment_status":"open","ping_status":"closed","template":"","meta":[],"product_brand":[],"product_cat":[126],"product_tag":[120],"class_list":{"0":"post-15563","1":"product","2":"type-product","3":"status-publish","4":"has-post-thumbnail","6":"tour_phys-belek-tours","7":"product_cat-belek-tours","8":"product_tag-belek","9":"pa_destination-belek-tours","10":"pa_kategori-boat-tours","12":"first","13":"instock","14":"sale","15":"shipping-taxable","16":"purchasable","17":"product-type-tour_phys"},"aioseo_notices":[],"_links":{"self":[{"href":"https:\/\/excursionsworld.com\/es\/wp-json\/wp\/v2\/product\/15563","targetHints":{"allow":["GET"]}}],"collection":[{"href":"https:\/\/excursionsworld.com\/es\/wp-json\/wp\/v2\/product"}],"about":[{"href":"https:\/\/excursionsworld.com\/es\/wp-json\/wp\/v2\/types\/product"}],"replies":[{"embeddable":true,"href":"https:\/\/excursionsworld.com\/es\/wp-json\/wp\/v2\/comments?post=15563"}],"wp:featuredmedia":[{"embeddable":true,"href":"https:\/\/excursionsworld.com\/es\/wp-json\/wp\/v2\/media\/12848"}],"wp:attachment":[{"href":"https:\/\/excursionsworld.com\/es\/wp-json\/wp\/v2\/media?parent=15563"}],"wp:term":[{"taxonomy":"product_brand","embeddable":true,"href":"https:\/\/excursionsworld.com\/es\/wp-json\/wp\/v2\/product_brand?post=15563"},{"taxonomy":"product_cat","embeddable":true,"href":"https:\/\/excursionsworld.com\/es\/wp-json\/wp\/v2\/product_cat?post=15563"},{"taxonomy":"product_tag","embeddable":true,"href":"https:\/\/excursionsworld.com\/es\/wp-json\/wp\/v2\/product_tag?post=15563"}],"curies":[{"name":"wp","href":"https:\/\/api.w.org\/{rel}","templated":true}]}}