{"id":15564,"date":"2025-11-02T14:18:58","date_gmt":"2025-11-02T11:18:58","guid":{"rendered":"https:\/\/excursionsworld.com\/?post_type=product&#038;p=15564\/"},"modified":"2025-12-12T20:05:04","modified_gmt":"2025-12-12T17:05:04","slug":"barco-pirata-side-big-kral","status":"publish","type":"product","link":"https:\/\/excursionsworld.com\/tours\/pirate-boat-side-big-kral\/","title":{"rendered":"Excursi\u00f3n en barco pirata Legend Big Kral desde Side \u2013 todo incluido"},"content":{"rendered":"<h3 data-start=\"231\" data-end=\"249\"><span style=\"color: #000000;\"><strong>\ud83c\udff4\u200d\u2620\ufe0f Visi\u00f3n general<\/strong><\/span><\/h3>\n<p data-start=\"251\" data-end=\"533\">\u00danete al <strong data-start=\"260\" data-end=\"306\">Legend Big Kral Excursi\u00f3n en barco pirata desde Side<\/strong>, Disfrute de una inolvidable aventura mar\u00edtima desde la Riviera Turca. Navegue por la impresionante costa de Alanya en uno de los <strong data-start=\"420\" data-end=\"465\">barcos piratas m\u00e1s grandes del Mediterr\u00e1neo<\/strong>, con m\u00fasica, fiestas de la espuma, descansos para nadar y diversi\u00f3n para todas las edades.<\/p>\n<h3 data-start=\"535\" data-end=\"547\"><span style=\"color: #000000;\"><strong>Incluido:<\/strong><\/span><\/h3>\n<p data-start=\"549\" data-end=\"781\"><span style=\"color: #00ff00;\"><strong>\u2713<\/strong> <\/span>Recogida en el hotel y traslado desde la regi\u00f3n de Side<br data-start=\"593\" data-end=\"596\" \/><span style=\"color: #00ff00;\"><strong>\u2713<\/strong> <\/span>Gu\u00eda profesional<br data-start=\"616\" data-end=\"619\" \/><span style=\"color: #00ff00;\"><strong>\u2713<\/strong> <\/span>Almuerzo (pollo a la parrilla, arroz y ensaladas)<br data-start=\"662\" data-end=\"665\" \/><span style=\"color: #00ff00;\"><strong>\u2713<\/strong> <\/span>Refrescos (agua, Coca-Cola, Fanta, etc.)<br data-start=\"705\" data-end=\"708\" \/><span style=\"color: #00ff00;\"><strong>\u2713<\/strong> <\/span>Fiesta de la espuma y animaciones a bordo<br data-start=\"743\" data-end=\"746\" \/><span style=\"color: #00ff00;\"><strong>\u2713<\/strong> <\/span>Chalecos salvavidas<br data-start=\"760\" data-end=\"763\" \/><span style=\"color: #00ff00;\"><strong>\u2713<\/strong> <\/span>Seguro a todo riesgo<\/p>\n<h3 data-start=\"783\" data-end=\"799\"><span style=\"color: #000000;\"><strong>No se incluye:<\/strong><\/span><\/h3>\n<p data-start=\"801\" data-end=\"865\"><strong><span style=\"color: #ff0000;\">\u2717<\/span> <\/strong>Bebidas alcoh\u00f3licas<br data-start=\"819\" data-end=\"822\" \/><strong><span style=\"color: #ff0000;\">\u2717<\/span> <\/strong>Fotos y v\u00eddeos<br data-start=\"841\" data-end=\"844\" \/><strong><span style=\"color: #ff0000;\">\u2717<\/span> <\/strong>Gastos personales<\/p>\n<h3 data-start=\"867\" data-end=\"889\"><span style=\"color: #000000;\"><strong>\ud83c\udf1f Lo m\u00e1s destacado del viaje<\/strong><\/span><\/h3>\n<p data-start=\"891\" data-end=\"1290\">\ud83d\udd39 Navega en el legendario <strong data-start=\"916\" data-end=\"940\">Barco pirata Big Kral<\/strong> - la mayor del Mediterr\u00e1neo<br data-start=\"975\" data-end=\"978\" \/>\ud83d\udd39 Ver <strong data-start=\"985\" data-end=\"1002\">Castillo de Alanya<\/strong>, <strong data-start=\"1004\" data-end=\"1017\">Torre Roja<\/strong>, y el <strong data-start=\"1027\" data-end=\"1043\">antiguo Astillero<\/strong><br data-start=\"1043\" data-end=\"1046\" \/>\ud83d\udd39 Explorar <strong data-start=\"1057\" data-end=\"1107\">Piratas, amantes, f\u00f3sforo y cuevas diab\u00f3licas<\/strong><br data-start=\"1107\" data-end=\"1110\" \/>\ud83d\udd39 B\u00e1\u00f1ate en aguas turquesas en <strong data-start=\"1141\" data-end=\"1155\">Playa de Ula\u015f<\/strong><br data-start=\"1155\" data-end=\"1158\" \/>\ud83d\udd39 Disfruta <strong data-start=\"1167\" data-end=\"1212\">fiesta de la espuma, m\u00fasica y espect\u00e1culos en directo<\/strong><br data-start=\"1212\" data-end=\"1215\" \/>\ud83d\udd39 Perfecto para familias, parejas y grupos que buscan pasar un d\u00eda divertido en el mar<\/p>\n<h3 data-start=\"1292\" data-end=\"1315\"><strong><span style=\"color: #000000;\">\ud83d\udcd6 Descripci\u00f3n completa<\/span><\/strong><\/h3>\n<p data-start=\"1317\" data-end=\"1493\">Comience su aventura con un c\u00f3modo traslado desde su hotel en <strong data-start=\"1385\" data-end=\"1409\">Zonas laterales o cercanas<\/strong> a <strong data-start=\"1413\" data-end=\"1431\">Puerto de Alanya<\/strong>, donde el majestuoso <strong data-start=\"1452\" data-end=\"1483\">Leyenda Gran Barco Pirata Kral<\/strong> espera. A medida que el barco zarpa alrededor de <strong data-start=\"1522\" data-end=\"1534\">10 DE LA MA\u00d1ANA<\/strong>, Navegar\u00e1 a lo largo de la costa de Alanya, pasando por lugares emblem\u00e1ticos como el <strong data-start=\"1606\" data-end=\"1619\">Torre Roja<\/strong>, <strong data-start=\"1621\" data-end=\"1637\">Antiguo astillero<\/strong>, y <strong data-start=\"1643\" data-end=\"1666\">Murallas del castillo de Alanya<\/strong>. A continuaci\u00f3n, el barco pirata se detiene en varias cuevas marinas famosas - <strong data-start=\"1725\" data-end=\"1775\">Piratas, amantes, f\u00f3sforo y cuevas diab\u00f3licas<\/strong> - para nadar y hacer fotos en aguas cristalinas. A <strong data-start=\"1854\" data-end=\"1881\">delicioso almuerzo a bordo<\/strong> con refrescos mientras disfruta del entretenimiento en vivo y las animaciones. M\u00e1s tarde, rel\u00e1jese en cubierta o \u00fanase a la <strong data-start=\"1992\" data-end=\"2006\">fiesta de la espuma<\/strong> para pasar una tarde llena de diversi\u00f3n. Despu\u00e9s de varias pausas para nadar, el barco regresa al puerto de Alanya alrededor de las... <strong data-start=\"2111\" data-end=\"2120\">15:00<\/strong>, A continuaci\u00f3n, traslado a su hotel en Side.<\/p>\n<h3><strong><span style=\"color: #000000;\">\ud83d\uddfa\ufe0f Itinerario<\/span><\/strong><\/h3>\n<p data-start=\"2212\" data-end=\"2621\">\ud83d\udd39 Recogida en hoteles de Side y alrededores<br data-start=\"2258\" data-end=\"2261\" \/>Traslado al puerto de Alanya<br data-start=\"2290\" data-end=\"2293\" \/>\ud83d\udd39 Embarque y salida a las 10:00 AM<br data-start=\"2330\" data-end=\"2333\" \/>\ud83d\udd39 Crucero por la Torre Roja y los antiguos Astilleros<br data-start=\"2374\" data-end=\"2377\" \/>\ud83d\udd39 Parada para nadar cerca del castillo de Alanya.<br data-start=\"2412\" data-end=\"2415\" \/>\ud83d\udd39 Visita las cuevas de los Piratas, los Enamorados, los F\u00f3sforos y los Diablos<br data-start=\"2467\" data-end=\"2470\" \/>\ud83d\udd39 Almuerzo a bordo<br data-start=\"2486\" data-end=\"2489\" \/>\ud83d\udd39 Nataci\u00f3n en la playa de Ula\u015f<br data-start=\"2514\" data-end=\"2517\" \/>\ud83d\udd39 Fiesta de la espuma y animaci\u00f3n<br data-start=\"2548\" data-end=\"2551\" \/>\ud83d\udd39 Regreso al puerto de Alanya (~15:00)<br data-start=\"2587\" data-end=\"2590\" \/>\ud83d\udd39 Devoluci\u00f3n en los hoteles de Side<\/p>\n<h3 data-start=\"2623\" data-end=\"2648\"><span style=\"color: #000000;\"><strong>\u2139\ufe0f Informaci\u00f3n \u00fatil<\/strong><\/span><\/h3>\n<p data-start=\"2650\" data-end=\"2908\">\ud83d\udd39 Duraci\u00f3n: aproximadamente 5-6 horas<br data-start=\"2686\" data-end=\"2689\" \/>\ud83d\udd39 Tripulaci\u00f3n y equipo de animaci\u00f3n de habla inglesa a bordo<br data-start=\"2740\" data-end=\"2743\" \/>\ud83d\udd39 Familiar y apto para todas las edades<br data-start=\"2787\" data-end=\"2790\" \/>\ud83d\udd39 Espacioso barco pirata de 3 cubiertas con modernas instalaciones<br data-start=\"2843\" data-end=\"2846\" \/>\ud83d\udd39 Los menores de 5 a\u00f1os viajan gratis (asiento compartido si el autob\u00fas est\u00e1 lleno)<\/p>\n<h3 data-start=\"2910\" data-end=\"2930\"><span style=\"color: #000000;\"><strong>Qu\u00e9 llevar<\/strong><\/span><\/h3>\n<p data-start=\"2932\" data-end=\"3048\">\ud83d\udd39 Ba\u00f1ador y toalla.<br data-start=\"2953\" data-end=\"2956\" \/>\ud83d\udd39 Protector solar, gafas de sol y sombrero.<br data-start=\"2989\" data-end=\"2992\" \/>\ud83d\udd39 C\u00e1mara o tel\u00e9fono<br data-start=\"3010\" data-end=\"3013\" \/>\ud83d\udd39 Poco dinero para extras opcionales<\/p>\n<h3 data-start=\"3050\" data-end=\"3073\"><span style=\"color: #000000;\"><strong>\ud83d\udeab No apto para<\/strong><\/span><\/h3>\n<p data-start=\"3075\" data-end=\"3134\">\ud83d\udd39 Hu\u00e9spedes con cinetosis severa.<br data-start=\"3112\" data-end=\"3115\" \/>\ud83d\udd39 Mujeres embarazadas<\/p>\n<h3><span style=\"color: #000000;\"><strong>\ud83d\udcb8 Precios y reservas<\/strong><\/span><\/h3>\n<p data-start=\"2859\" data-end=\"2995\"><strong>\ud83d\udd39 Reserva ahora, paga el d\u00eda de la excursi\u00f3n<\/strong><br data-start=\"2898\" data-end=\"2901\" \/>\ud83d\udd39 P\u00f3ngase en contacto con nosotros a trav\u00e9s de <strong data-start=\"2919\" data-end=\"2931\">WhatsApp<\/strong>, <strong data-start=\"2933\" data-end=\"2945\">Telegrama<\/strong>, <strong data-start=\"2947\" data-end=\"2956\">Viber<\/strong>, o rellene el siguiente formulario de reserva. \ud83d\udc47\ud83c\udffc<\/p>","protected":false},"excerpt":{"rendered":"<p>Reserva el <b>Leyenda lateral Excursi\u00f3n en barco por el Gran Kral<\/b>\u00a1! Crucero con todo incluido y almuerzo, <b>bebidas ilimitadas<\/b>, fiesta de la espuma y ba\u00f1o en la playa de Cleopatra. <b>Traslado incluido<\/b>!<\/p>","protected":false},"featured_media":15443,"comment_status":"open","ping_status":"closed","template":"","meta":[],"product_brand":[],"product_cat":[130,127],"product_tag":[122],"class_list":{"0":"post-15564","1":"product","2":"type-product","3":"status-publish","4":"has-post-thumbnail","6":"tour_phys-pirate-boat-tours","7":"tour_phys-side-tours","8":"product_cat-pirate-boat-tours","9":"product_cat-side-tours","10":"product_tag-side","11":"pa_destination-side-tours","12":"pa_kategori-pirate-boat-tours","14":"first","15":"instock","16":"sale","17":"shipping-taxable","18":"purchasable","19":"product-type-tour_phys"},"aioseo_notices":[],"_links":{"self":[{"href":"https:\/\/excursionsworld.com\/es\/wp-json\/wp\/v2\/product\/15564","targetHints":{"allow":["GET"]}}],"collection":[{"href":"https:\/\/excursionsworld.com\/es\/wp-json\/wp\/v2\/product"}],"about":[{"href":"https:\/\/excursionsworld.com\/es\/wp-json\/wp\/v2\/types\/product"}],"replies":[{"embeddable":true,"href":"https:\/\/excursionsworld.com\/es\/wp-json\/wp\/v2\/comments?post=15564"}],"wp:featuredmedia":[{"embeddable":true,"href":"https:\/\/excursionsworld.com\/es\/wp-json\/wp\/v2\/media\/15443"}],"wp:attachment":[{"href":"https:\/\/excursionsworld.com\/es\/wp-json\/wp\/v2\/media?parent=15564"}],"wp:term":[{"taxonomy":"product_brand","embeddable":true,"href":"https:\/\/excursionsworld.com\/es\/wp-json\/wp\/v2\/product_brand?post=15564"},{"taxonomy":"product_cat","embeddable":true,"href":"https:\/\/excursionsworld.com\/es\/wp-json\/wp\/v2\/product_cat?post=15564"},{"taxonomy":"product_tag","embeddable":true,"href":"https:\/\/excursionsworld.com\/es\/wp-json\/wp\/v2\/product_tag?post=15564"}],"curies":[{"name":"wp","href":"https:\/\/api.w.org\/{rel}","templated":true}]}}