{"id":15565,"date":"2025-11-02T14:20:57","date_gmt":"2025-11-02T11:20:57","guid":{"rendered":"https:\/\/excursionsworld.com\/?post_type=product&#038;p=15565\/"},"modified":"2025-12-08T21:29:37","modified_gmt":"2025-12-08T18:29:37","slug":"pamukkale-hierapolis-side","status":"publish","type":"product","link":"https:\/\/excursionsworld.com\/tours\/pamukkale-hierapolis-side\/","title":{"rendered":"Excursi\u00f3n a Pamukkale y Hier\u00e1polis desde Side \u2013 d\u00eda completo"},"content":{"rendered":"<h3 data-start=\"2808\" data-end=\"2827\"><strong>\ud83c\udfdd\ufe0f Visi\u00f3n general<\/strong><\/h3>\n<p data-start=\"2828\" data-end=\"3176\">Descubra las impresionantes terrazas de Pamukkale y la antigua ciudad de Hier\u00e1polis en una excursi\u00f3n de un d\u00eda desde <strong data-start=\"2934\" data-end=\"2942\">Lado<\/strong> y alrededores. Disfrute de c\u00f3modos traslados desde los hoteles de Side, Manavgat, Evrenseki, Titreyeng\u00f6l y Kumk\u00f6y. B\u00e1\u00f1ese en aguas termales, explore ruinas hist\u00f3ricas y saboree un delicioso almuerzo turco en este viaje inolvidable.<\/p>\n<h3 data-start=\"3178\" data-end=\"3194\"><strong>Incluido:<\/strong><\/h3>\n<p data-start=\"3195\" data-end=\"3369\"><span style=\"color: #00ff00;\"><strong>\u2713<\/strong> <\/span>Recogida y entrega en el hotel<br data-start=\"3222\" data-end=\"3225\" \/><span style=\"color: #00ff00;\"><strong>\u2713<\/strong> <\/span>Autob\u00fas con aire acondicionado<br data-start=\"3246\" data-end=\"3249\" \/><span style=\"color: #00ff00;\"><strong>\u2713<\/strong> <\/span>Entradas a Pamukkale y Hier\u00e1polis<br data-start=\"3292\" data-end=\"3295\" \/><span style=\"color: #00ff00;\"><strong>\u2713<\/strong> <\/span>Seguro a todo riesgo<br data-start=\"3311\" data-end=\"3314\" \/><span style=\"color: #00ff00;\"><strong>\u2713<\/strong> <\/span>Gu\u00eda historiador angl\u00f3fono<br data-start=\"3348\" data-end=\"3351\" \/><span style=\"color: #00ff00;\"><strong>\u2713<\/strong> <\/span>Almuerzo (buffet)<\/p>\n<h3 data-start=\"3371\" data-end=\"3391\"><span style=\"color: #000000;\"><strong>No se incluye:<\/strong><\/span><\/h3>\n<p data-start=\"3392\" data-end=\"3457\"><span style=\"color: #ff0000;\"><strong>\u2717<\/strong> <\/span>Entrada a la piscina de Cleopatra<br data-start=\"3422\" data-end=\"3425\" \/><span style=\"color: #ff0000;\"><strong>\u2717<\/strong> <\/span>Gastos personales<br data-start=\"3444\" data-end=\"3447\" \/><span style=\"color: #ff0000;\"><strong>\u2717<\/strong> <\/span>Bebidas<\/p>\n<h3 data-start=\"3459\" data-end=\"3484\"><span style=\"color: #000000;\"><strong>\ud83c\udf1f Lo m\u00e1s destacado del viaje<\/strong><\/span><\/h3>\n<p data-start=\"3485\" data-end=\"3757\">\ud83d\udd39 Admira los travertinos blancos como la nieve de Pamukkale<br data-start=\"3534\" data-end=\"3537\" \/>\ud83d\udd39 Explora el teatro romano y las ruinas de Hier\u00e1polis<br data-start=\"3589\" data-end=\"3592\" \/>\ud83d\udd39 Rel\u00e1jate en piscinas termales naturales<br data-start=\"3625\" data-end=\"3628\" \/>\ud83d\udd39 Ba\u00f1o opcional en la piscina de Cleopatra (cargo adicional).<br data-start=\"3676\" data-end=\"3679\" \/>\ud83d\udd39 Disfruta de un almuerzo tradicional turco<br data-start=\"3715\" data-end=\"3718\" \/>\ud83d\udd39 Visita un lugar declarado Patrimonio de la Humanidad por la UNESCO<\/p>\n<h3 data-start=\"3759\" data-end=\"3785\"><span style=\"color: #000000;\"><strong>\ud83d\udcd6 Descripci\u00f3n completa<\/strong><\/span><\/h3>\n<p data-start=\"3786\" data-end=\"4337\">Su d\u00eda comienza con un c\u00f3modo traslado desde su hotel en <strong data-start=\"3849\" data-end=\"3873\">Zonas laterales o cercanas<\/strong>. Viajando a trav\u00e9s de paisajes pintorescos, se dirigir\u00e1 a Pamukkale, el \u201cCastillo de Algod\u00f3n\u201d, famoso por sus deslumbrantes terrazas blancas. A su llegada, disfrute de un almuerzo buffet antes de explorar los travertinos ricos en minerales de Pamukkale. A continuaci\u00f3n, emb\u00e1rquese en una visita guiada de Hier\u00e1polis, en la que visitar\u00e1 el teatro romano, el templo de Apolo y otros monumentos. Tras la visita, rel\u00e1jese en las piscinas termales o b\u00e1\u00f1ese en la Piscina de Cleopatra (opcional). Al final del d\u00eda, regrese a su hotel en Side.<\/p>\n<h3 data-start=\"4339\" data-end=\"4364\"><span style=\"color: #000000;\"><strong>\ud83d\uddfa\ufe0f Itinerario<\/strong><\/span><\/h3>\n<p data-start=\"4365\" data-end=\"4602\">\ud83d\udd39 Recogida en el hotel<br data-start=\"4385\" data-end=\"4388\" \/>\ud83d\udd39 Viaje a Pamukkale<br data-start=\"4411\" data-end=\"4414\" \/>Almuerzo buffet<br data-start=\"4429\" data-end=\"4432\" \/>\ud83d\udd39 Recorrido por los travertinos de Pamukkale<br data-start=\"4466\" data-end=\"4469\" \/>\ud83d\udd39 Visita a las ruinas de Hier\u00e1polis<br data-start=\"4497\" data-end=\"4500\" \/>\ud83d\udd39 Tiempo libre para la Piscina de Cleopatra (opcional)<br data-start=\"4544\" data-end=\"4547\" \/>\ud83d\udd39 Viaje de vuelta a Side<br data-start=\"4572\" data-end=\"4575\" \/>\ud83d\udd39 Traslado de vuelta al hotel<\/p>\n<h3 data-start=\"4604\" data-end=\"4632\"><span style=\"color: #000000;\"><strong>\u2139\ufe0f Informaci\u00f3n \u00fatil<\/strong><\/span><\/h3>\n<p data-start=\"4633\" data-end=\"4864\">\ud83d\udd39 Duraci\u00f3n: 12 horas aproximadamente<br data-start=\"4668\" data-end=\"4671\" \/>\ud83d\udd39 El itinerario puede cambiar debido a las condiciones meteorol\u00f3gicas<br data-start=\"4720\" data-end=\"4723\" \/>\ud83d\udd39 Actividad f\u00edsica moderada (caminar, nataci\u00f3n opcional).<br data-start=\"4781\" data-end=\"4784\" \/>\ud83d\udd39 Los ni\u00f1os menores de 5 a\u00f1os que viajen gratis no tienen asiento aparte en el autob\u00fas.<\/p>\n<h3 data-start=\"2287\" data-end=\"2310\"><span style=\"color: #000000;\"><strong>Qu\u00e9 llevar<\/strong><\/span><\/h3>\n<p data-start=\"2311\" data-end=\"2453\">\ud83d\udd39 Pasaporte o documento de identidad<br data-start=\"2328\" data-end=\"2331\" \/>\ud83d\udd39 Zapatos c\u00f3modos<br data-start=\"2351\" data-end=\"2354\" \/>\ud83d\udd39 Gafas de sol y sombreros<br data-start=\"2380\" data-end=\"2383\" \/>\ud83d\udd39 Ba\u00f1ador y toalla.<br data-start=\"2404\" data-end=\"2407\" \/>\ud83d\udd39 Protector solar<br data-start=\"2419\" data-end=\"2422\" \/>\ud83d\udd39 Efectivo para gastos personales<\/p>\n<h3 data-start=\"2455\" data-end=\"2481\"><span style=\"color: #000000;\"><strong>\ud83d\udeab No apto para<\/strong><\/span><\/h3>\n<p data-start=\"2482\" data-end=\"2564\">\ud83d\udd39 Personas con movilidad reducida<br data-start=\"2513\" data-end=\"2516\" \/>\ud83d\udd39 Personas con enfermedades graves<\/p>\n<h3 data-start=\"2629\" data-end=\"2656\"><strong>\ud83d\udcb8 Precios y reservas<\/strong><\/h3>\n<p data-start=\"2657\" data-end=\"2781\"><strong>\ud83d\udd39 Reserva ahora, paga el d\u00eda de la excursi\u00f3n<\/strong><br data-start=\"2696\" data-end=\"2699\" \/>\ud83d\udd39 Ponte en contacto con nosotros a trav\u00e9s de WhatsApp, Telegram, Viber, o rellena el siguiente formulario de reserva. \ud83d\udc47\ud83c\udffc<\/p>","protected":false},"excerpt":{"rendered":"<p>Reserva el <b>Side Pamukkale Tour<\/b>! Visit Hierapolis ruins &amp; thermal travertines. Unforgettable <b>excursi\u00f3n de un d\u00eda<\/b> con almuerzo y c\u00f3modo <b>excursi\u00f3n<\/b>.<\/p>","protected":false},"featured_media":12575,"comment_status":"open","ping_status":"closed","template":"","meta":[],"product_brand":[],"product_cat":[127],"product_tag":[122],"class_list":{"0":"post-15565","1":"product","2":"type-product","3":"status-publish","4":"has-post-thumbnail","6":"tour_phys-side-tours","7":"product_cat-side-tours","8":"product_tag-side","9":"pa_destination-side-tours","11":"first","12":"instock","13":"sale","14":"shipping-taxable","15":"purchasable","16":"product-type-tour_phys"},"aioseo_notices":[],"_links":{"self":[{"href":"https:\/\/excursionsworld.com\/es\/wp-json\/wp\/v2\/product\/15565","targetHints":{"allow":["GET"]}}],"collection":[{"href":"https:\/\/excursionsworld.com\/es\/wp-json\/wp\/v2\/product"}],"about":[{"href":"https:\/\/excursionsworld.com\/es\/wp-json\/wp\/v2\/types\/product"}],"replies":[{"embeddable":true,"href":"https:\/\/excursionsworld.com\/es\/wp-json\/wp\/v2\/comments?post=15565"}],"wp:featuredmedia":[{"embeddable":true,"href":"https:\/\/excursionsworld.com\/es\/wp-json\/wp\/v2\/media\/12575"}],"wp:attachment":[{"href":"https:\/\/excursionsworld.com\/es\/wp-json\/wp\/v2\/media?parent=15565"}],"wp:term":[{"taxonomy":"product_brand","embeddable":true,"href":"https:\/\/excursionsworld.com\/es\/wp-json\/wp\/v2\/product_brand?post=15565"},{"taxonomy":"product_cat","embeddable":true,"href":"https:\/\/excursionsworld.com\/es\/wp-json\/wp\/v2\/product_cat?post=15565"},{"taxonomy":"product_tag","embeddable":true,"href":"https:\/\/excursionsworld.com\/es\/wp-json\/wp\/v2\/product_tag?post=15565"}],"curies":[{"name":"wp","href":"https:\/\/api.w.org\/{rel}","templated":true}]}}