{"id":15567,"date":"2025-11-02T14:25:41","date_gmt":"2025-11-02T11:25:41","guid":{"rendered":"https:\/\/excursionsworld.com\/?post_type=product&#038;p=15567\/"},"modified":"2026-04-24T01:27:15","modified_gmt":"2026-04-23T22:27:15","slug":"barco-pirata-legend-big-kral-alanya","status":"publish","type":"product","link":"https:\/\/excursionsworld.com\/tours\/pirate-boat-legend-big-kral-alanya\/","title":{"rendered":"Alanya Paseo en Barco Pirata - Big Kral Legend | Todo Incluido"},"content":{"rendered":"<h2>\ud83c\udff4\u200d\u2620\ufe0f Visi\u00f3n general<\/h2>\n<p>\u00danete al <strong>Leyenda Gran Kral Paseo en barco pirata<\/strong> \u2014 <a href=\"https:\/\/en.wikipedia.org\/wiki\/Alanya\" target=\"_blank\" rel=\"noopener\">Alanya<\/a>\u2019\u00a1La aventura mar\u00edtima m\u00e1s famosa! Navegue por la impresionante costa en un barco pirata gigante con m\u00fasica, fiesta de espuma y paradas para nadar. Disfrute del sol, la diversi\u00f3n y las vistas espectaculares del Castillo de Alanya y el Mediterr\u00e1neo.<\/p>\n<h3>Incluido:<\/h3>\n<p><span style=\"color: #00ff00;\"><strong>\u2713<\/strong><\/span> Recogida y entrega en el hotel<br \/>\n<span style=\"color: #00ff00;\"><strong>\u2713 <\/strong><\/span>Gu\u00eda profesional<br \/>\n<span style=\"color: #00ff00;\"><strong>\u2713 <\/strong><\/span>Almuerzo (pollo a la parrilla, arroz y ensaladas)<br \/>\n<span style=\"color: #00ff00;\"><strong>\u2713 <\/strong><\/span>Refrescos (agua, Coca-Cola, Fanta, etc.)<br \/>\n<span style=\"color: #00ff00;\"><strong>\u2713 <\/strong><\/span>Fiesta de la espuma y animaciones<br \/>\n<span style=\"color: #00ff00;\"><strong>\u2713 <\/strong><\/span>Chalecos salvavidas<br \/>\n<span style=\"color: #00ff00;\"><strong>\u2713 <\/strong><\/span>Seguros<\/p>\n<h3>No se incluye:<\/h3>\n<p><strong><span style=\"color: #ff0000;\">\u2717<\/span><\/strong> Bebidas alcoh\u00f3licas<br \/>\n<strong><span style=\"color: #ff0000;\">\u2717 <\/span><\/strong>Fotos y v\u00eddeos<br \/>\n<strong><span style=\"color: #ff0000;\">\u2717 <\/span><\/strong>Gastos personales<\/p>\n<h2>\ud83c\udf1f Lo m\u00e1s destacado de este viaje en barco pirata en Alanya<\/h2>\n<p>\ud83d\udd39 Crucero por el legendario <strong>Gran barco pirata Kral<\/strong> - uno de los mayores del Mediterr\u00e1neo<br \/>\n\ud83d\udd39 Ver la Torre Roja, los antiguos Astilleros y las murallas del Castillo de Alanya.<br \/>\n\ud83d\udd39 Visita las cuevas de los piratas, los amantes, los f\u00f3sforos y los diablos<br \/>\n\ud83d\udd39 B\u00e1\u00f1ate en aguas cristalinas en la playa de Ula\u015f<br \/>\n\ud83d\udd39 Disfruta del entretenimiento a bordo, m\u00fasica y fiesta de la espuma<br \/>\n\ud83d\udd39 Perfecto para familias, parejas y grupos.<\/p>\n<h2>\ud83d\udcd6 Descripci\u00f3n completa: Tu experiencia de viaje en barco pirata en Alanya<\/h2>\n<div>Zarpar en el <strong>Leyenda Gran Kral<\/strong>, El barco pirata m\u00e1s impresionante de Alanya, construido para el confort y el entretenimiento. La excursi\u00f3n comienza desde <strong>Puerto de Alanya a las 10:00<\/strong>, navegando m\u00e1s all\u00e1 del <strong>Torre Roja<\/strong>, <strong>Antiguo astillero<\/strong>, y <strong>Castillo de Alanya<\/strong>.<\/div>\n<div>Explorar\u00e1 el legendario <strong>Piratas, amantes, f\u00f3sforo y cuevas diab\u00f3licas<\/strong>, con paradas para nadar en bah\u00edas turquesas como <strong>Playa de Ula\u015f<\/strong>. A bordo, disfrute de animaciones, una fiesta de la espuma y un sabroso almuerzo con refrescos.<\/div>\n<div>Rel\u00e1jese en las amplias cubiertas, tome el sol o baile con el equipo de animaci\u00f3n mientras el Big Kral navega por el Mediterr\u00e1neo. El barco regresa al puerto de Alanya alrededor de <strong>15:00<\/strong>, A continuaci\u00f3n, un c\u00f3modo traslado de vuelta a su hotel.<\/div>\n<h3>\ud83d\uddfa\ufe0f Itinerario<\/h3>\n<p>\ud83d\udd39 Recogida en hoteles\/apartamentos en Alanya<br \/>\nTraslado al puerto de Alanya<br \/>\n\ud83d\udd39 Salida a las 10:00 AM<br \/>\n\ud83d\udd39 Navega junto a la Torre Roja y el antiguo Astillero<br \/>\n\ud83d\udd39 Pausa para nadar cerca del astillero<br \/>\n\ud83d\udd39 Visita las cuevas de los piratas, los amantes, los f\u00f3sforos y los diablos<br \/>\n\ud83d\udd39 Almuerzo a bordo<br \/>\n\ud83d\udd39 Pausa para nadar en la playa de Ula\u015f<br \/>\n\ud83d\udd39 Paradas de nataci\u00f3n adicionales<br \/>\n\ud83d\udd39 Regreso al puerto de Alanya (~15:00)<br \/>\n\ud83d\udd39 Entrega en los hoteles<\/p>\n<h3>\u2139\ufe0f Informaci\u00f3n \u00fatil<\/h3>\n<p>\ud83d\udd39 Duraci\u00f3n: aproximadamente 5-6 horas<br \/>\n\ud83d\udd39 Tripulaci\u00f3n y gu\u00edas de habla inglesa<br \/>\n\ud83d\udd39 Familiar y apto para todas las edades<br \/>\n\ud83d\udd39 Los menores de 5 a\u00f1os viajan gratis (comparten asiento con los padres)<br \/>\n\ud83d\udd39 Espacioso barco pirata de 3 cubiertas con modernas instalaciones.<\/p>\n<h2>Qu\u00e9 llevar<\/h2>\n<p>\ud83d\udd39 Ba\u00f1ador y toalla.<br \/>\n\ud83d\udd39 Protector solar, gafas de sol y sombrero.<br \/>\n\ud83d\udd39 C\u00e1mara o tel\u00e9fono<br \/>\n\ud83d\udd39 Calderilla para extras<\/p>\n<h3>\ud83d\udeab No apto para<\/h3>\n<p>\ud83d\udd39 Hu\u00e9spedes con cinetosis severa.<br \/>\n\ud83d\udd39 Mujeres embarazadas<\/p>\n<h2>\ud83d\udcb8 Precios y reservas<\/h2>\n<p><strong>\ud83d\udd39 Reserva ahora, paga el d\u00eda de la excursi\u00f3n<\/strong><br \/>\n\ud83d\udd39 P\u00f3ngase en contacto con nosotros a trav\u00e9s de <strong>WhatsApp<\/strong>, <strong>Telegrama<\/strong>, <strong>Viber<\/strong>, o rellene el siguiente formulario de reserva. \ud83d\udc47\ud83c\udffc<\/p>\n<p>\u00bfBuscas alternativas? Explora <a href=\"https:\/\/excursionsworld.com\/es\/excursiones-alanya\/\">m\u00e1s tours en Alanya<\/a>.<\/p>","protected":false},"excerpt":{"rendered":"<p>Reserva el <b>Leyenda del Gran Kral<\/b> Pirata <b>Excursi\u00f3n en barco<\/b>\u00a1! Saludos <b>Viaje con todo incluido<\/b> y diversi\u00f3n <b>excursi\u00f3n<\/b>. Disfruta de la fiesta de la espuma, la nataci\u00f3n y el entretenimiento. <b>Traslado incluido<\/b>!<\/p>","protected":false},"featured_media":15443,"comment_status":"open","ping_status":"closed","template":"","meta":[],"product_brand":[],"product_cat":[128,130],"product_tag":[111],"class_list":{"0":"post-15567","1":"product","2":"type-product","3":"status-publish","4":"has-post-thumbnail","6":"tour_phys-alanya-tours","7":"tour_phys-pirate-boat-tours","8":"product_cat-alanya-tours","9":"product_cat-pirate-boat-tours","10":"product_tag-alanya","11":"pa_destination-alanya-tours","12":"pa_kategori-pirate-boat-tours","14":"first","15":"instock","16":"sale","17":"shipping-taxable","18":"purchasable","19":"product-type-tour_phys"},"aioseo_notices":[],"_links":{"self":[{"href":"https:\/\/excursionsworld.com\/es\/wp-json\/wp\/v2\/product\/15567","targetHints":{"allow":["GET"]}}],"collection":[{"href":"https:\/\/excursionsworld.com\/es\/wp-json\/wp\/v2\/product"}],"about":[{"href":"https:\/\/excursionsworld.com\/es\/wp-json\/wp\/v2\/types\/product"}],"replies":[{"embeddable":true,"href":"https:\/\/excursionsworld.com\/es\/wp-json\/wp\/v2\/comments?post=15567"}],"wp:featuredmedia":[{"embeddable":true,"href":"https:\/\/excursionsworld.com\/es\/wp-json\/wp\/v2\/media\/15443"}],"wp:attachment":[{"href":"https:\/\/excursionsworld.com\/es\/wp-json\/wp\/v2\/media?parent=15567"}],"wp:term":[{"taxonomy":"product_brand","embeddable":true,"href":"https:\/\/excursionsworld.com\/es\/wp-json\/wp\/v2\/product_brand?post=15567"},{"taxonomy":"product_cat","embeddable":true,"href":"https:\/\/excursionsworld.com\/es\/wp-json\/wp\/v2\/product_cat?post=15567"},{"taxonomy":"product_tag","embeddable":true,"href":"https:\/\/excursionsworld.com\/es\/wp-json\/wp\/v2\/product_tag?post=15567"}],"curies":[{"name":"wp","href":"https:\/\/api.w.org\/{rel}","templated":true}]}}