{"id":15568,"date":"2025-11-02T14:27:08","date_gmt":"2025-11-02T11:27:08","guid":{"rendered":"https:\/\/excursionsworld.com\/?post_type=product&#038;p=15568\/"},"modified":"2026-04-24T01:27:16","modified_gmt":"2026-04-23T22:27:16","slug":"excursion-barco-pirata-alanya","status":"publish","type":"product","link":"https:\/\/excursionsworld.com\/tours\/alanya-pirate-boat-tour\/","title":{"rendered":"Excursi\u00f3n en Barco Pirata en Alanya \u2013 Admiral Black | Todo Incluido"},"content":{"rendered":"<h2><span style=\"color: #000000;\"><strong>\ud83c\udff4\u200d\u2620\ufe0f Visi\u00f3n general<\/strong><\/span><\/h2>\n<p>Zarpar en el <strong><a href=\"https:\/\/en.wikipedia.org\/wiki\/Alanya\" target=\"_blank\" rel=\"noopener\">Alanya<\/a> Paseo en barco pirata<\/strong> - \u00a1la forma m\u00e1s popular de explorar la impresionante costa de Alanya! Navegue en un gran barco pirata de madera con m\u00fasica, diversi\u00f3n e incre\u00edbles vistas del Mediterr\u00e1neo. Disfrute de descansos para nadar, entretenimiento y un delicioso almuerzo a bordo en esta inolvidable aventura mar\u00edtima.<\/p>\n<h3><span style=\"color: #000000;\"><strong>Incluido:<\/strong><\/span><\/h3>\n<p><span style=\"color: #339966;\"><strong>\u2713<\/strong> <\/span>Recogida y entrega en el hotel f<br \/>\n<span style=\"color: #339966;\"><strong>\u2713<\/strong> <\/span>Gu\u00eda profesional<br \/>\n<span style=\"color: #339966;\"><strong>\u2713<\/strong> <\/span>Almuerzo (pollo a la parrilla, arroz y ensaladas)<br \/>\n<span style=\"color: #339966;\"><strong>\u2713<\/strong> <\/span>Refrescos (agua, Coca-Cola, Fanta, etc.)<br \/>\n<span style=\"color: #339966;\"><strong>\u2713<\/strong> <\/span>Fiesta de la espuma y animaciones<br \/>\n<span style=\"color: #339966;\"><strong>\u2713<\/strong> <\/span>Chalecos salvavidas<br \/>\n<span style=\"color: #339966;\"><strong>\u2713<\/strong> <\/span>Seguros<\/p>\n<h3><span style=\"color: #000000;\"><strong>No se incluye:<\/strong><\/span><\/h3>\n<p><strong><span style=\"color: #ff0000;\">\u2717<\/span> <\/strong>Bebidas alcoh\u00f3licas<br \/>\n<strong><span style=\"color: #ff0000;\">\u2717<\/span> <\/strong>Fotos y v\u00eddeos<br \/>\n<strong><span style=\"color: #ff0000;\">\u2717<\/span> <\/strong>Gastos personales<\/p>\n<h2><span style=\"color: #000000;\"><strong>\ud83c\udf1f Lo m\u00e1s destacado del viaje<\/strong><\/span><\/h2>\n<p>\ud83d\udd39 Navega por la costa pirata de Alanya y contempla la Torre Roja, los antiguos Astilleros y el Castillo de Alanya.<br \/>\n\ud83d\udd39 Explora las famosas cuevas de los Piratas, de los Enamorados, del F\u00f3sforo y de los Diablos.<br \/>\n\ud83d\udd39 Disfruta de m\u00faltiples escapadas para nadar, incluida la playa de Ula\u015f<br \/>\n\ud83d\udd39 \u00danete a la fiesta de la espuma y al entretenimiento a bordo<br \/>\n\ud83d\udd39 Avista delfines o tortugas marinas si tienes suerte<\/p>\n<h2><span style=\"color: #000000;\"><strong>\ud83d\udcd6 Descripci\u00f3n completa<\/strong><\/span><\/h2>\n<p>Su aventura comienza con la recogida en el hotel y el traslado al puerto de Alanya. Suba a bordo de un c\u00f3modo barco pirata de tres cubiertas como el Viking o el Capit\u00e1n<strong> Barbarroja<\/strong>, con duchas, vestuarios y equipo de sonido.<br \/>\nA las 10 de la ma\u00f1ana, el barco pasa por delante del <strong>Torre Roja<\/strong>, <strong>Antiguo astillero<\/strong>, y <strong>Murallas del castillo de Alanya<\/strong>, continuando con el famoso <strong>Piratas, amantes, f\u00f3sforo y cuevas diab\u00f3licas<\/strong>.<br \/>\nA lo largo del d\u00eda, disfrute de <strong>de tres a cuatro pausas para nadar<\/strong>, incluyendo en <strong>Playa de Ula\u015f<\/strong>, conocida por sus aguas tranquilas y arenosas. Un sabroso <strong>almuerzo y refrescos<\/strong> se sirven a bordo mientras se relaja o baila al ritmo de una m\u00fasica animada.<br \/>\nEl barco regresa al puerto de Alanya alrededor de <strong>15:00<\/strong>, y ser\u00e1 trasladado de vuelta a su hotel.<\/p>\n<h3><span style=\"color: #000000;\"><strong>\ud83d\uddfa\ufe0f Itinerario<\/strong><\/span><\/h3>\n<p>\ud83d\udd39 Recogida en hoteles\/apartamentos en Alanya<br \/>\nTraslado al puerto de Alanya<br \/>\n\ud83d\udd39 Salida a las 10:00 AM<br \/>\n\ud83d\udd39 Paseo por la Torre Roja y los antiguos Astilleros<br \/>\n\ud83d\udd39 Pausa para nadar cerca del astillero<br \/>\n\ud83d\udd39 Visita las cuevas de los piratas, los amantes, los f\u00f3sforos y los diablos<br \/>\n\ud83d\udd39 Almuerzo a bordo<br \/>\n\ud83d\udd39 Pausa para nadar en la playa de Ula\u015f<br \/>\n\ud83d\udd39 Paradas de nataci\u00f3n adicionales<br \/>\n\ud83d\udd39 Regreso al puerto de Alanya (~15:00)<br \/>\n\ud83d\udd39 Entrega en los hoteles<\/p>\n<h3><span style=\"color: #000000;\"><strong>\u2139\ufe0f Informaci\u00f3n \u00fatil<\/strong><\/span><\/h3>\n<p>\ud83d\udd39 Duraci\u00f3n: aproximadamente 5-6 horas<br \/>\n\ud83d\udd39 Tripulaci\u00f3n y gu\u00edas de habla inglesa<br \/>\n\ud83d\udd39 Adecuado para familias, parejas y grupos.<br \/>\n\ud83d\udd39 Los menores de 5 a\u00f1os viajan gratis (comparten asiento con los padres)<br \/>\n\ud83d\udd39 C\u00f3modos barcos piratas de madera de 3 cubiertas.<\/p>\n<h2><span style=\"color: #000000;\"><strong>Qu\u00e9 llevar<\/strong><\/span><\/h2>\n<p>\ud83d\udd39 Ba\u00f1ador y toalla.<br \/>\n\ud83d\udd39 Protector solar, gafas de sol y sombrero.<br \/>\n\ud83d\udd39 C\u00e1mara o tel\u00e9fono<br \/>\n\ud83d\udd39 Calderilla para extras<\/p>\n<h3><span style=\"color: #000000;\"><strong>\ud83d\udeab No apto para<\/strong><\/span><\/h3>\n<p>\ud83d\udd39 Hu\u00e9spedes con cinetosis severa.<br \/>\n\ud83d\udd39 Mujeres embarazadas<\/p>\n<h2 dir=\"ltr\">\ud83d\udcb8\u00a0<strong>Precios y reservas<\/strong><\/h2>\n<p dir=\"ltr\"><strong>\ud83d\udd39 Reserva ahora, paga el d\u00eda de la excursi\u00f3n<\/strong><br \/>\n\ud83d\udd39 Ponte en contacto con nosotros a trav\u00e9s de WhatsApp, Telegram, Viber, o rellena el siguiente formulario de reserva. \ud83d\udc47\ud83c\udffc<\/p>\n<p>\u00bfBuscas alternativas? Explora <a href=\"https:\/\/excursionsworld.com\/es\/excursiones-alanya\/\">m\u00e1s tours en Alanya<\/a>.<\/p>","protected":false},"excerpt":{"rendered":"<p>\u00danete al <b>Paseo en barco pirata por Alanya<\/b>\u00a1! Saludos <b>viaje por mar<\/b> para ver <b>Torre Roja<\/b>, cuevas y <b>Playa de Cleopatra<\/b>. Incluye <b>almuerzo<\/b>, fiesta de la espuma, y <b>transferencia<\/b>. Reserva tu diversi\u00f3n <b>excursi\u00f3n<\/b>!<\/p>","protected":false},"featured_media":15272,"comment_status":"open","ping_status":"closed","template":"","meta":[],"product_brand":[],"product_cat":[128,130],"product_tag":[111],"class_list":{"0":"post-15568","1":"product","2":"type-product","3":"status-publish","4":"has-post-thumbnail","6":"tour_phys-alanya-tours","7":"tour_phys-pirate-boat-tours","8":"product_cat-alanya-tours","9":"product_cat-pirate-boat-tours","10":"product_tag-alanya","11":"pa_destination-alanya-tours","12":"pa_kategori-pirate-boat-tours","14":"first","15":"instock","16":"sale","17":"shipping-taxable","18":"purchasable","19":"product-type-tour_phys"},"aioseo_notices":[],"_links":{"self":[{"href":"https:\/\/excursionsworld.com\/es\/wp-json\/wp\/v2\/product\/15568","targetHints":{"allow":["GET"]}}],"collection":[{"href":"https:\/\/excursionsworld.com\/es\/wp-json\/wp\/v2\/product"}],"about":[{"href":"https:\/\/excursionsworld.com\/es\/wp-json\/wp\/v2\/types\/product"}],"replies":[{"embeddable":true,"href":"https:\/\/excursionsworld.com\/es\/wp-json\/wp\/v2\/comments?post=15568"}],"wp:featuredmedia":[{"embeddable":true,"href":"https:\/\/excursionsworld.com\/es\/wp-json\/wp\/v2\/media\/15272"}],"wp:attachment":[{"href":"https:\/\/excursionsworld.com\/es\/wp-json\/wp\/v2\/media?parent=15568"}],"wp:term":[{"taxonomy":"product_brand","embeddable":true,"href":"https:\/\/excursionsworld.com\/es\/wp-json\/wp\/v2\/product_brand?post=15568"},{"taxonomy":"product_cat","embeddable":true,"href":"https:\/\/excursionsworld.com\/es\/wp-json\/wp\/v2\/product_cat?post=15568"},{"taxonomy":"product_tag","embeddable":true,"href":"https:\/\/excursionsworld.com\/es\/wp-json\/wp\/v2\/product_tag?post=15568"}],"curies":[{"name":"wp","href":"https:\/\/api.w.org\/{rel}","templated":true}]}}