{"id":15569,"date":"2025-11-02T14:28:23","date_gmt":"2025-11-02T11:28:23","guid":{"rendered":"https:\/\/excursionsworld.com\/?post_type=product&#038;p=15569\/"},"modified":"2025-12-08T19:11:13","modified_gmt":"2025-12-08T16:11:13","slug":"pamukkale-hierapolis-alanya","status":"publish","type":"product","link":"https:\/\/excursionsworld.com\/tours\/pamukkale-hierapolis-alanya\/","title":{"rendered":"Excursi\u00f3n a Pamukkale y Hier\u00e1polis desde Alanya \u2013 d\u00eda completo"},"content":{"rendered":"<h3 data-start=\"5389\" data-end=\"5408\"><strong>\ud83c\udfdd\ufe0f Visi\u00f3n general<\/strong><\/h3>\n<p data-start=\"5409\" data-end=\"5759\">Descubra las impresionantes terrazas de Pamukkale y la antigua ciudad de Hier\u00e1polis en una excursi\u00f3n de un d\u00eda desde <strong data-start=\"5515\" data-end=\"5525\">Alanya<\/strong> y alrededores. Disfrute de c\u00f3modos traslados desde los hoteles de Alanya, Mahmutlar, Konakl\u0131, Kestel y Okurcalar. B\u00e1\u00f1ese en aguas termales, explore ruinas hist\u00f3ricas y saboree un delicioso almuerzo turco en este viaje inolvidable.<\/p>\n<h3 data-start=\"5761\" data-end=\"5777\"><strong>Incluido:<\/strong><\/h3>\n<p data-start=\"5778\" data-end=\"5952\"><span style=\"color: #00ff00;\"><strong>\u2713<\/strong> <\/span>Recogida y entrega en el hotel<br data-start=\"5805\" data-end=\"5808\" \/><span style=\"color: #00ff00;\"><strong>\u2713<\/strong> <\/span>Autob\u00fas con aire acondicionado<br data-start=\"5829\" data-end=\"5832\" \/><span style=\"color: #00ff00;\"><strong>\u2713<\/strong> <\/span>Entradas a Pamukkale y Hier\u00e1polis<br data-start=\"5875\" data-end=\"5878\" \/><span style=\"color: #00ff00;\"><strong>\u2713<\/strong> <\/span>Seguro a todo riesgo<br data-start=\"5894\" data-end=\"5897\" \/><span style=\"color: #00ff00;\"><strong>\u2713<\/strong> <\/span>Gu\u00eda historiador angl\u00f3fono<br data-start=\"5931\" data-end=\"5934\" \/><span style=\"color: #00ff00;\"><strong>\u2713<\/strong> <\/span>Almuerzo (buffet)<\/p>\n<h3 data-start=\"5954\" data-end=\"5974\"><strong>No se incluye:<\/strong><\/h3>\n<p data-start=\"5975\" data-end=\"6040\"><span style=\"color: #ff0000;\"><strong>\u2717<\/strong> <\/span>Entrada a la piscina de Cleopatra<br data-start=\"6005\" data-end=\"6008\" \/><span style=\"color: #ff0000;\"><strong>\u2717<\/strong> <\/span>Gastos personales<br data-start=\"6027\" data-end=\"6030\" \/><span style=\"color: #ff0000;\"><strong>\u2717<\/strong> <\/span>Bebidas<\/p>\n<h3 data-start=\"6042\" data-end=\"6067\"><strong>\ud83c\udf1f Lo m\u00e1s destacado del viaje<\/strong><\/h3>\n<p data-start=\"6068\" data-end=\"6340\">\ud83d\udd39 Admira los travertinos blancos como la nieve de Pamukkale<br data-start=\"6117\" data-end=\"6120\" \/>\ud83d\udd39 Explora el teatro romano y las ruinas de Hier\u00e1polis<br data-start=\"6172\" data-end=\"6175\" \/>\ud83d\udd39 Rel\u00e1jate en piscinas termales naturales<br data-start=\"6208\" data-end=\"6211\" \/>\ud83d\udd39 Ba\u00f1o opcional en la piscina de Cleopatra (cargo adicional).<br data-start=\"6259\" data-end=\"6262\" \/>\ud83d\udd39 Disfruta de un almuerzo tradicional turco<br data-start=\"6298\" data-end=\"6301\" \/>\ud83d\udd39 Visita un lugar declarado Patrimonio de la Humanidad por la UNESCO<\/p>\n<h3 data-start=\"6342\" data-end=\"6368\"><strong>\ud83d\udcd6 Descripci\u00f3n completa<\/strong><\/h3>\n<p data-start=\"6369\" data-end=\"6924\">Su d\u00eda comienza con un c\u00f3modo traslado desde su hotel en <strong data-start=\"6432\" data-end=\"6458\">Alanya o alrededores<\/strong>. Viajando a trav\u00e9s de paisajes pintorescos, se dirigir\u00e1 a Pamukkale, el \u201cCastillo de Algod\u00f3n\u201d, famoso por sus deslumbrantes terrazas blancas. A su llegada, disfrute de un almuerzo buffet antes de explorar los travertinos ricos en minerales de Pamukkale. A continuaci\u00f3n, emb\u00e1rquese en una visita guiada de Hier\u00e1polis, en la que visitar\u00e1 el teatro romano, el templo de Apolo y otros monumentos. Tras la visita, rel\u00e1jese en las piscinas termales o b\u00e1\u00f1ese en la Piscina de Cleopatra (opcional). Al final del d\u00eda, regrese a su hotel en Alanya.<\/p>\n<h3 data-start=\"6926\" data-end=\"6951\"><strong>\ud83d\uddfa\ufe0f Itinerario<\/strong><\/h3>\n<p data-start=\"6952\" data-end=\"7191\">\ud83d\udd39 Recogida en el hotel<br data-start=\"6972\" data-end=\"6975\" \/>\ud83d\udd39 Viaje a Pamukkale<br data-start=\"6998\" data-end=\"7001\" \/>Almuerzo buffet<br data-start=\"7016\" data-end=\"7019\" \/>\ud83d\udd39 Recorrido por los travertinos de Pamukkale<br data-start=\"7053\" data-end=\"7056\" \/>\ud83d\udd39 Visita a las ruinas de Hier\u00e1polis<br data-start=\"7084\" data-end=\"7087\" \/>\ud83d\udd39 Tiempo libre para la Piscina de Cleopatra (opcional)<br data-start=\"7131\" data-end=\"7134\" \/>\ud83d\udd39 Viaje de vuelta a Alanya<br data-start=\"7161\" data-end=\"7164\" \/>\ud83d\udd39 Traslado de vuelta al hotel<\/p>\n<h3 data-start=\"7193\" data-end=\"7221\"><strong>\u2139\ufe0f Informaci\u00f3n \u00fatil<\/strong><\/h3>\n<p data-start=\"7222\" data-end=\"7453\">\ud83d\udd39 Duraci\u00f3n: 12 horas aproximadamente<br data-start=\"7257\" data-end=\"7260\" \/>\ud83d\udd39 El itinerario puede cambiar debido a las condiciones meteorol\u00f3gicas<br data-start=\"7309\" data-end=\"7312\" \/>\ud83d\udd39 Actividad f\u00edsica moderada (caminar, nataci\u00f3n opcional).<br data-start=\"7370\" data-end=\"7373\" \/>\ud83d\udd39 Los ni\u00f1os menores de 5 a\u00f1os que viajen gratis no tienen asiento aparte en el autob\u00fas.<\/p>\n<h3 data-start=\"2287\" data-end=\"2310\"><span style=\"color: #000000;\"><strong>Qu\u00e9 llevar<\/strong><\/span><\/h3>\n<p data-start=\"2311\" data-end=\"2453\">\ud83d\udd39 Pasaporte o documento de identidad<br data-start=\"2328\" data-end=\"2331\" \/>\ud83d\udd39 Zapatos c\u00f3modos<br data-start=\"2351\" data-end=\"2354\" \/>\ud83d\udd39 Gafas de sol y sombreros<br data-start=\"2380\" data-end=\"2383\" \/>\ud83d\udd39 Ba\u00f1ador y toalla.<br data-start=\"2404\" data-end=\"2407\" \/>\ud83d\udd39 Protector solar<br data-start=\"2419\" data-end=\"2422\" \/>\ud83d\udd39 Efectivo para gastos personales<\/p>\n<h3 data-start=\"2455\" data-end=\"2481\"><span style=\"color: #000000;\"><strong>\ud83d\udeab No apto para<\/strong><\/span><\/h3>\n<p data-start=\"2482\" data-end=\"2564\">\ud83d\udd39 Personas con movilidad reducida<br data-start=\"2513\" data-end=\"2516\" \/>\ud83d\udd39 Personas con enfermedades graves<\/p>\n<h3 data-start=\"2629\" data-end=\"2656\"><strong>\ud83d\udcb8 Precios y reservas<\/strong><\/h3>\n<p data-start=\"2657\" data-end=\"2781\"><strong>\ud83d\udd39 Reserva ahora, paga el d\u00eda de la excursi\u00f3n<\/strong><br data-start=\"2696\" data-end=\"2699\" \/>\ud83d\udd39 Ponte en contacto con nosotros a trav\u00e9s de WhatsApp, Telegram, Viber, o rellena el siguiente formulario de reserva. \ud83d\udc47\ud83c\udffc<\/p>","protected":false},"excerpt":{"rendered":"<p>Reserva el <b>Excursi\u00f3n a Alanya Pamukkale<\/b>\u00a1! Visite las ruinas de Hier\u00e1polis y los travertinos termales. D\u00eda completo <b>excursi\u00f3n<\/b> con almuerzo y c\u00f3modo <b>excursi\u00f3n de un d\u00eda<\/b>.<\/p>","protected":false},"featured_media":12575,"comment_status":"open","ping_status":"closed","template":"","meta":[],"product_brand":[],"product_cat":[128],"product_tag":[111],"class_list":{"0":"post-15569","1":"product","2":"type-product","3":"status-publish","4":"has-post-thumbnail","6":"tour_phys-alanya-tours","7":"product_cat-alanya-tours","8":"product_tag-alanya","9":"pa_destination-alanya-tours","11":"first","12":"instock","13":"sale","14":"shipping-taxable","15":"purchasable","16":"product-type-tour_phys"},"aioseo_notices":[],"_links":{"self":[{"href":"https:\/\/excursionsworld.com\/es\/wp-json\/wp\/v2\/product\/15569","targetHints":{"allow":["GET"]}}],"collection":[{"href":"https:\/\/excursionsworld.com\/es\/wp-json\/wp\/v2\/product"}],"about":[{"href":"https:\/\/excursionsworld.com\/es\/wp-json\/wp\/v2\/types\/product"}],"replies":[{"embeddable":true,"href":"https:\/\/excursionsworld.com\/es\/wp-json\/wp\/v2\/comments?post=15569"}],"wp:featuredmedia":[{"embeddable":true,"href":"https:\/\/excursionsworld.com\/es\/wp-json\/wp\/v2\/media\/12575"}],"wp:attachment":[{"href":"https:\/\/excursionsworld.com\/es\/wp-json\/wp\/v2\/media?parent=15569"}],"wp:term":[{"taxonomy":"product_brand","embeddable":true,"href":"https:\/\/excursionsworld.com\/es\/wp-json\/wp\/v2\/product_brand?post=15569"},{"taxonomy":"product_cat","embeddable":true,"href":"https:\/\/excursionsworld.com\/es\/wp-json\/wp\/v2\/product_cat?post=15569"},{"taxonomy":"product_tag","embeddable":true,"href":"https:\/\/excursionsworld.com\/es\/wp-json\/wp\/v2\/product_tag?post=15569"}],"curies":[{"name":"wp","href":"https:\/\/api.w.org\/{rel}","templated":true}]}}