{"id":15769,"date":"2025-11-12T10:38:49","date_gmt":"2025-11-12T07:38:49","guid":{"rendered":"https:\/\/excursionsworld.com\/?post_type=product&#038;p=15769\/"},"modified":"2026-04-04T13:44:31","modified_gmt":"2026-04-04T10:44:31","slug":"barco-pirata-kemer-red-dragon","status":"publish","type":"product","link":"https:\/\/excursionsworld.com\/tours\/kemer-pirate-boat-tour-red-dragon\/","title":{"rendered":"Excursi\u00f3n en barco pirata Red Dragon desde Kemer \u2013 con almuerzo"},"content":{"rendered":"<h3 dir=\"ltr\" data-pm-slice=\"1 1 []\"><span style=\"color: #000000;\"><strong>\ud83c\udff4\u200d\u2620\ufe0f Visi\u00f3n general<\/strong><\/span><\/h3>\n<p dir=\"ltr\">Emb\u00e1rquese en un crucero a bordo de un moderno catamar\u00e1n por la impresionante costa de Kemer: la mezcla perfecta entre nadar, tomar el sol y disfrutar de la naturaleza. Le recogeremos en su hotel de Kemer o zonas cercanas y le llevaremos al punto de partida en el puerto deportivo de Kemer.<\/p>\n<h3><strong>Incluido:<\/strong><\/h3>\n<p dir=\"ltr\"><strong><span style=\"color: #00ff00;\">\u2713<\/span><\/strong> Recogida y entrega en el hotel<br \/>\n<strong><span style=\"color: #00ff00;\">\u2713 <\/span><\/strong>Seguros<br \/>\n<strong><span style=\"color: #00ff00;\">\u2713 <\/span><\/strong>Gu\u00eda<br \/>\n<strong><span style=\"color: #00ff00;\">\u2713 <\/span><\/strong>Fiesta de la espuma<br \/>\n<strong><span style=\"color: #00ff00;\">\u2713 <\/span><\/strong>Almuerzo<\/p>\n<h3 dir=\"ltr\"><strong>No se incluye:<\/strong><\/h3>\n<p dir=\"ltr\"><span style=\"color: #ff0000;\"><strong>\u2717 <\/strong><\/span>Fotos y v\u00eddeos<br \/>\n<span style=\"color: #ff0000;\"><strong>\u2717 <\/strong><\/span>Bebidas<\/p>\n<h3 dir=\"ltr\"><span style=\"color: #000000;\"><strong>\ud83c\udf1f Lo m\u00e1s destacado del viaje<\/strong><\/span><\/h3>\n<p dir=\"ltr\">\ud83d\udd39 Crucero en un catamar\u00e1n moderno y confortable<br \/>\n\ud83d\udd39 Nadar en las bah\u00edas cristalinas de Kemer<br \/>\n\ud83d\udd39 M\u00fasica en directo y programa de entretenimiento a bordo<br \/>\n\ud83d\udd39 Tomar el sol y relajarse en amplias cubiertas<br \/>\n\ud83d\udd39 Vistas impresionantes y grandes oportunidades para hacer fotos<br \/>\n\ud83d\udd39 Alta calidad a un precio asequible<\/p>\n<h3 dir=\"ltr\"><span style=\"color: #000000;\"><strong>\ud83d\udcd6 Descripci\u00f3n completa<\/strong><\/span><\/h3>\n<div dir=\"ltr\">Pase un d\u00eda de relax y diversi\u00f3n en nuestra excursi\u00f3n en catamar\u00e1n desde Kemer. Este viaje combina la comodidad de una embarcaci\u00f3n moderna con la belleza de la costa mediterr\u00e1nea.<br \/>\nLa excursi\u00f3n comienza en el puerto deportivo de Kemer, donde embarcar\u00e1 en un catamar\u00e1n equipado con acogedoras zonas para descansar y tomar el sol.<\/div>\n<div dir=\"ltr\">El crucero incluye paradas para ba\u00f1arse en pintorescas bah\u00edas:<br \/>\n<strong>Bah\u00eda de Phaselis<\/strong>: Nadar cerca de antiguas ruinas y bosques de pinos.<br \/>\n<strong>Bah\u00eda Para\u00edso<\/strong>: Un lugar apartado con aguas de un azul vibrante.<br \/>\n<strong>Bah\u00eda Moonlight<\/strong>: Perfecto para hacer fotos y relajarse.<br \/>\n<strong>Cueva pirata<\/strong>: Navegue junto a la legendaria cueva marina, un lugar ideal para hacer fotos.<\/div>\n<div dir=\"ltr\">A bordo, disfrute de m\u00fasica, animaci\u00f3n y una animada fiesta de la espuma.<br \/>\nEl almuerzo est\u00e1 incluido, con bebidas a la venta.<br \/>\nAdecuada para parejas, familias y viajeros en solitario, es una de las excursiones m\u00e1s populares de Kemer.<\/div>\n<h3 dir=\"ltr\"><span style=\"color: #000000;\"><strong>\ud83d\uddfa\ufe0f Itinerario<\/strong><\/span><\/h3>\n<p dir=\"ltr\">\ud83d\udd39 Recogida en el hotel<br \/>\n\ud83d\udd39 Salida desde el puerto deportivo de Kemer<br \/>\n\ud83d\udd39 Parada para nadar en la bah\u00eda de Phaselis: ruinas y naturaleza.<br \/>\n\ud83d\udd39 Parada para nadar en Paradise Bay: bah\u00eda aislada.<br \/>\n\ud83d\udd39 Parada para nadar en la bah\u00eda de Moonlight: fotos y relax<br \/>\n\ud83d\udd39 Navega por la Cueva del Pirata: leyendas y acantilados<br \/>\n\ud83d\udd39 Fiesta de la espuma y m\u00fasica a bordo<br \/>\n\ud83d\udd39 Volver a Kemer Marina<br \/>\n\ud83d\udd39 Traslado de vuelta al hotel<\/p>\n<h3 dir=\"ltr\">\u2139\ufe0f <strong>Informaci\u00f3n \u00fatil<\/strong><\/h3>\n<p dir=\"ltr\">\ud83d\udd39 Duraci\u00f3n de la excursi\u00f3n: aproximadamente 5-6 horas.<br \/>\n\ud83d\udd39 El catamar\u00e1n tiene zonas de sombra y para tomar el sol<\/p>\n<h3 dir=\"ltr\"><span style=\"color: #000000;\"><strong>Qu\u00e9 llevar<\/strong><\/span><\/h3>\n<p dir=\"ltr\">\ud83d\udd39 Ba\u00f1ador y toalla.<br \/>\n\ud83d\udd39 Protector solar y gafas de sol.<br \/>\n\ud83d\udd39 Sombrero o gorra<br \/>\n\ud83d\udd39 Funda impermeable para el tel\u00e9fono o la c\u00e1mara<br \/>\n\ud83d\udd39 Algo de dinero en efectivo para gastos personales<\/p>\n<h3 dir=\"ltr\"><strong>\ud83d\udeab No apto para<\/strong><\/h3>\n<p dir=\"ltr\">\ud83d\udd39 Personas propensas a marearse mucho<br \/>\n\ud83d\udd39 Viajeros con movilidad reducida<\/p>\n<h3 dir=\"ltr\"><span style=\"color: #000000;\"><strong>\ud83d\udcb8 Precios y reservas<\/strong><\/span><\/h3>\n<p dir=\"ltr\"><strong>\ud83d\udd39 Reserva ahora, paga el d\u00eda de la excursi\u00f3n<\/strong><br \/>\n\ud83d\udd39 Ponte en contacto con nosotros a trav\u00e9s de WhatsApp, Telegram, Viber, o rellena el siguiente formulario de reserva. \ud83d\udc47\ud83c\udffd<\/p>","protected":false},"excerpt":{"rendered":"<p>\u00a1\u00danase a la excursi\u00f3n en barco pirata Kemer - Red Dragon! Esta emocionante excursi\u00f3n con todo incluido incluye ba\u00f1o, fiesta de la espuma y almuerzo para pasar un d\u00eda inolvidable.<\/p>","protected":false},"featured_media":16711,"comment_status":"open","ping_status":"closed","template":"","meta":[],"product_brand":[],"product_cat":[124,130],"product_tag":[105],"class_list":{"0":"post-15769","1":"product","2":"type-product","3":"status-publish","4":"has-post-thumbnail","6":"tour_phys-kemer-tours","7":"tour_phys-pirate-boat-tours","8":"product_cat-kemer-tours","9":"product_cat-pirate-boat-tours","10":"product_tag-kemer","11":"pa_destination-kemer-tours","12":"pa_kategori-pirate-boat-tours","14":"first","15":"instock","16":"sale","17":"featured","18":"shipping-taxable","19":"purchasable","20":"product-type-tour_phys"},"aioseo_notices":[],"_links":{"self":[{"href":"https:\/\/excursionsworld.com\/es\/wp-json\/wp\/v2\/product\/15769","targetHints":{"allow":["GET"]}}],"collection":[{"href":"https:\/\/excursionsworld.com\/es\/wp-json\/wp\/v2\/product"}],"about":[{"href":"https:\/\/excursionsworld.com\/es\/wp-json\/wp\/v2\/types\/product"}],"replies":[{"embeddable":true,"href":"https:\/\/excursionsworld.com\/es\/wp-json\/wp\/v2\/comments?post=15769"}],"wp:featuredmedia":[{"embeddable":true,"href":"https:\/\/excursionsworld.com\/es\/wp-json\/wp\/v2\/media\/16711"}],"wp:attachment":[{"href":"https:\/\/excursionsworld.com\/es\/wp-json\/wp\/v2\/media?parent=15769"}],"wp:term":[{"taxonomy":"product_brand","embeddable":true,"href":"https:\/\/excursionsworld.com\/es\/wp-json\/wp\/v2\/product_brand?post=15769"},{"taxonomy":"product_cat","embeddable":true,"href":"https:\/\/excursionsworld.com\/es\/wp-json\/wp\/v2\/product_cat?post=15769"},{"taxonomy":"product_tag","embeddable":true,"href":"https:\/\/excursionsworld.com\/es\/wp-json\/wp\/v2\/product_tag?post=15769"}],"curies":[{"name":"wp","href":"https:\/\/api.w.org\/{rel}","templated":true}]}}