{"id":15770,"date":"2025-11-12T10:42:42","date_gmt":"2025-11-12T07:42:42","guid":{"rendered":"https:\/\/excursionsworld.com\/?post_type=product&#038;p=15770\/"},"modified":"2026-03-14T10:12:02","modified_gmt":"2026-03-14T07:12:02","slug":"barco-pirata-gonster-kemer","status":"publish","type":"product","link":"https:\/\/excursionsworld.com\/tours\/kemer-pirate-boat-tour-gonster\/","title":{"rendered":"Excursi\u00f3n en barco pirata Gonster desde Kemer \u2013 todo incluido"},"content":{"rendered":"<h3><strong>\ud83c\udff4\u200d\u2620\ufe0f Visi\u00f3n general<\/strong><\/h3>\n<p dir=\"ltr\">Emb\u00e1rquese en una emocionante aventura a bordo del barco pirata Gonster: un d\u00eda lleno de diversi\u00f3n, m\u00fasica y ba\u00f1os a lo largo de la costa turquesa de Kemer. Esta excursi\u00f3n de tem\u00e1tica pirata combina un animado entretenimiento con unas impresionantes vistas del Mediterr\u00e1neo. Refrescos incluidos para todos.<\/p>\n<h3><strong>Incluido:<\/strong><\/h3>\n<p dir=\"ltr\"><span style=\"color: #00ff00;\"><strong>\u2713<\/strong><\/span> Recogida y entrega en el hotel<br \/>\n<span style=\"color: #00ff00;\"><strong>\u2713 <\/strong><\/span>Seguros<br \/>\n<span style=\"color: #00ff00;\"><strong>\u2713 <\/strong><\/span>Gu\u00eda profesional<br \/>\n<span style=\"color: #00ff00;\"><strong>\u2713 <\/strong><\/span>Fiesta de la espuma y entretenimiento a bordo<br \/>\n<span style=\"color: #00ff00;\"><strong>\u2713 <\/strong><\/span>Almuerzo<br \/>\n<span style=\"color: #00ff00;\"><strong>\u2713 <\/strong><\/span>Refrescos<\/p>\n<h3 dir=\"ltr\"><span style=\"color: #000000;\"><strong>No se incluye:<\/strong><\/span><\/h3>\n<p dir=\"ltr\"><strong><span style=\"color: #ff0000;\">\u2717 <\/span><\/strong>Fotos y v\u00eddeos<br \/>\n<strong><span style=\"color: #ff0000;\">\u2717 <\/span><\/strong>Bebidas alcoh\u00f3licas<\/p>\n<h3 dir=\"ltr\"><span style=\"color: #000000;\">\ud83c\udf1f <strong>Lo m\u00e1s destacado<\/strong><\/span><\/h3>\n<p dir=\"ltr\">\ud83d\udd39 Barco pirata festivo con un ambiente animado.<br \/>\n\ud83d\udd39 Nadar en las bah\u00edas cristalinas de Kemer<br \/>\n\ud83d\udd39 M\u00fasica en directo y programa de entretenimiento a bordo<br \/>\n\ud83d\udd39 Almuerzo y refrescos incluidos.<br \/>\n\ud83d\udd39 Tomar el sol en amplias terrazas<br \/>\n\ud83d\udd39 Paradas fotogr\u00e1ficas en la Cueva de los Piratas y el pintoresco litoral<br \/>\n\ud83d\udd39 Perfecto para familias y amantes de la aventura<\/p>\n<h3 dir=\"ltr\"><span style=\"color: #000000;\">\ud83d\udcd6 <strong>Descripci\u00f3n completa<\/strong><\/span><\/h3>\n<div dir=\"ltr\">Emb\u00e1rquese en un viaje por mar a bordo del barco pirata Gonster a lo largo de la costa turquesa de Kemer. Esta excursi\u00f3n \u00fanica combina el entretenimiento vibrante con la belleza natural del Mediterr\u00e1neo, creando la escapada perfecta para familias, parejas y grupos de amigos.<\/div>\n<div dir=\"ltr\">El embarque tiene lugar en el puerto de Kemer, donde el barco de tem\u00e1tica pirata y su animada tripulaci\u00f3n preparan el escenario para un ambiente festivo con m\u00fasica, baile y un espect\u00e1culo tem\u00e1tico.<\/div>\n<div dir=\"ltr\">Durante el recorrido, visitar\u00e1 tres pintorescas bah\u00edas para nadar y relajarse:<\/div>\n<div dir=\"ltr\"><strong>\ud83c\udfca\u200d\u2642\ufe0fPhaselis Bah\u00eda<\/strong>\u00a0Nade cerca de las antiguas ruinas licias, rodeado de historia y naturaleza.<\/div>\n<div dir=\"ltr\"><strong>\ud83c\udf3fParadise Bay<\/strong>\u00a0Una parada acogedora con aguas cristalinas y exuberantes paisajes verdes.<\/div>\n<div dir=\"ltr\"><strong>\ud83d\udcf8 Bah\u00eda Moonlight<\/strong>\u00a0Perfecto para hacer fotos, tomar el sol y nadar tranquilamente.<\/div>\n<div dir=\"ltr\"><strong>\ud83c\udff4\u200d\u2620\ufe0fPirate Cueva<\/strong>\u00a0Navegue por la legendaria Cueva de los Piratas, con espectaculares acantilados y magn\u00edficas oportunidades fotogr\u00e1ficas.<\/div>\n<div dir=\"ltr\">A bordo, disfrute de un delicioso almuerzo con refrescos incluidos, seguido de una animada fiesta de la espuma en el viaje de regreso. Tanto si quieres tomar el sol como bailar con la tripulaci\u00f3n, \u00a1esta excursi\u00f3n promete diversi\u00f3n sin fin y recuerdos inolvidables!<\/div>\n<h3 dir=\"ltr\"><span style=\"color: #000000;\">\ud83d\uddfa\ufe0f <strong>Itinerario<\/strong><\/span><\/h3>\n<p dir=\"ltr\">\ud83d\udd39 Recogida en los hoteles de la zona de Kemer<br \/>\n\ud83d\udd39 Salida desde el puerto de Kemer<br \/>\n\ud83d\udd39 Parada para nadar en la bah\u00eda de Phaselis.<br \/>\n\ud83d\udd39 Parada para nadar en la bah\u00eda de Moonlight.<br \/>\n\ud83d\udd39 Parada para nadar en la Bah\u00eda Para\u00edso.<br \/>\n\ud83d\udd39 Navega por la Cueva del Pirata<br \/>\n\ud83d\udd39 Fiesta de la espuma y animaci\u00f3n a bordo<br \/>\n\ud83d\udd39 Regreso al puerto de Kemer<br \/>\n\ud83d\udd39 Traslado de vuelta al hotel<\/p>\n<h3 dir=\"ltr\"><span style=\"color: #000000;\">\u2139\ufe0f <strong>Informaci\u00f3n \u00fatil<\/strong><\/span><\/h3>\n<p dir=\"ltr\">\ud83d\udd39 Duraci\u00f3n de la excursi\u00f3n: aproximadamente 5-6 horas.<br \/>\n\ud83d\udd39 Zonas de sombra y sol\u00e1rium a bordo<br \/>\n\ud83d\udd39 Apto para hu\u00e9spedes de todas las edades.<br \/>\nLa tripulaci\u00f3n habla ingl\u00e9s<\/p>\n<h3 dir=\"ltr\">\ud83c\udf92 <strong>Qu\u00e9 llevar<\/strong><\/h3>\n<p dir=\"ltr\">\ud83d\udd39 Ba\u00f1ador y toalla.<br \/>\n\ud83d\udd39 Protector solar y gafas de sol.<br \/>\n\ud83d\udd39 Sombrero o gorra<br \/>\n\ud83d\udd39 Funda o c\u00e1mara resistente al agua<br \/>\n\ud83d\udd39 Dinero en efectivo para souvenirs y gastos adicionales.<\/p>\n<h3 dir=\"ltr\"><span style=\"color: #000000;\">\ud83d\udeab <strong>No apto para<\/strong><\/span><\/h3>\n<p dir=\"ltr\">\ud83d\udd39 Hu\u00e9spedes propensos a marearse mucho<br \/>\n\ud83d\udd39 Personas con movilidad reducida<\/p>\n<h3 dir=\"ltr\">\ud83d\udcb8 <strong>Precios y reservas<\/strong><\/h3>\n<p dir=\"ltr\"><strong>\ud83d\udd39 Reserva ahora, paga el d\u00eda de la excursi\u00f3n<\/strong><br \/>\n\ud83d\udd39 Ponte en contacto con nosotros a trav\u00e9s de WhatsApp, Telegram, Viber, o rellena el siguiente formulario de reserva. \ud83d\udc47\ud83c\udffd<\/p>","protected":false},"excerpt":{"rendered":"<p>\u00danase al Gonster Pirate Boat Trip de Kemer: una excursi\u00f3n con todo incluido, ba\u00f1o, fiesta de la espuma, almuerzo y bebidas para pasar un d\u00eda inolvidable.<\/p>","protected":false},"featured_media":12200,"comment_status":"open","ping_status":"closed","template":"","meta":[],"product_brand":[],"product_cat":[124,130],"product_tag":[105],"class_list":{"0":"post-15770","1":"product","2":"type-product","3":"status-publish","4":"has-post-thumbnail","6":"tour_phys-kemer-tours","7":"tour_phys-pirate-boat-tours","8":"product_cat-kemer-tours","9":"product_cat-pirate-boat-tours","10":"product_tag-kemer","11":"pa_destination-kemer-tours","12":"pa_kategori-pirate-boat-tours","14":"first","15":"instock","16":"sale","17":"featured","18":"shipping-taxable","19":"purchasable","20":"product-type-tour_phys"},"aioseo_notices":[],"_links":{"self":[{"href":"https:\/\/excursionsworld.com\/es\/wp-json\/wp\/v2\/product\/15770","targetHints":{"allow":["GET"]}}],"collection":[{"href":"https:\/\/excursionsworld.com\/es\/wp-json\/wp\/v2\/product"}],"about":[{"href":"https:\/\/excursionsworld.com\/es\/wp-json\/wp\/v2\/types\/product"}],"replies":[{"embeddable":true,"href":"https:\/\/excursionsworld.com\/es\/wp-json\/wp\/v2\/comments?post=15770"}],"wp:featuredmedia":[{"embeddable":true,"href":"https:\/\/excursionsworld.com\/es\/wp-json\/wp\/v2\/media\/12200"}],"wp:attachment":[{"href":"https:\/\/excursionsworld.com\/es\/wp-json\/wp\/v2\/media?parent=15770"}],"wp:term":[{"taxonomy":"product_brand","embeddable":true,"href":"https:\/\/excursionsworld.com\/es\/wp-json\/wp\/v2\/product_brand?post=15770"},{"taxonomy":"product_cat","embeddable":true,"href":"https:\/\/excursionsworld.com\/es\/wp-json\/wp\/v2\/product_cat?post=15770"},{"taxonomy":"product_tag","embeddable":true,"href":"https:\/\/excursionsworld.com\/es\/wp-json\/wp\/v2\/product_tag?post=15770"}],"curies":[{"name":"wp","href":"https:\/\/api.w.org\/{rel}","templated":true}]}}