{"id":15843,"date":"2025-12-08T16:12:36","date_gmt":"2025-12-08T13:12:36","guid":{"rendered":"https:\/\/excursionsworld.com\/?post_type=product&#038;p=15843\/"},"modified":"2025-12-08T16:14:13","modified_gmt":"2025-12-08T13:14:13","slug":"paseo-barco-green-canyon-alanya","status":"publish","type":"product","link":"https:\/\/excursionsworld.com\/tours\/green-canyon-boat-tour-alanya\/","title":{"rendered":"Excursi\u00f3n en barco al Green Canyon desde Alanya \u2013 todo incluido"},"content":{"rendered":"<h3 data-start=\"264\" data-end=\"282\"><span style=\"color: #000000;\"><strong>\ud83c\udf32 Visi\u00f3n general<\/strong><\/span><\/h3>\n<p data-start=\"283\" data-end=\"664\">Disfrute de una tranquila excursi\u00f3n de d\u00eda completo al <strong data-start=\"326\" data-end=\"342\">Ca\u00f1\u00f3n Verde<\/strong> de <strong data-start=\"348\" data-end=\"452\">Alanya y alrededores (Oba, Tosmur, Kestel, Mahmutlar, Konakl\u0131, Avsallar, T\u00fcrkler, Okurcalar)<\/strong>\u00a1! Navegue por aguas turquesas rodeadas por los montes Tauro, disfrute de descansos para nadar y tome un relajante almuerzo junto al lago. Perfecto para familias y amantes de la naturaleza que buscan una escapada tranquila de la ciudad.<\/p>\n<h3 data-start=\"666\" data-end=\"681\"><span style=\"color: #000000;\"><strong>Incluido:<\/strong><\/span><\/h3>\n<p data-start=\"682\" data-end=\"838\"><span style=\"color: #00ff00;\"><strong>\u2713<\/strong> <\/span>Recogida y entrega en el hotel<br data-start=\"709\" data-end=\"712\" \/><span style=\"color: #00ff00;\"><strong>\u2713<\/strong> <\/span>Paseo en barco por el Ca\u00f1\u00f3n Verde<br data-start=\"743\" data-end=\"746\" \/><span style=\"color: #00ff00;\"><strong>\u2713<\/strong> <\/span>Gu\u00eda profesional<br data-start=\"766\" data-end=\"769\" \/><span style=\"color: #00ff00;\"><strong>\u2713<\/strong> <\/span>Almuerzo en un restaurante a orillas del lago<br data-start=\"801\" data-end=\"804\" \/><span style=\"color: #00ff00;\"><strong>\u2713<\/strong> <\/span>Seguro a todo riesgo<br data-start=\"820\" data-end=\"823\" \/><span style=\"color: #00ff00;\"><strong>\u2713<\/strong> <\/span>Refrescos<\/p>\n<h3 data-start=\"840\" data-end=\"859\"><span style=\"color: #000000;\"><strong>No se incluye:<\/strong><\/span><\/h3>\n<p data-start=\"860\" data-end=\"914\"><span style=\"color: #ff0000;\"><strong>\u2717<\/strong> <\/span>Gastos personales<br data-start=\"879\" data-end=\"882\" \/><span style=\"color: #ff0000;\"><strong>\u2717<\/strong> <\/span>Fotos y v\u00eddeos (opcional)<\/p>\n<h3 data-start=\"916\" data-end=\"941\"><span style=\"color: #000000;\"><strong>\ud83d\udea4 Lo m\u00e1s destacado del viaje<\/strong><\/span><\/h3>\n<p data-start=\"942\" data-end=\"1179\">\ud83d\udd39 Crucero panor\u00e1mico en barco por el Ca\u00f1\u00f3n Verde<br data-start=\"988\" data-end=\"991\" \/>\ud83d\udd39 Magn\u00edficas vistas de los montes Tauro.<br data-start=\"1035\" data-end=\"1038\" \/>\ud83d\udd39 Nadar en las aguas turquesas del ca\u00f1\u00f3n<br data-start=\"1076\" data-end=\"1079\" \/>\ud83d\udd39 Almuerzo tradicional turco junto al lago<br data-start=\"1119\" data-end=\"1122\" \/>\ud83d\udd39 Relajante escapada a la naturaleza desde el ajetreado ambiente de Alanya<\/p>\n<h3 data-start=\"1181\" data-end=\"1207\"><span style=\"color: #000000;\"><strong>\ud83d\udcd6 Descripci\u00f3n completa<\/strong><\/span><\/h3>\n<p data-start=\"1208\" data-end=\"1862\">Comience su viaje con una c\u00f3moda recogida en su hotel en <strong data-start=\"1272\" data-end=\"1300\">Alanya o centros tur\u00edsticos cercanos<\/strong>, y disfrute de un pintoresco paseo por el <strong data-start=\"1339\" data-end=\"1359\">Montes Tauro<\/strong>. Al llegar al <strong data-start=\"1383\" data-end=\"1399\">Ca\u00f1\u00f3n Verde<\/strong>, Suba a bordo de un espacioso barco y navegue por las aguas esmeralda rodeadas de acantilados y frondosos pinares. Det\u00e9ngase para darse un refrescante ba\u00f1o, emp\u00e1pese de la serenidad de la naturaleza y capture fotos inolvidables de esta joya escondida. Se servir\u00e1 un delicioso almuerzo en un acogedor restaurante junto al lago antes del crucero de regreso. Esta tranquila excursi\u00f3n ofrece una combinaci\u00f3n perfecta de relajaci\u00f3n, naturaleza y belleza paisaj\u00edstica, ideal para familias, parejas y viajeros en solitario.<\/p>\n<h3 data-start=\"1864\" data-end=\"1889\"><span style=\"color: #000000;\"><strong>\ud83d\uddfa\ufe0f Itinerario<\/strong><\/span><\/h3>\n<p data-start=\"1890\" data-end=\"2190\">\ud83d\udd39 Recogida en los hoteles de la regi\u00f3n de Alanya.<br data-start=\"1992\" data-end=\"1995\" \/>\ud83d\udd39 Viaje panor\u00e1mico por los montes Tauro<br data-start=\"2039\" data-end=\"2042\" \/>\ud83d\udd39 Crucero en barco por el Ca\u00f1\u00f3n Verde<br data-start=\"2076\" data-end=\"2079\" \/>\ud83d\udd39 Pausas para nadar<br data-start=\"2097\" data-end=\"2100\" \/>\ud83d\udd39 Almuerzo en un restaurante a orillas del lago<br data-start=\"2133\" data-end=\"2136\" \/>\ud83d\udd39 Crucero de ida y vuelta<br data-start=\"2152\" data-end=\"2155\" \/>\ud83d\udd39 Traslado de vuelta a los hoteles de Alanya.<\/p>\n<h3 data-start=\"2192\" data-end=\"2220\"><span style=\"color: #000000;\"><strong>\u2139\ufe0f Informaci\u00f3n \u00fatil<\/strong><\/span><\/h3>\n<p data-start=\"2221\" data-end=\"2466\">\ud83d\udd39 Duraci\u00f3n: aproximadamente 7-8 horas (excursi\u00f3n de d\u00eda completo).<br data-start=\"2273\" data-end=\"2276\" \/>\ud83d\udd39 Apto para todas las edades<br data-start=\"2300\" data-end=\"2303\" \/>\ud83d\udd39 Disponible todos los d\u00edas desde la regi\u00f3n de Alanya<br data-start=\"2340\" data-end=\"2343\" \/>\ud83d\udd39 Chalecos salvavidas y zonas de sombra disponibles en el barco.<br data-start=\"2397\" data-end=\"2400\" \/>\ud83d\udd39 Los menores de 5 a\u00f1os viajan gratis (asiento compartido si el autob\u00fas est\u00e1 lleno)<\/p>\n<h3 data-start=\"2584\" data-end=\"2607\"><span style=\"color: #000000;\"><strong>Qu\u00e9 llevar<\/strong><\/span><\/h3>\n<p data-start=\"2608\" data-end=\"2736\">\ud83d\udd39 Ba\u00f1ador y toalla.<br data-start=\"2629\" data-end=\"2632\" \/>\ud83d\udd39 Gafas de sol y sombrero<br data-start=\"2653\" data-end=\"2656\" \/>\ud83d\udd39 Protector solar<br data-start=\"2668\" data-end=\"2671\" \/>\ud83d\udd39 C\u00e1mara o smartphone<br data-start=\"2694\" data-end=\"2697\" \/>\ud83d\udd39 Dinero en efectivo para bebidas o extras opcionales.<\/p>\n<h3 data-start=\"2468\" data-end=\"2494\"><span style=\"color: #000000;\"><strong>\ud83d\udeab No apto para<\/strong><\/span><\/h3>\n<p data-start=\"2495\" data-end=\"2582\">\ud83d\udd39 Personas con movilidad reducida<br data-start=\"2526\" data-end=\"2529\" \/>\ud83d\udd39 Usuarios de sillas de ruedas<br data-start=\"2548\" data-end=\"2551\" \/>\ud83d\udd39 Los propensos al mareo<\/p>\n<h3 dir=\"ltr\">\ud83d\udcb8\u00a0<strong>Precios y reservas<\/strong><\/h3>\n<p dir=\"ltr\"><strong>\ud83d\udd39 Reserva ahora, paga el d\u00eda de la excursi\u00f3n<\/strong><br \/>\n\ud83d\udd39 Ponte en contacto con nosotros a trav\u00e9s de WhatsApp, Telegram, Viber, o rellena el siguiente formulario de reserva. \ud83d\udc47\ud83c\udffc<\/p>","protected":false},"excerpt":{"rendered":"<p>Reserva el <b>Excursi\u00f3n al Ca\u00f1\u00f3n Verde de Alanya<\/b>\u00a1! Disfrute de un d\u00eda completo <b>crucero en barco<\/b> en la presa de Oymap\u0131nar, nadar, y una tranquila <b>viaje a la naturaleza<\/b>. <b>Traslado incluido<\/b>!<\/p>","protected":false},"featured_media":12848,"comment_status":"open","ping_status":"closed","template":"","meta":[],"product_brand":[],"product_cat":[128],"product_tag":[111],"class_list":{"0":"post-15843","1":"product","2":"type-product","3":"status-publish","4":"has-post-thumbnail","6":"tour_phys-alanya-tours","7":"product_cat-alanya-tours","8":"product_tag-alanya","9":"pa_destination-alanya-tours","10":"pa_kategori-boat-tours","12":"first","13":"instock","14":"sale","15":"shipping-taxable","16":"purchasable","17":"product-type-tour_phys"},"aioseo_notices":[],"_links":{"self":[{"href":"https:\/\/excursionsworld.com\/es\/wp-json\/wp\/v2\/product\/15843","targetHints":{"allow":["GET"]}}],"collection":[{"href":"https:\/\/excursionsworld.com\/es\/wp-json\/wp\/v2\/product"}],"about":[{"href":"https:\/\/excursionsworld.com\/es\/wp-json\/wp\/v2\/types\/product"}],"replies":[{"embeddable":true,"href":"https:\/\/excursionsworld.com\/es\/wp-json\/wp\/v2\/comments?post=15843"}],"wp:featuredmedia":[{"embeddable":true,"href":"https:\/\/excursionsworld.com\/es\/wp-json\/wp\/v2\/media\/12848"}],"wp:attachment":[{"href":"https:\/\/excursionsworld.com\/es\/wp-json\/wp\/v2\/media?parent=15843"}],"wp:term":[{"taxonomy":"product_brand","embeddable":true,"href":"https:\/\/excursionsworld.com\/es\/wp-json\/wp\/v2\/product_brand?post=15843"},{"taxonomy":"product_cat","embeddable":true,"href":"https:\/\/excursionsworld.com\/es\/wp-json\/wp\/v2\/product_cat?post=15843"},{"taxonomy":"product_tag","embeddable":true,"href":"https:\/\/excursionsworld.com\/es\/wp-json\/wp\/v2\/product_tag?post=15843"}],"curies":[{"name":"wp","href":"https:\/\/api.w.org\/{rel}","templated":true}]}}