{"id":15862,"date":"2026-01-03T15:26:19","date_gmt":"2026-01-03T12:26:19","guid":{"rendered":"https:\/\/excursionsworld.com\/?post_type=product&#038;p=15862\/"},"modified":"2026-04-24T01:27:18","modified_gmt":"2026-04-23T22:27:18","slug":"kotor-cueva-azul-barco-nuestra-senora-de-las-rocas","status":"publish","type":"product","link":"https:\/\/excursionsworld.com\/tours\/kotor-blue-cave-boat-our-lady-of-the-rocks\/","title":{"rendered":"Cueva Azul de Kotor en Barco: T\u00faneles Submarinos &amp; Nuestra Se\u00f1ora de las Rocas"},"content":{"rendered":"<h2>\ud83c\udfd9\ufe0f <strong>Visi\u00f3n general<\/strong><\/h2>\n<p>Emb\u00e1rquese en una aventura en lancha r\u00e1pida que combina adrenalina, historia y belleza natural. Este recorrido cuidadosamente seleccionado le llevar\u00e1 a los lugares m\u00e1s emblem\u00e1ticos de Montenegro, con aguas turquesas, vistas panor\u00e1micas y fascinantes historias a lo largo de la costa.<\/p>\n<h3><strong>Incluido:<\/strong><\/h3>\n<p><span style=\"color: #00ff00;\"><strong>\u2713<\/strong> <\/span>Patr\u00f3n con licencia de habla inglesa<br \/>\n<span style=\"color: #00ff00;\"><strong>\u2713<\/strong> <\/span>Lancha r\u00e1pida premium a estrenar<br \/>\n<span style=\"color: #00ff00;\"><strong>\u2713<\/strong> <\/span>Combustible, impuestos y todas las tasas de servicio<br \/>\n<span style=\"color: #00ff00;\"><strong>\u2713<\/strong> <\/span>Chalecos salvavidas para todas las edades<br \/>\n<span style=\"color: #00ff00;\"><strong>\u2713<\/strong> <\/span>Equipo de buceo<br \/>\n<span style=\"color: #00ff00;\"><strong>\u2713<\/strong> <\/span>Wi-Fi a bordo y equipo de m\u00fasica<br \/>\n<span style=\"color: #00ff00;\"><strong>\u2713<\/strong> <\/span>Seguro a todo riesgo<br \/>\n<span style=\"color: #00ff00;\"><strong>\u2713<\/strong> <\/span>Impermeables en caso de lluvia ligera<\/p>\n<h3><strong>No se incluye:<\/strong><\/h3>\n<p><strong><span style=\"color: #ff0000;\">\u2717<\/span> <\/strong>Entrada al museo de Nuestra Se\u00f1ora de las Rocas (2 \u20ac opcionales)<br \/>\n<strong><span style=\"color: #ff0000;\">\u2717<\/span> <\/strong>Comida y bebida<br \/>\n<strong><span style=\"color: #ff0000;\">\u2717<\/span> <\/strong>Gastos personales<\/p>\n<h2>\ud83c\udf1f <strong>Lo m\u00e1s destacado<\/strong><\/h2>\n<p>Crucero en lancha r\u00e1pida por la Bah\u00eda de <a href=\"https:\/\/en.wikipedia.org\/wiki\/Kotor\" target=\"_blank\" rel=\"noopener\">Kotor<\/a><br \/>\n\ud83d\udd39 Nuestra Se\u00f1ora de las Rocas - ic\u00f3nica isla artificial.<br \/>\n\ud83d\udd39 T\u00faneles submarinos de la era yugoslava<br \/>\n\ud83d\udd39 Isla Mamula - Fortaleza de la Segunda Guerra Mundial y leyendas.<br \/>\n\ud83d\udd39 Cueva Azul - parada para nadar y hacer snorkel.<br \/>\n\ud83d\udd39 Porto Novi vistas al puerto deportivo de lujo<br \/>\n\ud83d\udd39 Paso panor\u00e1mico por Perast, declarado Patrimonio de la Humanidad por la UNESCO<\/p>\n<h2>\ud83d\udcd6 <strong>Descripci\u00f3n completa<\/strong><\/h2>\n<div>Su viaje comienza en <strong>Parque Slobode en Kotor<\/strong>, All\u00ed se encontrar\u00e1 con su patr\u00f3n en el cartel azul de Hawaii Boat Tours. Despu\u00e9s de una sesi\u00f3n informativa de seguridad, disfrutar de un crucero r\u00e1pido a trav\u00e9s de la bah\u00eda hacia <strong>Nuestra Se\u00f1ora de las Rocas<\/strong>, una legendaria isla artificial impregnada de tradici\u00f3n mar\u00edtima. Tendr\u00e1 tiempo libre para explorar la hist\u00f3rica iglesia, admirar las vistas de las monta\u00f1as circundantes y hacer fotos. La entrada al museo es opcional.<\/div>\n<div>A continuaci\u00f3n, el recorrido se sumerge en la historia de la Guerra Fr\u00eda al entrar en la oculta <strong>t\u00faneles submarinos<\/strong>, tallada directamente en los acantilados durante la \u00e9poca yugoslava. El ambiente misterioso cobra vida a medida que su capit\u00e1n comparte historias militares jam\u00e1s contadas.<\/div>\n<div>En direcci\u00f3n al mar abierto, pasar\u00e1 por <strong>Isla Mamula<\/strong>, que en su d\u00eda fue una famosa prisi\u00f3n-fortaleza de la Segunda Guerra Mundial. Aunque no se puede atracar, la vista panor\u00e1mica cercana ofrece espectaculares oportunidades fotogr\u00e1ficas y una visi\u00f3n hist\u00f3rica.<\/div>\n<div>El punto culminante de la visita es el <strong>Cueva Azul<\/strong>, donde la luz del sol crea un resplandeciente color turquesa en el interior de la cueva. Disfrute de unos 30 minutos para nadar y bucear en aguas cristalinas. Los amantes de las emociones fuertes tambi\u00e9n pueden disfrutar de un salto de acantilado opcional en las inmediaciones.<\/div>\n<div>En el viaje de vuelta, rel\u00e1jese durante un crucero panor\u00e1mico que pasa por <strong>Puerto deportivo de Porto Novi<\/strong>, que muestra el lujo moderno de Montenegro, seguido de una impresionante vista de <strong>Perast<\/strong>, ciudad barroca protegida por la UNESCO conocida por sus palacios de piedra y su ambiente tranquilo, antes de regresar a Kotor.<\/div>\n<h3>\ud83d\uddfa\ufe0f <strong>Itinerario<\/strong><\/h3>\n<p>\ud83d\udd39 Encuentro en Park Slobode, Kotor (30 minutos antes de la salida).<br \/>\n\ud83d\udd39 Crucero en lancha r\u00e1pida por la bah\u00eda de Kotor<br \/>\n\ud83d\udd39 Nuestra Se\u00f1ora de las Rocas - 20 minutos<br \/>\n\ud83d\udd39 T\u00faneles submarinos - 10 minutos<br \/>\n\ud83d\udd39 Isla Mamula - parada fotogr\u00e1fica panor\u00e1mica.<br \/>\n\ud83d\udd39 Cueva Azul - nataci\u00f3n y snorkel (30 minutos)<br \/>\n\ud83d\udd39 Vuelta panor\u00e1mica por Porto Novi y Perast<br \/>\n\ud83d\udd39 Volver a Kotor<\/p>\n<h3>\u2139\ufe0f <strong>Informaci\u00f3n \u00fatil<\/strong><\/h3>\n<p>\ud83d\udd39 Duraci\u00f3n: aproximadamente 3 horas<br \/>\n\ud83d\udd39 Opciones de visitas en grupo reducido o privadas<br \/>\n\ud83d\udd39 Patr\u00f3n profesional de habla inglesa.<br \/>\n\ud83d\udd39 Cancelaci\u00f3n gratuita hasta 24 horas antes de la salida<br \/>\n\ud83d\udd39 La ruta puede cambiar dependiendo de las condiciones del mar<br \/>\n\ud83d\udd39 Las llegadas tard\u00edas no son reembolsables<\/p>\n<h2>\ud83c\udf92 <strong>Qu\u00e9 llevar<\/strong><\/h2>\n<p>\ud83d\udd39 Pasaporte o documento de identidad en vigor<br \/>\n\ud83d\udd39 Ba\u00f1ador y toalla<br \/>\n\ud83d\udd39 Protector solar y agua<br \/>\n\ud83d\udd39 Smartphone o c\u00e1mara de fotos cargados<\/p>\n<h3>\ud83d\udeab <strong>No apto para<\/strong><\/h3>\n<p>\ud83d\udd39 Invitadas embarazadas<br \/>\n\ud83d\udd39 Hu\u00e9spedes con limitaciones de movilidad<br \/>\n\ud83d\udd39 Invitados que superen los l\u00edmites de peso de las lanchas r\u00e1pidas (115-159 kg seg\u00fan la embarcaci\u00f3n).<\/p>\n<h2>\ud83d\udcb8 <strong>Precios y reservas<\/strong><\/h2>\n<p>\ud83d\udd39 Reserva ahora, paga despu\u00e9s<br \/>\n\ud83d\udd39 Cancelaci\u00f3n gratuita hasta 24 horas antes del viaje<br \/>\n\ud83d\udd39 Reserva f\u00e1cilmente a trav\u00e9s de WhatsApp o del formulario de reserva en l\u00ednea \ud83d\udc47\ud83c\udffd<\/p>\n<p>\u00bfBuscas alternativas? Explora <a href=\"https:\/\/excursionsworld.com\/es\/excursiones-kotor\/\">m\u00e1s tours de Kotor<\/a>.<\/p>","protected":false},"excerpt":{"rendered":"<p>Explore la bah\u00eda de Kotor en una excursi\u00f3n de 3 horas en lancha r\u00e1pida. Visite la Cueva Azul, Nuestra Se\u00f1ora de las Rocas, los t\u00faneles submarinos, la isla de Mamula y las pintorescas vistas de Perast.<\/p>","protected":false},"featured_media":15999,"comment_status":"open","ping_status":"closed","template":"","meta":[],"product_brand":[],"product_cat":[133],"product_tag":[131],"class_list":{"0":"post-15862","1":"product","2":"type-product","3":"status-publish","4":"has-post-thumbnail","6":"tour_phys-kotor-tours","7":"product_cat-kotor-tours","8":"product_tag-kotor","9":"pa_montenegro-kotor-tours","11":"first","12":"instock","13":"sale","14":"shipping-taxable","15":"purchasable","16":"product-type-tour_phys"},"aioseo_notices":[],"_links":{"self":[{"href":"https:\/\/excursionsworld.com\/es\/wp-json\/wp\/v2\/product\/15862","targetHints":{"allow":["GET"]}}],"collection":[{"href":"https:\/\/excursionsworld.com\/es\/wp-json\/wp\/v2\/product"}],"about":[{"href":"https:\/\/excursionsworld.com\/es\/wp-json\/wp\/v2\/types\/product"}],"replies":[{"embeddable":true,"href":"https:\/\/excursionsworld.com\/es\/wp-json\/wp\/v2\/comments?post=15862"}],"wp:featuredmedia":[{"embeddable":true,"href":"https:\/\/excursionsworld.com\/es\/wp-json\/wp\/v2\/media\/15999"}],"wp:attachment":[{"href":"https:\/\/excursionsworld.com\/es\/wp-json\/wp\/v2\/media?parent=15862"}],"wp:term":[{"taxonomy":"product_brand","embeddable":true,"href":"https:\/\/excursionsworld.com\/es\/wp-json\/wp\/v2\/product_brand?post=15862"},{"taxonomy":"product_cat","embeddable":true,"href":"https:\/\/excursionsworld.com\/es\/wp-json\/wp\/v2\/product_cat?post=15862"},{"taxonomy":"product_tag","embeddable":true,"href":"https:\/\/excursionsworld.com\/es\/wp-json\/wp\/v2\/product_tag?post=15862"}],"curies":[{"name":"wp","href":"https:\/\/api.w.org\/{rel}","templated":true}]}}